{"id":74109,"date":"2024-04-10T11:03:14","date_gmt":"2024-04-10T10:03:14","guid":{"rendered":"https:\/\/www.memoria.cat\/vila-closes\/?page_id=74109"},"modified":"2024-04-10T11:07:50","modified_gmt":"2024-04-10T10:07:50","slug":"el-parc-pintor-vila-closes","status":"publish","type":"page","link":"https:\/\/www.memoria.cat\/vila-closes\/el-parc-pintor-vila-closes\/","title":{"rendered":"El parc Pintor Vila Closes"},"content":{"rendered":"<p>&nbsp;<\/p>\n<p>L\u2019Associaci\u00f3 de Ve\u00efns de la Barriada Saldes-Pla\u00e7a de Catalunya l\u2019any 2008 va recollir m\u00e9s de mil signatures per aconseguir que el futur parc del barri port\u00e9s el nom del pintor Josep Vila Closes. El prop\u00f2sit fou assolit. Aqu\u00ed es pot veure retalls de premsa sobre la petici\u00f3 i el reportatge de la revista \u201cL\u2019Esquellot\u201d, de l\u2019octubre de 2009, sobre la inauguraci\u00f3 del parc.<\/p>\n<div id=\"jig1\" class=\"justified-image-grid jig-5313e2ce2b865428811758611e310041 jig-preset-c2 jig-source-wp-gallery jig-rml-id-32\"><div class=\"jig-clearfix\"><\/div><noscript id=\"jig1-html\" class=\"justified-image-grid-html\" data-lazy-src=\"skiplazyload\" data-src=\"skipunveillazyload\"><ul><li><a href=\"https:\/\/www.memoria.cat\/vila-closes\/wp-content\/uploads\/sites\/136\/2024\/04\/signatures_per_posar_el_nom_al_parc_-_29-10-2008-scaled.jpg\"><img fetchpriority=\"high\" decoding=\"async\" src=\"https:\/\/www.memoria.cat\/vila-closes\/wp-content\/plugins\/justified-image-grid\/timthumb.php?src=https%3A%2F%2Fwww.memoria.cat%2Fvila-closes%2Fwp-content%2Fuploads%2Fsites%2F136%2F2024%2F04%2Fsignatures_per_posar_el_nom_al_parc_-_29-10-2008-scaled.jpg&amp;h=230&amp;q=90&amp;f=.jpg\" alt=\"\" width=\"561\" height=\"230\" \/><\/a><\/li><li><a href=\"https:\/\/www.memoria.cat\/vila-closes\/wp-content\/uploads\/sites\/136\/2024\/04\/imagen729-scaled.jpg\"><img decoding=\"async\" src=\"https:\/\/www.memoria.cat\/vila-closes\/wp-content\/plugins\/justified-image-grid\/timthumb.php?src=https%3A%2F%2Fwww.memoria.cat%2Fvila-closes%2Fwp-content%2Fuploads%2Fsites%2F136%2F2024%2F04%2Fimagen729-scaled.jpg&amp;h=230&amp;q=90&amp;f=.jpg\" alt=\"\" width=\"167\" height=\"230\" \/><\/a><\/li><li><a href=\"https:\/\/www.memoria.cat\/vila-closes\/wp-content\/uploads\/sites\/136\/2024\/04\/imagen730-scaled.jpg\"><img decoding=\"async\" src=\"https:\/\/www.memoria.cat\/vila-closes\/wp-content\/plugins\/justified-image-grid\/timthumb.php?src=https%3A%2F%2Fwww.memoria.cat%2Fvila-closes%2Fwp-content%2Fuploads%2Fsites%2F136%2F2024%2F04%2Fimagen730-scaled.jpg&amp;h=230&amp;q=90&amp;f=.jpg\" alt=\"\" width=\"167\" height=\"230\" \/><\/a><\/li><li><a href=\"https:\/\/www.memoria.cat\/vila-closes\/wp-content\/uploads\/sites\/136\/2024\/04\/imagen731-scaled.jpg\"><img loading=\"lazy\" decoding=\"async\" src=\"https:\/\/www.memoria.cat\/vila-closes\/wp-content\/plugins\/justified-image-grid\/timthumb.php?src=https%3A%2F%2Fwww.memoria.cat%2Fvila-closes%2Fwp-content%2Fuploads%2Fsites%2F136%2F2024%2F04%2Fimagen731-scaled.jpg&amp;h=230&amp;q=90&amp;f=.jpg\" alt=\"\" width=\"166\" height=\"230\" \/><\/a><\/li><li><a href=\"https:\/\/www.memoria.cat\/vila-closes\/wp-content\/uploads\/sites\/136\/2024\/04\/imagen732-scaled.jpg\"><img loading=\"lazy\" decoding=\"async\" src=\"https:\/\/www.memoria.cat\/vila-closes\/wp-content\/plugins\/justified-image-grid\/timthumb.php?src=https%3A%2F%2Fwww.memoria.cat%2Fvila-closes%2Fwp-content%2Fuploads%2Fsites%2F136%2F2024%2F04%2Fimagen732-scaled.jpg&amp;h=230&amp;q=90&amp;f=.jpg\" alt=\"\" width=\"167\" height=\"230\" \/><\/a><\/li><li><a href=\"https:\/\/www.memoria.cat\/vila-closes\/wp-content\/uploads\/sites\/136\/2024\/04\/imagen733-scaled.jpg\"><img loading=\"lazy\" decoding=\"async\" src=\"https:\/\/www.memoria.cat\/vila-closes\/wp-content\/plugins\/justified-image-grid\/timthumb.php?src=https%3A%2F%2Fwww.memoria.cat%2Fvila-closes%2Fwp-content%2Fuploads%2Fsites%2F136%2F2024%2F04%2Fimagen733-scaled.jpg&amp;h=230&amp;q=90&amp;f=.jpg\" alt=\"\" width=\"167\" height=\"230\" \/><\/a><\/li><\/ul><\/noscript><\/div>\n<p>&nbsp;<\/p>\n<p>&nbsp;<\/p>\n","protected":false},"excerpt":{"rendered":"<p>&nbsp; L\u2019Associaci\u00f3 de Ve\u00efns de la Barriada Saldes-Pla\u00e7a de Catalunya l\u2019any 2008 va recollir m\u00e9s de mil signatures per aconseguir que el futur parc del barri port\u00e9s el nom del pintor Josep Vila Closes. El prop\u00f2sit fou assolit. Aqu\u00ed es pot veure retalls de premsa sobre la petici\u00f3 i el reportatge de la revista \u201cL\u2019Esquellot\u201d, [&hellip;]<\/p>\n","protected":false},"author":66,"featured_media":0,"parent":0,"menu_order":0,"comment_status":"closed","ping_status":"closed","template":"","meta":{"iawp_total_views":0,"footnotes":""},"class_list":["post-74109","page","type-page","status-publish","hentry"],"_links":{"self":[{"href":"https:\/\/www.memoria.cat\/vila-closes\/wp-json\/wp\/v2\/pages\/74109","targetHints":{"allow":["GET"]}}],"collection":[{"href":"https:\/\/www.memoria.cat\/vila-closes\/wp-json\/wp\/v2\/pages"}],"about":[{"href":"https:\/\/www.memoria.cat\/vila-closes\/wp-json\/wp\/v2\/types\/page"}],"author":[{"embeddable":true,"href":"https:\/\/www.memoria.cat\/vila-closes\/wp-json\/wp\/v2\/users\/66"}],"replies":[{"embeddable":true,"href":"https:\/\/www.memoria.cat\/vila-closes\/wp-json\/wp\/v2\/comments?post=74109"}],"version-history":[{"count":0,"href":"https:\/\/www.memoria.cat\/vila-closes\/wp-json\/wp\/v2\/pages\/74109\/revisions"}],"wp:attachment":[{"href":"https:\/\/www.memoria.cat\/vila-closes\/wp-json\/wp\/v2\/media?parent=74109"}],"curies":[{"name":"wp","href":"https:\/\/api.w.org\/{rel}","templated":true}]}}