{"id":74099,"date":"2024-04-10T10:53:58","date_gmt":"2024-04-10T09:53:58","guid":{"rendered":"https:\/\/www.memoria.cat\/vila-closes\/?page_id=74099"},"modified":"2024-04-10T11:01:33","modified_gmt":"2024-04-10T10:01:33","slug":"plaques-de-cava-dedicades-a-vila-closes","status":"publish","type":"page","link":"https:\/\/www.memoria.cat\/vila-closes\/plaques-de-cava-dedicades-a-vila-closes\/","title":{"rendered":"Plaques de cava dedicades a Vila Closes"},"content":{"rendered":"<p>&nbsp;<\/p>\n<p>L\u2019Associaci\u00f3 de Ve\u00efns de la Barriada Saldes-Pla\u00e7a de Catalunya va dedicar a Josep Vila Closes aquestes dues plaques de cava. La primera amb motiu de la \u2018inauguraci\u00f3\u2018 del parc amb el seu nom (2009) i la segona, per recordar-lo deu anys despr\u00e9s de la seva mort (2015). Aquesta segona placa \u00e9s un fragment de l\u2019etiqueta d\u2019ampolla creada amb motiu d\u2019aquesta ocasi\u00f3 pel dibuixant Ferran Costa. A l\u2019etiqueta podem veure un bus amb el nom \u201cPla\u00e7a Catalunya-Parc Vila Closes\u201d. Al fragment hi veiem Josep Vila Closes pintant.<\/p>\n<p>&nbsp;<\/p>\n<div id=\"jig1\" class=\"justified-image-grid jig-51b00b694d19ba03cb250e40620a0699 jig-preset-c2 jig-source-wp-gallery jig-rml-id-31\"><div class=\"jig-clearfix\"><\/div><noscript id=\"jig1-html\" class=\"justified-image-grid-html\" data-lazy-src=\"skiplazyload\" data-src=\"skipunveillazyload\"><ul><li><a href=\"https:\/\/www.memoria.cat\/vila-closes\/wp-content\/uploads\/sites\/136\/2024\/04\/inauguracio_popular_parc_pintor_vila_closes_-_17-10-2009_-_2-scaled.jpg\"><img fetchpriority=\"high\" decoding=\"async\" src=\"https:\/\/www.memoria.cat\/vila-closes\/wp-content\/plugins\/justified-image-grid\/timthumb.php?src=https%3A%2F%2Fwww.memoria.cat%2Fvila-closes%2Fwp-content%2Fuploads%2Fsites%2F136%2F2024%2F04%2Finauguracio_popular_parc_pintor_vila_closes_-_17-10-2009_-_2-scaled.jpg&amp;h=230&amp;q=90&amp;f=.jpg\" alt=\"\" width=\"422\" height=\"230\" \/><\/a><\/li><li><a href=\"https:\/\/www.memoria.cat\/vila-closes\/wp-content\/uploads\/sites\/136\/2024\/04\/img_20170327_195206.jpg\" title=\"img_20170327_195206\"><img decoding=\"async\" src=\"https:\/\/www.memoria.cat\/vila-closes\/wp-content\/plugins\/justified-image-grid\/timthumb.php?src=https%3A%2F%2Fwww.memoria.cat%2Fvila-closes%2Fwp-content%2Fuploads%2Fsites%2F136%2F2024%2F04%2Fimg_20170327_195206.jpg&amp;h=230&amp;q=90&amp;f=.jpg\" alt=\"img_20170327_195206\" width=\"225\" height=\"230\" \/><\/a><p class=\"jig-HTMLdescription\">img_20170327_195206<\/p><\/li><li><a href=\"https:\/\/www.memoria.cat\/vila-closes\/wp-content\/uploads\/sites\/136\/2024\/04\/1._costa_ferran._2015.jpg\"><img decoding=\"async\" src=\"https:\/\/www.memoria.cat\/vila-closes\/wp-content\/plugins\/justified-image-grid\/timthumb.php?src=https%3A%2F%2Fwww.memoria.cat%2Fvila-closes%2Fwp-content%2Fuploads%2Fsites%2F136%2F2024%2F04%2F1._costa_ferran._2015.jpg&amp;h=230&amp;q=90&amp;f=.jpg\" alt=\"\" width=\"230\" height=\"230\" \/><\/a><\/li><li><a href=\"https:\/\/www.memoria.cat\/vila-closes\/wp-content\/uploads\/sites\/136\/2024\/04\/2._costa_ferran_-_placa_de_cava.jpg\"><img loading=\"lazy\" decoding=\"async\" src=\"https:\/\/www.memoria.cat\/vila-closes\/wp-content\/plugins\/justified-image-grid\/timthumb.php?src=https%3A%2F%2Fwww.memoria.cat%2Fvila-closes%2Fwp-content%2Fuploads%2Fsites%2F136%2F2024%2F04%2F2._costa_ferran_-_placa_de_cava.jpg&amp;h=230&amp;q=90&amp;f=.jpg\" alt=\"\" width=\"230\" height=\"230\" \/><\/a><\/li><li><a href=\"https:\/\/www.memoria.cat\/vila-closes\/wp-content\/uploads\/sites\/136\/2024\/04\/3._costa_ferran._2015.jpg\"><img loading=\"lazy\" decoding=\"async\" src=\"https:\/\/www.memoria.cat\/vila-closes\/wp-content\/plugins\/justified-image-grid\/timthumb.php?src=https%3A%2F%2Fwww.memoria.cat%2Fvila-closes%2Fwp-content%2Fuploads%2Fsites%2F136%2F2024%2F04%2F3._costa_ferran._2015.jpg&amp;h=230&amp;q=90&amp;f=.jpg\" alt=\"\" width=\"383\" height=\"230\" \/><\/a><\/li><\/ul><\/noscript><\/div>\n<p>&nbsp;<\/p>\n","protected":false},"excerpt":{"rendered":"<p>&nbsp; L\u2019Associaci\u00f3 de Ve\u00efns de la Barriada Saldes-Pla\u00e7a de Catalunya va dedicar a Josep Vila Closes aquestes dues plaques de cava. La primera amb motiu de la \u2018inauguraci\u00f3\u2018 del parc amb el seu nom (2009) i la segona, per recordar-lo deu anys despr\u00e9s de la seva mort (2015). Aquesta segona placa \u00e9s un fragment de [&hellip;]<\/p>\n","protected":false},"author":66,"featured_media":0,"parent":0,"menu_order":0,"comment_status":"closed","ping_status":"closed","template":"","meta":{"iawp_total_views":0,"footnotes":""},"class_list":["post-74099","page","type-page","status-publish","hentry"],"_links":{"self":[{"href":"https:\/\/www.memoria.cat\/vila-closes\/wp-json\/wp\/v2\/pages\/74099","targetHints":{"allow":["GET"]}}],"collection":[{"href":"https:\/\/www.memoria.cat\/vila-closes\/wp-json\/wp\/v2\/pages"}],"about":[{"href":"https:\/\/www.memoria.cat\/vila-closes\/wp-json\/wp\/v2\/types\/page"}],"author":[{"embeddable":true,"href":"https:\/\/www.memoria.cat\/vila-closes\/wp-json\/wp\/v2\/users\/66"}],"replies":[{"embeddable":true,"href":"https:\/\/www.memoria.cat\/vila-closes\/wp-json\/wp\/v2\/comments?post=74099"}],"version-history":[{"count":0,"href":"https:\/\/www.memoria.cat\/vila-closes\/wp-json\/wp\/v2\/pages\/74099\/revisions"}],"wp:attachment":[{"href":"https:\/\/www.memoria.cat\/vila-closes\/wp-json\/wp\/v2\/media?parent=74099"}],"curies":[{"name":"wp","href":"https:\/\/api.w.org\/{rel}","templated":true}]}}