{"id":74088,"date":"2024-04-10T10:39:56","date_gmt":"2024-04-10T09:39:56","guid":{"rendered":"https:\/\/www.memoria.cat\/vila-closes\/?page_id=74088"},"modified":"2024-05-28T10:07:45","modified_gmt":"2024-05-28T09:07:45","slug":"altres-actes","status":"publish","type":"page","link":"https:\/\/www.memoria.cat\/vila-closes\/altres-actes\/","title":{"rendered":"Altres actes"},"content":{"rendered":"<div id=\"jig1\" class=\"justified-image-grid jig-24b147fbb2e102a06d710ffe12838a74 jig-preset-c3 jig-source-wp-gallery jig-rml-id-30\"><div class=\"jig-clearfix\"><\/div><noscript id=\"jig1-html\" class=\"justified-image-grid-html\" data-lazy-src=\"skiplazyload\" data-src=\"skipunveillazyload\"><ul><li><a href=\"https:\/\/www.memoria.cat\/vila-closes\/wp-content\/uploads\/sites\/136\/2024\/04\/reunio_av_-_1r_ajuntament_democratic_-_25-5-1979_-_lesquellot_num._3_-_maig-juny_1979.jpg\" title=\"25\/5\/1979: Josep Vila Closes en una reuni\u00f3 de l\u2019Associaci\u00f3 de Ve\u00efns amb representants del primer ajuntament democr\u00e0tic, encap\u00e7alats per l\u2019alcalde Joan Cornet. S\u2019hi pot veure Jaume Sensat i l\u2019arquitecte Jaume Espinal.\"><img fetchpriority=\"high\" decoding=\"async\" src=\"https:\/\/www.memoria.cat\/vila-closes\/wp-content\/plugins\/justified-image-grid\/timthumb.php?src=https%3A%2F%2Fwww.memoria.cat%2Fvila-closes%2Fwp-content%2Fuploads%2Fsites%2F136%2F2024%2F04%2Freunio_av_-_1r_ajuntament_democratic_-_25-5-1979_-_lesquellot_num._3_-_maig-juny_1979.jpg&amp;h=230&amp;q=90&amp;f=.jpg\" alt=\"25\/5\/1979: Josep Vila Closes en una reuni\u00f3 de l\u2019Associaci\u00f3 de Ve\u00efns amb representants del primer ajuntament democr\u00e0tic, encap\u00e7alats per l\u2019alcalde Joan Cornet. S\u2019hi pot veure Jaume Sensat i l\u2019arquitecte Jaume Espinal.\" width=\"369\" height=\"230\" \/><\/a><p class=\"jig-HTMLdescription\">25\/5\/1979: Josep Vila Closes en una reuni\u00f3 de l\u2019Associaci\u00f3 de Ve\u00efns amb representants del primer ajuntament democr\u00e0tic, encap\u00e7alats per l\u2019alcalde Joan Cornet. S\u2019hi pot veure Jaume Sensat i l\u2019arquitecte Jaume Espinal.<\/p><\/li><li><a href=\"https:\/\/www.memoria.cat\/vila-closes\/wp-content\/uploads\/sites\/136\/2024\/04\/closes-06.jpg\" title=\"Josep Vila Closes i Joan Mateu (al mig) en un acte al Centre C\u00edvic\"><img decoding=\"async\" src=\"https:\/\/www.memoria.cat\/vila-closes\/wp-content\/plugins\/justified-image-grid\/timthumb.php?src=https%3A%2F%2Fwww.memoria.cat%2Fvila-closes%2Fwp-content%2Fuploads%2Fsites%2F136%2F2024%2F04%2Fcloses-06.jpg&amp;h=230&amp;q=90&amp;f=.jpg\" alt=\"Josep Vila Closes i Joan Mateu (al mig) en un acte al Centre C\u00edvic\" width=\"336\" height=\"230\" \/><\/a><p class=\"jig-HTMLdescription\">Josep Vila Closes i Joan Mateu (al mig) en un acte al Centre C\u00edvic<\/p><\/li><li><a href=\"https:\/\/www.memoria.cat\/vila-closes\/wp-content\/uploads\/sites\/136\/2024\/04\/closes-01.jpg\" title=\"Trobada amb persones nouvingudes d\u2019altres pa\u00efsos, al Centre C\u00edvic Selves i Carner\"><img decoding=\"async\" src=\"https:\/\/www.memoria.cat\/vila-closes\/wp-content\/plugins\/justified-image-grid\/timthumb.php?src=https%3A%2F%2Fwww.memoria.cat%2Fvila-closes%2Fwp-content%2Fuploads%2Fsites%2F136%2F2024%2F04%2Fcloses-01.jpg&amp;h=230&amp;q=90&amp;f=.jpg\" alt=\"Trobada amb persones nouvingudes d\u2019altres pa\u00efsos, al Centre C\u00edvic Selves i Carner\" width=\"343\" height=\"230\" \/><\/a><p class=\"jig-HTMLdescription\">Trobada amb persones nouvingudes d\u2019altres pa\u00efsos, al Centre C\u00edvic Selves i Carner<\/p><\/li><li><a href=\"https:\/\/www.memoria.cat\/vila-closes\/wp-content\/uploads\/sites\/136\/2024\/04\/closes-07.jpg\" title=\"Confer\u00e8ncia d\u2019Arcadi Oliveres. Vila Closes, a primera fila.\"><img loading=\"lazy\" decoding=\"async\" src=\"https:\/\/www.memoria.cat\/vila-closes\/wp-content\/plugins\/justified-image-grid\/timthumb.php?src=https%3A%2F%2Fwww.memoria.cat%2Fvila-closes%2Fwp-content%2Fuploads%2Fsites%2F136%2F2024%2F04%2Fcloses-07.jpg&amp;h=230&amp;q=90&amp;f=.jpg\" alt=\"Confer\u00e8ncia d\u2019Arcadi Oliveres. Vila Closes, a primera fila.\" width=\"315\" height=\"230\" \/><\/a><p class=\"jig-HTMLdescription\">Confer\u00e8ncia d\u2019Arcadi Oliveres. Vila Closes, a primera fila.<\/p><\/li><li><a href=\"https:\/\/www.memoria.cat\/vila-closes\/wp-content\/uploads\/sites\/136\/2024\/04\/closes-02.jpg\" title=\"Berenar al local de l\u2019Associaci\u00f3 de Ve\u00efns\"><img loading=\"lazy\" decoding=\"async\" src=\"https:\/\/www.memoria.cat\/vila-closes\/wp-content\/plugins\/justified-image-grid\/timthumb.php?src=https%3A%2F%2Fwww.memoria.cat%2Fvila-closes%2Fwp-content%2Fuploads%2Fsites%2F136%2F2024%2F04%2Fcloses-02.jpg&amp;h=230&amp;q=90&amp;f=.jpg\" alt=\"Berenar al local de l\u2019Associaci\u00f3 de Ve\u00efns\" width=\"356\" height=\"230\" \/><\/a><p class=\"jig-HTMLdescription\">Berenar al local de l\u2019Associaci\u00f3 de Ve\u00efns<\/p><\/li><li><a href=\"https:\/\/www.memoria.cat\/vila-closes\/wp-content\/uploads\/sites\/136\/2024\/04\/arrossada_i_magia_a_la_placa_catalunya_setembre_2004_-_e_3.jpg\" title=\"Arrossada a la pla\u00e7a de Catalunya\"><img loading=\"lazy\" decoding=\"async\" src=\"https:\/\/www.memoria.cat\/vila-closes\/wp-content\/plugins\/justified-image-grid\/timthumb.php?src=https%3A%2F%2Fwww.memoria.cat%2Fvila-closes%2Fwp-content%2Fuploads%2Fsites%2F136%2F2024%2F04%2Farrossada_i_magia_a_la_placa_catalunya_setembre_2004_-_e_3.jpg&amp;h=230&amp;q=90&amp;f=.jpg\" alt=\"Arrossada a la pla\u00e7a de Catalunya\" width=\"309\" height=\"230\" \/><\/a><p class=\"jig-HTMLdescription\">Arrossada a la pla\u00e7a de Catalunya<\/p><\/li><\/ul><\/noscript><\/div>\n","protected":false},"excerpt":{"rendered":"","protected":false},"author":66,"featured_media":0,"parent":0,"menu_order":0,"comment_status":"closed","ping_status":"closed","template":"","meta":{"iawp_total_views":1,"footnotes":""},"class_list":["post-74088","page","type-page","status-publish","hentry"],"_links":{"self":[{"href":"https:\/\/www.memoria.cat\/vila-closes\/wp-json\/wp\/v2\/pages\/74088","targetHints":{"allow":["GET"]}}],"collection":[{"href":"https:\/\/www.memoria.cat\/vila-closes\/wp-json\/wp\/v2\/pages"}],"about":[{"href":"https:\/\/www.memoria.cat\/vila-closes\/wp-json\/wp\/v2\/types\/page"}],"author":[{"embeddable":true,"href":"https:\/\/www.memoria.cat\/vila-closes\/wp-json\/wp\/v2\/users\/66"}],"replies":[{"embeddable":true,"href":"https:\/\/www.memoria.cat\/vila-closes\/wp-json\/wp\/v2\/comments?post=74088"}],"version-history":[{"count":0,"href":"https:\/\/www.memoria.cat\/vila-closes\/wp-json\/wp\/v2\/pages\/74088\/revisions"}],"wp:attachment":[{"href":"https:\/\/www.memoria.cat\/vila-closes\/wp-json\/wp\/v2\/media?parent=74088"}],"curies":[{"name":"wp","href":"https:\/\/api.w.org\/{rel}","templated":true}]}}