{"id":74000,"date":"2024-04-10T09:02:45","date_gmt":"2024-04-10T08:02:45","guid":{"rendered":"https:\/\/www.memoria.cat\/vila-closes\/?page_id=74000"},"modified":"2024-04-10T09:08:07","modified_gmt":"2024-04-10T08:08:07","slug":"actuacio-de-lorfeo-manresa-al-centre-civic-selves-i-carner-22-4-2001","status":"publish","type":"page","link":"https:\/\/www.memoria.cat\/vila-closes\/actuacio-de-lorfeo-manresa-al-centre-civic-selves-i-carner-22-4-2001\/","title":{"rendered":"Actuaci\u00f3 de l\u2019Orfe\u00f3 Manres\u00e0 al Centre C\u00edvic Selves i Carner (22\/4\/2001)"},"content":{"rendered":"<div id=\"jig1\" class=\"justified-image-grid jig-38d8bbd6c74899c77061881b5f775beb jig-preset-c2 jig-source-wp-gallery jig-rml-id-21\"><div class=\"jig-clearfix\"><\/div><noscript id=\"jig1-html\" class=\"justified-image-grid-html\" data-lazy-src=\"skiplazyload\" data-src=\"skipunveillazyload\"><ul><li><a href=\"https:\/\/www.memoria.cat\/vila-closes\/wp-content\/uploads\/sites\/136\/2024\/04\/imagen_667.jpg\" title=\"imagen_667\"><img fetchpriority=\"high\" decoding=\"async\" src=\"https:\/\/www.memoria.cat\/vila-closes\/wp-content\/plugins\/justified-image-grid\/timthumb.php?src=https%3A%2F%2Fwww.memoria.cat%2Fvila-closes%2Fwp-content%2Fuploads%2Fsites%2F136%2F2024%2F04%2Fimagen_667.jpg&amp;h=230&amp;q=90&amp;f=.jpg\" alt=\"imagen_667\" width=\"338\" height=\"230\" \/><\/a><p class=\"jig-HTMLdescription\">imagen_667<\/p><\/li><li><a href=\"https:\/\/www.memoria.cat\/vila-closes\/wp-content\/uploads\/sites\/136\/2024\/04\/imagen_668.jpg\" title=\"imagen_668\"><img decoding=\"async\" src=\"https:\/\/www.memoria.cat\/vila-closes\/wp-content\/plugins\/justified-image-grid\/timthumb.php?src=https%3A%2F%2Fwww.memoria.cat%2Fvila-closes%2Fwp-content%2Fuploads%2Fsites%2F136%2F2024%2F04%2Fimagen_668.jpg&amp;h=230&amp;q=90&amp;f=.jpg\" alt=\"imagen_668\" width=\"339\" height=\"230\" \/><\/a><p class=\"jig-HTMLdescription\">imagen_668<\/p><\/li><li><a href=\"https:\/\/www.memoria.cat\/vila-closes\/wp-content\/uploads\/sites\/136\/2024\/04\/imagen_670.jpg\" title=\"imagen_670\"><img decoding=\"async\" src=\"https:\/\/www.memoria.cat\/vila-closes\/wp-content\/plugins\/justified-image-grid\/timthumb.php?src=https%3A%2F%2Fwww.memoria.cat%2Fvila-closes%2Fwp-content%2Fuploads%2Fsites%2F136%2F2024%2F04%2Fimagen_670.jpg&amp;h=230&amp;q=90&amp;f=.jpg\" alt=\"imagen_670\" width=\"334\" height=\"230\" \/><\/a><p class=\"jig-HTMLdescription\">imagen_670<\/p><\/li><li><a href=\"https:\/\/www.memoria.cat\/vila-closes\/wp-content\/uploads\/sites\/136\/2024\/04\/vila_closes._manresa_17.jpg\"><img loading=\"lazy\" decoding=\"async\" src=\"https:\/\/www.memoria.cat\/vila-closes\/wp-content\/plugins\/justified-image-grid\/timthumb.php?src=https%3A%2F%2Fwww.memoria.cat%2Fvila-closes%2Fwp-content%2Fuploads%2Fsites%2F136%2F2024%2F04%2Fvila_closes._manresa_17.jpg&amp;h=230&amp;q=90&amp;f=.jpg\" alt=\"\" width=\"325\" height=\"230\" \/><\/a><\/li><\/ul><\/noscript><\/div>\n<p>Dins dels actes d\u2019homenatge organitzats per l\u2019Associaci\u00f3 de Ve\u00efns en col\u00b7laboraci\u00f3 amb altres entitats no hi va faltar un concert de l\u2019Orfe\u00f3 Manres\u00e0, dirigit per Llu\u00eds Arguijo.<\/p>\n","protected":false},"excerpt":{"rendered":"<p>Dins dels actes d\u2019homenatge organitzats per l\u2019Associaci\u00f3 de Ve\u00efns en col\u00b7laboraci\u00f3 amb altres entitats no hi va faltar un concert de l\u2019Orfe\u00f3 Manres\u00e0, dirigit per Llu\u00eds Arguijo.<\/p>\n","protected":false},"author":66,"featured_media":0,"parent":0,"menu_order":0,"comment_status":"closed","ping_status":"closed","template":"","meta":{"iawp_total_views":0,"footnotes":""},"class_list":["post-74000","page","type-page","status-publish","hentry"],"_links":{"self":[{"href":"https:\/\/www.memoria.cat\/vila-closes\/wp-json\/wp\/v2\/pages\/74000","targetHints":{"allow":["GET"]}}],"collection":[{"href":"https:\/\/www.memoria.cat\/vila-closes\/wp-json\/wp\/v2\/pages"}],"about":[{"href":"https:\/\/www.memoria.cat\/vila-closes\/wp-json\/wp\/v2\/types\/page"}],"author":[{"embeddable":true,"href":"https:\/\/www.memoria.cat\/vila-closes\/wp-json\/wp\/v2\/users\/66"}],"replies":[{"embeddable":true,"href":"https:\/\/www.memoria.cat\/vila-closes\/wp-json\/wp\/v2\/comments?post=74000"}],"version-history":[{"count":0,"href":"https:\/\/www.memoria.cat\/vila-closes\/wp-json\/wp\/v2\/pages\/74000\/revisions"}],"wp:attachment":[{"href":"https:\/\/www.memoria.cat\/vila-closes\/wp-json\/wp\/v2\/media?parent=74000"}],"curies":[{"name":"wp","href":"https:\/\/api.w.org\/{rel}","templated":true}]}}