{"id":73974,"date":"2024-04-10T08:43:26","date_gmt":"2024-04-10T07:43:26","guid":{"rendered":"https:\/\/www.memoria.cat\/vila-closes\/?page_id=73974"},"modified":"2024-04-10T08:53:17","modified_gmt":"2024-04-10T07:53:17","slug":"lexposicio-antologica-de-vila-closes-5-29-4-2001","status":"publish","type":"page","link":"https:\/\/www.memoria.cat\/vila-closes\/lexposicio-antologica-de-vila-closes-5-29-4-2001\/","title":{"rendered":"L\u2019exposici\u00f3 antol\u00f2gica de Vila Closes (5-29\/4\/2001)"},"content":{"rendered":"<p>L\u2019Associaci\u00f3 de Ve\u00efns de la Barriada Saldes-Pla\u00e7a de Catalunya va homenatjar Josep Vila Closes, pocs dies abans que l\u2019Ajuntament li atorgu\u00e9s la Medalla de la Ciutat (24\/4\/2001). Entre el 5 i el 29 d\u2019abril, al Centre C\u00edvic Selves i Carner es va poder veure una exposici\u00f3 antol\u00f2gica de la seva obra. Aqu\u00ed podem veure unes fotografies del dia de la inauguraci\u00f3, el programa d&#8217;actes i el cat\u00e0leg de l&#8217;exposici\u00f3.<\/p>\n<div id=\"jig1\" class=\"justified-image-grid jig-e0d708db04c255fe56225f933e71eefe jig-preset-c2 jig-source-wp-gallery jig-rml-id-19\"><div class=\"jig-clearfix\"><\/div><noscript id=\"jig1-html\" class=\"justified-image-grid-html\" data-lazy-src=\"skiplazyload\" data-src=\"skipunveillazyload\"><ul><li><a href=\"https:\/\/www.memoria.cat\/vila-closes\/wp-content\/uploads\/sites\/136\/2024\/04\/actes_dhomenatge_a_vila_closes_-_lesquellot_num._75_-_abril_2001.jpg\"><img decoding=\"async\" src=\"https:\/\/www.memoria.cat\/vila-closes\/wp-content\/plugins\/justified-image-grid\/timthumb.php?src=https%3A%2F%2Fwww.memoria.cat%2Fvila-closes%2Fwp-content%2Fuploads%2Fsites%2F136%2F2024%2F04%2Factes_dhomenatge_a_vila_closes_-_lesquellot_num._75_-_abril_2001.jpg&amp;h=230&amp;q=90&amp;f=.jpg\" alt=\"\" width=\"167\" height=\"230\" \/><\/a><\/li><li><a href=\"https:\/\/www.memoria.cat\/vila-closes\/wp-content\/uploads\/sites\/136\/2024\/04\/closes-13.jpg\"><img decoding=\"async\" src=\"https:\/\/www.memoria.cat\/vila-closes\/wp-content\/plugins\/justified-image-grid\/timthumb.php?src=https%3A%2F%2Fwww.memoria.cat%2Fvila-closes%2Fwp-content%2Fuploads%2Fsites%2F136%2F2024%2F04%2Fcloses-13.jpg&amp;h=230&amp;q=90&amp;f=.jpg\" alt=\"\" width=\"158\" height=\"230\" \/><\/a><\/li><li><a href=\"https:\/\/www.memoria.cat\/vila-closes\/wp-content\/uploads\/sites\/136\/2024\/04\/closes-26.jpg\"><img fetchpriority=\"high\" decoding=\"async\" src=\"https:\/\/www.memoria.cat\/vila-closes\/wp-content\/plugins\/justified-image-grid\/timthumb.php?src=https%3A%2F%2Fwww.memoria.cat%2Fvila-closes%2Fwp-content%2Fuploads%2Fsites%2F136%2F2024%2F04%2Fcloses-26.jpg&amp;h=230&amp;q=90&amp;f=.jpg\" alt=\"\" width=\"490\" height=\"230\" \/><\/a><\/li><li><a href=\"https:\/\/www.memoria.cat\/vila-closes\/wp-content\/uploads\/sites\/136\/2024\/04\/closes-27.jpg\"><img loading=\"lazy\" decoding=\"async\" src=\"https:\/\/www.memoria.cat\/vila-closes\/wp-content\/plugins\/justified-image-grid\/timthumb.php?src=https%3A%2F%2Fwww.memoria.cat%2Fvila-closes%2Fwp-content%2Fuploads%2Fsites%2F136%2F2024%2F04%2Fcloses-27.jpg&amp;h=230&amp;q=90&amp;f=.jpg\" alt=\"\" width=\"494\" height=\"230\" \/><\/a><\/li><li><a href=\"https:\/\/www.memoria.cat\/vila-closes\/wp-content\/uploads\/sites\/136\/2024\/04\/imagen_651.jpg\" title=\"imagen_651\"><img loading=\"lazy\" decoding=\"async\" src=\"https:\/\/www.memoria.cat\/vila-closes\/wp-content\/plugins\/justified-image-grid\/timthumb.php?src=https%3A%2F%2Fwww.memoria.cat%2Fvila-closes%2Fwp-content%2Fuploads%2Fsites%2F136%2F2024%2F04%2Fimagen_651.jpg&amp;h=230&amp;q=90&amp;f=.jpg\" alt=\"imagen_651\" width=\"338\" height=\"230\" \/><\/a><p class=\"jig-HTMLdescription\">imagen_651<\/p><\/li><li><a href=\"https:\/\/www.memoria.cat\/vila-closes\/wp-content\/uploads\/sites\/136\/2024\/04\/vila_closes._manresa_18._inauguracio_exposicio_5-4-2001.jpg\"><img loading=\"lazy\" decoding=\"async\" src=\"https:\/\/www.memoria.cat\/vila-closes\/wp-content\/plugins\/justified-image-grid\/timthumb.php?src=https%3A%2F%2Fwww.memoria.cat%2Fvila-closes%2Fwp-content%2Fuploads%2Fsites%2F136%2F2024%2F04%2Fvila_closes._manresa_18._inauguracio_exposicio_5-4-2001.jpg&amp;h=230&amp;q=90&amp;f=.jpg\" alt=\"\" width=\"362\" height=\"230\" \/><\/a><\/li><li><a href=\"https:\/\/www.memoria.cat\/vila-closes\/wp-content\/uploads\/sites\/136\/2024\/04\/imagen_657.jpg\" title=\"imagen_657\"><img loading=\"lazy\" decoding=\"async\" src=\"https:\/\/www.memoria.cat\/vila-closes\/wp-content\/plugins\/justified-image-grid\/timthumb.php?src=https%3A%2F%2Fwww.memoria.cat%2Fvila-closes%2Fwp-content%2Fuploads%2Fsites%2F136%2F2024%2F04%2Fimagen_657.jpg&amp;h=230&amp;q=90&amp;f=.jpg\" alt=\"imagen_657\" width=\"337\" height=\"230\" \/><\/a><p class=\"jig-HTMLdescription\">imagen_657<\/p><\/li><li><a href=\"https:\/\/www.memoria.cat\/vila-closes\/wp-content\/uploads\/sites\/136\/2024\/04\/closes-10.jpg\"><img loading=\"lazy\" decoding=\"async\" src=\"https:\/\/www.memoria.cat\/vila-closes\/wp-content\/plugins\/justified-image-grid\/timthumb.php?src=https%3A%2F%2Fwww.memoria.cat%2Fvila-closes%2Fwp-content%2Fuploads%2Fsites%2F136%2F2024%2F04%2Fcloses-10.jpg&amp;h=230&amp;q=90&amp;f=.jpg\" alt=\"\" width=\"353\" height=\"230\" \/><\/a><\/li><li><a href=\"https:\/\/www.memoria.cat\/vila-closes\/wp-content\/uploads\/sites\/136\/2024\/04\/imagen_31.jpg\" title=\"imagen_31\"><img loading=\"lazy\" decoding=\"async\" src=\"https:\/\/www.memoria.cat\/vila-closes\/wp-content\/plugins\/justified-image-grid\/timthumb.php?src=https%3A%2F%2Fwww.memoria.cat%2Fvila-closes%2Fwp-content%2Fuploads%2Fsites%2F136%2F2024%2F04%2Fimagen_31.jpg&amp;h=230&amp;q=90&amp;f=.jpg\" alt=\"imagen_31\" width=\"167\" height=\"230\" \/><\/a><p class=\"jig-HTMLdescription\">imagen_31<\/p><\/li><\/ul><\/noscript><\/div>\n<p>&nbsp;<\/p>\n","protected":false},"excerpt":{"rendered":"<p>L\u2019Associaci\u00f3 de Ve\u00efns de la Barriada Saldes-Pla\u00e7a de Catalunya va homenatjar Josep Vila Closes, pocs dies abans que l\u2019Ajuntament li atorgu\u00e9s la Medalla de la Ciutat (24\/4\/2001). Entre el 5 i el 29 d\u2019abril, al Centre C\u00edvic Selves i Carner es va poder veure una exposici\u00f3 antol\u00f2gica de la seva obra. Aqu\u00ed podem veure unes [&hellip;]<\/p>\n","protected":false},"author":66,"featured_media":0,"parent":0,"menu_order":0,"comment_status":"closed","ping_status":"closed","template":"","meta":{"iawp_total_views":1,"footnotes":""},"class_list":["post-73974","page","type-page","status-publish","hentry"],"_links":{"self":[{"href":"https:\/\/www.memoria.cat\/vila-closes\/wp-json\/wp\/v2\/pages\/73974","targetHints":{"allow":["GET"]}}],"collection":[{"href":"https:\/\/www.memoria.cat\/vila-closes\/wp-json\/wp\/v2\/pages"}],"about":[{"href":"https:\/\/www.memoria.cat\/vila-closes\/wp-json\/wp\/v2\/types\/page"}],"author":[{"embeddable":true,"href":"https:\/\/www.memoria.cat\/vila-closes\/wp-json\/wp\/v2\/users\/66"}],"replies":[{"embeddable":true,"href":"https:\/\/www.memoria.cat\/vila-closes\/wp-json\/wp\/v2\/comments?post=73974"}],"version-history":[{"count":0,"href":"https:\/\/www.memoria.cat\/vila-closes\/wp-json\/wp\/v2\/pages\/73974\/revisions"}],"wp:attachment":[{"href":"https:\/\/www.memoria.cat\/vila-closes\/wp-json\/wp\/v2\/media?parent=73974"}],"curies":[{"name":"wp","href":"https:\/\/api.w.org\/{rel}","templated":true}]}}