{"id":73962,"date":"2024-04-09T10:59:12","date_gmt":"2024-04-09T09:59:12","guid":{"rendered":"https:\/\/www.memoria.cat\/vila-closes\/?page_id=73962"},"modified":"2024-04-10T08:42:15","modified_gmt":"2024-04-10T07:42:15","slug":"indrets-del-barri-pintats-per-vila-closes","status":"publish","type":"page","link":"https:\/\/www.memoria.cat\/vila-closes\/indrets-del-barri-pintats-per-vila-closes\/","title":{"rendered":"Indrets del barri pintats per Vila Closes"},"content":{"rendered":"<div id=\"jig1\" class=\"justified-image-grid jig-9538e762d1873eafbdb2abe07cd8d42c jig-preset-c2 jig-source-wp-gallery jig-rml-id-18\"><div class=\"jig-clearfix\"><\/div><noscript id=\"jig1-html\" class=\"justified-image-grid-html\" data-lazy-src=\"skiplazyload\" data-src=\"skipunveillazyload\"><ul><li><a href=\"https:\/\/www.memoria.cat\/vila-closes\/wp-content\/uploads\/sites\/136\/2024\/04\/3157_-_manresa._placa_de_catalunya._1999._oli_60x73.jpg\"><img fetchpriority=\"high\" decoding=\"async\" src=\"https:\/\/www.memoria.cat\/vila-closes\/wp-content\/plugins\/justified-image-grid\/timthumb.php?src=https%3A%2F%2Fwww.memoria.cat%2Fvila-closes%2Fwp-content%2Fuploads%2Fsites%2F136%2F2024%2F04%2F3157_-_manresa._placa_de_catalunya._1999._oli_60x73.jpg&amp;h=230&amp;q=90&amp;f=.jpg\" alt=\"\" width=\"283\" height=\"230\" \/><\/a><\/li><li><a href=\"https:\/\/www.memoria.cat\/vila-closes\/wp-content\/uploads\/sites\/136\/2024\/04\/la_font_de_neptu.jpg\" title=\"la_font_de_neptu\"><img decoding=\"async\" src=\"https:\/\/www.memoria.cat\/vila-closes\/wp-content\/plugins\/justified-image-grid\/timthumb.php?src=https%3A%2F%2Fwww.memoria.cat%2Fvila-closes%2Fwp-content%2Fuploads%2Fsites%2F136%2F2024%2F04%2Fla_font_de_neptu.jpg&amp;h=230&amp;q=90&amp;f=.jpg\" alt=\"la_font_de_neptu\" width=\"167\" height=\"230\" \/><\/a><p class=\"jig-HTMLdescription\">la_font_de_neptu<\/p><\/li><li><a href=\"https:\/\/www.memoria.cat\/vila-closes\/wp-content\/uploads\/sites\/136\/2024\/04\/manresa_-_passatge_saldes._oli.jpg\"><img decoding=\"async\" src=\"https:\/\/www.memoria.cat\/vila-closes\/wp-content\/plugins\/justified-image-grid\/timthumb.php?src=https%3A%2F%2Fwww.memoria.cat%2Fvila-closes%2Fwp-content%2Fuploads%2Fsites%2F136%2F2024%2F04%2Fmanresa_-_passatge_saldes._oli.jpg&amp;h=230&amp;q=90&amp;f=.jpg\" alt=\"\" width=\"287\" height=\"230\" \/><\/a><\/li><li><a href=\"https:\/\/www.memoria.cat\/vila-closes\/wp-content\/uploads\/sites\/136\/2024\/04\/cami_de_cal_xerraire._manresa.jpg\"><img loading=\"lazy\" decoding=\"async\" src=\"https:\/\/www.memoria.cat\/vila-closes\/wp-content\/plugins\/justified-image-grid\/timthumb.php?src=https%3A%2F%2Fwww.memoria.cat%2Fvila-closes%2Fwp-content%2Fuploads%2Fsites%2F136%2F2024%2F04%2Fcami_de_cal_xerraire._manresa.jpg&amp;h=230&amp;q=90&amp;f=.jpg\" alt=\"\" width=\"281\" height=\"230\" \/><\/a><\/li><li><a href=\"https:\/\/www.memoria.cat\/vila-closes\/wp-content\/uploads\/sites\/136\/2024\/04\/manresa_-_placa_de_lexcursionisme._oli-scaled.jpg\"><img loading=\"lazy\" decoding=\"async\" src=\"https:\/\/www.memoria.cat\/vila-closes\/wp-content\/plugins\/justified-image-grid\/timthumb.php?src=https%3A%2F%2Fwww.memoria.cat%2Fvila-closes%2Fwp-content%2Fuploads%2Fsites%2F136%2F2024%2F04%2Fmanresa_-_placa_de_lexcursionisme._oli-scaled.jpg&amp;h=230&amp;q=90&amp;f=.jpg\" alt=\"\" width=\"185\" height=\"230\" \/><\/a><\/li><li><a href=\"https:\/\/www.memoria.cat\/vila-closes\/wp-content\/uploads\/sites\/136\/2024\/04\/159._broquils_i_puigberenguer._manresa._1987_._oli_60x73_cm._col._particular._r._159-scaled.jpg\"><img loading=\"lazy\" decoding=\"async\" src=\"https:\/\/www.memoria.cat\/vila-closes\/wp-content\/plugins\/justified-image-grid\/timthumb.php?src=https%3A%2F%2Fwww.memoria.cat%2Fvila-closes%2Fwp-content%2Fuploads%2Fsites%2F136%2F2024%2F04%2F159._broquils_i_puigberenguer._manresa._1987_._oli_60x73_cm._col._particular._r._159-scaled.jpg&amp;h=230&amp;q=90&amp;f=.jpg\" alt=\"\" width=\"283\" height=\"230\" \/><\/a><\/li><li><a href=\"https:\/\/www.memoria.cat\/vila-closes\/wp-content\/uploads\/sites\/136\/2024\/04\/cap_al_cementiri._manresa._no_datat._oli_sobre_tela_54x66_cm_._col._margot_vila-scaled.jpg\"><img loading=\"lazy\" decoding=\"async\" src=\"https:\/\/www.memoria.cat\/vila-closes\/wp-content\/plugins\/justified-image-grid\/timthumb.php?src=https%3A%2F%2Fwww.memoria.cat%2Fvila-closes%2Fwp-content%2Fuploads%2Fsites%2F136%2F2024%2F04%2Fcap_al_cementiri._manresa._no_datat._oli_sobre_tela_54x66_cm_._col._margot_vila-scaled.jpg&amp;h=230&amp;q=90&amp;f=.jpg\" alt=\"\" width=\"279\" height=\"230\" \/><\/a><\/li><\/ul><\/noscript><\/div>\n<p>&nbsp;<\/p>\n<p>Aqu\u00ed podem veure pintats per Vila Closes diferents indrets del barri: la pla\u00e7a de Catalunya, la Font de Nept\u00fa, el cam\u00ed del cal Xerraire (2 pintures), la pla\u00e7a de l\u2019Excursionisme, el Puigberenguer i el cam\u00ed cap al Cementiri, abans de convertir-se en l\u2019actual carrer de Miquel Mart\u00ed Pol. El quadre de la pla\u00e7a de l\u2019Excursionisme \u00e9s de l\u2019any 2005, any de la mort de Vila Closes. El va dedicar en mem\u00f2ria del seu gran amic Joan Vilanova i Roset, per\u00f2 no el va poder acabar.<\/p>\n<p>&nbsp;<\/p>\n","protected":false},"excerpt":{"rendered":"<p>&nbsp; Aqu\u00ed podem veure pintats per Vila Closes diferents indrets del barri: la pla\u00e7a de Catalunya, la Font de Nept\u00fa, el cam\u00ed del cal Xerraire (2 pintures), la pla\u00e7a de l\u2019Excursionisme, el Puigberenguer i el cam\u00ed cap al Cementiri, abans de convertir-se en l\u2019actual carrer de Miquel Mart\u00ed Pol. El quadre de la pla\u00e7a de [&hellip;]<\/p>\n","protected":false},"author":66,"featured_media":0,"parent":0,"menu_order":0,"comment_status":"closed","ping_status":"closed","template":"","meta":{"iawp_total_views":0,"footnotes":""},"class_list":["post-73962","page","type-page","status-publish","hentry"],"_links":{"self":[{"href":"https:\/\/www.memoria.cat\/vila-closes\/wp-json\/wp\/v2\/pages\/73962","targetHints":{"allow":["GET"]}}],"collection":[{"href":"https:\/\/www.memoria.cat\/vila-closes\/wp-json\/wp\/v2\/pages"}],"about":[{"href":"https:\/\/www.memoria.cat\/vila-closes\/wp-json\/wp\/v2\/types\/page"}],"author":[{"embeddable":true,"href":"https:\/\/www.memoria.cat\/vila-closes\/wp-json\/wp\/v2\/users\/66"}],"replies":[{"embeddable":true,"href":"https:\/\/www.memoria.cat\/vila-closes\/wp-json\/wp\/v2\/comments?post=73962"}],"version-history":[{"count":0,"href":"https:\/\/www.memoria.cat\/vila-closes\/wp-json\/wp\/v2\/pages\/73962\/revisions"}],"wp:attachment":[{"href":"https:\/\/www.memoria.cat\/vila-closes\/wp-json\/wp\/v2\/media?parent=73962"}],"curies":[{"name":"wp","href":"https:\/\/api.w.org\/{rel}","templated":true}]}}