{"id":73917,"date":"2024-04-04T17:01:03","date_gmt":"2024-04-04T16:01:03","guid":{"rendered":"https:\/\/www.memoria.cat\/vila-closes\/?page_id=73917"},"modified":"2024-04-05T09:34:17","modified_gmt":"2024-04-05T08:34:17","slug":"els-murals-de-la-placa-de-catalunya","status":"publish","type":"page","link":"https:\/\/www.memoria.cat\/vila-closes\/els-murals-de-la-placa-de-catalunya\/","title":{"rendered":"Els murals de la pla\u00e7a de Catalunya"},"content":{"rendered":"<p>Josep Vila Closes va pintar en diferents ocasions el mur de formig\u00f3 de la pla\u00e7a de Catalunya. Aqu\u00ed en podem veure diverses mostres:<\/p>\n<p>&nbsp;<\/p>\n<div id=\"jig1\" class=\"justified-image-grid jig-4b1c670c334e6525fa4ccf0d041e5ee2 jig-preset-c2 jig-source-wp-gallery jig-rml-id-11\"><div class=\"jig-clearfix\"><\/div><noscript id=\"jig1-html\" class=\"justified-image-grid-html\" data-lazy-src=\"skiplazyload\" data-src=\"skipunveillazyload\"><ul><li><a href=\"https:\/\/www.memoria.cat\/vila-closes\/wp-content\/uploads\/sites\/136\/2024\/04\/vila_closes._manresa_14.mural_placa_catalunya_-_sant_jordi_1989.jpg\"><img fetchpriority=\"high\" decoding=\"async\" src=\"https:\/\/www.memoria.cat\/vila-closes\/wp-content\/plugins\/justified-image-grid\/timthumb.php?src=https%3A%2F%2Fwww.memoria.cat%2Fvila-closes%2Fwp-content%2Fuploads%2Fsites%2F136%2F2024%2F04%2Fvila_closes._manresa_14.mural_placa_catalunya_-_sant_jordi_1989.jpg&amp;h=230&amp;q=90&amp;f=.jpg\" alt=\"\" width=\"353\" height=\"230\" \/><\/a><\/li><li><a href=\"https:\/\/www.memoria.cat\/vila-closes\/wp-content\/uploads\/sites\/136\/2024\/04\/vila_closes._manresa_15.jpg\"><img decoding=\"async\" src=\"https:\/\/www.memoria.cat\/vila-closes\/wp-content\/plugins\/justified-image-grid\/timthumb.php?src=https%3A%2F%2Fwww.memoria.cat%2Fvila-closes%2Fwp-content%2Fuploads%2Fsites%2F136%2F2024%2F04%2Fvila_closes._manresa_15.jpg&amp;h=230&amp;q=90&amp;f=.jpg\" alt=\"\" width=\"360\" height=\"230\" \/><\/a><\/li><\/ul><\/noscript><\/div>\n<p style=\"text-align: center\">Sant Jordi del 1989<\/p>\n<p>&nbsp;<\/p>\n<div id=\"jig2\" class=\"justified-image-grid jig-59a1f019f6a254a151a509d1686cf2df jig-preset-c2 jig-source-wp-gallery jig-rml-id-12\"><div class=\"jig-clearfix\"><\/div><noscript id=\"jig2-html\" class=\"justified-image-grid-html\" data-lazy-src=\"skiplazyload\" data-src=\"skipunveillazyload\"><ul><li><a href=\"https:\/\/www.memoria.cat\/vila-closes\/wp-content\/uploads\/sites\/136\/2024\/04\/1991_-_mural_-_gravat_del_seu_amic_monjo_de_montserrat_pare_oriol_m._divi.jpg\"><img decoding=\"async\" src=\"https:\/\/www.memoria.cat\/vila-closes\/wp-content\/plugins\/justified-image-grid\/timthumb.php?src=https%3A%2F%2Fwww.memoria.cat%2Fvila-closes%2Fwp-content%2Fuploads%2Fsites%2F136%2F2024%2F04%2F1991_-_mural_-_gravat_del_seu_amic_monjo_de_montserrat_pare_oriol_m._divi.jpg&amp;h=230&amp;q=90&amp;f=.jpg\" alt=\"\" width=\"342\" height=\"230\" \/><\/a><\/li><li><a href=\"https:\/\/www.memoria.cat\/vila-closes\/wp-content\/uploads\/sites\/136\/2024\/04\/1991_-_mural_-_pare_oriol_divi_-_placa_catalunya_2.jpg\"><img loading=\"lazy\" decoding=\"async\" src=\"https:\/\/www.memoria.cat\/vila-closes\/wp-content\/plugins\/justified-image-grid\/timthumb.php?src=https%3A%2F%2Fwww.memoria.cat%2Fvila-closes%2Fwp-content%2Fuploads%2Fsites%2F136%2F2024%2F04%2F1991_-_mural_-_pare_oriol_divi_-_placa_catalunya_2.jpg&amp;h=230&amp;q=90&amp;f=.jpg\" alt=\"\" width=\"338\" height=\"230\" \/><\/a><\/li><li><a href=\"https:\/\/www.memoria.cat\/vila-closes\/wp-content\/uploads\/sites\/136\/2024\/04\/1991_-_mural_en_homenatge_al_pare_oriol_m._divi.jpg\"><img loading=\"lazy\" decoding=\"async\" src=\"https:\/\/www.memoria.cat\/vila-closes\/wp-content\/plugins\/justified-image-grid\/timthumb.php?src=https%3A%2F%2Fwww.memoria.cat%2Fvila-closes%2Fwp-content%2Fuploads%2Fsites%2F136%2F2024%2F04%2F1991_-_mural_en_homenatge_al_pare_oriol_m._divi.jpg&amp;h=230&amp;q=90&amp;f=.jpg\" alt=\"\" width=\"348\" height=\"230\" \/><\/a><\/li><\/ul><\/noscript><\/div>\n<p style=\"text-align: center\">Sant Jordi del 1991. En homenatge al seu amic, el pare Oriol M. Div\u00ed, monjo de Montserrat<\/p>\n<p>&nbsp;<\/p>\n<div id=\"jig3\" class=\"justified-image-grid jig-bfee66cd646e7976f6093023557a3ff7 jig-preset-c2 jig-source-wp-gallery jig-rml-id-13\"><div class=\"jig-clearfix\"><\/div><noscript id=\"jig3-html\" class=\"justified-image-grid-html\" data-lazy-src=\"skiplazyload\" data-src=\"skipunveillazyload\"><ul><li><a href=\"https:\/\/www.memoria.cat\/vila-closes\/wp-content\/uploads\/sites\/136\/2024\/04\/1992_-_mural.jpg\"><img loading=\"lazy\" decoding=\"async\" src=\"https:\/\/www.memoria.cat\/vila-closes\/wp-content\/plugins\/justified-image-grid\/timthumb.php?src=https%3A%2F%2Fwww.memoria.cat%2Fvila-closes%2Fwp-content%2Fuploads%2Fsites%2F136%2F2024%2F04%2F1992_-_mural.jpg&amp;h=230&amp;q=90&amp;f=.jpg\" alt=\"\" width=\"357\" height=\"230\" \/><\/a><\/li><li><a href=\"https:\/\/www.memoria.cat\/vila-closes\/wp-content\/uploads\/sites\/136\/2024\/04\/vila_closes_108.jpg\" title=\"vila_closes_108\"><img loading=\"lazy\" decoding=\"async\" src=\"https:\/\/www.memoria.cat\/vila-closes\/wp-content\/plugins\/justified-image-grid\/timthumb.php?src=https%3A%2F%2Fwww.memoria.cat%2Fvila-closes%2Fwp-content%2Fuploads%2Fsites%2F136%2F2024%2F04%2Fvila_closes_108.jpg&amp;h=230&amp;q=90&amp;f=.jpg\" alt=\"vila_closes_108\" width=\"359\" height=\"230\" \/><\/a><p class=\"jig-HTMLdescription\">vila_closes_108<\/p><\/li><li><a href=\"https:\/\/www.memoria.cat\/vila-closes\/wp-content\/uploads\/sites\/136\/2024\/04\/vila_closes107.jpg\" title=\"vila_closes107\"><img loading=\"lazy\" decoding=\"async\" src=\"https:\/\/www.memoria.cat\/vila-closes\/wp-content\/plugins\/justified-image-grid\/timthumb.php?src=https%3A%2F%2Fwww.memoria.cat%2Fvila-closes%2Fwp-content%2Fuploads%2Fsites%2F136%2F2024%2F04%2Fvila_closes107.jpg&amp;h=230&amp;q=90&amp;f=.jpg\" alt=\"vila_closes107\" width=\"335\" height=\"230\" \/><\/a><p class=\"jig-HTMLdescription\">vila_closes107<\/p><\/li><li><a href=\"https:\/\/www.memoria.cat\/vila-closes\/wp-content\/uploads\/sites\/136\/2024\/04\/1992_-_mural_-_drac_mes_curt-scaled.jpg\"><img loading=\"lazy\" decoding=\"async\" src=\"https:\/\/www.memoria.cat\/vila-closes\/wp-content\/plugins\/justified-image-grid\/timthumb.php?src=https%3A%2F%2Fwww.memoria.cat%2Fvila-closes%2Fwp-content%2Fuploads%2Fsites%2F136%2F2024%2F04%2F1992_-_mural_-_drac_mes_curt-scaled.jpg&amp;h=230&amp;q=90&amp;f=.jpg\" alt=\"\" width=\"345\" height=\"230\" \/><\/a><\/li><li><a href=\"https:\/\/www.memoria.cat\/vila-closes\/wp-content\/uploads\/sites\/136\/2024\/04\/vila_closes_111.jpg\" title=\"vila_closes_111\"><img loading=\"lazy\" decoding=\"async\" src=\"https:\/\/www.memoria.cat\/vila-closes\/wp-content\/plugins\/justified-image-grid\/timthumb.php?src=https%3A%2F%2Fwww.memoria.cat%2Fvila-closes%2Fwp-content%2Fuploads%2Fsites%2F136%2F2024%2F04%2Fvila_closes_111.jpg&amp;h=230&amp;q=90&amp;f=.jpg\" alt=\"vila_closes_111\" width=\"413\" height=\"230\" \/><\/a><p class=\"jig-HTMLdescription\">vila_closes_111<\/p><\/li><li><a href=\"https:\/\/www.memoria.cat\/vila-closes\/wp-content\/uploads\/sites\/136\/2024\/04\/vila_closes_112.jpg\" title=\"vila_closes_112\"><img loading=\"lazy\" decoding=\"async\" src=\"https:\/\/www.memoria.cat\/vila-closes\/wp-content\/plugins\/justified-image-grid\/timthumb.php?src=https%3A%2F%2Fwww.memoria.cat%2Fvila-closes%2Fwp-content%2Fuploads%2Fsites%2F136%2F2024%2F04%2Fvila_closes_112.jpg&amp;h=230&amp;q=90&amp;f=.jpg\" alt=\"vila_closes_112\" width=\"395\" height=\"230\" \/><\/a><p class=\"jig-HTMLdescription\">vila_closes_112<\/p><\/li><li><a href=\"https:\/\/www.memoria.cat\/vila-closes\/wp-content\/uploads\/sites\/136\/2024\/04\/vila_closes_110.jpg\" title=\"vila_closes_110\"><img loading=\"lazy\" decoding=\"async\" src=\"https:\/\/www.memoria.cat\/vila-closes\/wp-content\/plugins\/justified-image-grid\/timthumb.php?src=https%3A%2F%2Fwww.memoria.cat%2Fvila-closes%2Fwp-content%2Fuploads%2Fsites%2F136%2F2024%2F04%2Fvila_closes_110.jpg&amp;h=230&amp;q=90&amp;f=.jpg\" alt=\"vila_closes_110\" width=\"390\" height=\"230\" \/><\/a><p class=\"jig-HTMLdescription\">vila_closes_110<\/p><\/li><li><a href=\"https:\/\/www.memoria.cat\/vila-closes\/wp-content\/uploads\/sites\/136\/2024\/04\/vila_closes_106.jpg\" title=\"vila_closes_106\"><img loading=\"lazy\" decoding=\"async\" src=\"https:\/\/www.memoria.cat\/vila-closes\/wp-content\/plugins\/justified-image-grid\/timthumb.php?src=https%3A%2F%2Fwww.memoria.cat%2Fvila-closes%2Fwp-content%2Fuploads%2Fsites%2F136%2F2024%2F04%2Fvila_closes_106.jpg&amp;h=230&amp;q=90&amp;f=.jpg\" alt=\"vila_closes_106\" width=\"411\" height=\"230\" \/><\/a><p class=\"jig-HTMLdescription\">vila_closes_106<\/p><\/li><\/ul><\/noscript><\/div>\n<p style=\"text-align: center\">Sant Jordi del 1992<\/p>\n<p>&nbsp;<\/p>\n<div id=\"jig4\" class=\"justified-image-grid jig-9ab0c83f5e7509a1075aab646ec4d4aa jig-preset-c2 jig-source-wp-gallery jig-rml-id-14\"><div class=\"jig-clearfix\"><\/div><noscript id=\"jig4-html\" class=\"justified-image-grid-html\" data-lazy-src=\"skiplazyload\" data-src=\"skipunveillazyload\"><ul><li><a href=\"https:\/\/www.memoria.cat\/vila-closes\/wp-content\/uploads\/sites\/136\/2024\/04\/1993_-_mural_en_homenatge_a_joan_miro_i_tambe_a_basiana_mompou_i_foix.jpg\"><img loading=\"lazy\" decoding=\"async\" src=\"https:\/\/www.memoria.cat\/vila-closes\/wp-content\/plugins\/justified-image-grid\/timthumb.php?src=https%3A%2F%2Fwww.memoria.cat%2Fvila-closes%2Fwp-content%2Fuploads%2Fsites%2F136%2F2024%2F04%2F1993_-_mural_en_homenatge_a_joan_miro_i_tambe_a_basiana_mompou_i_foix.jpg&amp;h=230&amp;q=90&amp;f=.jpg\" alt=\"\" width=\"357\" height=\"230\" \/><\/a><\/li><\/ul><\/noscript><\/div>\n<p style=\"text-align: center\">Any 1993. Mural d\u2019homenatge a Joan Mir\u00f3, amb motiu del seu centenari<\/p>\n<p>&nbsp;<\/p>\n<div id=\"jig5\" class=\"justified-image-grid jig-f1f82eddacef36c6b9b7c90a62af7294 jig-preset-c2 jig-source-wp-gallery jig-rml-id-15\"><div class=\"jig-clearfix\"><\/div><noscript id=\"jig5-html\" class=\"justified-image-grid-html\" data-lazy-src=\"skiplazyload\" data-src=\"skipunveillazyload\"><ul><li><a href=\"https:\/\/www.memoria.cat\/vila-closes\/wp-content\/uploads\/sites\/136\/2024\/04\/closes-14.jpg\"><img loading=\"lazy\" decoding=\"async\" src=\"https:\/\/www.memoria.cat\/vila-closes\/wp-content\/plugins\/justified-image-grid\/timthumb.php?src=https%3A%2F%2Fwww.memoria.cat%2Fvila-closes%2Fwp-content%2Fuploads%2Fsites%2F136%2F2024%2F04%2Fcloses-14.jpg&amp;h=230&amp;q=90&amp;f=.jpg\" alt=\"\" width=\"339\" height=\"230\" \/><\/a><\/li><li><a href=\"https:\/\/www.memoria.cat\/vila-closes\/wp-content\/uploads\/sites\/136\/2024\/04\/1998_49-scaled.jpg\"><img loading=\"lazy\" decoding=\"async\" src=\"https:\/\/www.memoria.cat\/vila-closes\/wp-content\/plugins\/justified-image-grid\/timthumb.php?src=https%3A%2F%2Fwww.memoria.cat%2Fvila-closes%2Fwp-content%2Fuploads%2Fsites%2F136%2F2024%2F04%2F1998_49-scaled.jpg&amp;h=230&amp;q=90&amp;f=.jpg\" alt=\"\" width=\"310\" height=\"230\" \/><\/a><\/li><li><a href=\"https:\/\/www.memoria.cat\/vila-closes\/wp-content\/uploads\/sites\/136\/2024\/04\/1998_57-scaled.jpg\"><img loading=\"lazy\" decoding=\"async\" src=\"https:\/\/www.memoria.cat\/vila-closes\/wp-content\/plugins\/justified-image-grid\/timthumb.php?src=https%3A%2F%2Fwww.memoria.cat%2Fvila-closes%2Fwp-content%2Fuploads%2Fsites%2F136%2F2024%2F04%2F1998_57-scaled.jpg&amp;h=230&amp;q=90&amp;f=.jpg\" alt=\"\" width=\"341\" height=\"230\" \/><\/a><\/li><li><a href=\"https:\/\/www.memoria.cat\/vila-closes\/wp-content\/uploads\/sites\/136\/2024\/04\/1998_41_fotograf_joan_rius-1.jpg\"><img loading=\"lazy\" decoding=\"async\" src=\"https:\/\/www.memoria.cat\/vila-closes\/wp-content\/plugins\/justified-image-grid\/timthumb.php?src=https%3A%2F%2Fwww.memoria.cat%2Fvila-closes%2Fwp-content%2Fuploads%2Fsites%2F136%2F2024%2F04%2F1998_41_fotograf_joan_rius-1.jpg&amp;h=230&amp;q=90&amp;f=.jpg\" alt=\"\" width=\"244\" height=\"230\" \/><\/a><\/li><li><a href=\"https:\/\/www.memoria.cat\/vila-closes\/wp-content\/uploads\/sites\/136\/2024\/04\/1998_44-scaled.jpg\"><img loading=\"lazy\" decoding=\"async\" src=\"https:\/\/www.memoria.cat\/vila-closes\/wp-content\/plugins\/justified-image-grid\/timthumb.php?src=https%3A%2F%2Fwww.memoria.cat%2Fvila-closes%2Fwp-content%2Fuploads%2Fsites%2F136%2F2024%2F04%2F1998_44-scaled.jpg&amp;h=230&amp;q=90&amp;f=.jpg\" alt=\"\" width=\"328\" height=\"230\" \/><\/a><\/li><li><a href=\"https:\/\/www.memoria.cat\/vila-closes\/wp-content\/uploads\/sites\/136\/2024\/04\/1998_-_vila_closes_pintant_el_mural_de_les_escultures_de_manresa.jpg\"><img loading=\"lazy\" decoding=\"async\" src=\"https:\/\/www.memoria.cat\/vila-closes\/wp-content\/plugins\/justified-image-grid\/timthumb.php?src=https%3A%2F%2Fwww.memoria.cat%2Fvila-closes%2Fwp-content%2Fuploads%2Fsites%2F136%2F2024%2F04%2F1998_-_vila_closes_pintant_el_mural_de_les_escultures_de_manresa.jpg&amp;h=230&amp;q=90&amp;f=.jpg\" alt=\"\" width=\"348\" height=\"230\" \/><\/a><\/li><li><a href=\"https:\/\/www.memoria.cat\/vila-closes\/wp-content\/uploads\/sites\/136\/2024\/04\/1998_-_mural_de_les_escultures_de_manresa.jpg\"><img loading=\"lazy\" decoding=\"async\" src=\"https:\/\/www.memoria.cat\/vila-closes\/wp-content\/plugins\/justified-image-grid\/timthumb.php?src=https%3A%2F%2Fwww.memoria.cat%2Fvila-closes%2Fwp-content%2Fuploads%2Fsites%2F136%2F2024%2F04%2F1998_-_mural_de_les_escultures_de_manresa.jpg&amp;h=230&amp;q=90&amp;f=.jpg\" alt=\"\" width=\"345\" height=\"230\" \/><\/a><\/li><li><a href=\"https:\/\/www.memoria.cat\/vila-closes\/wp-content\/uploads\/sites\/136\/2024\/04\/1998_41_fotograf_joan_rius.jpg\" title=\"1998_41_fotograf_joan_rius\"><img loading=\"lazy\" decoding=\"async\" src=\"https:\/\/www.memoria.cat\/vila-closes\/wp-content\/plugins\/justified-image-grid\/timthumb.php?src=https%3A%2F%2Fwww.memoria.cat%2Fvila-closes%2Fwp-content%2Fuploads%2Fsites%2F136%2F2024%2F04%2F1998_41_fotograf_joan_rius.jpg&amp;h=230&amp;q=90&amp;f=.jpg\" alt=\"1998_41_fotograf_joan_rius\" width=\"244\" height=\"230\" \/><\/a><p class=\"jig-HTMLdescription\">1998_41_fotograf_joan_rius<\/p><\/li><li><a href=\"https:\/\/www.memoria.cat\/vila-closes\/wp-content\/uploads\/sites\/136\/2024\/04\/1998_50-scaled.jpg\"><img loading=\"lazy\" decoding=\"async\" src=\"https:\/\/www.memoria.cat\/vila-closes\/wp-content\/plugins\/justified-image-grid\/timthumb.php?src=https%3A%2F%2Fwww.memoria.cat%2Fvila-closes%2Fwp-content%2Fuploads%2Fsites%2F136%2F2024%2F04%2F1998_50-scaled.jpg&amp;h=230&amp;q=90&amp;f=.jpg\" alt=\"\" width=\"521\" height=\"230\" \/><\/a><\/li><li><a href=\"https:\/\/www.memoria.cat\/vila-closes\/wp-content\/uploads\/sites\/136\/2024\/04\/closes-16.jpg\"><img loading=\"lazy\" decoding=\"async\" src=\"https:\/\/www.memoria.cat\/vila-closes\/wp-content\/plugins\/justified-image-grid\/timthumb.php?src=https%3A%2F%2Fwww.memoria.cat%2Fvila-closes%2Fwp-content%2Fuploads%2Fsites%2F136%2F2024%2F04%2Fcloses-16.jpg&amp;h=230&amp;q=90&amp;f=.jpg\" alt=\"\" width=\"145\" height=\"230\" \/><\/a><\/li><li><a href=\"https:\/\/www.memoria.cat\/vila-closes\/wp-content\/uploads\/sites\/136\/2024\/04\/closes-17.jpg\"><img loading=\"lazy\" decoding=\"async\" src=\"https:\/\/www.memoria.cat\/vila-closes\/wp-content\/plugins\/justified-image-grid\/timthumb.php?src=https%3A%2F%2Fwww.memoria.cat%2Fvila-closes%2Fwp-content%2Fuploads%2Fsites%2F136%2F2024%2F04%2Fcloses-17.jpg&amp;h=230&amp;q=90&amp;f=.jpg\" alt=\"\" width=\"351\" height=\"230\" \/><\/a><\/li><li><a href=\"https:\/\/www.memoria.cat\/vila-closes\/wp-content\/uploads\/sites\/136\/2024\/04\/1998._mural_de_les_escultures._regio7_-_19-5-1998.jpg\"><img loading=\"lazy\" decoding=\"async\" src=\"https:\/\/www.memoria.cat\/vila-closes\/wp-content\/plugins\/justified-image-grid\/timthumb.php?src=https%3A%2F%2Fwww.memoria.cat%2Fvila-closes%2Fwp-content%2Fuploads%2Fsites%2F136%2F2024%2F04%2F1998._mural_de_les_escultures._regio7_-_19-5-1998.jpg&amp;h=230&amp;q=90&amp;f=.jpg\" alt=\"\" width=\"167\" height=\"230\" \/><\/a><\/li><li><a href=\"https:\/\/www.memoria.cat\/vila-closes\/wp-content\/uploads\/sites\/136\/2024\/04\/unnamed-scaled.jpg\"><img loading=\"lazy\" decoding=\"async\" src=\"https:\/\/www.memoria.cat\/vila-closes\/wp-content\/plugins\/justified-image-grid\/timthumb.php?src=https%3A%2F%2Fwww.memoria.cat%2Fvila-closes%2Fwp-content%2Fuploads%2Fsites%2F136%2F2024%2F04%2Funnamed-scaled.jpg&amp;h=230&amp;q=90&amp;f=.jpg\" alt=\"\" width=\"352\" height=\"230\" \/><\/a><\/li><\/ul><\/noscript><\/div>\n<p style=\"text-align: center\">Any 1998. Reproducci\u00f3 de les obres m\u00e9s significatives de diferents escultors a Manresa.<\/p>\n<p>&nbsp;<\/p>\n<div id=\"jig6\" class=\"justified-image-grid jig-f7fcd21e4b64daf5583b76f96b434e00 jig-preset-c2 jig-source-wp-gallery jig-rml-id-16\"><div class=\"jig-clearfix\"><\/div><noscript id=\"jig6-html\" class=\"justified-image-grid-html\" data-lazy-src=\"skiplazyload\" data-src=\"skipunveillazyload\"><ul><li><a href=\"https:\/\/www.memoria.cat\/vila-closes\/wp-content\/uploads\/sites\/136\/2024\/04\/cap_al_2000-_mural_dedicat_als_gegants_de_manresa.jpg\"><img loading=\"lazy\" decoding=\"async\" src=\"https:\/\/www.memoria.cat\/vila-closes\/wp-content\/plugins\/justified-image-grid\/timthumb.php?src=https%3A%2F%2Fwww.memoria.cat%2Fvila-closes%2Fwp-content%2Fuploads%2Fsites%2F136%2F2024%2F04%2Fcap_al_2000-_mural_dedicat_als_gegants_de_manresa.jpg&amp;h=230&amp;q=90&amp;f=.jpg\" alt=\"\" width=\"306\" height=\"230\" \/><\/a><\/li><\/ul><\/noscript><\/div>\n<p style=\"text-align: center\">Any 2001. Mural dedicat a la imatgeria manresana amb motiu dels 50 anys de la Pubilleta (Gremi de Sant Lluc).<\/p>\n<p>&nbsp;<\/p>\n<div id=\"jig7\" class=\"justified-image-grid jig-e83fc98ca41254e4eec9477793cce5ea jig-preset-c2 jig-source-wp-gallery jig-rml-id-17\"><div class=\"jig-clearfix\"><\/div><noscript id=\"jig7-html\" class=\"justified-image-grid-html\" data-lazy-src=\"skiplazyload\" data-src=\"skipunveillazyload\"><ul><li><a href=\"https:\/\/www.memoria.cat\/vila-closes\/wp-content\/uploads\/sites\/136\/2024\/04\/placa_catalunya._cercle_artistic_manresa.jpg\"><img loading=\"lazy\" decoding=\"async\" src=\"https:\/\/www.memoria.cat\/vila-closes\/wp-content\/plugins\/justified-image-grid\/timthumb.php?src=https%3A%2F%2Fwww.memoria.cat%2Fvila-closes%2Fwp-content%2Fuploads%2Fsites%2F136%2F2024%2F04%2Fplaca_catalunya._cercle_artistic_manresa.jpg&amp;h=230&amp;q=90&amp;f=.jpg\" alt=\"\" width=\"306\" height=\"230\" \/><\/a><\/li><\/ul><\/noscript><\/div>\n<p style=\"text-align: center\">Any 2015. Jaume Casacuberta, Eduard de Pobes i Pep P\u00e9rez, del Cercle Art\u00edstic de Manresa, restauren el mural que havia pintat Josep Vila Closes, com a homenatge a la seva figura en el des\u00e8 aniversari de la seva mort.<\/p>\n<p>&nbsp;<\/p>\n","protected":false},"excerpt":{"rendered":"<p>Josep Vila Closes va pintar en diferents ocasions el mur de formig\u00f3 de la pla\u00e7a de Catalunya. Aqu\u00ed en podem veure diverses mostres: &nbsp; Sant Jordi del 1989 &nbsp; Sant Jordi del 1991. En homenatge al seu amic, el pare Oriol M. Div\u00ed, monjo de Montserrat &nbsp; Sant Jordi del 1992 &nbsp; Any 1993. Mural [&hellip;]<\/p>\n","protected":false},"author":66,"featured_media":0,"parent":0,"menu_order":0,"comment_status":"closed","ping_status":"closed","template":"","meta":{"iawp_total_views":1,"footnotes":""},"class_list":["post-73917","page","type-page","status-publish","hentry"],"_links":{"self":[{"href":"https:\/\/www.memoria.cat\/vila-closes\/wp-json\/wp\/v2\/pages\/73917","targetHints":{"allow":["GET"]}}],"collection":[{"href":"https:\/\/www.memoria.cat\/vila-closes\/wp-json\/wp\/v2\/pages"}],"about":[{"href":"https:\/\/www.memoria.cat\/vila-closes\/wp-json\/wp\/v2\/types\/page"}],"author":[{"embeddable":true,"href":"https:\/\/www.memoria.cat\/vila-closes\/wp-json\/wp\/v2\/users\/66"}],"replies":[{"embeddable":true,"href":"https:\/\/www.memoria.cat\/vila-closes\/wp-json\/wp\/v2\/comments?post=73917"}],"version-history":[{"count":0,"href":"https:\/\/www.memoria.cat\/vila-closes\/wp-json\/wp\/v2\/pages\/73917\/revisions"}],"wp:attachment":[{"href":"https:\/\/www.memoria.cat\/vila-closes\/wp-json\/wp\/v2\/media?parent=73917"}],"curies":[{"name":"wp","href":"https:\/\/api.w.org\/{rel}","templated":true}]}}