{"id":73898,"date":"2024-04-04T16:06:55","date_gmt":"2024-04-04T15:06:55","guid":{"rendered":"https:\/\/www.memoria.cat\/vila-closes\/?page_id=73898"},"modified":"2024-04-04T16:40:57","modified_gmt":"2024-04-04T15:40:57","slug":"les-pintades-reivindicatives-del-1976","status":"publish","type":"page","link":"https:\/\/www.memoria.cat\/vila-closes\/les-pintades-reivindicatives-del-1976\/","title":{"rendered":"Les pintades reivindicatives del 1976"},"content":{"rendered":"<div id=\"jig1\" class=\"justified-image-grid jig-a9b12480856e1dd9516b50d61b1700a4 jig-preset-c2 jig-source-wp-gallery jig-rml-id-9\"><div class=\"jig-clearfix\"><\/div><noscript id=\"jig1-html\" class=\"justified-image-grid-html\" data-lazy-src=\"skiplazyload\" data-src=\"skipunveillazyload\"><ul><li><a href=\"https:\/\/www.memoria.cat\/vila-closes\/wp-content\/uploads\/sites\/136\/2024\/04\/vila_closes._manresa_3.jpg\"><img fetchpriority=\"high\" decoding=\"async\" src=\"https:\/\/www.memoria.cat\/vila-closes\/wp-content\/plugins\/justified-image-grid\/timthumb.php?src=https%3A%2F%2Fwww.memoria.cat%2Fvila-closes%2Fwp-content%2Fuploads%2Fsites%2F136%2F2024%2F04%2Fvila_closes._manresa_3.jpg&amp;h=230&amp;q=90&amp;f=.jpg\" alt=\"\" width=\"307\" height=\"230\" \/><\/a><\/li><li><a href=\"https:\/\/www.memoria.cat\/vila-closes\/wp-content\/uploads\/sites\/136\/2024\/04\/vila_closes._manresa_6.jpg\"><img decoding=\"async\" src=\"https:\/\/www.memoria.cat\/vila-closes\/wp-content\/plugins\/justified-image-grid\/timthumb.php?src=https%3A%2F%2Fwww.memoria.cat%2Fvila-closes%2Fwp-content%2Fuploads%2Fsites%2F136%2F2024%2F04%2Fvila_closes._manresa_6.jpg&amp;h=230&amp;q=90&amp;f=.jpg\" alt=\"\" width=\"601\" height=\"230\" \/><\/a><\/li><li><a href=\"https:\/\/www.memoria.cat\/vila-closes\/wp-content\/uploads\/sites\/136\/2024\/04\/llencol_pintat_sobre_fer_fora_les_rates._sant_jordi_1976.jpg\"><img decoding=\"async\" src=\"https:\/\/www.memoria.cat\/vila-closes\/wp-content\/plugins\/justified-image-grid\/timthumb.php?src=https%3A%2F%2Fwww.memoria.cat%2Fvila-closes%2Fwp-content%2Fuploads%2Fsites%2F136%2F2024%2F04%2Fllencol_pintat_sobre_fer_fora_les_rates._sant_jordi_1976.jpg&amp;h=230&amp;q=90&amp;f=.jpg\" alt=\"\" width=\"335\" height=\"230\" \/><\/a><\/li><li><a href=\"https:\/\/www.memoria.cat\/vila-closes\/wp-content\/uploads\/sites\/136\/2024\/04\/llencol_pintat_al_casalot_-_sant_jordi_1976.jpg\"><img loading=\"lazy\" decoding=\"async\" src=\"https:\/\/www.memoria.cat\/vila-closes\/wp-content\/plugins\/justified-image-grid\/timthumb.php?src=https%3A%2F%2Fwww.memoria.cat%2Fvila-closes%2Fwp-content%2Fuploads%2Fsites%2F136%2F2024%2F04%2Fllencol_pintat_al_casalot_-_sant_jordi_1976.jpg&amp;h=230&amp;q=90&amp;f=.jpg\" alt=\"\" width=\"365\" height=\"230\" \/><\/a><\/li><li><a href=\"https:\/\/www.memoria.cat\/vila-closes\/wp-content\/uploads\/sites\/136\/2024\/04\/5258_-_cartell_de_festes_del_barri_de_la_placa_catalunya-barriada_saldes_-_fora_el_casalot._dibuix_aquarellat_70x45_copia.jpg\"><img loading=\"lazy\" decoding=\"async\" src=\"https:\/\/www.memoria.cat\/vila-closes\/wp-content\/plugins\/justified-image-grid\/timthumb.php?src=https%3A%2F%2Fwww.memoria.cat%2Fvila-closes%2Fwp-content%2Fuploads%2Fsites%2F136%2F2024%2F04%2F5258_-_cartell_de_festes_del_barri_de_la_placa_catalunya-barriada_saldes_-_fora_el_casalot._dibuix_aquarellat_70x45_copia.jpg&amp;h=230&amp;q=90&amp;f=.jpg\" alt=\"\" width=\"148\" height=\"230\" \/><\/a><\/li><li><a href=\"https:\/\/www.memoria.cat\/vila-closes\/wp-content\/uploads\/sites\/136\/2024\/04\/vila_closes._manresa_8.jpg\"><img loading=\"lazy\" decoding=\"async\" src=\"https:\/\/www.memoria.cat\/vila-closes\/wp-content\/plugins\/justified-image-grid\/timthumb.php?src=https%3A%2F%2Fwww.memoria.cat%2Fvila-closes%2Fwp-content%2Fuploads%2Fsites%2F136%2F2024%2F04%2Fvila_closes._manresa_8.jpg&amp;h=230&amp;q=90&amp;f=.jpg\" alt=\"\" width=\"172\" height=\"230\" \/><\/a><\/li><li><a href=\"https:\/\/www.memoria.cat\/vila-closes\/wp-content\/uploads\/sites\/136\/2024\/04\/img_0669.jpg\" title=\"img_0669\"><img loading=\"lazy\" decoding=\"async\" src=\"https:\/\/www.memoria.cat\/vila-closes\/wp-content\/plugins\/justified-image-grid\/timthumb.php?src=https%3A%2F%2Fwww.memoria.cat%2Fvila-closes%2Fwp-content%2Fuploads%2Fsites%2F136%2F2024%2F04%2Fimg_0669.jpg&amp;h=230&amp;q=90&amp;f=.jpg\" alt=\"img_0669\" width=\"307\" height=\"230\" \/><\/a><p class=\"jig-HTMLdescription\">img_0669<\/p><\/li><li><a href=\"https:\/\/www.memoria.cat\/vila-closes\/wp-content\/uploads\/sites\/136\/2024\/04\/img_0658.jpg\" title=\"img_0658\"><img loading=\"lazy\" decoding=\"async\" src=\"https:\/\/www.memoria.cat\/vila-closes\/wp-content\/plugins\/justified-image-grid\/timthumb.php?src=https%3A%2F%2Fwww.memoria.cat%2Fvila-closes%2Fwp-content%2Fuploads%2Fsites%2F136%2F2024%2F04%2Fimg_0658.jpg&amp;h=230&amp;q=90&amp;f=.jpg\" alt=\"img_0658\" width=\"307\" height=\"230\" \/><\/a><p class=\"jig-HTMLdescription\">img_0658<\/p><\/li><li><a href=\"https:\/\/www.memoria.cat\/vila-closes\/wp-content\/uploads\/sites\/136\/2024\/04\/img_0673.jpg\" title=\"img_0673\"><img loading=\"lazy\" decoding=\"async\" src=\"https:\/\/www.memoria.cat\/vila-closes\/wp-content\/plugins\/justified-image-grid\/timthumb.php?src=https%3A%2F%2Fwww.memoria.cat%2Fvila-closes%2Fwp-content%2Fuploads%2Fsites%2F136%2F2024%2F04%2Fimg_0673.jpg&amp;h=230&amp;q=90&amp;f=.jpg\" alt=\"img_0673\" width=\"307\" height=\"230\" \/><\/a><p class=\"jig-HTMLdescription\">img_0673<\/p><\/li><li><a href=\"https:\/\/www.memoria.cat\/vila-closes\/wp-content\/uploads\/sites\/136\/2024\/04\/img_9934.jpg\" title=\"img_9934\"><img loading=\"lazy\" decoding=\"async\" src=\"https:\/\/www.memoria.cat\/vila-closes\/wp-content\/plugins\/justified-image-grid\/timthumb.php?src=https%3A%2F%2Fwww.memoria.cat%2Fvila-closes%2Fwp-content%2Fuploads%2Fsites%2F136%2F2024%2F04%2Fimg_9934.jpg&amp;h=230&amp;q=90&amp;f=.jpg\" alt=\"img_9934\" width=\"171\" height=\"230\" \/><\/a><p class=\"jig-HTMLdescription\">img_9934<\/p><\/li><li><a href=\"https:\/\/www.memoria.cat\/vila-closes\/wp-content\/uploads\/sites\/136\/2024\/04\/vila_closes._manresa_10._reunio_gestora.png\"><img loading=\"lazy\" decoding=\"async\" src=\"https:\/\/www.memoria.cat\/vila-closes\/wp-content\/plugins\/justified-image-grid\/timthumb.php?src=https%3A%2F%2Fwww.memoria.cat%2Fvila-closes%2Fwp-content%2Fuploads%2Fsites%2F136%2F2024%2F04%2Fvila_closes._manresa_10._reunio_gestora.png&amp;h=230&amp;q=90&amp;f=.png\" alt=\"\" width=\"531\" height=\"230\" \/><\/a><\/li><li><a href=\"https:\/\/www.memoria.cat\/vila-closes\/wp-content\/uploads\/sites\/136\/2024\/04\/vila_closes._manresa_11._gazeta_de_manresa_-_29-5-1976_1.jpg\"><img loading=\"lazy\" decoding=\"async\" src=\"https:\/\/www.memoria.cat\/vila-closes\/wp-content\/plugins\/justified-image-grid\/timthumb.php?src=https%3A%2F%2Fwww.memoria.cat%2Fvila-closes%2Fwp-content%2Fuploads%2Fsites%2F136%2F2024%2F04%2Fvila_closes._manresa_11._gazeta_de_manresa_-_29-5-1976_1.jpg&amp;h=230&amp;q=90&amp;f=.jpg\" alt=\"\" width=\"161\" height=\"230\" \/><\/a><\/li><\/ul><\/noscript><\/div>\n<p>Llen\u00e7ols reivindicatius pintats per Josep Vila Closes el dia de Sant Jordi del 1976 al \u201cCasalot\u201d en runes que hi havia al mig de la pla\u00e7a de Catalunya (on actualment hi ha la llar d\u2019infants). La policia els va retirar i l\u2019Associaci\u00f3 de Ve\u00efns va anar posteriorment a Comissaria a reclamar-ne la devoluci\u00f3. Vegeu el reportatge de \u201cGazeta de Manresa\u201d i fotos de reunions de l\u2019associaci\u00f3 de ve\u00efns amb les pancartes de Vila Closes de tel\u00f3 de fons.<\/p>\n","protected":false},"excerpt":{"rendered":"<p>Llen\u00e7ols reivindicatius pintats per Josep Vila Closes el dia de Sant Jordi del 1976 al \u201cCasalot\u201d en runes que hi havia al mig de la pla\u00e7a de Catalunya (on actualment hi ha la llar d\u2019infants). La policia els va retirar i l\u2019Associaci\u00f3 de Ve\u00efns va anar posteriorment a Comissaria a reclamar-ne la devoluci\u00f3. Vegeu el [&hellip;]<\/p>\n","protected":false},"author":66,"featured_media":0,"parent":0,"menu_order":0,"comment_status":"closed","ping_status":"closed","template":"","meta":{"iawp_total_views":2,"footnotes":""},"class_list":["post-73898","page","type-page","status-publish","hentry"],"_links":{"self":[{"href":"https:\/\/www.memoria.cat\/vila-closes\/wp-json\/wp\/v2\/pages\/73898","targetHints":{"allow":["GET"]}}],"collection":[{"href":"https:\/\/www.memoria.cat\/vila-closes\/wp-json\/wp\/v2\/pages"}],"about":[{"href":"https:\/\/www.memoria.cat\/vila-closes\/wp-json\/wp\/v2\/types\/page"}],"author":[{"embeddable":true,"href":"https:\/\/www.memoria.cat\/vila-closes\/wp-json\/wp\/v2\/users\/66"}],"replies":[{"embeddable":true,"href":"https:\/\/www.memoria.cat\/vila-closes\/wp-json\/wp\/v2\/comments?post=73898"}],"version-history":[{"count":0,"href":"https:\/\/www.memoria.cat\/vila-closes\/wp-json\/wp\/v2\/pages\/73898\/revisions"}],"wp:attachment":[{"href":"https:\/\/www.memoria.cat\/vila-closes\/wp-json\/wp\/v2\/media?parent=73898"}],"curies":[{"name":"wp","href":"https:\/\/api.w.org\/{rel}","templated":true}]}}