{"id":73850,"date":"2024-04-03T15:17:31","date_gmt":"2024-04-03T14:17:31","guid":{"rendered":"https:\/\/www.memoria.cat\/vila-closes\/?page_id=73850"},"modified":"2024-04-04T16:05:55","modified_gmt":"2024-04-04T15:05:55","slug":"la-inauguracio-de-lescultura-dedicada-a-josep-vila-closes-25-4-2015","status":"publish","type":"page","link":"https:\/\/www.memoria.cat\/vila-closes\/la-inauguracio-de-lescultura-dedicada-a-josep-vila-closes-25-4-2015\/","title":{"rendered":"La inauguraci\u00f3 de l\u2019escultura dedicada a Josep Vila Closes (25\/4\/2015)"},"content":{"rendered":"<div id=\"jig1\" class=\"justified-image-grid jig-19f91bbfdeae8255ac16f0930fb71387 jig-preset-c2 jig-source-wp-gallery jig-rml-id-4\"><div class=\"jig-clearfix\"><\/div><noscript id=\"jig1-html\" class=\"justified-image-grid-html\" data-lazy-src=\"skiplazyload\" data-src=\"skipunveillazyload\"><ul><li><a href=\"https:\/\/www.memoria.cat\/vila-closes\/wp-content\/uploads\/sites\/136\/2024\/04\/toni_3.jpg\" title=\"toni_3\"><img fetchpriority=\"high\" decoding=\"async\" src=\"https:\/\/www.memoria.cat\/vila-closes\/wp-content\/plugins\/justified-image-grid\/timthumb.php?src=https%3A%2F%2Fwww.memoria.cat%2Fvila-closes%2Fwp-content%2Fuploads%2Fsites%2F136%2F2024%2F04%2Ftoni_3.jpg&amp;h=230&amp;q=90&amp;f=.jpg\" alt=\"toni_3\" width=\"259\" height=\"230\" \/><\/a><p class=\"jig-HTMLdescription\">toni_3<\/p><\/li><li><a href=\"https:\/\/www.memoria.cat\/vila-closes\/wp-content\/uploads\/sites\/136\/2024\/04\/2015_-_toni_2.jpg\"><img decoding=\"async\" src=\"https:\/\/www.memoria.cat\/vila-closes\/wp-content\/plugins\/justified-image-grid\/timthumb.php?src=https%3A%2F%2Fwww.memoria.cat%2Fvila-closes%2Fwp-content%2Fuploads%2Fsites%2F136%2F2024%2F04%2F2015_-_toni_2.jpg&amp;h=230&amp;q=90&amp;f=.jpg\" alt=\"\" width=\"129\" height=\"230\" \/><\/a><\/li><li><a href=\"https:\/\/www.memoria.cat\/vila-closes\/wp-content\/uploads\/sites\/136\/2024\/04\/2015_-_toni.jpg\"><img decoding=\"async\" src=\"https:\/\/www.memoria.cat\/vila-closes\/wp-content\/plugins\/justified-image-grid\/timthumb.php?src=https%3A%2F%2Fwww.memoria.cat%2Fvila-closes%2Fwp-content%2Fuploads%2Fsites%2F136%2F2024%2F04%2F2015_-_toni.jpg&amp;h=230&amp;q=90&amp;f=.jpg\" alt=\"\" width=\"129\" height=\"230\" \/><\/a><\/li><li><a href=\"https:\/\/www.memoria.cat\/vila-closes\/wp-content\/uploads\/sites\/136\/2024\/04\/jordi_prenanosa.jpg\" title=\"jordi_prenanosa\"><img loading=\"lazy\" decoding=\"async\" src=\"https:\/\/www.memoria.cat\/vila-closes\/wp-content\/plugins\/justified-image-grid\/timthumb.php?src=https%3A%2F%2Fwww.memoria.cat%2Fvila-closes%2Fwp-content%2Fuploads%2Fsites%2F136%2F2024%2F04%2Fjordi_prenanosa.jpg&amp;h=230&amp;q=90&amp;f=.jpg\" alt=\"jordi_prenanosa\" width=\"306\" height=\"230\" \/><\/a><p class=\"jig-HTMLdescription\">jordi_prenanosa<\/p><\/li><li><a href=\"https:\/\/www.memoria.cat\/vila-closes\/wp-content\/uploads\/sites\/136\/2024\/04\/vila_closes._manresa_21._25-5-15.jpg\"><img loading=\"lazy\" decoding=\"async\" src=\"https:\/\/www.memoria.cat\/vila-closes\/wp-content\/plugins\/justified-image-grid\/timthumb.php?src=https%3A%2F%2Fwww.memoria.cat%2Fvila-closes%2Fwp-content%2Fuploads%2Fsites%2F136%2F2024%2F04%2Fvila_closes._manresa_21._25-5-15.jpg&amp;h=230&amp;q=90&amp;f=.jpg\" alt=\"\" width=\"171\" height=\"230\" \/><\/a><\/li><li><a href=\"https:\/\/www.memoria.cat\/vila-closes\/wp-content\/uploads\/sites\/136\/2024\/04\/vila_closes._725-scaled.jpg\"><img loading=\"lazy\" decoding=\"async\" src=\"https:\/\/www.memoria.cat\/vila-closes\/wp-content\/plugins\/justified-image-grid\/timthumb.php?src=https%3A%2F%2Fwww.memoria.cat%2Fvila-closes%2Fwp-content%2Fuploads%2Fsites%2F136%2F2024%2F04%2Fvila_closes._725-scaled.jpg&amp;h=230&amp;q=90&amp;f=.jpg\" alt=\"\" width=\"312\" height=\"230\" \/><\/a><\/li><li><a href=\"https:\/\/www.memoria.cat\/vila-closes\/wp-content\/uploads\/sites\/136\/2024\/04\/vila_closes._726-scaled.jpg\"><img loading=\"lazy\" decoding=\"async\" src=\"https:\/\/www.memoria.cat\/vila-closes\/wp-content\/plugins\/justified-image-grid\/timthumb.php?src=https%3A%2F%2Fwww.memoria.cat%2Fvila-closes%2Fwp-content%2Fuploads%2Fsites%2F136%2F2024%2F04%2Fvila_closes._726-scaled.jpg&amp;h=230&amp;q=90&amp;f=.jpg\" alt=\"\" width=\"312\" height=\"230\" \/><\/a><\/li><\/ul><\/noscript><\/div>\n<p>En el des\u00e8 aniversari de la mort de Josep Vila Closes, el 25 d&#8217;abril del 2015 es va inaugurar al seu barri una escultura en mem\u00f2ria seva.\u00a0L&#8217;obra -l&#8217;autor de la qual\u00a0\u00e9s el manres\u00e0 Ramon Oms- \u00e9s situada a la cru\u00eflla de l\u2019avinguda de Tudela i del carrer de Miquel Mart\u00ed i Pol, molt a prop d\u2019on vivia Vila Closes. L\u2019acte, presidit per l\u2019alcalde de Manresa, Valent\u00ed Junyent, i la v\u00eddua de l\u2019artista, Teresa Roca, va aplegar molts ve\u00efns del barri i amics de la fam\u00edlia.<\/p>\n<p>&nbsp;<\/p>\n<div id=\"jig2\" class=\"justified-image-grid jig-656cb745d405a9863134a4dfa4f0534d jig-preset-c2 jig-source-wp-gallery jig-rml-id-6\"><div class=\"jig-clearfix\"><\/div><noscript id=\"jig2-html\" class=\"justified-image-grid-html\" data-lazy-src=\"skiplazyload\" data-src=\"skipunveillazyload\"><ul><li><a href=\"https:\/\/www.memoria.cat\/vila-closes\/wp-content\/uploads\/sites\/136\/2024\/04\/placa_major_-_manresa.jpg\"><img loading=\"lazy\" decoding=\"async\" src=\"https:\/\/www.memoria.cat\/vila-closes\/wp-content\/plugins\/justified-image-grid\/timthumb.php?src=https%3A%2F%2Fwww.memoria.cat%2Fvila-closes%2Fwp-content%2Fuploads%2Fsites%2F136%2F2024%2F04%2Fplaca_major_-_manresa.jpg&amp;h=230&amp;q=90&amp;f=.jpg\" alt=\"\" width=\"322\" height=\"230\" \/><\/a><\/li><\/ul><\/noscript><\/div>\n<p>Josep Vila Closes pintant a la pla\u00e7a Major de Manresa. Aquesta fotografia va inspirar l\u2019escultura en mem\u00f2ria seva.<\/p>\n<p><a href=\"https:\/\/www.memoria.cat\/vila-closes\/wp-content\/uploads\/sites\/136\/2024\/04\/Microsoft-Word-Glossa_de_Victor_Feliu_i_Ferrer.doc.pdf\">Glossa de V\u00edctor Feliu, president durant molts anys de l\u2019Associaci\u00f3 de Ve\u00efns de la Barriada Saldes-Pla\u00e7a de Catalunya, llegida durant la inauguraci\u00f3 de l\u2019escultura.<\/a><\/p>\n<p>&nbsp;<\/p>\n<p><strong><u>Ress\u00f2 de la not\u00edcia als mitjans<\/u>:<\/strong><\/p>\n<p><a href=\"https:\/\/goo.gl\/aq2LSm\" target=\"_blank\" rel=\"noopener\">Emotiu acte inaugural de l&#8217;escultura dedicada a Vila Closes<\/a>\u00a0(Regi\u00f37)<\/p>\n<p><a href=\"https:\/\/goo.gl\/dwMlNI\" target=\"_blank\" rel=\"noopener\">&#8220;Podr\u00e0s veure els teus ve\u00efns cada dia&#8221;: inauguraci\u00f3 emotiva de l&#8217;escultura de Vila Closes<\/a>\u00a0(Naci\u00f3digital Edici\u00f3 Manresa)<\/p>\n<p>&nbsp;<\/p>\n","protected":false},"excerpt":{"rendered":"<p>En el des\u00e8 aniversari de la mort de Josep Vila Closes, el 25 d&#8217;abril del 2015 es va inaugurar al seu barri una escultura en mem\u00f2ria seva.\u00a0L&#8217;obra -l&#8217;autor de la qual\u00a0\u00e9s el manres\u00e0 Ramon Oms- \u00e9s situada a la cru\u00eflla de l\u2019avinguda de Tudela i del carrer de Miquel Mart\u00ed i Pol, molt a prop [&hellip;]<\/p>\n","protected":false},"author":66,"featured_media":0,"parent":0,"menu_order":0,"comment_status":"closed","ping_status":"closed","template":"","meta":{"iawp_total_views":0,"footnotes":""},"class_list":["post-73850","page","type-page","status-publish","hentry"],"_links":{"self":[{"href":"https:\/\/www.memoria.cat\/vila-closes\/wp-json\/wp\/v2\/pages\/73850","targetHints":{"allow":["GET"]}}],"collection":[{"href":"https:\/\/www.memoria.cat\/vila-closes\/wp-json\/wp\/v2\/pages"}],"about":[{"href":"https:\/\/www.memoria.cat\/vila-closes\/wp-json\/wp\/v2\/types\/page"}],"author":[{"embeddable":true,"href":"https:\/\/www.memoria.cat\/vila-closes\/wp-json\/wp\/v2\/users\/66"}],"replies":[{"embeddable":true,"href":"https:\/\/www.memoria.cat\/vila-closes\/wp-json\/wp\/v2\/comments?post=73850"}],"version-history":[{"count":0,"href":"https:\/\/www.memoria.cat\/vila-closes\/wp-json\/wp\/v2\/pages\/73850\/revisions"}],"wp:attachment":[{"href":"https:\/\/www.memoria.cat\/vila-closes\/wp-json\/wp\/v2\/media?parent=73850"}],"curies":[{"name":"wp","href":"https:\/\/api.w.org\/{rel}","templated":true}]}}