{"id":73689,"date":"2023-12-12T19:35:02","date_gmt":"2023-12-12T18:35:02","guid":{"rendered":"https:\/\/www.memoria.cat\/valle-caidos-bages\/?page_id=73689"},"modified":"2023-12-14T15:44:43","modified_gmt":"2023-12-14T14:44:43","slug":"la-correspondencia-entre-el-govern-civil-i-lajuntament-de-manresa","status":"publish","type":"page","link":"https:\/\/www.memoria.cat\/valle-caidos-bages\/els-documents\/la-correspondencia-entre-el-govern-civil-i-lajuntament-de-manresa\/","title":{"rendered":"La correspond\u00e8ncia entre el Govern Civil i l\u2019Ajuntament de Manresa"},"content":{"rendered":"<div id=\"jig1\" class=\"justified-image-grid jig-d48559fe9aa93a7382bcab1359eb8d26 jig-preset-c1 jig-source-wp-gallery jig-rml-id-37\"><div class=\"jig-clearfix\"><\/div><noscript id=\"jig1-html\" class=\"justified-image-grid-html\" data-lazy-src=\"skiplazyload\" data-src=\"skipunveillazyload\"><ul><li><a href=\"https:\/\/www.memoria.cat\/valle-caidos-bages\/wp-content\/uploads\/sites\/109\/2023\/12\/001.-Valle-Caidos-Manresa-scaled.jpg\"><img decoding=\"async\" src=\"https:\/\/www.memoria.cat\/valle-caidos-bages\/wp-content\/uploads\/sites\/109\/2023\/12\/001.-Valle-Caidos-Manresa-scaled.jpg\" alt=\"\" width=\"172\" height=\"230\" \/><\/a><\/li><\/ul><\/noscript><\/div>\n<p class=\"p1\">11\/6\/1958: resposta de l\u2019Ajuntament de Manresa a una circular del Govern Civil, de la qual no es conserva l\u2019original, en relaci\u00f3 al tema del Valle de los Ca\u00eddos. L\u2019alcalde, Joan Prat Pons, nom\u00e9s es refereix a les persones assassinades \u201cpor las hordas marxistas\u201d a la rereguarda republicana i afirma que no es va fer cap enterrament col\u00b7lectiu. No esmenta l\u2019exist\u00e8ncia de la fossa militar del cementiri de la ciutat, on s\u2019hi van enterrar nombrosos soldats republicans. (Arxiu Comarcal del Bages).<\/p>\n<p>&nbsp;<\/p>\n<div id=\"jig2\" class=\"justified-image-grid jig-e54cdd6cb498a43073a4d1b2b6b2172f jig-preset-c1 jig-source-wp-gallery jig-rml-id-38\"><div class=\"jig-clearfix\"><\/div><noscript id=\"jig2-html\" class=\"justified-image-grid-html\" data-lazy-src=\"skiplazyload\" data-src=\"skipunveillazyload\"><ul><li><a href=\"https:\/\/www.memoria.cat\/valle-caidos-bages\/wp-content\/uploads\/sites\/109\/2023\/12\/002.-Valle-Caidos-Bages-1-scaled.jpg\"><img decoding=\"async\" src=\"https:\/\/www.memoria.cat\/valle-caidos-bages\/wp-content\/uploads\/sites\/109\/2023\/12\/002.-Valle-Caidos-Bages-1-scaled.jpg\" alt=\"\" width=\"172\" height=\"230\" \/><\/a><\/li><li><a href=\"https:\/\/www.memoria.cat\/valle-caidos-bages\/wp-content\/uploads\/sites\/109\/2023\/12\/003.-Valle-Caidos-Bages-scaled.jpg\"><img decoding=\"async\" src=\"https:\/\/www.memoria.cat\/valle-caidos-bages\/wp-content\/uploads\/sites\/109\/2023\/12\/003.-Valle-Caidos-Bages-scaled.jpg\" alt=\"\" width=\"172\" height=\"230\" \/><\/a><\/li><li><a href=\"https:\/\/www.memoria.cat\/valle-caidos-bages\/wp-content\/uploads\/sites\/109\/2023\/12\/004.-Valle-Caidos-Bages-1-scaled.jpg\"><img loading=\"lazy\" decoding=\"async\" src=\"https:\/\/www.memoria.cat\/valle-caidos-bages\/wp-content\/uploads\/sites\/109\/2023\/12\/004.-Valle-Caidos-Bages-1-scaled.jpg\" alt=\"\" width=\"172\" height=\"230\" \/><\/a><\/li><li><a href=\"https:\/\/www.memoria.cat\/valle-caidos-bages\/wp-content\/uploads\/sites\/109\/2023\/12\/005.-Valle-Caidos-Bages-1-scaled.jpg\"><img loading=\"lazy\" decoding=\"async\" src=\"https:\/\/www.memoria.cat\/valle-caidos-bages\/wp-content\/uploads\/sites\/109\/2023\/12\/005.-Valle-Caidos-Bages-1-scaled.jpg\" alt=\"\" width=\"172\" height=\"230\" \/><\/a><\/li><\/ul><\/noscript><\/div>\n<p class=\"p1\">12-14\/11\/1958: carta del Govern Civil a l\u2019alcalde de Manresa on li adjunta la circular del Ministre de la Governaci\u00f3, datada el 31 d\u2019octubre. Se li prega que demani urgentment a tots els alcaldes del seu partit judicial informaci\u00f3 sobre els enterraments del temps de la Guerra Civil, en base als 4 punts del q\u00fcestionari. Al costat, la carta de l\u2019alcalde de Manresa als alcaldes bagencs. (Arxiu Comarcal del Bages).<\/p>\n<p>&nbsp;<\/p>\n<div id=\"jig3\" class=\"justified-image-grid jig-5e94fe363076a8334d80858f7d49b431 jig-preset-c1 jig-source-wp-gallery jig-rml-id-47\"><div class=\"jig-clearfix\"><\/div><noscript id=\"jig3-html\" class=\"justified-image-grid-html\" data-lazy-src=\"skiplazyload\" data-src=\"skipunveillazyload\"><ul><li><a href=\"https:\/\/www.memoria.cat\/valle-caidos-bages\/wp-content\/uploads\/sites\/109\/2023\/12\/006.-Valle-Caidos-Bages-1-scaled.jpg\"><img loading=\"lazy\" decoding=\"async\" src=\"https:\/\/www.memoria.cat\/valle-caidos-bages\/wp-content\/uploads\/sites\/109\/2023\/12\/006.-Valle-Caidos-Bages-1-scaled.jpg\" alt=\"\" width=\"557\" height=\"230\" \/><\/a><\/li><\/ul><\/noscript><\/div>\n<p class=\"p1\">Registre d\u2019entrada a l\u2019Ajuntament de Manresa de la carta i les circulars del Govern Civil. (Arxiu Municipal de Manresa).<\/p>\n<p>&nbsp;<\/p>\n<div id=\"jig4\" class=\"justified-image-grid jig-8cef6024f552d8907d1980d18850530e jig-preset-c1 jig-source-wp-gallery jig-rml-id-39\"><div class=\"jig-clearfix\"><\/div><noscript id=\"jig4-html\" class=\"justified-image-grid-html\" data-lazy-src=\"skiplazyload\" data-src=\"skipunveillazyload\"><ul><li><a href=\"https:\/\/www.memoria.cat\/valle-caidos-bages\/wp-content\/uploads\/sites\/109\/2023\/12\/007.-Manresa-Valle-Caidos-scaled.jpg\"><img loading=\"lazy\" decoding=\"async\" src=\"https:\/\/www.memoria.cat\/valle-caidos-bages\/wp-content\/uploads\/sites\/109\/2023\/12\/007.-Manresa-Valle-Caidos-scaled.jpg\" alt=\"\" width=\"306\" height=\"230\" \/><\/a><\/li><li><a href=\"https:\/\/www.memoria.cat\/valle-caidos-bages\/wp-content\/uploads\/sites\/109\/2023\/12\/008.-Manresa-Valle-Caidos-scaled.jpg\"><img loading=\"lazy\" decoding=\"async\" src=\"https:\/\/www.memoria.cat\/valle-caidos-bages\/wp-content\/uploads\/sites\/109\/2023\/12\/008.-Manresa-Valle-Caidos-scaled.jpg\" alt=\"\" width=\"306\" height=\"230\" \/><\/a><\/li><li><a href=\"https:\/\/www.memoria.cat\/valle-caidos-bages\/wp-content\/uploads\/sites\/109\/2023\/12\/009.-Manresa-Valle-Caidos-scaled.jpg\"><img loading=\"lazy\" decoding=\"async\" src=\"https:\/\/www.memoria.cat\/valle-caidos-bages\/wp-content\/uploads\/sites\/109\/2023\/12\/009.-Manresa-Valle-Caidos-scaled.jpg\" alt=\"\" width=\"306\" height=\"230\" \/><\/a><\/li><li><a href=\"https:\/\/www.memoria.cat\/valle-caidos-bages\/wp-content\/uploads\/sites\/109\/2023\/12\/010.-Manresa-Valle-Caidos-scaled.jpg\"><img loading=\"lazy\" decoding=\"async\" src=\"https:\/\/www.memoria.cat\/valle-caidos-bages\/wp-content\/uploads\/sites\/109\/2023\/12\/010.-Manresa-Valle-Caidos-scaled.jpg\" alt=\"\" width=\"306\" height=\"230\" \/><\/a><\/li><\/ul><\/noscript><\/div>\n<p class=\"p1\">17\/11\/1958 \u201cNota urgente\u201d de l\u2019Ajuntament de Manresa, que es divulga \u201cpor la Prensa y Radio locales\u201d,<span class=\"Apple-converted-space\">\u00a0 <\/span>mitjan\u00e7ant la qual es demana als familiars dels morts \u201c<i>en nuestra Cruzada, cualquiera que fuese el campo en que combatieron<\/i>\u201d que desitgin traslladar-ne les restes \u00f2ssies al Valle de los Ca\u00eddos, que ho notifiquin a l\u2019Ajuntament. Com es pot llegir a la documentaci\u00f3, no ho va fer cap familiar. La resposta a l\u2019apartat \u201cB\u201d, que parla de \u201cunos 309, aproximadamente\u201d, es podria referir al n\u00famero de soldats republicans enterrats a la fossa militar del cementiri de Manresa.<br \/>\nVegi\u2019s la nota manuscrita amb el t\u00edtol de \u201cNota urgent\u00edsima\u201d, fruit de la necessitat d\u2019atendre r\u00e0pidament les peticions del Govern Civil. La paraula &#8220;urgent\u00edsima&#8221; en el text mecanografiat seria canviada per \u201curgente\u201d. (Arxiu Comarcal del Bages).<\/p>\n<p>&nbsp;<\/p>\n<div id=\"jig5\" class=\"justified-image-grid jig-5884d02606f85d9289e7747c2414ff51 jig-preset-c1 jig-source-wp-gallery jig-rml-id-48\"><div class=\"jig-clearfix\"><\/div><noscript id=\"jig5-html\" class=\"justified-image-grid-html\" data-lazy-src=\"skiplazyload\" data-src=\"skipunveillazyload\"><ul><li><a href=\"https:\/\/www.memoria.cat\/valle-caidos-bages\/wp-content\/uploads\/sites\/109\/2023\/12\/011.-Valle-Caidos-Bages-scaled.jpg\"><img loading=\"lazy\" decoding=\"async\" src=\"https:\/\/www.memoria.cat\/valle-caidos-bages\/wp-content\/uploads\/sites\/109\/2023\/12\/011.-Valle-Caidos-Bages-scaled.jpg\" alt=\"\" width=\"172\" height=\"230\" \/><\/a><\/li><\/ul><\/noscript><\/div>\n<p class=\"p1\">22\/11\/1968: la primera tramesa de l\u2019alcalde de Manresa al Govern Civil de les respostes dels ajuntaments. (Arxiu Comarcal del Bages).<\/p>\n<p>&nbsp;<\/p>\n<div id=\"jig6\" class=\"justified-image-grid jig-507e9124bbef14ee0a2ac6e7d0108e1d jig-preset-c1 jig-source-wp-gallery jig-rml-id-49\"><div class=\"jig-clearfix\"><\/div><noscript id=\"jig6-html\" class=\"justified-image-grid-html\" data-lazy-src=\"skiplazyload\" data-src=\"skipunveillazyload\"><ul><li><a href=\"https:\/\/www.memoria.cat\/valle-caidos-bages\/wp-content\/uploads\/sites\/109\/2023\/12\/012.-Valle-Caidos-Bages-scaled.jpg\"><img loading=\"lazy\" decoding=\"async\" src=\"https:\/\/www.memoria.cat\/valle-caidos-bages\/wp-content\/uploads\/sites\/109\/2023\/12\/012.-Valle-Caidos-Bages-scaled.jpg\" alt=\"\" width=\"306\" height=\"230\" \/><\/a><\/li><\/ul><\/noscript><\/div>\n<p class=\"p1\">26\/11\/1958: telegrama del governador civil a l\u2019alcalde de Manresa en qu\u00e8 li demana que s\u2019apressi a enviar les respostes dels ajuntaments que falten. (Arxiu Comarcal del Bages).<\/p>\n<p>&nbsp;<\/p>\n<div id=\"jig7\" class=\"justified-image-grid jig-d81adfb08f57a1ae610388e1fbea2e44 jig-preset-c1 jig-source-wp-gallery jig-rml-id-50\"><div class=\"jig-clearfix\"><\/div><noscript id=\"jig7-html\" class=\"justified-image-grid-html\" data-lazy-src=\"skiplazyload\" data-src=\"skipunveillazyload\"><ul><li><a href=\"https:\/\/www.memoria.cat\/valle-caidos-bages\/wp-content\/uploads\/sites\/109\/2023\/12\/013.-Valle-Caidos-Bages-scaled.jpg\"><img loading=\"lazy\" decoding=\"async\" src=\"https:\/\/www.memoria.cat\/valle-caidos-bages\/wp-content\/uploads\/sites\/109\/2023\/12\/013.-Valle-Caidos-Bages-scaled.jpg\" alt=\"\" width=\"172\" height=\"230\" \/><\/a><\/li><\/ul><\/noscript><\/div>\n<p class=\"p1\">6\/12\/1958:<span class=\"Apple-converted-space\">\u00a0 <\/span>tramesa de l\u2019alcalde de Manresa al Govern Civil de la resta de respostes dels ajuntaments. (Arxiu Comarcal del Bages).<\/p>\n<p>&nbsp;<\/p>\n<div id=\"jig8\" class=\"justified-image-grid jig-a2c5e7ba94a14a8125e75bd14b719159 jig-preset-c1 jig-source-wp-gallery jig-rml-id-51\"><div class=\"jig-clearfix\"><\/div><noscript id=\"jig8-html\" class=\"justified-image-grid-html\" data-lazy-src=\"skiplazyload\" data-src=\"skipunveillazyload\"><ul><li><a href=\"https:\/\/www.memoria.cat\/valle-caidos-bages\/wp-content\/uploads\/sites\/109\/2023\/12\/014.-Manresa-Valle-Caidos-scaled.jpg\"><img loading=\"lazy\" decoding=\"async\" src=\"https:\/\/www.memoria.cat\/valle-caidos-bages\/wp-content\/uploads\/sites\/109\/2023\/12\/014.-Manresa-Valle-Caidos-scaled.jpg\" alt=\"\" width=\"172\" height=\"230\" \/><\/a><\/li><li><a href=\"https:\/\/www.memoria.cat\/valle-caidos-bages\/wp-content\/uploads\/sites\/109\/2023\/12\/015.-Manresa-Valle-Caidos-scaled.jpg\"><img loading=\"lazy\" decoding=\"async\" src=\"https:\/\/www.memoria.cat\/valle-caidos-bages\/wp-content\/uploads\/sites\/109\/2023\/12\/015.-Manresa-Valle-Caidos-scaled.jpg\" alt=\"\" width=\"172\" height=\"230\" \/><\/a><\/li><li><a href=\"https:\/\/www.memoria.cat\/valle-caidos-bages\/wp-content\/uploads\/sites\/109\/2023\/12\/016.-Manresa-Valle-Caidos-scaled.jpg\"><img loading=\"lazy\" decoding=\"async\" src=\"https:\/\/www.memoria.cat\/valle-caidos-bages\/wp-content\/uploads\/sites\/109\/2023\/12\/016.-Manresa-Valle-Caidos-scaled.jpg\" alt=\"\" width=\"172\" height=\"230\" \/><\/a><\/li><\/ul><\/noscript><\/div>\n<p class=\"p1\">4\/11-6\/12\/1958: el Govern Civil demana que s\u2019identifiquin les restes de Fernando Cerro Mayo per al seu trasllat al Valle de los Ca\u00eddos. Compten amb la conformitat de la fam\u00edlia. Tanmateix, l\u2019Ajuntament respon que no tenen cap informaci\u00f3 que fos enterrat a Manresa. (Arxiu Comarcal del Bages).<\/p>\n<p>&nbsp;<\/p>\n<div id=\"jig9\" class=\"justified-image-grid jig-bd76f2ec4c20c1c9c6a9266435eb55aa jig-preset-c1 jig-source-wp-gallery jig-rml-id-52\"><div class=\"jig-clearfix\"><\/div><noscript id=\"jig9-html\" class=\"justified-image-grid-html\" data-lazy-src=\"skiplazyload\" data-src=\"skipunveillazyload\"><ul><li><a href=\"https:\/\/www.memoria.cat\/valle-caidos-bages\/wp-content\/uploads\/sites\/109\/2023\/12\/017.-Manresa-Valle-Caidos-scaled.jpg\"><img loading=\"lazy\" decoding=\"async\" src=\"https:\/\/www.memoria.cat\/valle-caidos-bages\/wp-content\/uploads\/sites\/109\/2023\/12\/017.-Manresa-Valle-Caidos-scaled.jpg\" alt=\"\" width=\"172\" height=\"230\" \/><\/a><\/li><li><a href=\"https:\/\/www.memoria.cat\/valle-caidos-bages\/wp-content\/uploads\/sites\/109\/2023\/12\/018.Manresa-Valle-Caidos-scaled.jpg\"><img loading=\"lazy\" decoding=\"async\" src=\"https:\/\/www.memoria.cat\/valle-caidos-bages\/wp-content\/uploads\/sites\/109\/2023\/12\/018.Manresa-Valle-Caidos-scaled.jpg\" alt=\"\" width=\"306\" height=\"230\" \/><\/a><\/li><li><a href=\"https:\/\/www.memoria.cat\/valle-caidos-bages\/wp-content\/uploads\/sites\/109\/2023\/12\/019.-Manresa-Valle-Caidos-scaled.jpg\"><img loading=\"lazy\" decoding=\"async\" src=\"https:\/\/www.memoria.cat\/valle-caidos-bages\/wp-content\/uploads\/sites\/109\/2023\/12\/019.-Manresa-Valle-Caidos-scaled.jpg\" alt=\"\" width=\"172\" height=\"230\" \/><\/a><\/li><\/ul><\/noscript><\/div>\n<p class=\"p1\">26\/11-3\/12\/1958: el Govern Civil demana que s\u2019identifiquin les restes de Sebasti\u00e1n Mart\u00ednez Ruiz per al seu trasllat al Valle de los Ca\u00eddos. Compten amb la conformitat de la fam\u00edlia. Tanmateix, l\u2019Ajuntament respon que no tenen cap informaci\u00f3 que fos enterrat a Manresa. (Arxiu Comarcal del Bages).<\/p>\n<p>&nbsp;<\/p>\n<div id=\"jig10\" class=\"justified-image-grid jig-4862eb346105fd5d13396f7a1cbd7c96 jig-preset-c1 jig-source-wp-gallery jig-rml-id-53\"><div class=\"jig-clearfix\"><\/div><noscript id=\"jig10-html\" class=\"justified-image-grid-html\" data-lazy-src=\"skiplazyload\" data-src=\"skipunveillazyload\"><ul><li><a href=\"https:\/\/www.memoria.cat\/valle-caidos-bages\/wp-content\/uploads\/sites\/109\/2023\/12\/020.-Manresa-Valle-Caidos-scaled.jpg\"><img loading=\"lazy\" decoding=\"async\" src=\"https:\/\/www.memoria.cat\/valle-caidos-bages\/wp-content\/uploads\/sites\/109\/2023\/12\/020.-Manresa-Valle-Caidos-scaled.jpg\" alt=\"\" width=\"172\" height=\"230\" \/><\/a><\/li><li><a href=\"https:\/\/www.memoria.cat\/valle-caidos-bages\/wp-content\/uploads\/sites\/109\/2023\/12\/021.-Manresa-Valle-Caidos-scaled.jpg\"><img loading=\"lazy\" decoding=\"async\" src=\"https:\/\/www.memoria.cat\/valle-caidos-bages\/wp-content\/uploads\/sites\/109\/2023\/12\/021.-Manresa-Valle-Caidos-scaled.jpg\" alt=\"\" width=\"172\" height=\"230\" \/><\/a><\/li><\/ul><\/noscript><\/div>\n<p class=\"p1\">15\/12\/1958: el Govern Civil demana que s\u2019identifiquin les restes de F\u00e9lix Gonz\u00e1lez Garcia per al seu trasllat al Valle de los Ca\u00eddos. Compten amb la conformitat de la fam\u00edlia. No ha quedat const\u00e0ncia de quina va ser la resposta de l\u2019Ajuntament. (Arxiu Comarcal del Bages).<\/p>\n<p>&nbsp;<\/p>\n<div id=\"jig11\" class=\"justified-image-grid jig-7e0442e10e33775b5a40110b03b17bdf jig-preset-c1 jig-source-wp-gallery jig-rml-id-54\"><div class=\"jig-clearfix\"><\/div><noscript id=\"jig11-html\" class=\"justified-image-grid-html\" data-lazy-src=\"skiplazyload\" data-src=\"skipunveillazyload\"><ul><li><a href=\"https:\/\/www.memoria.cat\/valle-caidos-bages\/wp-content\/uploads\/sites\/109\/2023\/12\/022.-Manresa-Valle-Caidos-scaled.jpg\"><img loading=\"lazy\" decoding=\"async\" src=\"https:\/\/www.memoria.cat\/valle-caidos-bages\/wp-content\/uploads\/sites\/109\/2023\/12\/022.-Manresa-Valle-Caidos-scaled.jpg\" alt=\"\" width=\"306\" height=\"230\" \/><\/a><\/li><\/ul><\/noscript><\/div>\n<p class=\"p1\">17\/12\/1958: comunicat de l\u2019Ajuntament de Manresa conforme el soldat Andr\u00e9s Gonz\u00e1lez Garc\u00eda, que est\u00e0 enterrat a la \u201cFosa Militar de la \u00e9poca roja\u201d, no pot ser exhumat \u201c<i>por el hecho de ser enterrado en una fosa en la que se inhumaron muchos cad\u00e1veres<\/i>\u201d. (Arxiu Comarcal del Bages).<\/p>\n<p>&nbsp;<\/p>\n<div id=\"jig12\" class=\"justified-image-grid jig-307c25b406283833e03aa451e62f4376 jig-preset-c1 jig-source-wp-gallery jig-rml-id-55\"><div class=\"jig-clearfix\"><\/div><noscript id=\"jig12-html\" class=\"justified-image-grid-html\" data-lazy-src=\"skiplazyload\" data-src=\"skipunveillazyload\"><ul><li><a href=\"https:\/\/www.memoria.cat\/valle-caidos-bages\/wp-content\/uploads\/sites\/109\/2023\/12\/025.-Manresa-Valle-Caidos-scaled.jpg\"><img loading=\"lazy\" decoding=\"async\" src=\"https:\/\/www.memoria.cat\/valle-caidos-bages\/wp-content\/uploads\/sites\/109\/2023\/12\/025.-Manresa-Valle-Caidos-scaled.jpg\" alt=\"\" width=\"172\" height=\"230\" \/><\/a><\/li><li><a href=\"https:\/\/www.memoria.cat\/valle-caidos-bages\/wp-content\/uploads\/sites\/109\/2023\/12\/024.-Manresa-Valle-Caidos-scaled.jpg\"><img loading=\"lazy\" decoding=\"async\" src=\"https:\/\/www.memoria.cat\/valle-caidos-bages\/wp-content\/uploads\/sites\/109\/2023\/12\/024.-Manresa-Valle-Caidos-scaled.jpg\" alt=\"\" width=\"172\" height=\"230\" \/><\/a><\/li><li><a href=\"https:\/\/www.memoria.cat\/valle-caidos-bages\/wp-content\/uploads\/sites\/109\/2023\/12\/023.-Manresa-Valle-Caidos-scaled.jpg\"><img loading=\"lazy\" decoding=\"async\" src=\"https:\/\/www.memoria.cat\/valle-caidos-bages\/wp-content\/uploads\/sites\/109\/2023\/12\/023.-Manresa-Valle-Caidos-scaled.jpg\" alt=\"\" width=\"172\" height=\"230\" \/><\/a><\/li><\/ul><\/noscript><\/div>\n<p class=\"p1\">31\/1\/1959: el Govern Civil demana que s\u2019identifiquin les restes d\u2019Antonio Castro Somoza per al seu trasllat al Valle de los Ca\u00eddos. Compten amb la conformitat de la fam\u00edlia. Tanmateix, l\u2019Ajuntament respon que no tenen cap informaci\u00f3 que fos enterrat a Manresa. (Arxiu Comarcal del Bages).<\/p>\n<p>&nbsp;<\/p>\n","protected":false},"excerpt":{"rendered":"<p>11\/6\/1958: resposta de l\u2019Ajuntament de Manresa a una circular del Govern Civil, de la qual no es conserva l\u2019original, en relaci\u00f3 al tema del Valle de los Ca\u00eddos. L\u2019alcalde, Joan Prat Pons, nom\u00e9s es refereix a les persones assassinades \u201cpor las hordas marxistas\u201d a la rereguarda republicana i afirma que no es va fer cap [&hellip;]<\/p>\n","protected":false},"author":28,"featured_media":0,"parent":73685,"menu_order":0,"comment_status":"closed","ping_status":"closed","template":"","meta":{"iawp_total_views":0,"footnotes":""},"class_list":["post-73689","page","type-page","status-publish","hentry"],"_links":{"self":[{"href":"https:\/\/www.memoria.cat\/valle-caidos-bages\/wp-json\/wp\/v2\/pages\/73689","targetHints":{"allow":["GET"]}}],"collection":[{"href":"https:\/\/www.memoria.cat\/valle-caidos-bages\/wp-json\/wp\/v2\/pages"}],"about":[{"href":"https:\/\/www.memoria.cat\/valle-caidos-bages\/wp-json\/wp\/v2\/types\/page"}],"author":[{"embeddable":true,"href":"https:\/\/www.memoria.cat\/valle-caidos-bages\/wp-json\/wp\/v2\/users\/28"}],"replies":[{"embeddable":true,"href":"https:\/\/www.memoria.cat\/valle-caidos-bages\/wp-json\/wp\/v2\/comments?post=73689"}],"version-history":[{"count":0,"href":"https:\/\/www.memoria.cat\/valle-caidos-bages\/wp-json\/wp\/v2\/pages\/73689\/revisions"}],"up":[{"embeddable":true,"href":"https:\/\/www.memoria.cat\/valle-caidos-bages\/wp-json\/wp\/v2\/pages\/73685"}],"wp:attachment":[{"href":"https:\/\/www.memoria.cat\/valle-caidos-bages\/wp-json\/wp\/v2\/media?parent=73689"}],"curies":[{"name":"wp","href":"https:\/\/api.w.org\/{rel}","templated":true}]}}