{"id":74976,"date":"2021-03-03T18:24:35","date_gmt":"2021-03-03T17:24:35","guid":{"rendered":"https:\/\/www.memoria.cat\/teatres-cinemes-manresa\/?page_id=74976"},"modified":"2021-03-03T18:24:35","modified_gmt":"2021-03-03T17:24:35","slug":"video-xerrada-den-francesc-comas","status":"publish","type":"page","link":"https:\/\/www.memoria.cat\/teatres-cinemes-manresa\/video-xerrada-den-francesc-comas\/","title":{"rendered":"Video-xerrada d&#8217;en Francesc Comas"},"content":{"rendered":"<p style=\"font-weight: 400\">L&#8217;historiador\u00a0Francesc Comas va fer unes xerrades sota el t\u00edtol de \u201cUn passeig per teatres i cinemes de Manresa\u201d a\u00a0 l&#8217;Espai Plana de l&#8217;Om. \u00a0els passats 18,20 i 22 de febrer-2021, organitzada per l&#8217;associaci\u00f3 cultural El Galliner com Administradors de la\u00a0<strong>FESTA DE LA LLUM 2021<\/strong>.<\/p>\n<p style=\"font-weight: 400\">En aquest video podeu veure la hist\u00f2ria dels teatres i els cinemes de Manresa que s\u2019han pogut documentar despr\u00e9s d\u2019un proc\u00e9s de recerca exhaustiu que ha portat a terme El Galliner, amb la col\u00b7laboraci\u00f3 de l\u2019historiador Francesc Comas i Closas. S\u2019hi fa un recorregut virtual pels espais m\u00e9s signi\u00adcatius, a partir de fotogra\u00adfies, cartells, programes de m\u00e0 i tamb\u00e9 de testimonis que conserven records i hist\u00f2ries viscudes als cinemes i teatres de Manresa.<\/p>\n<p><iframe title=\"Xerrada: un passeig virtual per teatres i cinemes de Manresa\" width=\"800\" height=\"450\" src=\"https:\/\/www.youtube.com\/embed\/YQUnGUu6m7w?feature=oembed\" frameborder=\"0\" allow=\"accelerometer; autoplay; clipboard-write; encrypted-media; gyroscope; picture-in-picture\" allowfullscreen><\/iframe><\/p>\n","protected":false},"excerpt":{"rendered":"<p>L&#8217;historiador\u00a0Francesc Comas va fer unes xerrades sota el t\u00edtol de \u201cUn passeig per teatres i cinemes de Manresa\u201d a\u00a0 l&#8217;Espai Plana de l&#8217;Om. \u00a0els passats 18,20 i 22 de febrer-2021, organitzada per l&#8217;associaci\u00f3 cultural El Galliner com Administradors de la\u00a0FESTA DE LA LLUM 2021. En aquest video podeu veure la hist\u00f2ria dels teatres i els [&hellip;]<\/p>\n","protected":false},"author":28,"featured_media":0,"parent":0,"menu_order":0,"comment_status":"closed","ping_status":"closed","template":"","meta":{"footnotes":""},"class_list":["post-74976","page","type-page","status-publish","hentry"],"_links":{"self":[{"href":"https:\/\/www.memoria.cat\/teatres-cinemes-manresa\/wp-json\/wp\/v2\/pages\/74976","targetHints":{"allow":["GET"]}}],"collection":[{"href":"https:\/\/www.memoria.cat\/teatres-cinemes-manresa\/wp-json\/wp\/v2\/pages"}],"about":[{"href":"https:\/\/www.memoria.cat\/teatres-cinemes-manresa\/wp-json\/wp\/v2\/types\/page"}],"author":[{"embeddable":true,"href":"https:\/\/www.memoria.cat\/teatres-cinemes-manresa\/wp-json\/wp\/v2\/users\/28"}],"replies":[{"embeddable":true,"href":"https:\/\/www.memoria.cat\/teatres-cinemes-manresa\/wp-json\/wp\/v2\/comments?post=74976"}],"version-history":[{"count":0,"href":"https:\/\/www.memoria.cat\/teatres-cinemes-manresa\/wp-json\/wp\/v2\/pages\/74976\/revisions"}],"wp:attachment":[{"href":"https:\/\/www.memoria.cat\/teatres-cinemes-manresa\/wp-json\/wp\/v2\/media?parent=74976"}],"curies":[{"name":"wp","href":"https:\/\/api.w.org\/{rel}","templated":true}]}}