{"id":73404,"date":"2019-11-11T13:18:10","date_gmt":"2019-11-11T12:18:10","guid":{"rendered":"https:\/\/www.memoria.cat\/teatres-cinemes-manresa\/?page_id=73404"},"modified":"2021-12-03T16:50:07","modified_gmt":"2021-12-03T15:50:07","slug":"portada","status":"publish","type":"page","link":"https:\/\/www.memoria.cat\/teatres-cinemes-manresa\/","title":{"rendered":"Portada"},"content":{"rendered":"<p>Teatres i cinemes de Manresa \u00e9s un treball de recerca que els membres de l&#8217;associaci\u00f3 cultural El Galliner \u2013molt ben acompanyats d\u2019historiadors, inform\u00e0tics i moltes mans amigues- hem elaborat amb motiu de ser Administradors de la Llum 2021.<\/p>\n<p>Una primera idea de fer un inventari de teatres antics de la ciutat s\u2019ha convertit en un projecte de m\u00e9s envergadura que ens permet disposar d\u2019una \u00e0mplia documentaci\u00f3 de teatres i cinemes a Manresa des del mitjans del segle XIX fins a l\u2019actualitat.<\/p>\n<p>En aquestes p\u00e0gines trobareu fotografies, cartells, programes d\u2019espais que s\u2019han perdut amb el pas del temps, al costat d\u2019altres espais ben presents i actius a la vida cultural de la ciutat. El testimoni de persones vinculades al m\u00f3n del teatre o del cinema a nivell local ens ha ajudat a fer la interpretaci\u00f3 de les activitats realitzades i dels espais ons es van passar.<\/p>\n<p>El format on-line d\u2019aquestes p\u00e0gines ens facilita mantenir-les vives al llarg del temps amb la incorporaci\u00f3 de m\u00e9s informaci\u00f3 en un futur , si la recerca en fonts hist\u00f2riques i l\u2019aportaci\u00f3 oral i de materials de conciutadans, ens aporta m\u00e9s coneixements dels teatres i cinemes de la ciutat.<\/p>\n<p>Us convidem doncs a visitar Teatres i cinemes de Manresa, per reviure records i imatges, alhora que aprofundir en la realitat esc\u00e8nica a la nostra ciutat.<\/p>\n<p class=\"cdt4ke\" style=\"margin: 0cm 0cm 10.0pt 0cm\"><span lang=\"ES\" style=\"font-size: 13.0pt;font-family: Arial;color: #212121\">Manresa, febrer 2021.<\/span><\/p>\n<p>&nbsp;<\/p>\n","protected":false},"excerpt":{"rendered":"<p>Teatres i cinemes de Manresa \u00e9s un treball de recerca que els membres de l&#8217;associaci\u00f3 cultural El Galliner \u2013molt ben acompanyats d\u2019historiadors, inform\u00e0tics i moltes mans amigues- hem elaborat amb motiu de ser Administradors de la Llum 2021. Una primera idea de fer un inventari de teatres antics de la ciutat s\u2019ha convertit en un [&hellip;]<\/p>\n","protected":false},"author":1,"featured_media":0,"parent":0,"menu_order":0,"comment_status":"closed","ping_status":"closed","template":"","meta":{"footnotes":""},"class_list":["post-73404","page","type-page","status-publish","hentry"],"_links":{"self":[{"href":"https:\/\/www.memoria.cat\/teatres-cinemes-manresa\/wp-json\/wp\/v2\/pages\/73404","targetHints":{"allow":["GET"]}}],"collection":[{"href":"https:\/\/www.memoria.cat\/teatres-cinemes-manresa\/wp-json\/wp\/v2\/pages"}],"about":[{"href":"https:\/\/www.memoria.cat\/teatres-cinemes-manresa\/wp-json\/wp\/v2\/types\/page"}],"author":[{"embeddable":true,"href":"https:\/\/www.memoria.cat\/teatres-cinemes-manresa\/wp-json\/wp\/v2\/users\/1"}],"replies":[{"embeddable":true,"href":"https:\/\/www.memoria.cat\/teatres-cinemes-manresa\/wp-json\/wp\/v2\/comments?post=73404"}],"version-history":[{"count":0,"href":"https:\/\/www.memoria.cat\/teatres-cinemes-manresa\/wp-json\/wp\/v2\/pages\/73404\/revisions"}],"wp:attachment":[{"href":"https:\/\/www.memoria.cat\/teatres-cinemes-manresa\/wp-json\/wp\/v2\/media?parent=73404"}],"curies":[{"name":"wp","href":"https:\/\/api.w.org\/{rel}","templated":true}]}}