{"id":73935,"date":"2024-02-05T18:53:25","date_gmt":"2024-02-05T17:53:25","guid":{"rendered":"https:\/\/www.memoria.cat\/rosal\/?page_id=73935"},"modified":"2024-08-15T11:17:56","modified_gmt":"2024-08-15T10:17:56","slug":"monistrol-de-montserrat-font-gran","status":"publish","type":"page","link":"https:\/\/www.memoria.cat\/rosal\/fons-fotografic\/fotos-de-la-comarca-del-bages\/monistrol-de-montserrat-font-gran\/","title":{"rendered":"Monistrol de Montserrat. Font Gran"},"content":{"rendered":"<p>El dia 25 de mar\u00e7 de 1928 es van inaugurar les obres de captaci\u00f3 i conducci\u00f3 de l\u2019aigua de la Font Gran de Monistrol de Montserrat per a l\u2019abastiment de la vila, i de la remodelaci\u00f3 de la mateixa font. L\u2019acte de la inauguraci\u00f3 va ser presidit pel capit\u00e0 general de Catalunya, Emilio Barrera, i va comptar amb la pres\u00e8ncia del governador civil, Joaquim Milans del Bosch; el president de la Diputaci\u00f3, el comte de Montseny, i l\u2019abat de Montserrat, Antoni Maria Marcet, a m\u00e9s del diputat provincial, Joaquim d\u2019Argullol; l\u2019alcalde de Manresa, Josep Rosal i Esteve, i diverses autoritats. El programa d\u2019actes va comen\u00e7ar amb una recepci\u00f3 de les autoritats a l\u2019Ajuntament de Monistrol per anar tot seguit a la Font Gran, on l\u2019abat Marcet va beneir les obres d\u2019abastament d\u2019aigua. Posteriorment, es va inaugurar la placa que donava nom al carrer de Juli\u00e0 Fuchs, l\u2019enginyer que havia dissenyat el projecte de distribuci\u00f3 d\u2019aigua, per a tot seguit pujar al monestir de Montserrat amb el cremallera, on la comitiva va dinar el restaurant Perell\u00f3 Busquets.<\/p>\n<div id=\"jig1\" class=\"justified-image-grid jig-1105729aff2bbf886cfb3d08f4431c22 jig-preset-c1 jig-source-wp-gallery jig-rml-id-34\"><div class=\"jig-clearfix\"><\/div><noscript id=\"jig1-html\" class=\"justified-image-grid-html\" data-lazy-src=\"skiplazyload\" data-src=\"skipunveillazyload\"><ul><li><a href=\"https:\/\/www.memoria.cat\/rosal\/wp-content\/uploads\/sites\/117\/2024\/08\/122-Rosal-Manresa-scaled.jpg\"><img fetchpriority=\"high\" decoding=\"async\" src=\"https:\/\/www.memoria.cat\/rosal\/wp-content\/uploads\/sites\/117\/2024\/08\/122-Rosal-Manresa-scaled.jpg\" alt=\"\" width=\"302\" height=\"230\" \/><\/a><\/li><li><a href=\"https:\/\/www.memoria.cat\/rosal\/wp-content\/uploads\/sites\/117\/2024\/08\/156-Rosal-Manresa-scaled.jpg\"><img decoding=\"async\" src=\"https:\/\/www.memoria.cat\/rosal\/wp-content\/uploads\/sites\/117\/2024\/08\/156-Rosal-Manresa-scaled.jpg\" alt=\"\" width=\"302\" height=\"230\" \/><\/a><\/li><li><a href=\"https:\/\/www.memoria.cat\/rosal\/wp-content\/uploads\/sites\/117\/2024\/08\/166-Rosal-Manresa-scaled.jpg\"><img decoding=\"async\" src=\"https:\/\/www.memoria.cat\/rosal\/wp-content\/uploads\/sites\/117\/2024\/08\/166-Rosal-Manresa-scaled.jpg\" alt=\"\" width=\"298\" height=\"230\" \/><\/a><\/li><li><a href=\"https:\/\/www.memoria.cat\/rosal\/wp-content\/uploads\/sites\/117\/2024\/08\/237-Rosal-Manresa-scaled.jpg\"><img loading=\"lazy\" decoding=\"async\" src=\"https:\/\/www.memoria.cat\/rosal\/wp-content\/uploads\/sites\/117\/2024\/08\/237-Rosal-Manresa-scaled.jpg\" alt=\"\" width=\"305\" height=\"230\" \/><\/a><\/li><li><a href=\"https:\/\/www.memoria.cat\/rosal\/wp-content\/uploads\/sites\/117\/2024\/08\/238-Rosal-Manresa-scaled.jpg\"><img loading=\"lazy\" decoding=\"async\" src=\"https:\/\/www.memoria.cat\/rosal\/wp-content\/uploads\/sites\/117\/2024\/08\/238-Rosal-Manresa-scaled.jpg\" alt=\"\" width=\"303\" height=\"230\" \/><\/a><\/li><li><a href=\"https:\/\/www.memoria.cat\/rosal\/wp-content\/uploads\/sites\/117\/2024\/08\/239-Rosal-Manresa-scaled.jpg\"><img loading=\"lazy\" decoding=\"async\" src=\"https:\/\/www.memoria.cat\/rosal\/wp-content\/uploads\/sites\/117\/2024\/08\/239-Rosal-Manresa-scaled.jpg\" alt=\"\" width=\"303\" height=\"230\" \/><\/a><\/li><li><a href=\"https:\/\/www.memoria.cat\/rosal\/wp-content\/uploads\/sites\/117\/2024\/08\/240-Rosal-Manresa-scaled.jpg\"><img loading=\"lazy\" decoding=\"async\" src=\"https:\/\/www.memoria.cat\/rosal\/wp-content\/uploads\/sites\/117\/2024\/08\/240-Rosal-Manresa-scaled.jpg\" alt=\"\" width=\"303\" height=\"230\" \/><\/a><\/li><li><a href=\"https:\/\/www.memoria.cat\/rosal\/wp-content\/uploads\/sites\/117\/2024\/08\/58-Rosal-Manresa-scaled.jpg\"><img loading=\"lazy\" decoding=\"async\" src=\"https:\/\/www.memoria.cat\/rosal\/wp-content\/uploads\/sites\/117\/2024\/08\/58-Rosal-Manresa-scaled.jpg\" alt=\"\" width=\"299\" height=\"230\" \/><\/a><\/li><li><a href=\"https:\/\/www.memoria.cat\/rosal\/wp-content\/uploads\/sites\/117\/2024\/08\/798-Rosal-Manresa-scaled.jpg\"><img loading=\"lazy\" decoding=\"async\" src=\"https:\/\/www.memoria.cat\/rosal\/wp-content\/uploads\/sites\/117\/2024\/08\/798-Rosal-Manresa-scaled.jpg\" alt=\"\" width=\"318\" height=\"230\" \/><\/a><\/li><li><a href=\"https:\/\/www.memoria.cat\/rosal\/wp-content\/uploads\/sites\/117\/2024\/08\/91-Rosal-Manresa-scaled.jpg\"><img loading=\"lazy\" decoding=\"async\" src=\"https:\/\/www.memoria.cat\/rosal\/wp-content\/uploads\/sites\/117\/2024\/08\/91-Rosal-Manresa-scaled.jpg\" alt=\"\" width=\"297\" height=\"230\" \/><\/a><\/li><\/ul><\/noscript><\/div>\n<p>&nbsp;<\/p>\n","protected":false},"excerpt":{"rendered":"<p>El dia 25 de mar\u00e7 de 1928 es van inaugurar les obres de captaci\u00f3 i conducci\u00f3 de l\u2019aigua de la Font Gran de Monistrol de Montserrat per a l\u2019abastiment de la vila, i de la remodelaci\u00f3 de la mateixa font. L\u2019acte de la inauguraci\u00f3 va ser presidit pel capit\u00e0 general de Catalunya, Emilio Barrera, i [&hellip;]<\/p>\n","protected":false},"author":28,"featured_media":0,"parent":73844,"menu_order":0,"comment_status":"closed","ping_status":"closed","template":"","meta":{"iawp_total_views":2,"footnotes":""},"class_list":["post-73935","page","type-page","status-publish","hentry"],"_links":{"self":[{"href":"https:\/\/www.memoria.cat\/rosal\/wp-json\/wp\/v2\/pages\/73935","targetHints":{"allow":["GET"]}}],"collection":[{"href":"https:\/\/www.memoria.cat\/rosal\/wp-json\/wp\/v2\/pages"}],"about":[{"href":"https:\/\/www.memoria.cat\/rosal\/wp-json\/wp\/v2\/types\/page"}],"author":[{"embeddable":true,"href":"https:\/\/www.memoria.cat\/rosal\/wp-json\/wp\/v2\/users\/28"}],"replies":[{"embeddable":true,"href":"https:\/\/www.memoria.cat\/rosal\/wp-json\/wp\/v2\/comments?post=73935"}],"version-history":[{"count":0,"href":"https:\/\/www.memoria.cat\/rosal\/wp-json\/wp\/v2\/pages\/73935\/revisions"}],"up":[{"embeddable":true,"href":"https:\/\/www.memoria.cat\/rosal\/wp-json\/wp\/v2\/pages\/73844"}],"wp:attachment":[{"href":"https:\/\/www.memoria.cat\/rosal\/wp-json\/wp\/v2\/media?parent=73935"}],"curies":[{"name":"wp","href":"https:\/\/api.w.org\/{rel}","templated":true}]}}