{"id":73933,"date":"2024-02-05T18:52:18","date_gmt":"2024-02-05T17:52:18","guid":{"rendered":"https:\/\/www.memoria.cat\/rosal\/?page_id=73933"},"modified":"2024-08-15T11:14:11","modified_gmt":"2024-08-15T10:14:11","slug":"mas-torres-de-bages","status":"publish","type":"page","link":"https:\/\/www.memoria.cat\/rosal\/fons-fotografic\/fotos-de-la-comarca-del-bages\/mas-torres-de-bages\/","title":{"rendered":"Mas Torres de Bages"},"content":{"rendered":"<p>El mas de les Torres de Bages, de la parr\u00f2quia de Joncadella, era propietat de la fam\u00edlia de Josep M. Rosal. En aquest apartat podem veure diverses fotografies del mas i del seu entorn proper.<\/p>\n<div id=\"jig1\" class=\"justified-image-grid jig-d6216ca2eb2402e58a25c7ca65f3a276 jig-preset-c3 jig-source-wp-gallery jig-rml-id-33\"><div class=\"jig-clearfix\"><\/div><noscript id=\"jig1-html\" class=\"justified-image-grid-html\" data-lazy-src=\"skiplazyload\" data-src=\"skipunveillazyload\"><ul><li><a href=\"https:\/\/www.memoria.cat\/rosal\/wp-content\/uploads\/sites\/117\/2024\/08\/179-Rosal-Manresa-scaled.jpg\" title=\"Mas Torre de Bages.\"><img fetchpriority=\"high\" decoding=\"async\" src=\"https:\/\/www.memoria.cat\/rosal\/wp-content\/uploads\/sites\/117\/2024\/08\/179-Rosal-Manresa-scaled.jpg\" alt=\"Mas Torre de Bages.\" width=\"303\" height=\"230\" \/><\/a><p class=\"jig-HTMLdescription\">Mas Torre de Bages.<\/p><\/li><li><a href=\"https:\/\/www.memoria.cat\/rosal\/wp-content\/uploads\/sites\/117\/2024\/08\/314-Rosal-Manresa-scaled.jpg\" title=\"Mas Torre de Bages.\"><img decoding=\"async\" src=\"https:\/\/www.memoria.cat\/rosal\/wp-content\/uploads\/sites\/117\/2024\/08\/314-Rosal-Manresa-scaled.jpg\" alt=\"Mas Torre de Bages.\" width=\"304\" height=\"230\" \/><\/a><p class=\"jig-HTMLdescription\">Mas Torre de Bages.<\/p><\/li><li><a href=\"https:\/\/www.memoria.cat\/rosal\/wp-content\/uploads\/sites\/117\/2024\/08\/329-Rosal-Manresa-scaled.jpg\" title=\"Mas Torre de Bages.\"><img decoding=\"async\" src=\"https:\/\/www.memoria.cat\/rosal\/wp-content\/uploads\/sites\/117\/2024\/08\/329-Rosal-Manresa-scaled.jpg\" alt=\"Mas Torre de Bages.\" width=\"304\" height=\"230\" \/><\/a><p class=\"jig-HTMLdescription\">Mas Torre de Bages.<\/p><\/li><li><a href=\"https:\/\/www.memoria.cat\/rosal\/wp-content\/uploads\/sites\/117\/2024\/08\/344-Rosal-Manresa-scaled.jpg\" title=\"Mas Torre de Bages.\"><img loading=\"lazy\" decoding=\"async\" src=\"https:\/\/www.memoria.cat\/rosal\/wp-content\/uploads\/sites\/117\/2024\/08\/344-Rosal-Manresa-scaled.jpg\" alt=\"Mas Torre de Bages.\" width=\"304\" height=\"230\" \/><\/a><p class=\"jig-HTMLdescription\">Mas Torre de Bages.<\/p><\/li><li><a href=\"https:\/\/www.memoria.cat\/rosal\/wp-content\/uploads\/sites\/117\/2024\/08\/365-Rosal-Manresa-scaled.jpg\" title=\"Mas Torre de Bages.\"><img loading=\"lazy\" decoding=\"async\" src=\"https:\/\/www.memoria.cat\/rosal\/wp-content\/uploads\/sites\/117\/2024\/08\/365-Rosal-Manresa-scaled.jpg\" alt=\"Mas Torre de Bages.\" width=\"304\" height=\"230\" \/><\/a><p class=\"jig-HTMLdescription\">Mas Torre de Bages.<\/p><\/li><li><a href=\"https:\/\/www.memoria.cat\/rosal\/wp-content\/uploads\/sites\/117\/2024\/08\/377-Rosal-Manresa-scaled.jpg\" title=\"Mas Torre de Bages.\"><img loading=\"lazy\" decoding=\"async\" src=\"https:\/\/www.memoria.cat\/rosal\/wp-content\/uploads\/sites\/117\/2024\/08\/377-Rosal-Manresa-scaled.jpg\" alt=\"Mas Torre de Bages.\" width=\"304\" height=\"230\" \/><\/a><p class=\"jig-HTMLdescription\">Mas Torre de Bages.<\/p><\/li><li><a href=\"https:\/\/www.memoria.cat\/rosal\/wp-content\/uploads\/sites\/117\/2024\/08\/322-Rosal-Manresa-scaled.jpg\" title=\"El mas amb la via del ferrocarril de S\u00faria en primer terme.\"><img loading=\"lazy\" decoding=\"async\" src=\"https:\/\/www.memoria.cat\/rosal\/wp-content\/uploads\/sites\/117\/2024\/08\/322-Rosal-Manresa-scaled.jpg\" alt=\"El mas amb la via del ferrocarril de S\u00faria en primer terme.\" width=\"358\" height=\"230\" \/><\/a><p class=\"jig-HTMLdescription\">El mas amb la via del ferrocarril de S\u00faria en primer terme.<\/p><\/li><li><a href=\"https:\/\/www.memoria.cat\/rosal\/wp-content\/uploads\/sites\/117\/2024\/08\/340-Rosal-Manresa-scaled.jpg\" title=\"El mas amb la via del ferrocarril de S\u00faria en primer terme.\"><img loading=\"lazy\" decoding=\"async\" src=\"https:\/\/www.memoria.cat\/rosal\/wp-content\/uploads\/sites\/117\/2024\/08\/340-Rosal-Manresa-scaled.jpg\" alt=\"El mas amb la via del ferrocarril de S\u00faria en primer terme.\" width=\"304\" height=\"230\" \/><\/a><p class=\"jig-HTMLdescription\">El mas amb la via del ferrocarril de S\u00faria en primer terme.<\/p><\/li><li><a href=\"https:\/\/www.memoria.cat\/rosal\/wp-content\/uploads\/sites\/117\/2024\/08\/342-Rosal-Manresa-scaled.jpg\" title=\"El mas amb la via del ferrocarril de S\u00faria en primer terme.\"><img loading=\"lazy\" decoding=\"async\" src=\"https:\/\/www.memoria.cat\/rosal\/wp-content\/uploads\/sites\/117\/2024\/08\/342-Rosal-Manresa-scaled.jpg\" alt=\"El mas amb la via del ferrocarril de S\u00faria en primer terme.\" width=\"304\" height=\"230\" \/><\/a><p class=\"jig-HTMLdescription\">El mas amb la via del ferrocarril de S\u00faria en primer terme.<\/p><\/li><li><a href=\"https:\/\/www.memoria.cat\/rosal\/wp-content\/uploads\/sites\/117\/2024\/08\/3-Rosal-Manresa-scaled.jpg\" title=\"Entorn del mas de les Torres de Bages.\"><img loading=\"lazy\" decoding=\"async\" src=\"https:\/\/www.memoria.cat\/rosal\/wp-content\/uploads\/sites\/117\/2024\/08\/3-Rosal-Manresa-scaled.jpg\" alt=\"Entorn del mas de les Torres de Bages.\" width=\"295\" height=\"230\" \/><\/a><p class=\"jig-HTMLdescription\">Entorn del mas de les Torres de Bages.<\/p><\/li><li><a href=\"https:\/\/www.memoria.cat\/rosal\/wp-content\/uploads\/sites\/117\/2024\/08\/4-Rosal-Manresa-scaled.jpg\" title=\"Entorn del mas de les Torres de Bages.\"><img loading=\"lazy\" decoding=\"async\" src=\"https:\/\/www.memoria.cat\/rosal\/wp-content\/uploads\/sites\/117\/2024\/08\/4-Rosal-Manresa-scaled.jpg\" alt=\"Entorn del mas de les Torres de Bages.\" width=\"299\" height=\"230\" \/><\/a><p class=\"jig-HTMLdescription\">Entorn del mas de les Torres de Bages.<\/p><\/li><li><a href=\"https:\/\/www.memoria.cat\/rosal\/wp-content\/uploads\/sites\/117\/2024\/08\/5-Rosal-Manresa-scaled.jpg\" title=\"Entorn del mas de les Torres de Bages.\"><img loading=\"lazy\" decoding=\"async\" src=\"https:\/\/www.memoria.cat\/rosal\/wp-content\/uploads\/sites\/117\/2024\/08\/5-Rosal-Manresa-scaled.jpg\" alt=\"Entorn del mas de les Torres de Bages.\" width=\"302\" height=\"230\" \/><\/a><p class=\"jig-HTMLdescription\">Entorn del mas de les Torres de Bages.<\/p><\/li><li><a href=\"https:\/\/www.memoria.cat\/rosal\/wp-content\/uploads\/sites\/117\/2024\/08\/56-Rosal-Manresa-scaled.jpg\" title=\"Entorn del mas de les Torres de Bages.\"><img loading=\"lazy\" decoding=\"async\" src=\"https:\/\/www.memoria.cat\/rosal\/wp-content\/uploads\/sites\/117\/2024\/08\/56-Rosal-Manresa-scaled.jpg\" alt=\"Entorn del mas de les Torres de Bages.\" width=\"299\" height=\"230\" \/><\/a><p class=\"jig-HTMLdescription\">Entorn del mas de les Torres de Bages.<\/p><\/li><li><a href=\"https:\/\/www.memoria.cat\/rosal\/wp-content\/uploads\/sites\/117\/2024\/08\/509-Rosal-Manresa.jpg\" title=\"Entorn del mas de les Torres de Bages.\"><img loading=\"lazy\" decoding=\"async\" src=\"https:\/\/www.memoria.cat\/rosal\/wp-content\/uploads\/sites\/117\/2024\/08\/509-Rosal-Manresa.jpg\" alt=\"Entorn del mas de les Torres de Bages.\" width=\"360\" height=\"230\" \/><\/a><p class=\"jig-HTMLdescription\">Entorn del mas de les Torres de Bages.<\/p><\/li><li><a href=\"https:\/\/www.memoria.cat\/rosal\/wp-content\/uploads\/sites\/117\/2024\/08\/624-Rosal-Manresa.jpg\" title=\"Entorn del mas de les Torres de Bages.\"><img loading=\"lazy\" decoding=\"async\" src=\"https:\/\/www.memoria.cat\/rosal\/wp-content\/uploads\/sites\/117\/2024\/08\/624-Rosal-Manresa.jpg\" alt=\"Entorn del mas de les Torres de Bages.\" width=\"335\" height=\"230\" \/><\/a><p class=\"jig-HTMLdescription\">Entorn del mas de les Torres de Bages.<\/p><\/li><li><a href=\"https:\/\/www.memoria.cat\/rosal\/wp-content\/uploads\/sites\/117\/2024\/08\/57-Rosal-Manresa-scaled.jpg\" title=\"Capella de Sant Jaume de les Torres de Bages.\"><img loading=\"lazy\" decoding=\"async\" src=\"https:\/\/www.memoria.cat\/rosal\/wp-content\/uploads\/sites\/117\/2024\/08\/57-Rosal-Manresa-scaled.jpg\" alt=\"Capella de Sant Jaume de les Torres de Bages.\" width=\"301\" height=\"230\" \/><\/a><p class=\"jig-HTMLdescription\">Capella de Sant Jaume de les Torres de Bages.<\/p><\/li><li><a href=\"https:\/\/www.memoria.cat\/rosal\/wp-content\/uploads\/sites\/117\/2024\/08\/313-Rosal-Manresa-scaled.jpg\" title=\"Capella de Sant Jaume de les Torres de Bages.\"><img loading=\"lazy\" decoding=\"async\" src=\"https:\/\/www.memoria.cat\/rosal\/wp-content\/uploads\/sites\/117\/2024\/08\/313-Rosal-Manresa-scaled.jpg\" alt=\"Capella de Sant Jaume de les Torres de Bages.\" width=\"304\" height=\"230\" \/><\/a><p class=\"jig-HTMLdescription\">Capella de Sant Jaume de les Torres de Bages.<\/p><\/li><li><a href=\"https:\/\/www.memoria.cat\/rosal\/wp-content\/uploads\/sites\/117\/2024\/08\/327-Rosal-Manresa-scaled.jpg\" title=\"Capella de Sant Jaume de les Torres de Bages.\"><img loading=\"lazy\" decoding=\"async\" src=\"https:\/\/www.memoria.cat\/rosal\/wp-content\/uploads\/sites\/117\/2024\/08\/327-Rosal-Manresa-scaled.jpg\" alt=\"Capella de Sant Jaume de les Torres de Bages.\" width=\"304\" height=\"230\" \/><\/a><p class=\"jig-HTMLdescription\">Capella de Sant Jaume de les Torres de Bages.<\/p><\/li><li><a href=\"https:\/\/www.memoria.cat\/rosal\/wp-content\/uploads\/sites\/117\/2024\/08\/332-Rosal-Manresa-scaled.jpg\" title=\"Capella de Sant Jaume de les Torres de Bages.\"><img loading=\"lazy\" decoding=\"async\" src=\"https:\/\/www.memoria.cat\/rosal\/wp-content\/uploads\/sites\/117\/2024\/08\/332-Rosal-Manresa-scaled.jpg\" alt=\"Capella de Sant Jaume de les Torres de Bages.\" width=\"304\" height=\"230\" \/><\/a><p class=\"jig-HTMLdescription\">Capella de Sant Jaume de les Torres de Bages.<\/p><\/li><li><a href=\"https:\/\/www.memoria.cat\/rosal\/wp-content\/uploads\/sites\/117\/2024\/08\/453-Rosal-Manresa-scaled.jpg\" title=\"Capella de Sant Jaume de les Torres de Bages.\"><img loading=\"lazy\" decoding=\"async\" src=\"https:\/\/www.memoria.cat\/rosal\/wp-content\/uploads\/sites\/117\/2024\/08\/453-Rosal-Manresa-scaled.jpg\" alt=\"Capella de Sant Jaume de les Torres de Bages.\" width=\"129\" height=\"230\" \/><\/a><p class=\"jig-HTMLdescription\">Capella de Sant Jaume de les Torres de Bages.<\/p><\/li><li><a href=\"https:\/\/www.memoria.cat\/rosal\/wp-content\/uploads\/sites\/117\/2024\/08\/311-Rosal-Manresa-scaled.jpg\" title=\"Dip\u00f2sit d\u2019aigua del mas.\"><img loading=\"lazy\" decoding=\"async\" src=\"https:\/\/www.memoria.cat\/rosal\/wp-content\/uploads\/sites\/117\/2024\/08\/311-Rosal-Manresa-scaled.jpg\" alt=\"Dip\u00f2sit d\u2019aigua del mas.\" width=\"304\" height=\"230\" \/><\/a><p class=\"jig-HTMLdescription\">Dip\u00f2sit d\u2019aigua del mas.<\/p><\/li><li><a href=\"https:\/\/www.memoria.cat\/rosal\/wp-content\/uploads\/sites\/117\/2024\/08\/331-Rosal-Manresa-scaled.jpg\" title=\"Dip\u00f2sit d\u2019aigua del mas.\"><img loading=\"lazy\" decoding=\"async\" src=\"https:\/\/www.memoria.cat\/rosal\/wp-content\/uploads\/sites\/117\/2024\/08\/331-Rosal-Manresa-scaled.jpg\" alt=\"Dip\u00f2sit d\u2019aigua del mas.\" width=\"304\" height=\"230\" \/><\/a><p class=\"jig-HTMLdescription\">Dip\u00f2sit d\u2019aigua del mas.<\/p><\/li><li><a href=\"https:\/\/www.memoria.cat\/rosal\/wp-content\/uploads\/sites\/117\/2024\/08\/452-Rosal-Manresa-scaled.jpg\" title=\"Dip\u00f2sit d\u2019aigua del mas.\"><img loading=\"lazy\" decoding=\"async\" src=\"https:\/\/www.memoria.cat\/rosal\/wp-content\/uploads\/sites\/117\/2024\/08\/452-Rosal-Manresa-scaled.jpg\" alt=\"Dip\u00f2sit d\u2019aigua del mas.\" width=\"408\" height=\"230\" \/><\/a><p class=\"jig-HTMLdescription\">Dip\u00f2sit d\u2019aigua del mas.<\/p><\/li><li><a href=\"https:\/\/www.memoria.cat\/rosal\/wp-content\/uploads\/sites\/117\/2024\/08\/672-Rosal-Manresa-scaled.jpg\" title=\"Obres de construcci\u00f3 del dip\u00f2sit d\u2019aigua, fet l\u2019any 1930.\"><img loading=\"lazy\" decoding=\"async\" src=\"https:\/\/www.memoria.cat\/rosal\/wp-content\/uploads\/sites\/117\/2024\/08\/672-Rosal-Manresa-scaled.jpg\" alt=\"Obres de construcci\u00f3 del dip\u00f2sit d\u2019aigua, fet l\u2019any 1930.\" width=\"319\" height=\"230\" \/><\/a><p class=\"jig-HTMLdescription\">Obres de construcci\u00f3 del dip\u00f2sit d\u2019aigua, fet l\u2019any 1930.<\/p><\/li><li><a href=\"https:\/\/www.memoria.cat\/rosal\/wp-content\/uploads\/sites\/117\/2024\/08\/328-Rosal-Manresa-scaled.jpg\" title=\"Ramal del Poal de la s\u00e8quia de Manresa, a l\u2019al\u00e7ada de l\u2019aq\u00fceducte per on se salva la via del tren a S\u00faria. La fotografia est\u00e0 feta des del mateix aq\u00fceducte. Al costat d\u2019aquest, hi ha el cam\u00ed que surt de davant del Pont Llarg i va fins al mas de les Torres de Bages.\"><img loading=\"lazy\" decoding=\"async\" src=\"https:\/\/www.memoria.cat\/rosal\/wp-content\/uploads\/sites\/117\/2024\/08\/328-Rosal-Manresa-scaled.jpg\" alt=\"Ramal del Poal de la s\u00e8quia de Manresa, a l\u2019al\u00e7ada de l\u2019aq\u00fceducte per on se salva la via del tren a S\u00faria. La fotografia est\u00e0 feta des del mateix aq\u00fceducte. Al costat d\u2019aquest, hi ha el cam\u00ed que surt de davant del Pont Llarg i va fins al mas de les Torres de Bages.\" width=\"304\" height=\"230\" \/><\/a><p class=\"jig-HTMLdescription\">Ramal del Poal de la s\u00e8quia de Manresa, a l\u2019al\u00e7ada de l\u2019aq\u00fceducte per on se salva la via del tren a S\u00faria. La fotografia est\u00e0 feta des del mateix aq\u00fceducte. Al costat d\u2019aquest, hi ha el cam\u00ed que surt de davant del Pont Llarg i va fins al mas de les Torres de Bages.<\/p><\/li><\/ul><\/noscript><\/div>\n<p>&nbsp;<\/p>\n","protected":false},"excerpt":{"rendered":"<p>El mas de les Torres de Bages, de la parr\u00f2quia de Joncadella, era propietat de la fam\u00edlia de Josep M. Rosal. En aquest apartat podem veure diverses fotografies del mas i del seu entorn proper. &nbsp;<\/p>\n","protected":false},"author":28,"featured_media":0,"parent":73844,"menu_order":0,"comment_status":"closed","ping_status":"closed","template":"","meta":{"iawp_total_views":0,"footnotes":""},"class_list":["post-73933","page","type-page","status-publish","hentry"],"_links":{"self":[{"href":"https:\/\/www.memoria.cat\/rosal\/wp-json\/wp\/v2\/pages\/73933","targetHints":{"allow":["GET"]}}],"collection":[{"href":"https:\/\/www.memoria.cat\/rosal\/wp-json\/wp\/v2\/pages"}],"about":[{"href":"https:\/\/www.memoria.cat\/rosal\/wp-json\/wp\/v2\/types\/page"}],"author":[{"embeddable":true,"href":"https:\/\/www.memoria.cat\/rosal\/wp-json\/wp\/v2\/users\/28"}],"replies":[{"embeddable":true,"href":"https:\/\/www.memoria.cat\/rosal\/wp-json\/wp\/v2\/comments?post=73933"}],"version-history":[{"count":0,"href":"https:\/\/www.memoria.cat\/rosal\/wp-json\/wp\/v2\/pages\/73933\/revisions"}],"up":[{"embeddable":true,"href":"https:\/\/www.memoria.cat\/rosal\/wp-json\/wp\/v2\/pages\/73844"}],"wp:attachment":[{"href":"https:\/\/www.memoria.cat\/rosal\/wp-json\/wp\/v2\/media?parent=73933"}],"curies":[{"name":"wp","href":"https:\/\/api.w.org\/{rel}","templated":true}]}}