{"id":73915,"date":"2024-02-05T18:45:10","date_gmt":"2024-02-05T17:45:10","guid":{"rendered":"https:\/\/www.memoria.cat\/rosal\/?page_id=73915"},"modified":"2024-08-16T10:07:03","modified_gmt":"2024-08-16T09:07:03","slug":"lesglesia-de-sant-pere-martir","status":"publish","type":"page","link":"https:\/\/www.memoria.cat\/rosal\/fons-fotografic\/enderrocs-desglesies-manresanes\/lesglesia-de-sant-pere-martir\/","title":{"rendered":"L&#8217;esgl\u00e9sia de Sant Pere M\u00e0rtir"},"content":{"rendered":"<p>L\u2019esgl\u00e9sia g\u00f2tica de Sant Pere M\u00e0rtir es va construir el segle XIV i formava part del convent de predicadors de Manresa. Amb l\u2019exclaustraci\u00f3 de 1834 els frares van marxar i el 1877 s\u2019hi va crear la parr\u00f2quia de Sant Pere M\u00e0rtir. L\u2019edifici del convent dels dominics va ser convertit en Teatre Conservatori. La porta d\u2019entrada a l\u2019esgl\u00e9sia era davant de la Buresa i l&#8217;absis entrava dins de l\u2019actual carrer de la Muralla i formava part de l\u2019estructura de la muralla medieval. La capella del Roser acollia un valu\u00f3s retaule barroc que va ser salvat de les flames i ara ocupa la sala barroca del Museu Comarcal de Manresa.<\/p>\n<p>Del conjunt d&#8217;esgl\u00e9sies, es va considerar que aquesta era la que presentava menys inter\u00e8s hist\u00f2ric i art\u00edstic, de manera que fins i tot l\u2019Ajuntament (contrari als enderrocaments, per\u00f2 sense marge de maniobra pol\u00edtica) va autoritzar-ne la demolici\u00f3 per fer realitat un vell projecte urban\u00edstic: la gran pla\u00e7a de Sant Dom\u00e8nec. Un cop ensorrat el temple, es va construir un refugi antiaeri a la paret del Teatre Conservatori<\/p>\n<div id=\"jig1\" class=\"justified-image-grid jig-507e9124bbef14ee0a2ac6e7d0108e1d jig-preset-c1 jig-source-wp-gallery jig-rml-id-49\"><div class=\"jig-clearfix\"><\/div><noscript id=\"jig1-html\" class=\"justified-image-grid-html\" data-lazy-src=\"skiplazyload\" data-src=\"skipunveillazyload\"><ul><li><a href=\"https:\/\/www.memoria.cat\/rosal\/wp-content\/uploads\/sites\/117\/2024\/08\/nd-41-st-domSnec-Rosal-Manresa-scaled.jpg\"><img fetchpriority=\"high\" decoding=\"async\" src=\"https:\/\/www.memoria.cat\/rosal\/wp-content\/uploads\/sites\/117\/2024\/08\/nd-41-st-domSnec-Rosal-Manresa-scaled.jpg\" alt=\"\" width=\"332\" height=\"230\" \/><\/a><\/li><li><a href=\"https:\/\/www.memoria.cat\/rosal\/wp-content\/uploads\/sites\/117\/2024\/08\/nd-40-st-domSnec-Rosal-Manresa-scaled.jpg\"><img decoding=\"async\" src=\"https:\/\/www.memoria.cat\/rosal\/wp-content\/uploads\/sites\/117\/2024\/08\/nd-40-st-domSnec-Rosal-Manresa-scaled.jpg\" alt=\"\" width=\"334\" height=\"230\" \/><\/a><\/li><li><a href=\"https:\/\/www.memoria.cat\/rosal\/wp-content\/uploads\/sites\/117\/2024\/08\/nd-39-st-domSnec-Rosal-Manresa-scaled.jpg\"><img decoding=\"async\" src=\"https:\/\/www.memoria.cat\/rosal\/wp-content\/uploads\/sites\/117\/2024\/08\/nd-39-st-domSnec-Rosal-Manresa-scaled.jpg\" alt=\"\" width=\"335\" height=\"230\" \/><\/a><\/li><li><a href=\"https:\/\/www.memoria.cat\/rosal\/wp-content\/uploads\/sites\/117\/2024\/08\/c8f6-Rosal-Manresa-scaled.jpg\"><img loading=\"lazy\" decoding=\"async\" src=\"https:\/\/www.memoria.cat\/rosal\/wp-content\/uploads\/sites\/117\/2024\/08\/c8f6-Rosal-Manresa-scaled.jpg\" alt=\"\" width=\"345\" height=\"230\" \/><\/a><\/li><li><a href=\"https:\/\/www.memoria.cat\/rosal\/wp-content\/uploads\/sites\/117\/2024\/08\/c8f5-Rosal-Manresa-scaled.jpg\"><img loading=\"lazy\" decoding=\"async\" src=\"https:\/\/www.memoria.cat\/rosal\/wp-content\/uploads\/sites\/117\/2024\/08\/c8f5-Rosal-Manresa-scaled.jpg\" alt=\"\" width=\"153\" height=\"230\" \/><\/a><\/li><li><a href=\"https:\/\/www.memoria.cat\/rosal\/wp-content\/uploads\/sites\/117\/2024\/08\/c8f4-Rosal-Manresa-scaled.jpg\"><img loading=\"lazy\" decoding=\"async\" src=\"https:\/\/www.memoria.cat\/rosal\/wp-content\/uploads\/sites\/117\/2024\/08\/c8f4-Rosal-Manresa-scaled.jpg\" alt=\"\" width=\"153\" height=\"230\" \/><\/a><\/li><li><a href=\"https:\/\/www.memoria.cat\/rosal\/wp-content\/uploads\/sites\/117\/2024\/08\/c8f33-Rosal-Manresa-scaled.jpg\"><img loading=\"lazy\" decoding=\"async\" src=\"https:\/\/www.memoria.cat\/rosal\/wp-content\/uploads\/sites\/117\/2024\/08\/c8f33-Rosal-Manresa-scaled.jpg\" alt=\"\" width=\"153\" height=\"230\" \/><\/a><\/li><li><a href=\"https:\/\/www.memoria.cat\/rosal\/wp-content\/uploads\/sites\/117\/2024\/08\/c8f30-Rosal-Manresa-scaled.jpg\"><img loading=\"lazy\" decoding=\"async\" src=\"https:\/\/www.memoria.cat\/rosal\/wp-content\/uploads\/sites\/117\/2024\/08\/c8f30-Rosal-Manresa-scaled.jpg\" alt=\"\" width=\"345\" height=\"230\" \/><\/a><\/li><li><a href=\"https:\/\/www.memoria.cat\/rosal\/wp-content\/uploads\/sites\/117\/2024\/08\/c8f31-Rosal-Manresa-scaled.jpg\"><img loading=\"lazy\" decoding=\"async\" src=\"https:\/\/www.memoria.cat\/rosal\/wp-content\/uploads\/sites\/117\/2024\/08\/c8f31-Rosal-Manresa-scaled.jpg\" alt=\"\" width=\"153\" height=\"230\" \/><\/a><\/li><\/ul><\/noscript><\/div>\n<p>&nbsp;<\/p>\n","protected":false},"excerpt":{"rendered":"<p>L\u2019esgl\u00e9sia g\u00f2tica de Sant Pere M\u00e0rtir es va construir el segle XIV i formava part del convent de predicadors de Manresa. Amb l\u2019exclaustraci\u00f3 de 1834 els frares van marxar i el 1877 s\u2019hi va crear la parr\u00f2quia de Sant Pere M\u00e0rtir. L\u2019edifici del convent dels dominics va ser convertit en Teatre Conservatori. La porta d\u2019entrada [&hellip;]<\/p>\n","protected":false},"author":28,"featured_media":0,"parent":73837,"menu_order":0,"comment_status":"closed","ping_status":"closed","template":"","meta":{"iawp_total_views":6,"footnotes":""},"class_list":["post-73915","page","type-page","status-publish","hentry"],"_links":{"self":[{"href":"https:\/\/www.memoria.cat\/rosal\/wp-json\/wp\/v2\/pages\/73915","targetHints":{"allow":["GET"]}}],"collection":[{"href":"https:\/\/www.memoria.cat\/rosal\/wp-json\/wp\/v2\/pages"}],"about":[{"href":"https:\/\/www.memoria.cat\/rosal\/wp-json\/wp\/v2\/types\/page"}],"author":[{"embeddable":true,"href":"https:\/\/www.memoria.cat\/rosal\/wp-json\/wp\/v2\/users\/28"}],"replies":[{"embeddable":true,"href":"https:\/\/www.memoria.cat\/rosal\/wp-json\/wp\/v2\/comments?post=73915"}],"version-history":[{"count":0,"href":"https:\/\/www.memoria.cat\/rosal\/wp-json\/wp\/v2\/pages\/73915\/revisions"}],"up":[{"embeddable":true,"href":"https:\/\/www.memoria.cat\/rosal\/wp-json\/wp\/v2\/pages\/73837"}],"wp:attachment":[{"href":"https:\/\/www.memoria.cat\/rosal\/wp-json\/wp\/v2\/media?parent=73915"}],"curies":[{"name":"wp","href":"https:\/\/api.w.org\/{rel}","templated":true}]}}