{"id":73913,"date":"2024-02-05T18:44:37","date_gmt":"2024-02-05T17:44:37","guid":{"rendered":"https:\/\/www.memoria.cat\/rosal\/?page_id=73913"},"modified":"2024-08-16T10:02:52","modified_gmt":"2024-08-16T09:02:52","slug":"el-convent-de-les-caputxines","status":"publish","type":"page","link":"https:\/\/www.memoria.cat\/rosal\/fons-fotografic\/enderrocs-desglesies-manresanes\/el-convent-de-les-caputxines\/","title":{"rendered":"El convent de les Caputxines"},"content":{"rendered":"<p>El convent de les Caputxines havia estat fundat l\u2019any 1638 i en la construcci\u00f3 del seu claustre es van reaprofitar columnes i capitells g\u00f2tics del desaparegut monestir de Valldaura, que es trobava a l\u2019inici del carrer del C\u00f3s. L\u2019edifici del convent, molt auster, ja va patir importants destrosses durant la Setmana Tr\u00e0gica (1909), per\u00f2 s\u2019havia respectat el claustre. Amb l\u2019inici de la guerra es va enderrocar tot el convent, claustre incl\u00f2s. Josep M. Rosal, segurament conscient de la import\u00e0ncia art\u00edstica dels capitells del claustre, va fer un ampli reportatge fotogr\u00e0fic de les columnes i dels capitells g\u00f2tics mentre s\u2019estava duent a terme l\u2019enderroc.<\/p>\n<p>Acabada la guerra es va reconstruir el convent i el claustre, per al qual es van tornar a utilitzar els capitells i columnes que s\u2019havien salvat i guardat al Museu que, durant el per\u00edode de la guerra, es va instal\u00b7lar a la Cova de Sant Ignasi.<\/p>\n<div id=\"jig1\" class=\"justified-image-grid jig-5884d02606f85d9289e7747c2414ff51 jig-preset-c1 jig-source-wp-gallery jig-rml-id-48\"><div class=\"jig-clearfix\"><\/div><noscript id=\"jig1-html\" class=\"justified-image-grid-html\" data-lazy-src=\"skiplazyload\" data-src=\"skipunveillazyload\"><ul><li><a href=\"https:\/\/www.memoria.cat\/rosal\/wp-content\/uploads\/sites\/117\/2024\/08\/p146-Rosal-Manresa.jpg\"><img decoding=\"async\" src=\"https:\/\/www.memoria.cat\/rosal\/wp-content\/uploads\/sites\/117\/2024\/08\/p146-Rosal-Manresa.jpg\" alt=\"\" width=\"159\" height=\"230\" \/><\/a><\/li><li><a href=\"https:\/\/www.memoria.cat\/rosal\/wp-content\/uploads\/sites\/117\/2024\/08\/p147-Rosal-Manresa.jpg\"><img decoding=\"async\" src=\"https:\/\/www.memoria.cat\/rosal\/wp-content\/uploads\/sites\/117\/2024\/08\/p147-Rosal-Manresa.jpg\" alt=\"\" width=\"159\" height=\"230\" \/><\/a><\/li><li><a href=\"https:\/\/www.memoria.cat\/rosal\/wp-content\/uploads\/sites\/117\/2024\/08\/p148-Rosal-Manresa.jpg\"><img decoding=\"async\" src=\"https:\/\/www.memoria.cat\/rosal\/wp-content\/uploads\/sites\/117\/2024\/08\/p148-Rosal-Manresa.jpg\" alt=\"\" width=\"158\" height=\"230\" \/><\/a><\/li><li><a href=\"https:\/\/www.memoria.cat\/rosal\/wp-content\/uploads\/sites\/117\/2024\/08\/p149-Rosal-Manresa.jpg\"><img loading=\"lazy\" decoding=\"async\" src=\"https:\/\/www.memoria.cat\/rosal\/wp-content\/uploads\/sites\/117\/2024\/08\/p149-Rosal-Manresa.jpg\" alt=\"\" width=\"162\" height=\"230\" \/><\/a><\/li><li><a href=\"https:\/\/www.memoria.cat\/rosal\/wp-content\/uploads\/sites\/117\/2024\/08\/p150-Rosal-Manresa.jpg\"><img loading=\"lazy\" decoding=\"async\" src=\"https:\/\/www.memoria.cat\/rosal\/wp-content\/uploads\/sites\/117\/2024\/08\/p150-Rosal-Manresa.jpg\" alt=\"\" width=\"158\" height=\"230\" \/><\/a><\/li><li><a href=\"https:\/\/www.memoria.cat\/rosal\/wp-content\/uploads\/sites\/117\/2024\/08\/p151-Rosal-Manresa.jpg\"><img loading=\"lazy\" decoding=\"async\" src=\"https:\/\/www.memoria.cat\/rosal\/wp-content\/uploads\/sites\/117\/2024\/08\/p151-Rosal-Manresa.jpg\" alt=\"\" width=\"158\" height=\"230\" \/><\/a><\/li><li><a href=\"https:\/\/www.memoria.cat\/rosal\/wp-content\/uploads\/sites\/117\/2024\/08\/p152-Rosal-Manresa.jpg\"><img loading=\"lazy\" decoding=\"async\" src=\"https:\/\/www.memoria.cat\/rosal\/wp-content\/uploads\/sites\/117\/2024\/08\/p152-Rosal-Manresa.jpg\" alt=\"\" width=\"159\" height=\"230\" \/><\/a><\/li><li><a href=\"https:\/\/www.memoria.cat\/rosal\/wp-content\/uploads\/sites\/117\/2024\/08\/p154-Rosal-Manresa.jpg\"><img loading=\"lazy\" decoding=\"async\" src=\"https:\/\/www.memoria.cat\/rosal\/wp-content\/uploads\/sites\/117\/2024\/08\/p154-Rosal-Manresa.jpg\" alt=\"\" width=\"158\" height=\"230\" \/><\/a><\/li><li><a href=\"https:\/\/www.memoria.cat\/rosal\/wp-content\/uploads\/sites\/117\/2024\/08\/p156-Rosal-Manresa.jpg\"><img loading=\"lazy\" decoding=\"async\" src=\"https:\/\/www.memoria.cat\/rosal\/wp-content\/uploads\/sites\/117\/2024\/08\/p156-Rosal-Manresa.jpg\" alt=\"\" width=\"158\" height=\"230\" \/><\/a><\/li><li><a href=\"https:\/\/www.memoria.cat\/rosal\/wp-content\/uploads\/sites\/117\/2024\/08\/p157-Rosal-Manresa.jpg\"><img loading=\"lazy\" decoding=\"async\" src=\"https:\/\/www.memoria.cat\/rosal\/wp-content\/uploads\/sites\/117\/2024\/08\/p157-Rosal-Manresa.jpg\" alt=\"\" width=\"160\" height=\"230\" \/><\/a><\/li><li><a href=\"https:\/\/www.memoria.cat\/rosal\/wp-content\/uploads\/sites\/117\/2024\/08\/p158-Rosal-Manresa.jpg\"><img loading=\"lazy\" decoding=\"async\" src=\"https:\/\/www.memoria.cat\/rosal\/wp-content\/uploads\/sites\/117\/2024\/08\/p158-Rosal-Manresa.jpg\" alt=\"\" width=\"162\" height=\"230\" \/><\/a><\/li><li><a href=\"https:\/\/www.memoria.cat\/rosal\/wp-content\/uploads\/sites\/117\/2024\/08\/p159-Rosal-Manresa.jpg\"><img loading=\"lazy\" decoding=\"async\" src=\"https:\/\/www.memoria.cat\/rosal\/wp-content\/uploads\/sites\/117\/2024\/08\/p159-Rosal-Manresa.jpg\" alt=\"\" width=\"159\" height=\"230\" \/><\/a><\/li><li><a href=\"https:\/\/www.memoria.cat\/rosal\/wp-content\/uploads\/sites\/117\/2024\/08\/p160-Rosal-Manresa.jpg\"><img loading=\"lazy\" decoding=\"async\" src=\"https:\/\/www.memoria.cat\/rosal\/wp-content\/uploads\/sites\/117\/2024\/08\/p160-Rosal-Manresa.jpg\" alt=\"\" width=\"159\" height=\"230\" \/><\/a><\/li><li><a href=\"https:\/\/www.memoria.cat\/rosal\/wp-content\/uploads\/sites\/117\/2024\/08\/p162-Rosal-Manresa.jpg\"><img loading=\"lazy\" decoding=\"async\" src=\"https:\/\/www.memoria.cat\/rosal\/wp-content\/uploads\/sites\/117\/2024\/08\/p162-Rosal-Manresa.jpg\" alt=\"\" width=\"160\" height=\"230\" \/><\/a><\/li><li><a href=\"https:\/\/www.memoria.cat\/rosal\/wp-content\/uploads\/sites\/117\/2024\/08\/p163-Rosal-Manresa.jpg\"><img loading=\"lazy\" decoding=\"async\" src=\"https:\/\/www.memoria.cat\/rosal\/wp-content\/uploads\/sites\/117\/2024\/08\/p163-Rosal-Manresa.jpg\" alt=\"\" width=\"158\" height=\"230\" \/><\/a><\/li><li><a href=\"https:\/\/www.memoria.cat\/rosal\/wp-content\/uploads\/sites\/117\/2024\/08\/p164-Rosal-Manresa.jpg\"><img loading=\"lazy\" decoding=\"async\" src=\"https:\/\/www.memoria.cat\/rosal\/wp-content\/uploads\/sites\/117\/2024\/08\/p164-Rosal-Manresa.jpg\" alt=\"\" width=\"160\" height=\"230\" \/><\/a><\/li><li><a href=\"https:\/\/www.memoria.cat\/rosal\/wp-content\/uploads\/sites\/117\/2024\/08\/p166-Rosal-Manresa.jpg\"><img loading=\"lazy\" decoding=\"async\" src=\"https:\/\/www.memoria.cat\/rosal\/wp-content\/uploads\/sites\/117\/2024\/08\/p166-Rosal-Manresa.jpg\" alt=\"\" width=\"160\" height=\"230\" \/><\/a><\/li><li><a href=\"https:\/\/www.memoria.cat\/rosal\/wp-content\/uploads\/sites\/117\/2024\/08\/p167-Rosal-Manresa.jpg\"><img loading=\"lazy\" decoding=\"async\" src=\"https:\/\/www.memoria.cat\/rosal\/wp-content\/uploads\/sites\/117\/2024\/08\/p167-Rosal-Manresa.jpg\" alt=\"\" width=\"160\" height=\"230\" \/><\/a><\/li><li><a href=\"https:\/\/www.memoria.cat\/rosal\/wp-content\/uploads\/sites\/117\/2024\/08\/p170-Rosal-Manresa.jpg\"><img loading=\"lazy\" decoding=\"async\" src=\"https:\/\/www.memoria.cat\/rosal\/wp-content\/uploads\/sites\/117\/2024\/08\/p170-Rosal-Manresa.jpg\" alt=\"\" width=\"160\" height=\"230\" \/><\/a><\/li><li><a href=\"https:\/\/www.memoria.cat\/rosal\/wp-content\/uploads\/sites\/117\/2024\/08\/p171-Rosal-Manresa.jpg\"><img loading=\"lazy\" decoding=\"async\" src=\"https:\/\/www.memoria.cat\/rosal\/wp-content\/uploads\/sites\/117\/2024\/08\/p171-Rosal-Manresa.jpg\" alt=\"\" width=\"332\" height=\"230\" \/><\/a><\/li><li><a href=\"https:\/\/www.memoria.cat\/rosal\/wp-content\/uploads\/sites\/117\/2024\/08\/p172-Rosal-Manresa.jpg\"><img loading=\"lazy\" decoding=\"async\" src=\"https:\/\/www.memoria.cat\/rosal\/wp-content\/uploads\/sites\/117\/2024\/08\/p172-Rosal-Manresa.jpg\" alt=\"\" width=\"161\" height=\"230\" \/><\/a><\/li><li><a href=\"https:\/\/www.memoria.cat\/rosal\/wp-content\/uploads\/sites\/117\/2024\/08\/p186-Rosal-Manresa.jpg\"><img loading=\"lazy\" decoding=\"async\" src=\"https:\/\/www.memoria.cat\/rosal\/wp-content\/uploads\/sites\/117\/2024\/08\/p186-Rosal-Manresa.jpg\" alt=\"\" width=\"158\" height=\"230\" \/><\/a><\/li><li><a href=\"https:\/\/www.memoria.cat\/rosal\/wp-content\/uploads\/sites\/117\/2024\/08\/p188-Rosal-Manresa.jpg\"><img loading=\"lazy\" decoding=\"async\" src=\"https:\/\/www.memoria.cat\/rosal\/wp-content\/uploads\/sites\/117\/2024\/08\/p188-Rosal-Manresa.jpg\" alt=\"\" width=\"158\" height=\"230\" \/><\/a><\/li><li><a href=\"https:\/\/www.memoria.cat\/rosal\/wp-content\/uploads\/sites\/117\/2024\/08\/p190-Rosal-Manresa.jpg\"><img loading=\"lazy\" decoding=\"async\" src=\"https:\/\/www.memoria.cat\/rosal\/wp-content\/uploads\/sites\/117\/2024\/08\/p190-Rosal-Manresa.jpg\" alt=\"\" width=\"158\" height=\"230\" \/><\/a><\/li><li><a href=\"https:\/\/www.memoria.cat\/rosal\/wp-content\/uploads\/sites\/117\/2024\/08\/p192-Rosal-Manresa.jpg\"><img loading=\"lazy\" decoding=\"async\" src=\"https:\/\/www.memoria.cat\/rosal\/wp-content\/uploads\/sites\/117\/2024\/08\/p192-Rosal-Manresa.jpg\" alt=\"\" width=\"157\" height=\"230\" \/><\/a><\/li><li><a href=\"https:\/\/www.memoria.cat\/rosal\/wp-content\/uploads\/sites\/117\/2024\/08\/p193-Rosal-Manresa.jpg\"><img loading=\"lazy\" decoding=\"async\" src=\"https:\/\/www.memoria.cat\/rosal\/wp-content\/uploads\/sites\/117\/2024\/08\/p193-Rosal-Manresa.jpg\" alt=\"\" width=\"158\" height=\"230\" \/><\/a><\/li><li><a href=\"https:\/\/www.memoria.cat\/rosal\/wp-content\/uploads\/sites\/117\/2024\/08\/p197-Rosal-Manresa.jpg\"><img loading=\"lazy\" decoding=\"async\" src=\"https:\/\/www.memoria.cat\/rosal\/wp-content\/uploads\/sites\/117\/2024\/08\/p197-Rosal-Manresa.jpg\" alt=\"\" width=\"157\" height=\"230\" \/><\/a><\/li><li><a href=\"https:\/\/www.memoria.cat\/rosal\/wp-content\/uploads\/sites\/117\/2024\/08\/p199-Rosal-Manresa.jpg\"><img loading=\"lazy\" decoding=\"async\" src=\"https:\/\/www.memoria.cat\/rosal\/wp-content\/uploads\/sites\/117\/2024\/08\/p199-Rosal-Manresa.jpg\" alt=\"\" width=\"157\" height=\"230\" \/><\/a><\/li><li><a href=\"https:\/\/www.memoria.cat\/rosal\/wp-content\/uploads\/sites\/117\/2024\/08\/p201-Rosal-Manresa.jpg\"><img loading=\"lazy\" decoding=\"async\" src=\"https:\/\/www.memoria.cat\/rosal\/wp-content\/uploads\/sites\/117\/2024\/08\/p201-Rosal-Manresa.jpg\" alt=\"\" width=\"159\" height=\"230\" \/><\/a><\/li><li><a href=\"https:\/\/www.memoria.cat\/rosal\/wp-content\/uploads\/sites\/117\/2024\/08\/p202-Rosal-Manresa.jpg\"><img loading=\"lazy\" decoding=\"async\" src=\"https:\/\/www.memoria.cat\/rosal\/wp-content\/uploads\/sites\/117\/2024\/08\/p202-Rosal-Manresa.jpg\" alt=\"\" width=\"161\" height=\"230\" \/><\/a><\/li><li><a href=\"https:\/\/www.memoria.cat\/rosal\/wp-content\/uploads\/sites\/117\/2024\/08\/p204-Rosal-Manresa.jpg\"><img loading=\"lazy\" decoding=\"async\" src=\"https:\/\/www.memoria.cat\/rosal\/wp-content\/uploads\/sites\/117\/2024\/08\/p204-Rosal-Manresa.jpg\" alt=\"\" width=\"157\" height=\"230\" \/><\/a><\/li><li><a href=\"https:\/\/www.memoria.cat\/rosal\/wp-content\/uploads\/sites\/117\/2024\/08\/p208-Rosal-Manresa.jpg\"><img loading=\"lazy\" decoding=\"async\" src=\"https:\/\/www.memoria.cat\/rosal\/wp-content\/uploads\/sites\/117\/2024\/08\/p208-Rosal-Manresa.jpg\" alt=\"\" width=\"158\" height=\"230\" \/><\/a><\/li><li><a href=\"https:\/\/www.memoria.cat\/rosal\/wp-content\/uploads\/sites\/117\/2024\/08\/p210-Rosal-Manresa.jpg\"><img loading=\"lazy\" decoding=\"async\" src=\"https:\/\/www.memoria.cat\/rosal\/wp-content\/uploads\/sites\/117\/2024\/08\/p210-Rosal-Manresa.jpg\" alt=\"\" width=\"158\" height=\"230\" \/><\/a><\/li><li><a href=\"https:\/\/www.memoria.cat\/rosal\/wp-content\/uploads\/sites\/117\/2024\/08\/p217-Rosal-Manresa.jpg\"><img loading=\"lazy\" decoding=\"async\" src=\"https:\/\/www.memoria.cat\/rosal\/wp-content\/uploads\/sites\/117\/2024\/08\/p217-Rosal-Manresa.jpg\" alt=\"\" width=\"159\" height=\"230\" \/><\/a><\/li><li><a href=\"https:\/\/www.memoria.cat\/rosal\/wp-content\/uploads\/sites\/117\/2024\/08\/p221-Rosal-Manresa.jpg\"><img loading=\"lazy\" decoding=\"async\" src=\"https:\/\/www.memoria.cat\/rosal\/wp-content\/uploads\/sites\/117\/2024\/08\/p221-Rosal-Manresa.jpg\" alt=\"\" width=\"160\" height=\"230\" \/><\/a><\/li><li><a href=\"https:\/\/www.memoria.cat\/rosal\/wp-content\/uploads\/sites\/117\/2024\/08\/p227-Rosal-Manresa.jpg\"><img loading=\"lazy\" decoding=\"async\" src=\"https:\/\/www.memoria.cat\/rosal\/wp-content\/uploads\/sites\/117\/2024\/08\/p227-Rosal-Manresa.jpg\" alt=\"\" width=\"159\" height=\"230\" \/><\/a><\/li><li><a href=\"https:\/\/www.memoria.cat\/rosal\/wp-content\/uploads\/sites\/117\/2024\/08\/p229-Rosal-Manresa.jpg\"><img loading=\"lazy\" decoding=\"async\" src=\"https:\/\/www.memoria.cat\/rosal\/wp-content\/uploads\/sites\/117\/2024\/08\/p229-Rosal-Manresa.jpg\" alt=\"\" width=\"160\" height=\"230\" \/><\/a><\/li><li><a href=\"https:\/\/www.memoria.cat\/rosal\/wp-content\/uploads\/sites\/117\/2024\/08\/p230-Rosal-Manresa.jpg\"><img loading=\"lazy\" decoding=\"async\" src=\"https:\/\/www.memoria.cat\/rosal\/wp-content\/uploads\/sites\/117\/2024\/08\/p230-Rosal-Manresa.jpg\" alt=\"\" width=\"160\" height=\"230\" \/><\/a><\/li><li><a href=\"https:\/\/www.memoria.cat\/rosal\/wp-content\/uploads\/sites\/117\/2024\/08\/p238-Rosal-Manresa.jpg\"><img loading=\"lazy\" decoding=\"async\" src=\"https:\/\/www.memoria.cat\/rosal\/wp-content\/uploads\/sites\/117\/2024\/08\/p238-Rosal-Manresa.jpg\" alt=\"\" width=\"158\" height=\"230\" \/><\/a><\/li><li><a href=\"https:\/\/www.memoria.cat\/rosal\/wp-content\/uploads\/sites\/117\/2024\/08\/p242-Rosal-Manresa.jpg\"><img loading=\"lazy\" decoding=\"async\" src=\"https:\/\/www.memoria.cat\/rosal\/wp-content\/uploads\/sites\/117\/2024\/08\/p242-Rosal-Manresa.jpg\" alt=\"\" width=\"162\" height=\"230\" \/><\/a><\/li><li><a href=\"https:\/\/www.memoria.cat\/rosal\/wp-content\/uploads\/sites\/117\/2024\/08\/p244-Rosal-Manresa.jpg\"><img loading=\"lazy\" decoding=\"async\" src=\"https:\/\/www.memoria.cat\/rosal\/wp-content\/uploads\/sites\/117\/2024\/08\/p244-Rosal-Manresa.jpg\" alt=\"\" width=\"155\" height=\"230\" \/><\/a><\/li><li><a href=\"https:\/\/www.memoria.cat\/rosal\/wp-content\/uploads\/sites\/117\/2024\/08\/p252-Rosal-Manresa.jpg\"><img loading=\"lazy\" decoding=\"async\" src=\"https:\/\/www.memoria.cat\/rosal\/wp-content\/uploads\/sites\/117\/2024\/08\/p252-Rosal-Manresa.jpg\" alt=\"\" width=\"162\" height=\"230\" \/><\/a><\/li><li><a href=\"https:\/\/www.memoria.cat\/rosal\/wp-content\/uploads\/sites\/117\/2024\/08\/p254-Rosal-Manresa.jpg\"><img loading=\"lazy\" decoding=\"async\" src=\"https:\/\/www.memoria.cat\/rosal\/wp-content\/uploads\/sites\/117\/2024\/08\/p254-Rosal-Manresa.jpg\" alt=\"\" width=\"159\" height=\"230\" \/><\/a><\/li><li><a href=\"https:\/\/www.memoria.cat\/rosal\/wp-content\/uploads\/sites\/117\/2024\/08\/p255-Rosal-Manresa.jpg\"><img loading=\"lazy\" decoding=\"async\" src=\"https:\/\/www.memoria.cat\/rosal\/wp-content\/uploads\/sites\/117\/2024\/08\/p255-Rosal-Manresa.jpg\" alt=\"\" width=\"158\" height=\"230\" \/><\/a><\/li><li><a href=\"https:\/\/www.memoria.cat\/rosal\/wp-content\/uploads\/sites\/117\/2024\/08\/p257-Rosal-Manresa.jpg\"><img loading=\"lazy\" decoding=\"async\" src=\"https:\/\/www.memoria.cat\/rosal\/wp-content\/uploads\/sites\/117\/2024\/08\/p257-Rosal-Manresa.jpg\" alt=\"\" width=\"162\" height=\"230\" \/><\/a><\/li><li><a href=\"https:\/\/www.memoria.cat\/rosal\/wp-content\/uploads\/sites\/117\/2024\/08\/p263-Rosal-Manresa.jpg\"><img loading=\"lazy\" decoding=\"async\" src=\"https:\/\/www.memoria.cat\/rosal\/wp-content\/uploads\/sites\/117\/2024\/08\/p263-Rosal-Manresa.jpg\" alt=\"\" width=\"158\" height=\"230\" \/><\/a><\/li><li><a href=\"https:\/\/www.memoria.cat\/rosal\/wp-content\/uploads\/sites\/117\/2024\/08\/p265-Rosal-Manresa.jpg\"><img loading=\"lazy\" decoding=\"async\" src=\"https:\/\/www.memoria.cat\/rosal\/wp-content\/uploads\/sites\/117\/2024\/08\/p265-Rosal-Manresa.jpg\" alt=\"\" width=\"160\" height=\"230\" \/><\/a><\/li><li><a href=\"https:\/\/www.memoria.cat\/rosal\/wp-content\/uploads\/sites\/117\/2024\/08\/p267-2-Rosal-Manresa.jpg\"><img loading=\"lazy\" decoding=\"async\" src=\"https:\/\/www.memoria.cat\/rosal\/wp-content\/uploads\/sites\/117\/2024\/08\/p267-2-Rosal-Manresa.jpg\" alt=\"\" width=\"155\" height=\"230\" \/><\/a><\/li><li><a href=\"https:\/\/www.memoria.cat\/rosal\/wp-content\/uploads\/sites\/117\/2024\/08\/p270-2-Rosal-Manresa.jpg\"><img loading=\"lazy\" decoding=\"async\" src=\"https:\/\/www.memoria.cat\/rosal\/wp-content\/uploads\/sites\/117\/2024\/08\/p270-2-Rosal-Manresa.jpg\" alt=\"\" width=\"159\" height=\"230\" \/><\/a><\/li><li><a href=\"https:\/\/www.memoria.cat\/rosal\/wp-content\/uploads\/sites\/117\/2024\/08\/p273-Rosal-Manresa.jpg\"><img loading=\"lazy\" decoding=\"async\" src=\"https:\/\/www.memoria.cat\/rosal\/wp-content\/uploads\/sites\/117\/2024\/08\/p273-Rosal-Manresa.jpg\" alt=\"\" width=\"157\" height=\"230\" \/><\/a><\/li><li><a href=\"https:\/\/www.memoria.cat\/rosal\/wp-content\/uploads\/sites\/117\/2024\/08\/p274-Rosal-Manresa.jpg\"><img loading=\"lazy\" decoding=\"async\" src=\"https:\/\/www.memoria.cat\/rosal\/wp-content\/uploads\/sites\/117\/2024\/08\/p274-Rosal-Manresa.jpg\" alt=\"\" width=\"157\" height=\"230\" \/><\/a><\/li><li><a href=\"https:\/\/www.memoria.cat\/rosal\/wp-content\/uploads\/sites\/117\/2024\/08\/p283-Rosal-Manresa.jpg\"><img loading=\"lazy\" decoding=\"async\" src=\"https:\/\/www.memoria.cat\/rosal\/wp-content\/uploads\/sites\/117\/2024\/08\/p283-Rosal-Manresa.jpg\" alt=\"\" width=\"159\" height=\"230\" \/><\/a><\/li><li><a href=\"https:\/\/www.memoria.cat\/rosal\/wp-content\/uploads\/sites\/117\/2024\/08\/p288-Rosal-Manresa.jpg\"><img loading=\"lazy\" decoding=\"async\" src=\"https:\/\/www.memoria.cat\/rosal\/wp-content\/uploads\/sites\/117\/2024\/08\/p288-Rosal-Manresa.jpg\" alt=\"\" width=\"161\" height=\"230\" \/><\/a><\/li><li><a href=\"https:\/\/www.memoria.cat\/rosal\/wp-content\/uploads\/sites\/117\/2024\/08\/p290-Rosal-Manresa.jpg\"><img loading=\"lazy\" decoding=\"async\" src=\"https:\/\/www.memoria.cat\/rosal\/wp-content\/uploads\/sites\/117\/2024\/08\/p290-Rosal-Manresa.jpg\" alt=\"\" width=\"165\" height=\"230\" \/><\/a><\/li><li><a href=\"https:\/\/www.memoria.cat\/rosal\/wp-content\/uploads\/sites\/117\/2024\/08\/p295-Rosal-Manresa.jpg\"><img loading=\"lazy\" decoding=\"async\" src=\"https:\/\/www.memoria.cat\/rosal\/wp-content\/uploads\/sites\/117\/2024\/08\/p295-Rosal-Manresa.jpg\" alt=\"\" width=\"155\" height=\"230\" \/><\/a><\/li><li><a href=\"https:\/\/www.memoria.cat\/rosal\/wp-content\/uploads\/sites\/117\/2024\/08\/p299-Rosal-Manresa.jpg\"><img loading=\"lazy\" decoding=\"async\" src=\"https:\/\/www.memoria.cat\/rosal\/wp-content\/uploads\/sites\/117\/2024\/08\/p299-Rosal-Manresa.jpg\" alt=\"\" width=\"159\" height=\"230\" \/><\/a><\/li><li><a href=\"https:\/\/www.memoria.cat\/rosal\/wp-content\/uploads\/sites\/117\/2024\/08\/p304-Rosal-Manresa.jpg\"><img loading=\"lazy\" decoding=\"async\" src=\"https:\/\/www.memoria.cat\/rosal\/wp-content\/uploads\/sites\/117\/2024\/08\/p304-Rosal-Manresa.jpg\" alt=\"\" width=\"157\" height=\"230\" \/><\/a><\/li><li><a href=\"https:\/\/www.memoria.cat\/rosal\/wp-content\/uploads\/sites\/117\/2024\/08\/p315-Rosal-Manresa.jpg\"><img loading=\"lazy\" decoding=\"async\" src=\"https:\/\/www.memoria.cat\/rosal\/wp-content\/uploads\/sites\/117\/2024\/08\/p315-Rosal-Manresa.jpg\" alt=\"\" width=\"155\" height=\"230\" \/><\/a><\/li><li><a href=\"https:\/\/www.memoria.cat\/rosal\/wp-content\/uploads\/sites\/117\/2024\/08\/p317-Rosal-Manresa.jpg\"><img loading=\"lazy\" decoding=\"async\" src=\"https:\/\/www.memoria.cat\/rosal\/wp-content\/uploads\/sites\/117\/2024\/08\/p317-Rosal-Manresa.jpg\" alt=\"\" width=\"155\" height=\"230\" \/><\/a><\/li><li><a href=\"https:\/\/www.memoria.cat\/rosal\/wp-content\/uploads\/sites\/117\/2024\/08\/p327-Rosal-Manresa.jpg\"><img loading=\"lazy\" decoding=\"async\" src=\"https:\/\/www.memoria.cat\/rosal\/wp-content\/uploads\/sites\/117\/2024\/08\/p327-Rosal-Manresa.jpg\" alt=\"\" width=\"155\" height=\"230\" \/><\/a><\/li><\/ul><\/noscript><\/div>\n","protected":false},"excerpt":{"rendered":"<p>El convent de les Caputxines havia estat fundat l\u2019any 1638 i en la construcci\u00f3 del seu claustre es van reaprofitar columnes i capitells g\u00f2tics del desaparegut monestir de Valldaura, que es trobava a l\u2019inici del carrer del C\u00f3s. L\u2019edifici del convent, molt auster, ja va patir importants destrosses durant la Setmana Tr\u00e0gica (1909), per\u00f2 s\u2019havia [&hellip;]<\/p>\n","protected":false},"author":28,"featured_media":0,"parent":73837,"menu_order":0,"comment_status":"closed","ping_status":"closed","template":"","meta":{"iawp_total_views":6,"footnotes":""},"class_list":["post-73913","page","type-page","status-publish","hentry"],"_links":{"self":[{"href":"https:\/\/www.memoria.cat\/rosal\/wp-json\/wp\/v2\/pages\/73913","targetHints":{"allow":["GET"]}}],"collection":[{"href":"https:\/\/www.memoria.cat\/rosal\/wp-json\/wp\/v2\/pages"}],"about":[{"href":"https:\/\/www.memoria.cat\/rosal\/wp-json\/wp\/v2\/types\/page"}],"author":[{"embeddable":true,"href":"https:\/\/www.memoria.cat\/rosal\/wp-json\/wp\/v2\/users\/28"}],"replies":[{"embeddable":true,"href":"https:\/\/www.memoria.cat\/rosal\/wp-json\/wp\/v2\/comments?post=73913"}],"version-history":[{"count":0,"href":"https:\/\/www.memoria.cat\/rosal\/wp-json\/wp\/v2\/pages\/73913\/revisions"}],"up":[{"embeddable":true,"href":"https:\/\/www.memoria.cat\/rosal\/wp-json\/wp\/v2\/pages\/73837"}],"wp:attachment":[{"href":"https:\/\/www.memoria.cat\/rosal\/wp-json\/wp\/v2\/media?parent=73913"}],"curies":[{"name":"wp","href":"https:\/\/api.w.org\/{rel}","templated":true}]}}