{"id":73911,"date":"2024-02-05T18:44:11","date_gmt":"2024-02-05T17:44:11","guid":{"rendered":"https:\/\/www.memoria.cat\/rosal\/?page_id=73911"},"modified":"2024-08-16T09:52:26","modified_gmt":"2024-08-16T08:52:26","slug":"la-basilica-de-la-seu","status":"publish","type":"page","link":"https:\/\/www.memoria.cat\/rosal\/fons-fotografic\/enderrocs-desglesies-manresanes\/la-basilica-de-la-seu\/","title":{"rendered":"La bas\u00edlica de la Seu"},"content":{"rendered":"<p>La Seu de Manresa va ser projectada per Berenguer de Montagut al voltant de l\u2019any 1322 i constru\u00efda sobre una anterior esgl\u00e9sia rom\u00e0nica. \u00c9s un dels exemples m\u00e9s rellevants del g\u00f2tic catal\u00e0. El p\u00f2rtic neog\u00f2tic de la fa\u00e7ana i el baptisteri, de planta poligonal, foren constru\u00efts entre els anys 1916 i 1934, sota la direcci\u00f3 de l\u2019arquitecte Alexandre Soler i March, amb l\u2019assessorament d\u2019Antoni Gaud\u00ed.<\/p>\n<p>Despr\u00e9s d\u2019un primer saqueig de l\u2019interior la segona quinzena de juliol de 1936, durant l\u2019estiu i tardor seg\u00fcents, la bas\u00edlica de la Seu tamb\u00e9 va estar a punt de ser enderrocada. Finalment, despr\u00e9s de m\u00faltiples gestions i d\u2019una campanya a la premsa local en defensa del valor art\u00edstic i arquitect\u00f2nic de l\u2019edifici, se\u2019n va poder limitar l\u2019enderroc a l\u2019agulla neog\u00f2tica piramidal del campanar \u2013aixecada el segle XX-, un edifici g\u00f2tic annex a la cap\u00e7alera, on hi havia les sagristies del Remei i de Sant Pere, i el cor de fusteria i pedra, que estava situat al mig de la nau de l\u2019esgl\u00e9sia.<\/p>\n<div id=\"jig1\" class=\"justified-image-grid jig-7d89d2b0b651f80da5de69047cb6588b jig-preset-c3 jig-source-wp-gallery jig-rml-id-47\"><div class=\"jig-clearfix\"><\/div><noscript id=\"jig1-html\" class=\"justified-image-grid-html\" data-lazy-src=\"skiplazyload\" data-src=\"skipunveillazyload\"><ul><li><a href=\"https:\/\/www.memoria.cat\/rosal\/wp-content\/uploads\/sites\/117\/2024\/08\/494-seu-Rosal-Manresa-scaled.jpg\" title=\"La paret del tancament del cor durant el seu desmuntatge i enderrocament\"><img fetchpriority=\"high\" decoding=\"async\" src=\"https:\/\/www.memoria.cat\/rosal\/wp-content\/uploads\/sites\/117\/2024\/08\/494-seu-Rosal-Manresa-scaled.jpg\" alt=\"La paret del tancament del cor durant el seu desmuntatge i enderrocament\" width=\"407\" height=\"230\" \/><\/a><p class=\"jig-HTMLdescription\">La paret del tancament del cor durant el seu desmuntatge i enderrocament<\/p><\/li><li><a href=\"https:\/\/www.memoria.cat\/rosal\/wp-content\/uploads\/sites\/117\/2024\/08\/nd-9-Rosal-Manresa-scaled.jpg\" title=\"La paret del tancament del cor durant el seu desmuntatge i enderrocament\"><img decoding=\"async\" src=\"https:\/\/www.memoria.cat\/rosal\/wp-content\/uploads\/sites\/117\/2024\/08\/nd-9-Rosal-Manresa-scaled.jpg\" alt=\"La paret del tancament del cor durant el seu desmuntatge i enderrocament\" width=\"171\" height=\"230\" \/><\/a><p class=\"jig-HTMLdescription\">La paret del tancament del cor durant el seu desmuntatge i enderrocament<\/p><\/li><li><a href=\"https:\/\/www.memoria.cat\/rosal\/wp-content\/uploads\/sites\/117\/2024\/08\/nd-8-Rosal-Manresa-scaled.jpg\" title=\"La paret del tancament del cor durant el seu desmuntatge i enderrocament\"><img decoding=\"async\" src=\"https:\/\/www.memoria.cat\/rosal\/wp-content\/uploads\/sites\/117\/2024\/08\/nd-8-Rosal-Manresa-scaled.jpg\" alt=\"La paret del tancament del cor durant el seu desmuntatge i enderrocament\" width=\"158\" height=\"230\" \/><\/a><p class=\"jig-HTMLdescription\">La paret del tancament del cor durant el seu desmuntatge i enderrocament<\/p><\/li><li><a href=\"https:\/\/www.memoria.cat\/rosal\/wp-content\/uploads\/sites\/117\/2024\/08\/c7f1-Rosal-Manresa-scaled.jpg\" title=\"La paret del tancament del cor durant el seu desmuntatge i enderrocament\"><img loading=\"lazy\" decoding=\"async\" src=\"https:\/\/www.memoria.cat\/rosal\/wp-content\/uploads\/sites\/117\/2024\/08\/c7f1-Rosal-Manresa-scaled.jpg\" alt=\"La paret del tancament del cor durant el seu desmuntatge i enderrocament\" width=\"153\" height=\"230\" \/><\/a><p class=\"jig-HTMLdescription\">La paret del tancament del cor durant el seu desmuntatge i enderrocament<\/p><\/li><li><a href=\"https:\/\/www.memoria.cat\/rosal\/wp-content\/uploads\/sites\/117\/2024\/08\/c12f3-Rosal-Manresa-1-scaled.jpg\" title=\"L\u2019agulla del campanar, poc abans de ser desmuntada\"><img loading=\"lazy\" decoding=\"async\" src=\"https:\/\/www.memoria.cat\/rosal\/wp-content\/uploads\/sites\/117\/2024\/08\/c12f3-Rosal-Manresa-1-scaled.jpg\" alt=\"L\u2019agulla del campanar, poc abans de ser desmuntada\" width=\"153\" height=\"230\" \/><\/a><p class=\"jig-HTMLdescription\">L\u2019agulla del campanar, poc abans de ser desmuntada<\/p><\/li><li><a href=\"https:\/\/www.memoria.cat\/rosal\/wp-content\/uploads\/sites\/117\/2024\/08\/c13f2-Rosal-Manresa-scaled.jpg\" title=\"L\u2019agulla del campanar, poc abans de ser desmuntada\"><img loading=\"lazy\" decoding=\"async\" src=\"https:\/\/www.memoria.cat\/rosal\/wp-content\/uploads\/sites\/117\/2024\/08\/c13f2-Rosal-Manresa-scaled.jpg\" alt=\"L\u2019agulla del campanar, poc abans de ser desmuntada\" width=\"345\" height=\"230\" \/><\/a><p class=\"jig-HTMLdescription\">L\u2019agulla del campanar, poc abans de ser desmuntada<\/p><\/li><li><a href=\"https:\/\/www.memoria.cat\/rosal\/wp-content\/uploads\/sites\/117\/2024\/08\/c2f8-Rosal-Manresa-scaled.jpg\" title=\"L\u2019agulla del campanar, poc abans de ser desmuntada\"><img loading=\"lazy\" decoding=\"async\" src=\"https:\/\/www.memoria.cat\/rosal\/wp-content\/uploads\/sites\/117\/2024\/08\/c2f8-Rosal-Manresa-scaled.jpg\" alt=\"L\u2019agulla del campanar, poc abans de ser desmuntada\" width=\"153\" height=\"230\" \/><\/a><p class=\"jig-HTMLdescription\">L\u2019agulla del campanar, poc abans de ser desmuntada<\/p><\/li><li><a href=\"https:\/\/www.memoria.cat\/rosal\/wp-content\/uploads\/sites\/117\/2024\/08\/c11f32-Rosal-Manresa-1-scaled.jpg\" title=\"Desmuntatge de l\u2019agulla del campanar\"><img loading=\"lazy\" decoding=\"async\" src=\"https:\/\/www.memoria.cat\/rosal\/wp-content\/uploads\/sites\/117\/2024\/08\/c11f32-Rosal-Manresa-1-scaled.jpg\" alt=\"Desmuntatge de l\u2019agulla del campanar\" width=\"345\" height=\"230\" \/><\/a><p class=\"jig-HTMLdescription\">Desmuntatge de l\u2019agulla del campanar<\/p><\/li><li><a href=\"https:\/\/www.memoria.cat\/rosal\/wp-content\/uploads\/sites\/117\/2024\/08\/c12f2-Rosal-Manresa-scaled.jpg\" title=\"Desmuntatge de l\u2019agulla del campanar\"><img loading=\"lazy\" decoding=\"async\" src=\"https:\/\/www.memoria.cat\/rosal\/wp-content\/uploads\/sites\/117\/2024\/08\/c12f2-Rosal-Manresa-scaled.jpg\" alt=\"Desmuntatge de l\u2019agulla del campanar\" width=\"345\" height=\"230\" \/><\/a><p class=\"jig-HTMLdescription\">Desmuntatge de l\u2019agulla del campanar<\/p><\/li><li><a href=\"https:\/\/www.memoria.cat\/rosal\/wp-content\/uploads\/sites\/117\/2024\/08\/c12f20-Rosal-Manresa-scaled.jpg\" title=\"Desmuntatge de l\u2019agulla del campanar\"><img loading=\"lazy\" decoding=\"async\" src=\"https:\/\/www.memoria.cat\/rosal\/wp-content\/uploads\/sites\/117\/2024\/08\/c12f20-Rosal-Manresa-scaled.jpg\" alt=\"Desmuntatge de l\u2019agulla del campanar\" width=\"153\" height=\"230\" \/><\/a><p class=\"jig-HTMLdescription\">Desmuntatge de l\u2019agulla del campanar<\/p><\/li><li><a href=\"https:\/\/www.memoria.cat\/rosal\/wp-content\/uploads\/sites\/117\/2024\/08\/c16f6-Rosal-Manresa-scaled.jpg\" title=\"Desmuntatge de l\u2019agulla del campanar\"><img loading=\"lazy\" decoding=\"async\" src=\"https:\/\/www.memoria.cat\/rosal\/wp-content\/uploads\/sites\/117\/2024\/08\/c16f6-Rosal-Manresa-scaled.jpg\" alt=\"Desmuntatge de l\u2019agulla del campanar\" width=\"153\" height=\"230\" \/><\/a><p class=\"jig-HTMLdescription\">Desmuntatge de l\u2019agulla del campanar<\/p><\/li><li><a href=\"https:\/\/www.memoria.cat\/rosal\/wp-content\/uploads\/sites\/117\/2024\/08\/c11f14-Rosal-Manresa-scaled.jpg\" title=\"Desmuntatge de l\u2019agulla del campanar\"><img loading=\"lazy\" decoding=\"async\" src=\"https:\/\/www.memoria.cat\/rosal\/wp-content\/uploads\/sites\/117\/2024\/08\/c11f14-Rosal-Manresa-scaled.jpg\" alt=\"Desmuntatge de l\u2019agulla del campanar\" width=\"153\" height=\"230\" \/><\/a><p class=\"jig-HTMLdescription\">Desmuntatge de l\u2019agulla del campanar<\/p><\/li><li><a href=\"https:\/\/www.memoria.cat\/rosal\/wp-content\/uploads\/sites\/117\/2024\/08\/nd-5-Rosal-Manresa-scaled.jpg\" title=\"Desmuntatge de l\u2019agulla del campanar\"><img loading=\"lazy\" decoding=\"async\" src=\"https:\/\/www.memoria.cat\/rosal\/wp-content\/uploads\/sites\/117\/2024\/08\/nd-5-Rosal-Manresa-scaled.jpg\" alt=\"Desmuntatge de l\u2019agulla del campanar\" width=\"347\" height=\"230\" \/><\/a><p class=\"jig-HTMLdescription\">Desmuntatge de l\u2019agulla del campanar<\/p><\/li><li><a href=\"https:\/\/www.memoria.cat\/rosal\/wp-content\/uploads\/sites\/117\/2024\/08\/nd-4-Rosal-Manresa-scaled.jpg\" title=\"Desmuntatge de l\u2019agulla del campanar\"><img loading=\"lazy\" decoding=\"async\" src=\"https:\/\/www.memoria.cat\/rosal\/wp-content\/uploads\/sites\/117\/2024\/08\/nd-4-Rosal-Manresa-scaled.jpg\" alt=\"Desmuntatge de l\u2019agulla del campanar\" width=\"145\" height=\"230\" \/><\/a><p class=\"jig-HTMLdescription\">Desmuntatge de l\u2019agulla del campanar<\/p><\/li><li><a href=\"https:\/\/www.memoria.cat\/rosal\/wp-content\/uploads\/sites\/117\/2024\/08\/c11f35-Rosal-Manresa-scaled.jpg\" title=\"Desmuntatge de l\u2019agulla del campanar\"><img loading=\"lazy\" decoding=\"async\" src=\"https:\/\/www.memoria.cat\/rosal\/wp-content\/uploads\/sites\/117\/2024\/08\/c11f35-Rosal-Manresa-scaled.jpg\" alt=\"Desmuntatge de l\u2019agulla del campanar\" width=\"153\" height=\"230\" \/><\/a><p class=\"jig-HTMLdescription\">Desmuntatge de l\u2019agulla del campanar<\/p><\/li><li><a href=\"https:\/\/www.memoria.cat\/rosal\/wp-content\/uploads\/sites\/117\/2024\/08\/nd-6-Rosal-Manresa-scaled.jpg\" title=\"Desmuntatge de l\u2019agulla del campanar\"><img loading=\"lazy\" decoding=\"async\" src=\"https:\/\/www.memoria.cat\/rosal\/wp-content\/uploads\/sites\/117\/2024\/08\/nd-6-Rosal-Manresa-scaled.jpg\" alt=\"Desmuntatge de l\u2019agulla del campanar\" width=\"341\" height=\"230\" \/><\/a><p class=\"jig-HTMLdescription\">Desmuntatge de l\u2019agulla del campanar<\/p><\/li><li><a href=\"https:\/\/www.memoria.cat\/rosal\/wp-content\/uploads\/sites\/117\/2024\/08\/c11f32-Rosal-Manresa-scaled.jpg\" title=\"Desmuntatge de l\u2019agulla del campanar\"><img loading=\"lazy\" decoding=\"async\" src=\"https:\/\/www.memoria.cat\/rosal\/wp-content\/uploads\/sites\/117\/2024\/08\/c11f32-Rosal-Manresa-scaled.jpg\" alt=\"Desmuntatge de l\u2019agulla del campanar\" width=\"345\" height=\"230\" \/><\/a><p class=\"jig-HTMLdescription\">Desmuntatge de l\u2019agulla del campanar<\/p><\/li><li><a href=\"https:\/\/www.memoria.cat\/rosal\/wp-content\/uploads\/sites\/117\/2024\/08\/c11f30-Rosal-Manresa-scaled.jpg\" title=\"Desmuntatge de l\u2019agulla del campanar\"><img loading=\"lazy\" decoding=\"async\" src=\"https:\/\/www.memoria.cat\/rosal\/wp-content\/uploads\/sites\/117\/2024\/08\/c11f30-Rosal-Manresa-scaled.jpg\" alt=\"Desmuntatge de l\u2019agulla del campanar\" width=\"345\" height=\"230\" \/><\/a><p class=\"jig-HTMLdescription\">Desmuntatge de l\u2019agulla del campanar<\/p><\/li><li><a href=\"https:\/\/www.memoria.cat\/rosal\/wp-content\/uploads\/sites\/117\/2024\/08\/c11f29-Rosal-Manresa-scaled.jpg\" title=\"Desmuntatge de l\u2019agulla del campanar\"><img loading=\"lazy\" decoding=\"async\" src=\"https:\/\/www.memoria.cat\/rosal\/wp-content\/uploads\/sites\/117\/2024\/08\/c11f29-Rosal-Manresa-scaled.jpg\" alt=\"Desmuntatge de l\u2019agulla del campanar\" width=\"345\" height=\"230\" \/><\/a><p class=\"jig-HTMLdescription\">Desmuntatge de l\u2019agulla del campanar<\/p><\/li><li><a href=\"https:\/\/www.memoria.cat\/rosal\/wp-content\/uploads\/sites\/117\/2024\/08\/c11f28-Rosal-Manresa-scaled.jpg\" title=\"Desmuntatge de l\u2019agulla del campanar\"><img loading=\"lazy\" decoding=\"async\" src=\"https:\/\/www.memoria.cat\/rosal\/wp-content\/uploads\/sites\/117\/2024\/08\/c11f28-Rosal-Manresa-scaled.jpg\" alt=\"Desmuntatge de l\u2019agulla del campanar\" width=\"345\" height=\"230\" \/><\/a><p class=\"jig-HTMLdescription\">Desmuntatge de l\u2019agulla del campanar<\/p><\/li><li><a href=\"https:\/\/www.memoria.cat\/rosal\/wp-content\/uploads\/sites\/117\/2024\/08\/c11f23-Rosal-Manresa-scaled.jpg\" title=\"Desmuntatge de l\u2019agulla del campanar\"><img loading=\"lazy\" decoding=\"async\" src=\"https:\/\/www.memoria.cat\/rosal\/wp-content\/uploads\/sites\/117\/2024\/08\/c11f23-Rosal-Manresa-scaled.jpg\" alt=\"Desmuntatge de l\u2019agulla del campanar\" width=\"153\" height=\"230\" \/><\/a><p class=\"jig-HTMLdescription\">Desmuntatge de l\u2019agulla del campanar<\/p><\/li><li><a href=\"https:\/\/www.memoria.cat\/rosal\/wp-content\/uploads\/sites\/117\/2024\/08\/c11f22-Rosal-Manresa-scaled.jpg\" title=\"Desmuntatge de l\u2019agulla del campanar\"><img loading=\"lazy\" decoding=\"async\" src=\"https:\/\/www.memoria.cat\/rosal\/wp-content\/uploads\/sites\/117\/2024\/08\/c11f22-Rosal-Manresa-scaled.jpg\" alt=\"Desmuntatge de l\u2019agulla del campanar\" width=\"345\" height=\"230\" \/><\/a><p class=\"jig-HTMLdescription\">Desmuntatge de l\u2019agulla del campanar<\/p><\/li><li><a href=\"https:\/\/www.memoria.cat\/rosal\/wp-content\/uploads\/sites\/117\/2024\/08\/c11f20-Rosal-Manresa-scaled.jpg\" title=\"Desmuntatge de l\u2019agulla del campanar\"><img loading=\"lazy\" decoding=\"async\" src=\"https:\/\/www.memoria.cat\/rosal\/wp-content\/uploads\/sites\/117\/2024\/08\/c11f20-Rosal-Manresa-scaled.jpg\" alt=\"Desmuntatge de l\u2019agulla del campanar\" width=\"345\" height=\"230\" \/><\/a><p class=\"jig-HTMLdescription\">Desmuntatge de l\u2019agulla del campanar<\/p><\/li><li><a href=\"https:\/\/www.memoria.cat\/rosal\/wp-content\/uploads\/sites\/117\/2024\/08\/c11f19-Rosal-Manresa-scaled.jpg\" title=\"Desmuntatge de l\u2019agulla del campanar\"><img loading=\"lazy\" decoding=\"async\" src=\"https:\/\/www.memoria.cat\/rosal\/wp-content\/uploads\/sites\/117\/2024\/08\/c11f19-Rosal-Manresa-scaled.jpg\" alt=\"Desmuntatge de l\u2019agulla del campanar\" width=\"345\" height=\"230\" \/><\/a><p class=\"jig-HTMLdescription\">Desmuntatge de l\u2019agulla del campanar<\/p><\/li><li><a href=\"https:\/\/www.memoria.cat\/rosal\/wp-content\/uploads\/sites\/117\/2024\/08\/c11f18-Rosal-Manresa-scaled.jpg\" title=\"Desmuntatge de l\u2019agulla del campanar\"><img loading=\"lazy\" decoding=\"async\" src=\"https:\/\/www.memoria.cat\/rosal\/wp-content\/uploads\/sites\/117\/2024\/08\/c11f18-Rosal-Manresa-scaled.jpg\" alt=\"Desmuntatge de l\u2019agulla del campanar\" width=\"345\" height=\"230\" \/><\/a><p class=\"jig-HTMLdescription\">Desmuntatge de l\u2019agulla del campanar<\/p><\/li><li><a href=\"https:\/\/www.memoria.cat\/rosal\/wp-content\/uploads\/sites\/117\/2024\/08\/c8f26-Rosal-Manresa-scaled.jpg\" title=\"Desmuntatge de l\u2019agulla del campanar\"><img loading=\"lazy\" decoding=\"async\" src=\"https:\/\/www.memoria.cat\/rosal\/wp-content\/uploads\/sites\/117\/2024\/08\/c8f26-Rosal-Manresa-scaled.jpg\" alt=\"Desmuntatge de l\u2019agulla del campanar\" width=\"345\" height=\"230\" \/><\/a><p class=\"jig-HTMLdescription\">Desmuntatge de l\u2019agulla del campanar<\/p><\/li><li><a href=\"https:\/\/www.memoria.cat\/rosal\/wp-content\/uploads\/sites\/117\/2024\/08\/c12f23-Rosal-Manresa-scaled.jpg\" title=\"Desmuntatge de l\u2019agulla del campanar\"><img loading=\"lazy\" decoding=\"async\" src=\"https:\/\/www.memoria.cat\/rosal\/wp-content\/uploads\/sites\/117\/2024\/08\/c12f23-Rosal-Manresa-scaled.jpg\" alt=\"Desmuntatge de l\u2019agulla del campanar\" width=\"345\" height=\"230\" \/><\/a><p class=\"jig-HTMLdescription\">Desmuntatge de l\u2019agulla del campanar<\/p><\/li><li><a href=\"https:\/\/www.memoria.cat\/rosal\/wp-content\/uploads\/sites\/117\/2024\/08\/c12f22-Rosal-Manresa-scaled.jpg\" title=\"Desmuntatge de l\u2019agulla del campanar\"><img loading=\"lazy\" decoding=\"async\" src=\"https:\/\/www.memoria.cat\/rosal\/wp-content\/uploads\/sites\/117\/2024\/08\/c12f22-Rosal-Manresa-scaled.jpg\" alt=\"Desmuntatge de l\u2019agulla del campanar\" width=\"345\" height=\"230\" \/><\/a><p class=\"jig-HTMLdescription\">Desmuntatge de l\u2019agulla del campanar<\/p><\/li><li><a href=\"https:\/\/www.memoria.cat\/rosal\/wp-content\/uploads\/sites\/117\/2024\/08\/c12f1-Rosal-Manresa-scaled.jpg\" title=\"Desmuntatge de l\u2019agulla del campanar\"><img loading=\"lazy\" decoding=\"async\" src=\"https:\/\/www.memoria.cat\/rosal\/wp-content\/uploads\/sites\/117\/2024\/08\/c12f1-Rosal-Manresa-scaled.jpg\" alt=\"Desmuntatge de l\u2019agulla del campanar\" width=\"153\" height=\"230\" \/><\/a><p class=\"jig-HTMLdescription\">Desmuntatge de l\u2019agulla del campanar<\/p><\/li><li><a href=\"https:\/\/www.memoria.cat\/rosal\/wp-content\/uploads\/sites\/117\/2024\/08\/nd-3-Rosal-Manresa-scaled.jpg\" title=\"Desmuntatge de l\u2019agulla del campanar\"><img loading=\"lazy\" decoding=\"async\" src=\"https:\/\/www.memoria.cat\/rosal\/wp-content\/uploads\/sites\/117\/2024\/08\/nd-3-Rosal-Manresa-scaled.jpg\" alt=\"Desmuntatge de l\u2019agulla del campanar\" width=\"351\" height=\"230\" \/><\/a><p class=\"jig-HTMLdescription\">Desmuntatge de l\u2019agulla del campanar<\/p><\/li><li><a href=\"https:\/\/www.memoria.cat\/rosal\/wp-content\/uploads\/sites\/117\/2024\/08\/nd-2-Rosal-Manresa-scaled.jpg\" title=\"Desmuntatge de l\u2019agulla del campanar\"><img loading=\"lazy\" decoding=\"async\" src=\"https:\/\/www.memoria.cat\/rosal\/wp-content\/uploads\/sites\/117\/2024\/08\/nd-2-Rosal-Manresa-scaled.jpg\" alt=\"Desmuntatge de l\u2019agulla del campanar\" width=\"336\" height=\"230\" \/><\/a><p class=\"jig-HTMLdescription\">Desmuntatge de l\u2019agulla del campanar<\/p><\/li><li><a href=\"https:\/\/www.memoria.cat\/rosal\/wp-content\/uploads\/sites\/117\/2024\/08\/c12f3-Rosal-Manresa-scaled.jpg\" title=\"Desmuntatge de l\u2019agulla del campanar\"><img loading=\"lazy\" decoding=\"async\" src=\"https:\/\/www.memoria.cat\/rosal\/wp-content\/uploads\/sites\/117\/2024\/08\/c12f3-Rosal-Manresa-scaled.jpg\" alt=\"Desmuntatge de l\u2019agulla del campanar\" width=\"153\" height=\"230\" \/><\/a><p class=\"jig-HTMLdescription\">Desmuntatge de l\u2019agulla del campanar<\/p><\/li><li><a href=\"https:\/\/www.memoria.cat\/rosal\/wp-content\/uploads\/sites\/117\/2024\/08\/c3f24-Rosal-Manresa-scaled.jpg\" title=\"La bas\u00edlica, sense l\u2019agulla del campanar\"><img loading=\"lazy\" decoding=\"async\" src=\"https:\/\/www.memoria.cat\/rosal\/wp-content\/uploads\/sites\/117\/2024\/08\/c3f24-Rosal-Manresa-scaled.jpg\" alt=\"La bas\u00edlica, sense l\u2019agulla del campanar\" width=\"345\" height=\"230\" \/><\/a><p class=\"jig-HTMLdescription\">La bas\u00edlica, sense l\u2019agulla del campanar<\/p><\/li><li><a href=\"https:\/\/www.memoria.cat\/rosal\/wp-content\/uploads\/sites\/117\/2024\/08\/c3f25-Rosal-Manresa-scaled.jpg\" title=\"La bas\u00edlica, sense l\u2019agulla del campanar\"><img loading=\"lazy\" decoding=\"async\" src=\"https:\/\/www.memoria.cat\/rosal\/wp-content\/uploads\/sites\/117\/2024\/08\/c3f25-Rosal-Manresa-scaled.jpg\" alt=\"La bas\u00edlica, sense l\u2019agulla del campanar\" width=\"345\" height=\"230\" \/><\/a><p class=\"jig-HTMLdescription\">La bas\u00edlica, sense l\u2019agulla del campanar<\/p><\/li><li><a href=\"https:\/\/www.memoria.cat\/rosal\/wp-content\/uploads\/sites\/117\/2024\/08\/c3f26-Rosal-Manresa-scaled.jpg\" title=\"La bas\u00edlica, sense l\u2019agulla del campanar\"><img loading=\"lazy\" decoding=\"async\" src=\"https:\/\/www.memoria.cat\/rosal\/wp-content\/uploads\/sites\/117\/2024\/08\/c3f26-Rosal-Manresa-scaled.jpg\" alt=\"La bas\u00edlica, sense l\u2019agulla del campanar\" width=\"345\" height=\"230\" \/><\/a><p class=\"jig-HTMLdescription\">La bas\u00edlica, sense l\u2019agulla del campanar<\/p><\/li><li><a href=\"https:\/\/www.memoria.cat\/rosal\/wp-content\/uploads\/sites\/117\/2024\/08\/c3f23-Rosal-Manresa-scaled.jpg\" title=\"La bas\u00edlica, sense l\u2019agulla del campanar\"><img loading=\"lazy\" decoding=\"async\" src=\"https:\/\/www.memoria.cat\/rosal\/wp-content\/uploads\/sites\/117\/2024\/08\/c3f23-Rosal-Manresa-scaled.jpg\" alt=\"La bas\u00edlica, sense l\u2019agulla del campanar\" width=\"153\" height=\"230\" \/><\/a><p class=\"jig-HTMLdescription\">La bas\u00edlica, sense l\u2019agulla del campanar<\/p><\/li><li><a href=\"https:\/\/www.memoria.cat\/rosal\/wp-content\/uploads\/sites\/117\/2024\/08\/c15f35-Rosal-Manresa-scaled.jpg\" title=\"La bas\u00edlica, sense l\u2019agulla del campanar\"><img loading=\"lazy\" decoding=\"async\" src=\"https:\/\/www.memoria.cat\/rosal\/wp-content\/uploads\/sites\/117\/2024\/08\/c15f35-Rosal-Manresa-scaled.jpg\" alt=\"La bas\u00edlica, sense l\u2019agulla del campanar\" width=\"153\" height=\"230\" \/><\/a><p class=\"jig-HTMLdescription\">La bas\u00edlica, sense l\u2019agulla del campanar<\/p><\/li><li><a href=\"https:\/\/www.memoria.cat\/rosal\/wp-content\/uploads\/sites\/117\/2024\/08\/nd-7-Rosal-Manresa.jpg\" title=\"Fotografia de l\u2019interior de la Seu. En primer terme, un dels dos lleons esculpits que hi ha al costat de la capella de l\u2019Esperit Sant\"><img loading=\"lazy\" decoding=\"async\" src=\"https:\/\/www.memoria.cat\/rosal\/wp-content\/uploads\/sites\/117\/2024\/08\/nd-7-Rosal-Manresa.jpg\" alt=\"Fotografia de l\u2019interior de la Seu. En primer terme, un dels dos lleons esculpits que hi ha al costat de la capella de l\u2019Esperit Sant\" width=\"167\" height=\"230\" \/><\/a><p class=\"jig-HTMLdescription\">Fotografia de l\u2019interior de la Seu. En primer terme, un dels dos lleons esculpits que hi ha al costat de la capella de l\u2019Esperit Sant<\/p><\/li><li><a href=\"https:\/\/www.memoria.cat\/rosal\/wp-content\/uploads\/sites\/117\/2024\/08\/nd-13-Rosal-Manresa-scaled.jpg\" title=\"Interior de la Seu\"><img loading=\"lazy\" decoding=\"async\" src=\"https:\/\/www.memoria.cat\/rosal\/wp-content\/uploads\/sites\/117\/2024\/08\/nd-13-Rosal-Manresa-scaled.jpg\" alt=\"Interior de la Seu\" width=\"157\" height=\"230\" \/><\/a><p class=\"jig-HTMLdescription\">Interior de la Seu<\/p><\/li><li><a href=\"https:\/\/www.memoria.cat\/rosal\/wp-content\/uploads\/sites\/117\/2024\/08\/c9f3-Rosal-Manresa-scaled.jpg\" title=\"Interior de la Seu\"><img loading=\"lazy\" decoding=\"async\" src=\"https:\/\/www.memoria.cat\/rosal\/wp-content\/uploads\/sites\/117\/2024\/08\/c9f3-Rosal-Manresa-scaled.jpg\" alt=\"Interior de la Seu\" width=\"345\" height=\"230\" \/><\/a><p class=\"jig-HTMLdescription\">Interior de la Seu<\/p><\/li><li><a href=\"https:\/\/www.memoria.cat\/rosal\/wp-content\/uploads\/sites\/117\/2024\/08\/c9f1-Rosal-Manresa-scaled.jpg\" title=\"Interior de la Seu\"><img loading=\"lazy\" decoding=\"async\" src=\"https:\/\/www.memoria.cat\/rosal\/wp-content\/uploads\/sites\/117\/2024\/08\/c9f1-Rosal-Manresa-scaled.jpg\" alt=\"Interior de la Seu\" width=\"153\" height=\"230\" \/><\/a><p class=\"jig-HTMLdescription\">Interior de la Seu<\/p><\/li><li><a href=\"https:\/\/www.memoria.cat\/rosal\/wp-content\/uploads\/sites\/117\/2024\/08\/c9f4-Rosal-Manresa-scaled.jpg\" title=\"Interior de la Seu\"><img loading=\"lazy\" decoding=\"async\" src=\"https:\/\/www.memoria.cat\/rosal\/wp-content\/uploads\/sites\/117\/2024\/08\/c9f4-Rosal-Manresa-scaled.jpg\" alt=\"Interior de la Seu\" width=\"153\" height=\"230\" \/><\/a><p class=\"jig-HTMLdescription\">Interior de la Seu<\/p><\/li><\/ul><\/noscript><\/div>\n<p>&nbsp;<\/p>\n","protected":false},"excerpt":{"rendered":"<p>La Seu de Manresa va ser projectada per Berenguer de Montagut al voltant de l\u2019any 1322 i constru\u00efda sobre una anterior esgl\u00e9sia rom\u00e0nica. \u00c9s un dels exemples m\u00e9s rellevants del g\u00f2tic catal\u00e0. El p\u00f2rtic neog\u00f2tic de la fa\u00e7ana i el baptisteri, de planta poligonal, foren constru\u00efts entre els anys 1916 i 1934, sota la direcci\u00f3 [&hellip;]<\/p>\n","protected":false},"author":28,"featured_media":0,"parent":73837,"menu_order":0,"comment_status":"closed","ping_status":"closed","template":"","meta":{"iawp_total_views":2,"footnotes":""},"class_list":["post-73911","page","type-page","status-publish","hentry"],"_links":{"self":[{"href":"https:\/\/www.memoria.cat\/rosal\/wp-json\/wp\/v2\/pages\/73911","targetHints":{"allow":["GET"]}}],"collection":[{"href":"https:\/\/www.memoria.cat\/rosal\/wp-json\/wp\/v2\/pages"}],"about":[{"href":"https:\/\/www.memoria.cat\/rosal\/wp-json\/wp\/v2\/types\/page"}],"author":[{"embeddable":true,"href":"https:\/\/www.memoria.cat\/rosal\/wp-json\/wp\/v2\/users\/28"}],"replies":[{"embeddable":true,"href":"https:\/\/www.memoria.cat\/rosal\/wp-json\/wp\/v2\/comments?post=73911"}],"version-history":[{"count":0,"href":"https:\/\/www.memoria.cat\/rosal\/wp-json\/wp\/v2\/pages\/73911\/revisions"}],"up":[{"embeddable":true,"href":"https:\/\/www.memoria.cat\/rosal\/wp-json\/wp\/v2\/pages\/73837"}],"wp:attachment":[{"href":"https:\/\/www.memoria.cat\/rosal\/wp-json\/wp\/v2\/media?parent=73911"}],"curies":[{"name":"wp","href":"https:\/\/api.w.org\/{rel}","templated":true}]}}