{"id":73887,"date":"2024-02-05T18:34:16","date_gmt":"2024-02-05T17:34:16","guid":{"rendered":"https:\/\/www.memoria.cat\/rosal\/?page_id=73887"},"modified":"2024-08-14T19:16:05","modified_gmt":"2024-08-14T18:16:05","slug":"piscina-municipal","status":"publish","type":"page","link":"https:\/\/www.memoria.cat\/rosal\/fons-fotografic\/fotos-de-manresa\/piscina-municipal\/","title":{"rendered":"Piscina municipal"},"content":{"rendered":"<p>En els \u00faltims anys de la segona d\u00e8cada del segle XX va comen\u00e7ar una \u00e0mplia campanya ciutadana per tal que es constru\u00eds una piscina a la ciutat amb la qual eliminar els perills i la manca d\u2019higiene que comportaven els banys p\u00fablics al riu, les rieres i els canals dels voltants de la ciutat. La manca de voluntat inicial de l\u2019Ajuntament va desapar\u00e8ixer amb el nou govern municipal republic\u00e0 i l\u2019abril de 1932 ja s\u2019aprovava el projecte de construcci\u00f3 d\u2019una piscina municipal als jardins i horts de l\u2019antic Col\u00b7legi de Sant Ignasi. Les obres van comen\u00e7ar el 20 de maig i la nova piscina i les seves instal\u00b7lacions es van inaugurar el 27 d\u2019agost de 1932, dins dels actes de la Festa Major de la ciutat. La piscina era de 25 metres de llargada per 14 d\u2019amplada i amb una profunditat que anava dels 1,10 als 3,50 metres. Les instal\u00b7lacions es completaven amb uns vestuaris amb vuit departaments amb cabuda de 25 persones cadascun, dutxes i dos sol\u00e0riums.<\/p>\n<div id=\"jig1\" class=\"justified-image-grid jig-fdb25f044068d333aada982dc50c9d99 jig-preset-c3 jig-source-wp-gallery jig-rml-id-9\"><div class=\"jig-clearfix\"><\/div><noscript id=\"jig1-html\" class=\"justified-image-grid-html\" data-lazy-src=\"skiplazyload\" data-src=\"skipunveillazyload\"><ul><li><a href=\"https:\/\/www.memoria.cat\/rosal\/wp-content\/uploads\/sites\/117\/2024\/08\/155-Rosal-Manresa-scaled.jpg\" title=\"Comen\u00e7ament de les obres de construcci\u00f3 de la piscina. Al fons hi veiem els edificis dels Tints Balti\u00e9rrez i de la F\u00e0brica Nova.\"><img fetchpriority=\"high\" decoding=\"async\" src=\"https:\/\/www.memoria.cat\/rosal\/wp-content\/uploads\/sites\/117\/2024\/08\/155-Rosal-Manresa-scaled.jpg\" alt=\"Comen\u00e7ament de les obres de construcci\u00f3 de la piscina. Al fons hi veiem els edificis dels Tints Balti\u00e9rrez i de la F\u00e0brica Nova.\" width=\"304\" height=\"230\" \/><\/a><p class=\"jig-HTMLdescription\">Comen\u00e7ament de les obres de construcci\u00f3 de la piscina. Al fons hi veiem els edificis dels Tints Balti\u00e9rrez i de la F\u00e0brica Nova.<\/p><\/li><li><a href=\"https:\/\/www.memoria.cat\/rosal\/wp-content\/uploads\/sites\/117\/2024\/08\/200-Rosal-Manresa-scaled.jpg\" title=\"Comen\u00e7ament de les obres de construcci\u00f3 de la piscina. Al fons es veuen els arbres del pati del Col\u00b7legi de Sant Ignasi i al seu darrera, les parets de l\u2019edifici.\"><img decoding=\"async\" src=\"https:\/\/www.memoria.cat\/rosal\/wp-content\/uploads\/sites\/117\/2024\/08\/200-Rosal-Manresa-scaled.jpg\" alt=\"Comen\u00e7ament de les obres de construcci\u00f3 de la piscina. Al fons es veuen els arbres del pati del Col\u00b7legi de Sant Ignasi i al seu darrera, les parets de l\u2019edifici.\" width=\"301\" height=\"230\" \/><\/a><p class=\"jig-HTMLdescription\">Comen\u00e7ament de les obres de construcci\u00f3 de la piscina. Al fons es veuen els arbres del pati del Col\u00b7legi de Sant Ignasi i al seu darrera, les parets de l\u2019edifici.<\/p><\/li><li><a href=\"https:\/\/www.memoria.cat\/rosal\/wp-content\/uploads\/sites\/117\/2024\/08\/361-Rosal-Manresa-scaled.jpg\" title=\"Treballs de buidatge del terreny per a fer el forat de la piscina.\"><img decoding=\"async\" src=\"https:\/\/www.memoria.cat\/rosal\/wp-content\/uploads\/sites\/117\/2024\/08\/361-Rosal-Manresa-scaled.jpg\" alt=\"Treballs de buidatge del terreny per a fer el forat de la piscina.\" width=\"304\" height=\"230\" \/><\/a><p class=\"jig-HTMLdescription\">Treballs de buidatge del terreny per a fer el forat de la piscina.<\/p><\/li><li><a href=\"https:\/\/www.memoria.cat\/rosal\/wp-content\/uploads\/sites\/117\/2024\/08\/366-Rosal-Manresa-scaled.jpg\" title=\"Treballs de buidatge del terreny per a fer el forat de la piscina.\"><img loading=\"lazy\" decoding=\"async\" src=\"https:\/\/www.memoria.cat\/rosal\/wp-content\/uploads\/sites\/117\/2024\/08\/366-Rosal-Manresa-scaled.jpg\" alt=\"Treballs de buidatge del terreny per a fer el forat de la piscina.\" width=\"304\" height=\"230\" \/><\/a><p class=\"jig-HTMLdescription\">Treballs de buidatge del terreny per a fer el forat de la piscina.<\/p><\/li><li><a href=\"https:\/\/www.memoria.cat\/rosal\/wp-content\/uploads\/sites\/117\/2024\/08\/367-Rosal-Manresa-scaled.jpg\" title=\"Treballs de buidatge del terreny per a fer el forat de la piscina.\"><img loading=\"lazy\" decoding=\"async\" src=\"https:\/\/www.memoria.cat\/rosal\/wp-content\/uploads\/sites\/117\/2024\/08\/367-Rosal-Manresa-scaled.jpg\" alt=\"Treballs de buidatge del terreny per a fer el forat de la piscina.\" width=\"304\" height=\"230\" \/><\/a><p class=\"jig-HTMLdescription\">Treballs de buidatge del terreny per a fer el forat de la piscina.<\/p><\/li><li><a href=\"https:\/\/www.memoria.cat\/rosal\/wp-content\/uploads\/sites\/117\/2024\/08\/383-Rosal-Manresa-scaled.jpg\" title=\"Treballs de buidatge del terreny per a fer el forat de la piscina.\"><img loading=\"lazy\" decoding=\"async\" src=\"https:\/\/www.memoria.cat\/rosal\/wp-content\/uploads\/sites\/117\/2024\/08\/383-Rosal-Manresa-scaled.jpg\" alt=\"Treballs de buidatge del terreny per a fer el forat de la piscina.\" width=\"304\" height=\"230\" \/><\/a><p class=\"jig-HTMLdescription\">Treballs de buidatge del terreny per a fer el forat de la piscina.<\/p><\/li><li><a href=\"https:\/\/www.memoria.cat\/rosal\/wp-content\/uploads\/sites\/117\/2024\/08\/120-Rosal-Manresa-scaled.jpg\" title=\"Pati del Col\u00b7legi de Sant Ignasi, abans de comen\u00e7ar les obres de la piscina.\"><img loading=\"lazy\" decoding=\"async\" src=\"https:\/\/www.memoria.cat\/rosal\/wp-content\/uploads\/sites\/117\/2024\/08\/120-Rosal-Manresa-scaled.jpg\" alt=\"Pati del Col\u00b7legi de Sant Ignasi, abans de comen\u00e7ar les obres de la piscina.\" width=\"301\" height=\"230\" \/><\/a><p class=\"jig-HTMLdescription\">Pati del Col\u00b7legi de Sant Ignasi, abans de comen\u00e7ar les obres de la piscina.<\/p><\/li><li><a href=\"https:\/\/www.memoria.cat\/rosal\/wp-content\/uploads\/sites\/117\/2024\/08\/143-Rosal-Manresa-scaled.jpg\" title=\"El forat de la piscina ja fet i amb el pendent dels fons de la piscina ja definit.\"><img loading=\"lazy\" decoding=\"async\" src=\"https:\/\/www.memoria.cat\/rosal\/wp-content\/uploads\/sites\/117\/2024\/08\/143-Rosal-Manresa-scaled.jpg\" alt=\"El forat de la piscina ja fet i amb el pendent dels fons de la piscina ja definit.\" width=\"302\" height=\"230\" \/><\/a><p class=\"jig-HTMLdescription\">El forat de la piscina ja fet i amb el pendent dels fons de la piscina ja definit.<\/p><\/li><li><a href=\"https:\/\/www.memoria.cat\/rosal\/wp-content\/uploads\/sites\/117\/2024\/08\/286-Rosal-Manresa-scaled.jpg\" title=\"El forat de la piscina ja fet i amb el pendent dels fons de la piscina ja definit.\"><img loading=\"lazy\" decoding=\"async\" src=\"https:\/\/www.memoria.cat\/rosal\/wp-content\/uploads\/sites\/117\/2024\/08\/286-Rosal-Manresa-scaled.jpg\" alt=\"El forat de la piscina ja fet i amb el pendent dels fons de la piscina ja definit.\" width=\"303\" height=\"230\" \/><\/a><p class=\"jig-HTMLdescription\">El forat de la piscina ja fet i amb el pendent dels fons de la piscina ja definit.<\/p><\/li><li><a href=\"https:\/\/www.memoria.cat\/rosal\/wp-content\/uploads\/sites\/117\/2024\/08\/285-Rosal-Manresa-scaled.jpg\" title=\"Darrers obres d\u2019acabament de la piscina.\"><img loading=\"lazy\" decoding=\"async\" src=\"https:\/\/www.memoria.cat\/rosal\/wp-content\/uploads\/sites\/117\/2024\/08\/285-Rosal-Manresa-scaled.jpg\" alt=\"Darrers obres d\u2019acabament de la piscina.\" width=\"303\" height=\"230\" \/><\/a><p class=\"jig-HTMLdescription\">Darrers obres d\u2019acabament de la piscina.<\/p><\/li><li><a href=\"https:\/\/www.memoria.cat\/rosal\/wp-content\/uploads\/sites\/117\/2024\/08\/142-Rosal-Manresa-scaled.jpg\" title=\"Detalls de la piscina ja acabada per\u00f2 encara buida.\"><img loading=\"lazy\" decoding=\"async\" src=\"https:\/\/www.memoria.cat\/rosal\/wp-content\/uploads\/sites\/117\/2024\/08\/142-Rosal-Manresa-scaled.jpg\" alt=\"Detalls de la piscina ja acabada per\u00f2 encara buida.\" width=\"302\" height=\"230\" \/><\/a><p class=\"jig-HTMLdescription\">Detalls de la piscina ja acabada per\u00f2 encara buida.<\/p><\/li><li><a href=\"https:\/\/www.memoria.cat\/rosal\/wp-content\/uploads\/sites\/117\/2024\/08\/141-Rosal-Manresa-scaled.jpg\" title=\"Detalls de la piscina ja acabada per\u00f2 encara buida.\"><img loading=\"lazy\" decoding=\"async\" src=\"https:\/\/www.memoria.cat\/rosal\/wp-content\/uploads\/sites\/117\/2024\/08\/141-Rosal-Manresa-scaled.jpg\" alt=\"Detalls de la piscina ja acabada per\u00f2 encara buida.\" width=\"301\" height=\"230\" \/><\/a><p class=\"jig-HTMLdescription\">Detalls de la piscina ja acabada per\u00f2 encara buida.<\/p><\/li><li><a href=\"https:\/\/www.memoria.cat\/rosal\/wp-content\/uploads\/sites\/117\/2024\/08\/196-Rosal-Manresa-scaled.jpg\" title=\"Moment en qu\u00e8 la piscina es comen\u00e7a a omplir d\u2019aigua.\"><img loading=\"lazy\" decoding=\"async\" src=\"https:\/\/www.memoria.cat\/rosal\/wp-content\/uploads\/sites\/117\/2024\/08\/196-Rosal-Manresa-scaled.jpg\" alt=\"Moment en qu\u00e8 la piscina es comen\u00e7a a omplir d\u2019aigua.\" width=\"301\" height=\"230\" \/><\/a><p class=\"jig-HTMLdescription\">Moment en qu\u00e8 la piscina es comen\u00e7a a omplir d\u2019aigua.<\/p><\/li><li><a href=\"https:\/\/www.memoria.cat\/rosal\/wp-content\/uploads\/sites\/117\/2024\/08\/287-Rosal-Manresa-scaled.jpg\" title=\"Moment en qu\u00e8 la piscina es comen\u00e7a a omplir d\u2019aigua.\"><img loading=\"lazy\" decoding=\"async\" src=\"https:\/\/www.memoria.cat\/rosal\/wp-content\/uploads\/sites\/117\/2024\/08\/287-Rosal-Manresa-scaled.jpg\" alt=\"Moment en qu\u00e8 la piscina es comen\u00e7a a omplir d\u2019aigua.\" width=\"303\" height=\"230\" \/><\/a><p class=\"jig-HTMLdescription\">Moment en qu\u00e8 la piscina es comen\u00e7a a omplir d\u2019aigua.<\/p><\/li><li><a href=\"https:\/\/www.memoria.cat\/rosal\/wp-content\/uploads\/sites\/117\/2024\/08\/139-Rosal-Manresa-scaled.jpg\" title=\"Amb la piscina ja feta, els operaris treballen en les instal\u00b7lacions.\"><img loading=\"lazy\" decoding=\"async\" src=\"https:\/\/www.memoria.cat\/rosal\/wp-content\/uploads\/sites\/117\/2024\/08\/139-Rosal-Manresa-scaled.jpg\" alt=\"Amb la piscina ja feta, els operaris treballen en les instal\u00b7lacions.\" width=\"301\" height=\"230\" \/><\/a><p class=\"jig-HTMLdescription\">Amb la piscina ja feta, els operaris treballen en les instal\u00b7lacions.<\/p><\/li><li><a href=\"https:\/\/www.memoria.cat\/rosal\/wp-content\/uploads\/sites\/117\/2024\/08\/757-Rosal-Manresa-scaled.jpg\" title=\"Amb la piscina ja feta, els operaris treballen en les instal\u00b7lacions.\"><img loading=\"lazy\" decoding=\"async\" src=\"https:\/\/www.memoria.cat\/rosal\/wp-content\/uploads\/sites\/117\/2024\/08\/757-Rosal-Manresa-scaled.jpg\" alt=\"Amb la piscina ja feta, els operaris treballen en les instal\u00b7lacions.\" width=\"323\" height=\"230\" \/><\/a><p class=\"jig-HTMLdescription\">Amb la piscina ja feta, els operaris treballen en les instal\u00b7lacions.<\/p><\/li><li><a href=\"https:\/\/www.memoria.cat\/rosal\/wp-content\/uploads\/sites\/117\/2024\/08\/761-Rosal-Manresa-scaled.jpg\" title=\"Amb la piscina ja feta, els operaris treballen en les instal\u00b7lacions.\"><img loading=\"lazy\" decoding=\"async\" src=\"https:\/\/www.memoria.cat\/rosal\/wp-content\/uploads\/sites\/117\/2024\/08\/761-Rosal-Manresa-scaled.jpg\" alt=\"Amb la piscina ja feta, els operaris treballen en les instal\u00b7lacions.\" width=\"317\" height=\"230\" \/><\/a><p class=\"jig-HTMLdescription\">Amb la piscina ja feta, els operaris treballen en les instal\u00b7lacions.<\/p><\/li><li><a href=\"https:\/\/www.memoria.cat\/rosal\/wp-content\/uploads\/sites\/117\/2024\/08\/760-Rosal-Manresa-scaled.jpg\" title=\"Amb la piscina ja feta, els operaris treballen en les instal\u00b7lacions.\"><img loading=\"lazy\" decoding=\"async\" src=\"https:\/\/www.memoria.cat\/rosal\/wp-content\/uploads\/sites\/117\/2024\/08\/760-Rosal-Manresa-scaled.jpg\" alt=\"Amb la piscina ja feta, els operaris treballen en les instal\u00b7lacions.\" width=\"312\" height=\"230\" \/><\/a><p class=\"jig-HTMLdescription\">Amb la piscina ja feta, els operaris treballen en les instal\u00b7lacions.<\/p><\/li><li><a href=\"https:\/\/www.memoria.cat\/rosal\/wp-content\/uploads\/sites\/117\/2024\/08\/486-Rosal-Manresa-scaled.jpg\" title=\"La piscina ja acabada i en \u00fas.\"><img loading=\"lazy\" decoding=\"async\" src=\"https:\/\/www.memoria.cat\/rosal\/wp-content\/uploads\/sites\/117\/2024\/08\/486-Rosal-Manresa-scaled.jpg\" alt=\"La piscina ja acabada i en \u00fas.\" width=\"410\" height=\"230\" \/><\/a><p class=\"jig-HTMLdescription\">La piscina ja acabada i en \u00fas.<\/p><\/li><li><a href=\"https:\/\/www.memoria.cat\/rosal\/wp-content\/uploads\/sites\/117\/2024\/08\/487-Rosal-Manresa-scaled.jpg\" title=\"La piscina ja acabada i en \u00fas.\"><img loading=\"lazy\" decoding=\"async\" src=\"https:\/\/www.memoria.cat\/rosal\/wp-content\/uploads\/sites\/117\/2024\/08\/487-Rosal-Manresa-scaled.jpg\" alt=\"La piscina ja acabada i en \u00fas.\" width=\"408\" height=\"230\" \/><\/a><p class=\"jig-HTMLdescription\">La piscina ja acabada i en \u00fas.<\/p><\/li><li><a href=\"https:\/\/www.memoria.cat\/rosal\/wp-content\/uploads\/sites\/117\/2024\/08\/c22f14-Rosal-Manresa-scaled.jpg\" title=\"La piscina ja acabada i en \u00fas.\"><img loading=\"lazy\" decoding=\"async\" src=\"https:\/\/www.memoria.cat\/rosal\/wp-content\/uploads\/sites\/117\/2024\/08\/c22f14-Rosal-Manresa-scaled.jpg\" alt=\"La piscina ja acabada i en \u00fas.\" width=\"345\" height=\"230\" \/><\/a><p class=\"jig-HTMLdescription\">La piscina ja acabada i en \u00fas.<\/p><\/li><li><a href=\"https:\/\/www.memoria.cat\/rosal\/wp-content\/uploads\/sites\/117\/2024\/08\/140-Rosal-Manresa-scaled.jpg\" title=\"La piscina ja acabada i plena. A l\u2019esquerra de la imatge es pot veure el campanar de la Seu, amb l\u2019agulla neog\u00f2tica; a la dreta, l\u2019esgl\u00e9sia del Carme.\"><img loading=\"lazy\" decoding=\"async\" src=\"https:\/\/www.memoria.cat\/rosal\/wp-content\/uploads\/sites\/117\/2024\/08\/140-Rosal-Manresa-scaled.jpg\" alt=\"La piscina ja acabada i plena. A l\u2019esquerra de la imatge es pot veure el campanar de la Seu, amb l\u2019agulla neog\u00f2tica; a la dreta, l\u2019esgl\u00e9sia del Carme.\" width=\"300\" height=\"230\" \/><\/a><p class=\"jig-HTMLdescription\">La piscina ja acabada i plena. A l\u2019esquerra de la imatge es pot veure el campanar de la Seu, amb l\u2019agulla neog\u00f2tica; a la dreta, l\u2019esgl\u00e9sia del Carme.<\/p><\/li><li><a href=\"https:\/\/www.memoria.cat\/rosal\/wp-content\/uploads\/sites\/117\/2024\/08\/94-Rosal-Manresa-scaled.jpg\" title=\"Nedadors a la piscina.\"><img loading=\"lazy\" decoding=\"async\" src=\"https:\/\/www.memoria.cat\/rosal\/wp-content\/uploads\/sites\/117\/2024\/08\/94-Rosal-Manresa-scaled.jpg\" alt=\"Nedadors a la piscina.\" width=\"303\" height=\"230\" \/><\/a><p class=\"jig-HTMLdescription\">Nedadors a la piscina.<\/p><\/li><li><a href=\"https:\/\/www.memoria.cat\/rosal\/wp-content\/uploads\/sites\/117\/2024\/08\/653-Rosal-Manresa-scaled.jpg\" title=\"Nedadors a la piscina.\"><img loading=\"lazy\" decoding=\"async\" src=\"https:\/\/www.memoria.cat\/rosal\/wp-content\/uploads\/sites\/117\/2024\/08\/653-Rosal-Manresa-scaled.jpg\" alt=\"Nedadors a la piscina.\" width=\"320\" height=\"230\" \/><\/a><p class=\"jig-HTMLdescription\">Nedadors a la piscina.<\/p><\/li><li><a href=\"https:\/\/www.memoria.cat\/rosal\/wp-content\/uploads\/sites\/117\/2024\/08\/691-Rosal-Manresa-scaled.jpg\" title=\"Nedadors a la piscina.\"><img loading=\"lazy\" decoding=\"async\" src=\"https:\/\/www.memoria.cat\/rosal\/wp-content\/uploads\/sites\/117\/2024\/08\/691-Rosal-Manresa-scaled.jpg\" alt=\"Nedadors a la piscina.\" width=\"325\" height=\"230\" \/><\/a><p class=\"jig-HTMLdescription\">Nedadors a la piscina.<\/p><\/li><\/ul><\/noscript><\/div>\n<p>&nbsp;<\/p>\n","protected":false},"excerpt":{"rendered":"<p>En els \u00faltims anys de la segona d\u00e8cada del segle XX va comen\u00e7ar una \u00e0mplia campanya ciutadana per tal que es constru\u00eds una piscina a la ciutat amb la qual eliminar els perills i la manca d\u2019higiene que comportaven els banys p\u00fablics al riu, les rieres i els canals dels voltants de la ciutat. La [&hellip;]<\/p>\n","protected":false},"author":28,"featured_media":0,"parent":73835,"menu_order":0,"comment_status":"closed","ping_status":"closed","template":"","meta":{"iawp_total_views":22,"footnotes":""},"class_list":["post-73887","page","type-page","status-publish","hentry"],"_links":{"self":[{"href":"https:\/\/www.memoria.cat\/rosal\/wp-json\/wp\/v2\/pages\/73887","targetHints":{"allow":["GET"]}}],"collection":[{"href":"https:\/\/www.memoria.cat\/rosal\/wp-json\/wp\/v2\/pages"}],"about":[{"href":"https:\/\/www.memoria.cat\/rosal\/wp-json\/wp\/v2\/types\/page"}],"author":[{"embeddable":true,"href":"https:\/\/www.memoria.cat\/rosal\/wp-json\/wp\/v2\/users\/28"}],"replies":[{"embeddable":true,"href":"https:\/\/www.memoria.cat\/rosal\/wp-json\/wp\/v2\/comments?post=73887"}],"version-history":[{"count":0,"href":"https:\/\/www.memoria.cat\/rosal\/wp-json\/wp\/v2\/pages\/73887\/revisions"}],"up":[{"embeddable":true,"href":"https:\/\/www.memoria.cat\/rosal\/wp-json\/wp\/v2\/pages\/73835"}],"wp:attachment":[{"href":"https:\/\/www.memoria.cat\/rosal\/wp-json\/wp\/v2\/media?parent=73887"}],"curies":[{"name":"wp","href":"https:\/\/api.w.org\/{rel}","templated":true}]}}