{"id":73878,"date":"2024-02-02T13:36:40","date_gmt":"2024-02-02T12:36:40","guid":{"rendered":"https:\/\/www.memoria.cat\/rosal\/?page_id=73878"},"modified":"2024-08-15T19:56:08","modified_gmt":"2024-08-15T18:56:08","slug":"contacte","status":"publish","type":"page","link":"https:\/\/www.memoria.cat\/rosal\/contacte\/","title":{"rendered":"CONTACTE"},"content":{"rendered":"<p>Per comentaris i suggeriments podeu escriure a: <a href=\"mailto:memoria@memoria.cat\">memoria@memoria.cat<\/a><\/p>\n<p>Si identifiqueu algun esdeveniment, indret o persona que no veieu esmentat en el peu de foto, us agrairem que ens ho feu saber. Indiqueu-nos a quin apartat correspon la foto i en quina posici\u00f3 de la galeria de fotos est\u00e0 situada. (ex. Apartat\u00a0&#8220;Fotos no identificades&#8221;\u00a0\u00a0\/ foto 2)<\/p>\n<p>I si teniu fotografies del per\u00edode de la Guerra Civil a Manresa, us agrairem que ens ho comuniqueu,<\/p>\n<p>Moltes gr\u00e0cies.<\/p>\n<p>Associaci\u00f3 Mem\u00f2ria i Hist\u00f2ria de Manresa<\/p>\n<p><a href=\"https:\/\/www.memoria.cat\">www.memoria.cat<\/a><\/p>\n","protected":false},"excerpt":{"rendered":"<p>Per comentaris i suggeriments podeu escriure a: memoria@memoria.cat Si identifiqueu algun esdeveniment, indret o persona que no veieu esmentat en el peu de foto, us agrairem que ens ho feu saber. Indiqueu-nos a quin apartat correspon la foto i en quina posici\u00f3 de la galeria de fotos est\u00e0 situada. (ex. Apartat\u00a0&#8220;Fotos no identificades&#8221;\u00a0\u00a0\/ foto 2) [&hellip;]<\/p>\n","protected":false},"author":28,"featured_media":0,"parent":0,"menu_order":0,"comment_status":"closed","ping_status":"closed","template":"","meta":{"iawp_total_views":1,"footnotes":""},"class_list":["post-73878","page","type-page","status-publish","hentry"],"_links":{"self":[{"href":"https:\/\/www.memoria.cat\/rosal\/wp-json\/wp\/v2\/pages\/73878","targetHints":{"allow":["GET"]}}],"collection":[{"href":"https:\/\/www.memoria.cat\/rosal\/wp-json\/wp\/v2\/pages"}],"about":[{"href":"https:\/\/www.memoria.cat\/rosal\/wp-json\/wp\/v2\/types\/page"}],"author":[{"embeddable":true,"href":"https:\/\/www.memoria.cat\/rosal\/wp-json\/wp\/v2\/users\/28"}],"replies":[{"embeddable":true,"href":"https:\/\/www.memoria.cat\/rosal\/wp-json\/wp\/v2\/comments?post=73878"}],"version-history":[{"count":0,"href":"https:\/\/www.memoria.cat\/rosal\/wp-json\/wp\/v2\/pages\/73878\/revisions"}],"wp:attachment":[{"href":"https:\/\/www.memoria.cat\/rosal\/wp-json\/wp\/v2\/media?parent=73878"}],"curies":[{"name":"wp","href":"https:\/\/api.w.org\/{rel}","templated":true}]}}