{"id":73858,"date":"2024-02-02T13:32:30","date_gmt":"2024-02-02T12:32:30","guid":{"rendered":"https:\/\/www.memoria.cat\/rosal\/?page_id=73858"},"modified":"2024-08-15T11:56:26","modified_gmt":"2024-08-15T10:56:26","slug":"lexposicio","status":"publish","type":"page","link":"https:\/\/www.memoria.cat\/rosal\/lexposicio\/","title":{"rendered":"L&#8217;EXPOSICI\u00d3"},"content":{"rendered":"<p><strong>Una exposici\u00f3 sobre l\u2019obra de Josep M. Rosal<\/strong><\/p>\n<p>&nbsp;<\/p>\n<p>El 19 de setembre de 2014 es va inaugurar al Centre Cultural el Casino de Manresa l\u2019exposici\u00f3\u00a0<strong>Josep Maria Rosal i d\u2019Argullol. Fot\u00f2graf i cineasta. 1908-1983.<\/strong><\/p>\n<p>L\u2019exposici\u00f3 mostrava una quarantena de fotografies de la ingent obra de Josep M. Rosal. A la sala tamb\u00e9 s\u2019hi projectava un v\u00eddeo de gaireb\u00e9 200 fotografies i tres dels seus documentals:\u00a0<em>Manresa<\/em>\u00a0(1942),\u00a0<em>Montserrat. La verge bruna<\/em>\u00a0(1943) i\u00a0<em>Berga se engalana<\/em>\u00a0(sobre la Patum, produ\u00eft el 1948).<\/p>\n<p>L\u2019exposici\u00f3 \u2013que va ser comissariada per\u00a0<strong>Joaquim Aloy<\/strong>\u00a0i\u00a0<strong>Conxita Parcerisas,<\/strong> de l\u2019Associaci\u00f3 Mem\u00f2ria i Hist\u00f2ria de Manresa- va romandre oberta fins al dia 5 d\u2019octubre.<\/p>\n<p>L\u2019exposici\u00f3 fou organitzada per l\u2019Ajuntament de Manresa i hi col\u00b7laboraren l\u2019Arxiu Comarcal del Bages, Foto Art Manresa, la Diputaci\u00f3 de Barcelona i la Generalitat de Catalunya.<\/p>\n<p>El setembre de 2012 ja s\u2019havia fet una primera presentaci\u00f3 del fons fotogr\u00e0fic de Josep M. Rosal, en aquest cas el corresponent a les imatges dels enderrocs d\u2019esgl\u00e9sies manresanes durant la Guerra Civil. Va ser a l\u2019Espai Mem\u00f2ries del Museu Comarcal de Manresa, en el marc de la segona temporada que portava per t\u00edtol \u201c<strong>Destruccions i Reconstruccions. La viol\u00e8ncia contra el patrimoni art\u00edstic a Manresa arran de la Guerra Civil<\/strong>\u201d.<\/p>\n<div id=\"jig1\" class=\"justified-image-grid jig-d842e5752bf2a751b1e0cee60ee05c48 jig-preset-c1 jig-source-wp-gallery jig-rml-id-43\"><div class=\"jig-clearfix\"><\/div><noscript id=\"jig1-html\" class=\"justified-image-grid-html\" data-lazy-src=\"skiplazyload\" data-src=\"skipunveillazyload\"><ul><li><a href=\"https:\/\/www.memoria.cat\/rosal\/wp-content\/uploads\/sites\/117\/2024\/08\/f1-Rosal-Manresa.jpg\"><img fetchpriority=\"high\" decoding=\"async\" src=\"https:\/\/www.memoria.cat\/rosal\/wp-content\/uploads\/sites\/117\/2024\/08\/f1-Rosal-Manresa.jpg\" alt=\"\" width=\"291\" height=\"230\" \/><\/a><\/li><li><a href=\"https:\/\/www.memoria.cat\/rosal\/wp-content\/uploads\/sites\/117\/2024\/08\/f2-Rosal-Manresa.jpg\"><img decoding=\"async\" src=\"https:\/\/www.memoria.cat\/rosal\/wp-content\/uploads\/sites\/117\/2024\/08\/f2-Rosal-Manresa.jpg\" alt=\"\" width=\"306\" height=\"230\" \/><\/a><\/li><li><a href=\"https:\/\/www.memoria.cat\/rosal\/wp-content\/uploads\/sites\/117\/2024\/08\/f3-Rosal-Manresa.jpg\"><img decoding=\"async\" src=\"https:\/\/www.memoria.cat\/rosal\/wp-content\/uploads\/sites\/117\/2024\/08\/f3-Rosal-Manresa.jpg\" alt=\"\" width=\"306\" height=\"230\" \/><\/a><\/li><li><a href=\"https:\/\/www.memoria.cat\/rosal\/wp-content\/uploads\/sites\/117\/2024\/08\/f4-Rosal-Manresa.jpg\"><img loading=\"lazy\" decoding=\"async\" src=\"https:\/\/www.memoria.cat\/rosal\/wp-content\/uploads\/sites\/117\/2024\/08\/f4-Rosal-Manresa.jpg\" alt=\"\" width=\"306\" height=\"230\" \/><\/a><\/li><li><a href=\"https:\/\/www.memoria.cat\/rosal\/wp-content\/uploads\/sites\/117\/2024\/08\/f5-Rosal-Manresa.jpg\"><img loading=\"lazy\" decoding=\"async\" src=\"https:\/\/www.memoria.cat\/rosal\/wp-content\/uploads\/sites\/117\/2024\/08\/f5-Rosal-Manresa.jpg\" alt=\"\" width=\"306\" height=\"230\" \/><\/a><\/li><li><a href=\"https:\/\/www.memoria.cat\/rosal\/wp-content\/uploads\/sites\/117\/2024\/08\/f6-Rosal-Manresa.jpg\"><img loading=\"lazy\" decoding=\"async\" src=\"https:\/\/www.memoria.cat\/rosal\/wp-content\/uploads\/sites\/117\/2024\/08\/f6-Rosal-Manresa.jpg\" alt=\"\" width=\"306\" height=\"230\" \/><\/a><\/li><li><a href=\"https:\/\/www.memoria.cat\/rosal\/wp-content\/uploads\/sites\/117\/2024\/08\/f7-Rosal-Manresa.jpg\"><img loading=\"lazy\" decoding=\"async\" src=\"https:\/\/www.memoria.cat\/rosal\/wp-content\/uploads\/sites\/117\/2024\/08\/f7-Rosal-Manresa.jpg\" alt=\"\" width=\"306\" height=\"230\" \/><\/a><\/li><li><a href=\"https:\/\/www.memoria.cat\/rosal\/wp-content\/uploads\/sites\/117\/2024\/08\/f8-Rosal-Manresa.jpg\"><img loading=\"lazy\" decoding=\"async\" src=\"https:\/\/www.memoria.cat\/rosal\/wp-content\/uploads\/sites\/117\/2024\/08\/f8-Rosal-Manresa.jpg\" alt=\"\" width=\"306\" height=\"230\" \/><\/a><\/li><li><a href=\"https:\/\/www.memoria.cat\/rosal\/wp-content\/uploads\/sites\/117\/2024\/08\/f9-Rosal-Manresa.jpg\"><img loading=\"lazy\" decoding=\"async\" src=\"https:\/\/www.memoria.cat\/rosal\/wp-content\/uploads\/sites\/117\/2024\/08\/f9-Rosal-Manresa.jpg\" alt=\"\" width=\"306\" height=\"230\" \/><\/a><\/li><\/ul><\/noscript><\/div>\n<p>&nbsp;<\/p>\n","protected":false},"excerpt":{"rendered":"<p>Una exposici\u00f3 sobre l\u2019obra de Josep M. Rosal &nbsp; El 19 de setembre de 2014 es va inaugurar al Centre Cultural el Casino de Manresa l\u2019exposici\u00f3\u00a0Josep Maria Rosal i d\u2019Argullol. Fot\u00f2graf i cineasta. 1908-1983. L\u2019exposici\u00f3 mostrava una quarantena de fotografies de la ingent obra de Josep M. Rosal. A la sala tamb\u00e9 s\u2019hi projectava un [&hellip;]<\/p>\n","protected":false},"author":28,"featured_media":0,"parent":0,"menu_order":0,"comment_status":"closed","ping_status":"closed","template":"","meta":{"iawp_total_views":9,"footnotes":""},"class_list":["post-73858","page","type-page","status-publish","hentry"],"_links":{"self":[{"href":"https:\/\/www.memoria.cat\/rosal\/wp-json\/wp\/v2\/pages\/73858","targetHints":{"allow":["GET"]}}],"collection":[{"href":"https:\/\/www.memoria.cat\/rosal\/wp-json\/wp\/v2\/pages"}],"about":[{"href":"https:\/\/www.memoria.cat\/rosal\/wp-json\/wp\/v2\/types\/page"}],"author":[{"embeddable":true,"href":"https:\/\/www.memoria.cat\/rosal\/wp-json\/wp\/v2\/users\/28"}],"replies":[{"embeddable":true,"href":"https:\/\/www.memoria.cat\/rosal\/wp-json\/wp\/v2\/comments?post=73858"}],"version-history":[{"count":0,"href":"https:\/\/www.memoria.cat\/rosal\/wp-json\/wp\/v2\/pages\/73858\/revisions"}],"wp:attachment":[{"href":"https:\/\/www.memoria.cat\/rosal\/wp-json\/wp\/v2\/media?parent=73858"}],"curies":[{"name":"wp","href":"https:\/\/api.w.org\/{rel}","templated":true}]}}