{"id":73852,"date":"2024-02-02T13:31:01","date_gmt":"2024-02-02T12:31:01","guid":{"rendered":"https:\/\/www.memoria.cat\/rosal\/?page_id=73852"},"modified":"2024-08-15T10:14:54","modified_gmt":"2024-08-15T09:14:54","slug":"industria-i-electricitat","status":"publish","type":"page","link":"https:\/\/www.memoria.cat\/rosal\/fons-fotografic\/industria-i-electricitat\/","title":{"rendered":"Ind\u00fastria i electricitat"},"content":{"rendered":"<p>Al llarg de la seva carrera Josep M. Rosal va realitzar diversos reportatges fotogr\u00e0fics i cinematogr\u00e0fics on el m\u00f3n de la ind\u00fastria, i en particular l\u2019electricitat, hi era ben present. De tots ells, n\u2019ha quedat una petita mostra en diverses imatges de transformadors, instal\u00b7lacions el\u00e8ctriques i interiors de naus de f\u00e0briques i despatxos d\u2019empreses.<\/p>\n<div id=\"jig1\" class=\"justified-image-grid jig-036b220f7d05031ae115ac0ed768062a jig-preset-c3 jig-source-wp-gallery jig-rml-id-26\"><div class=\"jig-clearfix\"><\/div><noscript id=\"jig1-html\" class=\"justified-image-grid-html\" data-lazy-src=\"skiplazyload\" data-src=\"skipunveillazyload\"><ul><li><a href=\"https:\/\/www.memoria.cat\/rosal\/wp-content\/uploads\/sites\/117\/2024\/08\/777-Rosal-Manresa-scaled.jpg\" title=\"Projecte d\u2019edifici industrial.\"><img fetchpriority=\"high\" decoding=\"async\" src=\"https:\/\/www.memoria.cat\/rosal\/wp-content\/uploads\/sites\/117\/2024\/08\/777-Rosal-Manresa-scaled.jpg\" alt=\"Projecte d\u2019edifici industrial.\" width=\"354\" height=\"230\" \/><\/a><p class=\"jig-HTMLdescription\">Projecte d\u2019edifici industrial.<\/p><\/li><li><a href=\"https:\/\/www.memoria.cat\/rosal\/wp-content\/uploads\/sites\/117\/2024\/08\/19-Rosal-Manresa-scaled.jpg\" title=\"Transformador el\u00e8ctric.\"><img decoding=\"async\" src=\"https:\/\/www.memoria.cat\/rosal\/wp-content\/uploads\/sites\/117\/2024\/08\/19-Rosal-Manresa-scaled.jpg\" alt=\"Transformador el\u00e8ctric.\" width=\"174\" height=\"230\" \/><\/a><p class=\"jig-HTMLdescription\">Transformador el\u00e8ctric.<\/p><\/li><li><a href=\"https:\/\/www.memoria.cat\/rosal\/wp-content\/uploads\/sites\/117\/2024\/08\/257-Rosal-Manresa-scaled.jpg\" title=\"Transformador el\u00e8ctric.\"><img decoding=\"async\" src=\"https:\/\/www.memoria.cat\/rosal\/wp-content\/uploads\/sites\/117\/2024\/08\/257-Rosal-Manresa-scaled.jpg\" alt=\"Transformador el\u00e8ctric.\" width=\"174\" height=\"230\" \/><\/a><p class=\"jig-HTMLdescription\">Transformador el\u00e8ctric.<\/p><\/li><li><a href=\"https:\/\/www.memoria.cat\/rosal\/wp-content\/uploads\/sites\/117\/2024\/08\/256-Rosal-Manresa-scaled.jpg\" title=\"Transformador el\u00e8ctric.\"><img loading=\"lazy\" decoding=\"async\" src=\"https:\/\/www.memoria.cat\/rosal\/wp-content\/uploads\/sites\/117\/2024\/08\/256-Rosal-Manresa-scaled.jpg\" alt=\"Transformador el\u00e8ctric.\" width=\"174\" height=\"230\" \/><\/a><p class=\"jig-HTMLdescription\">Transformador el\u00e8ctric.<\/p><\/li><li><a href=\"https:\/\/www.memoria.cat\/rosal\/wp-content\/uploads\/sites\/117\/2024\/08\/255-Rosal-Manresa-scaled.jpg\" title=\"Transformador el\u00e8ctric.\"><img loading=\"lazy\" decoding=\"async\" src=\"https:\/\/www.memoria.cat\/rosal\/wp-content\/uploads\/sites\/117\/2024\/08\/255-Rosal-Manresa-scaled.jpg\" alt=\"Transformador el\u00e8ctric.\" width=\"174\" height=\"230\" \/><\/a><p class=\"jig-HTMLdescription\">Transformador el\u00e8ctric.<\/p><\/li><li><a href=\"https:\/\/www.memoria.cat\/rosal\/wp-content\/uploads\/sites\/117\/2024\/08\/258-Rosal-Manresa-scaled.jpg\" title=\"Transformador el\u00e8ctric.\"><img loading=\"lazy\" decoding=\"async\" src=\"https:\/\/www.memoria.cat\/rosal\/wp-content\/uploads\/sites\/117\/2024\/08\/258-Rosal-Manresa-scaled.jpg\" alt=\"Transformador el\u00e8ctric.\" width=\"174\" height=\"230\" \/><\/a><p class=\"jig-HTMLdescription\">Transformador el\u00e8ctric.<\/p><\/li><li><a href=\"https:\/\/www.memoria.cat\/rosal\/wp-content\/uploads\/sites\/117\/2024\/08\/284-Rosal-Manresa-scaled.jpg\" title=\"Transformador el\u00e8ctric.\"><img loading=\"lazy\" decoding=\"async\" src=\"https:\/\/www.memoria.cat\/rosal\/wp-content\/uploads\/sites\/117\/2024\/08\/284-Rosal-Manresa-scaled.jpg\" alt=\"Transformador el\u00e8ctric.\" width=\"303\" height=\"230\" \/><\/a><p class=\"jig-HTMLdescription\">Transformador el\u00e8ctric.<\/p><\/li><li><a href=\"https:\/\/www.memoria.cat\/rosal\/wp-content\/uploads\/sites\/117\/2024\/08\/379-Rosal-Manresa-scaled.jpg\" title=\"Transformador el\u00e8ctric.\"><img loading=\"lazy\" decoding=\"async\" src=\"https:\/\/www.memoria.cat\/rosal\/wp-content\/uploads\/sites\/117\/2024\/08\/379-Rosal-Manresa-scaled.jpg\" alt=\"Transformador el\u00e8ctric.\" width=\"304\" height=\"230\" \/><\/a><p class=\"jig-HTMLdescription\">Transformador el\u00e8ctric.<\/p><\/li><li><a href=\"https:\/\/www.memoria.cat\/rosal\/wp-content\/uploads\/sites\/117\/2024\/08\/382-Rosal-Manresa-scaled.jpg\" title=\"Transformador el\u00e8ctric.\"><img loading=\"lazy\" decoding=\"async\" src=\"https:\/\/www.memoria.cat\/rosal\/wp-content\/uploads\/sites\/117\/2024\/08\/382-Rosal-Manresa-scaled.jpg\" alt=\"Transformador el\u00e8ctric.\" width=\"304\" height=\"230\" \/><\/a><p class=\"jig-HTMLdescription\">Transformador el\u00e8ctric.<\/p><\/li><li><a href=\"https:\/\/www.memoria.cat\/rosal\/wp-content\/uploads\/sites\/117\/2024\/08\/381-Rosal-Manresa-scaled.jpg\"><img loading=\"lazy\" decoding=\"async\" src=\"https:\/\/www.memoria.cat\/rosal\/wp-content\/uploads\/sites\/117\/2024\/08\/381-Rosal-Manresa-scaled.jpg\" alt=\"\" width=\"304\" height=\"230\" \/><\/a><\/li><li><a href=\"https:\/\/www.memoria.cat\/rosal\/wp-content\/uploads\/sites\/117\/2024\/08\/149-Rosal-Manresa-scaled.jpg\" title=\"Despatx d\u2019una empresa.\"><img loading=\"lazy\" decoding=\"async\" src=\"https:\/\/www.memoria.cat\/rosal\/wp-content\/uploads\/sites\/117\/2024\/08\/149-Rosal-Manresa-scaled.jpg\" alt=\"Despatx d\u2019una empresa.\" width=\"303\" height=\"230\" \/><\/a><p class=\"jig-HTMLdescription\">Despatx d\u2019una empresa.<\/p><\/li><li><a href=\"https:\/\/www.memoria.cat\/rosal\/wp-content\/uploads\/sites\/117\/2024\/08\/400-Rosal-Manresa-scaled.jpg\" title=\"Despatx d\u2019una empresa.\"><img loading=\"lazy\" decoding=\"async\" src=\"https:\/\/www.memoria.cat\/rosal\/wp-content\/uploads\/sites\/117\/2024\/08\/400-Rosal-Manresa-scaled.jpg\" alt=\"Despatx d\u2019una empresa.\" width=\"339\" height=\"230\" \/><\/a><p class=\"jig-HTMLdescription\">Despatx d\u2019una empresa.<\/p><\/li><li><a href=\"https:\/\/www.memoria.cat\/rosal\/wp-content\/uploads\/sites\/117\/2024\/08\/399-Rosal-Manresa-scaled.jpg\" title=\"Despatx d\u2019una empresa.\"><img loading=\"lazy\" decoding=\"async\" src=\"https:\/\/www.memoria.cat\/rosal\/wp-content\/uploads\/sites\/117\/2024\/08\/399-Rosal-Manresa-scaled.jpg\" alt=\"Despatx d\u2019una empresa.\" width=\"341\" height=\"230\" \/><\/a><p class=\"jig-HTMLdescription\">Despatx d\u2019una empresa.<\/p><\/li><li><a href=\"https:\/\/www.memoria.cat\/rosal\/wp-content\/uploads\/sites\/117\/2024\/08\/147-Rosal-Manresa-scaled.jpg\" title=\"Instal\u00b7lacions i material d\u2019una central d\u2019electricitat.\"><img loading=\"lazy\" decoding=\"async\" src=\"https:\/\/www.memoria.cat\/rosal\/wp-content\/uploads\/sites\/117\/2024\/08\/147-Rosal-Manresa-scaled.jpg\" alt=\"Instal\u00b7lacions i material d\u2019una central d\u2019electricitat.\" width=\"301\" height=\"230\" \/><\/a><p class=\"jig-HTMLdescription\">Instal\u00b7lacions i material d\u2019una central d\u2019electricitat.<\/p><\/li><li><a href=\"https:\/\/www.memoria.cat\/rosal\/wp-content\/uploads\/sites\/117\/2024\/08\/376-Rosal-Manresa-scaled.jpg\" title=\"Instal\u00b7lacions i material d\u2019una central d\u2019electricitat.\"><img loading=\"lazy\" decoding=\"async\" src=\"https:\/\/www.memoria.cat\/rosal\/wp-content\/uploads\/sites\/117\/2024\/08\/376-Rosal-Manresa-scaled.jpg\" alt=\"Instal\u00b7lacions i material d\u2019una central d\u2019electricitat.\" width=\"173\" height=\"230\" \/><\/a><p class=\"jig-HTMLdescription\">Instal\u00b7lacions i material d\u2019una central d\u2019electricitat.<\/p><\/li><li><a href=\"https:\/\/www.memoria.cat\/rosal\/wp-content\/uploads\/sites\/117\/2024\/08\/380-Rosal-Manresa-scaled.jpg\" title=\"Instal\u00b7lacions i material d\u2019una central d\u2019electricitat.\"><img loading=\"lazy\" decoding=\"async\" src=\"https:\/\/www.memoria.cat\/rosal\/wp-content\/uploads\/sites\/117\/2024\/08\/380-Rosal-Manresa-scaled.jpg\" alt=\"Instal\u00b7lacions i material d\u2019una central d\u2019electricitat.\" width=\"304\" height=\"230\" \/><\/a><p class=\"jig-HTMLdescription\">Instal\u00b7lacions i material d\u2019una central d\u2019electricitat.<\/p><\/li><li><a href=\"https:\/\/www.memoria.cat\/rosal\/wp-content\/uploads\/sites\/117\/2024\/08\/386-Rosal-Manresa-scaled.jpg\" title=\"Instal\u00b7lacions i material d\u2019una central d\u2019electricitat.\"><img loading=\"lazy\" decoding=\"async\" src=\"https:\/\/www.memoria.cat\/rosal\/wp-content\/uploads\/sites\/117\/2024\/08\/386-Rosal-Manresa-scaled.jpg\" alt=\"Instal\u00b7lacions i material d\u2019una central d\u2019electricitat.\" width=\"304\" height=\"230\" \/><\/a><p class=\"jig-HTMLdescription\">Instal\u00b7lacions i material d\u2019una central d\u2019electricitat.<\/p><\/li><li><a href=\"https:\/\/www.memoria.cat\/rosal\/wp-content\/uploads\/sites\/117\/2024\/08\/396-Rosal-Manresa-scaled.jpg\" title=\"Instal\u00b7lacions i material d\u2019una central d\u2019electricitat.\"><img loading=\"lazy\" decoding=\"async\" src=\"https:\/\/www.memoria.cat\/rosal\/wp-content\/uploads\/sites\/117\/2024\/08\/396-Rosal-Manresa-scaled.jpg\" alt=\"Instal\u00b7lacions i material d\u2019una central d\u2019electricitat.\" width=\"339\" height=\"230\" \/><\/a><p class=\"jig-HTMLdescription\">Instal\u00b7lacions i material d\u2019una central d\u2019electricitat.<\/p><\/li><li><a href=\"https:\/\/www.memoria.cat\/rosal\/wp-content\/uploads\/sites\/117\/2024\/08\/669-Rosal-Manresa-scaled.jpg\" title=\"Instal\u00b7lacions i material d\u2019una central d\u2019electricitat.\"><img loading=\"lazy\" decoding=\"async\" src=\"https:\/\/www.memoria.cat\/rosal\/wp-content\/uploads\/sites\/117\/2024\/08\/669-Rosal-Manresa-scaled.jpg\" alt=\"Instal\u00b7lacions i material d\u2019una central d\u2019electricitat.\" width=\"329\" height=\"230\" \/><\/a><p class=\"jig-HTMLdescription\">Instal\u00b7lacions i material d\u2019una central d\u2019electricitat.<\/p><\/li><li><a href=\"https:\/\/www.memoria.cat\/rosal\/wp-content\/uploads\/sites\/117\/2024\/08\/249-Rosal-Manresa-scaled.jpg\" title=\"Exterior d\u2019una f\u00e0brica.\"><img loading=\"lazy\" decoding=\"async\" src=\"https:\/\/www.memoria.cat\/rosal\/wp-content\/uploads\/sites\/117\/2024\/08\/249-Rosal-Manresa-scaled.jpg\" alt=\"Exterior d\u2019una f\u00e0brica.\" width=\"303\" height=\"230\" \/><\/a><p class=\"jig-HTMLdescription\">Exterior d\u2019una f\u00e0brica.<\/p><\/li><li><a href=\"https:\/\/www.memoria.cat\/rosal\/wp-content\/uploads\/sites\/117\/2024\/08\/252-Rosal-Manresa-scaled.jpg\" title=\"Interior d\u2019una f\u00e0brica.\"><img loading=\"lazy\" decoding=\"async\" src=\"https:\/\/www.memoria.cat\/rosal\/wp-content\/uploads\/sites\/117\/2024\/08\/252-Rosal-Manresa-scaled.jpg\" alt=\"Interior d\u2019una f\u00e0brica.\" width=\"303\" height=\"230\" \/><\/a><p class=\"jig-HTMLdescription\">Interior d\u2019una f\u00e0brica.<\/p><\/li><li><a href=\"https:\/\/www.memoria.cat\/rosal\/wp-content\/uploads\/sites\/117\/2024\/08\/250-Rosal-Manresa-scaled.jpg\" title=\"Interior d\u2019una f\u00e0brica.\"><img loading=\"lazy\" decoding=\"async\" src=\"https:\/\/www.memoria.cat\/rosal\/wp-content\/uploads\/sites\/117\/2024\/08\/250-Rosal-Manresa-scaled.jpg\" alt=\"Interior d\u2019una f\u00e0brica.\" width=\"303\" height=\"230\" \/><\/a><p class=\"jig-HTMLdescription\">Interior d\u2019una f\u00e0brica.<\/p><\/li><li><a href=\"https:\/\/www.memoria.cat\/rosal\/wp-content\/uploads\/sites\/117\/2024\/08\/209-Rosal-Manresa-scaled.jpg\" title=\"Cami\u00f3.\"><img loading=\"lazy\" decoding=\"async\" src=\"https:\/\/www.memoria.cat\/rosal\/wp-content\/uploads\/sites\/117\/2024\/08\/209-Rosal-Manresa-scaled.jpg\" alt=\"Cami\u00f3.\" width=\"301\" height=\"230\" \/><\/a><p class=\"jig-HTMLdescription\">Cami\u00f3.<\/p><\/li><li><a href=\"https:\/\/www.memoria.cat\/rosal\/wp-content\/uploads\/sites\/117\/2024\/08\/208-Rosal-Manresa-scaled.jpg\" title=\"Cami\u00f3.\"><img loading=\"lazy\" decoding=\"async\" src=\"https:\/\/www.memoria.cat\/rosal\/wp-content\/uploads\/sites\/117\/2024\/08\/208-Rosal-Manresa-scaled.jpg\" alt=\"Cami\u00f3.\" width=\"301\" height=\"230\" \/><\/a><p class=\"jig-HTMLdescription\">Cami\u00f3.<\/p><\/li><li><a href=\"https:\/\/www.memoria.cat\/rosal\/wp-content\/uploads\/sites\/117\/2024\/08\/363-Rosal-Manresa-scaled.jpg\" title=\"Fanal el\u00e8ctric.\"><img loading=\"lazy\" decoding=\"async\" src=\"https:\/\/www.memoria.cat\/rosal\/wp-content\/uploads\/sites\/117\/2024\/08\/363-Rosal-Manresa-scaled.jpg\" alt=\"Fanal el\u00e8ctric.\" width=\"304\" height=\"230\" \/><\/a><p class=\"jig-HTMLdescription\">Fanal el\u00e8ctric.<\/p><\/li><li><a href=\"https:\/\/www.memoria.cat\/rosal\/wp-content\/uploads\/sites\/117\/2024\/08\/360-Rosal-Manresa-scaled.jpg\" title=\"Fanal el\u00e8ctric.\"><img loading=\"lazy\" decoding=\"async\" src=\"https:\/\/www.memoria.cat\/rosal\/wp-content\/uploads\/sites\/117\/2024\/08\/360-Rosal-Manresa-scaled.jpg\" alt=\"Fanal el\u00e8ctric.\" width=\"304\" height=\"230\" \/><\/a><p class=\"jig-HTMLdescription\">Fanal el\u00e8ctric.<\/p><\/li><li><a href=\"https:\/\/www.memoria.cat\/rosal\/wp-content\/uploads\/sites\/117\/2024\/08\/p14-Rosal-Manresa-scaled.jpg\" title=\"Torres el\u00e8ctriques i instal\u00b7lacions, possiblement de la central de producci\u00f3 d\u2019electricitat de l\u2019embassament d\u2019Oliana, a comen\u00e7ament dels anys 50.\"><img loading=\"lazy\" decoding=\"async\" src=\"https:\/\/www.memoria.cat\/rosal\/wp-content\/uploads\/sites\/117\/2024\/08\/p14-Rosal-Manresa-scaled.jpg\" alt=\"Torres el\u00e8ctriques i instal\u00b7lacions, possiblement de la central de producci\u00f3 d\u2019electricitat de l\u2019embassament d\u2019Oliana, a comen\u00e7ament dels anys 50.\" width=\"354\" height=\"230\" \/><\/a><p class=\"jig-HTMLdescription\">Torres el\u00e8ctriques i instal\u00b7lacions, possiblement de la central de producci\u00f3 d\u2019electricitat de l\u2019embassament d\u2019Oliana, a comen\u00e7ament dels anys 50.<\/p><\/li><li><a href=\"https:\/\/www.memoria.cat\/rosal\/wp-content\/uploads\/sites\/117\/2024\/08\/p12-Rosal-Manresa-scaled.jpg\" title=\"Torres el\u00e8ctriques i instal\u00b7lacions, possiblement de la central de producci\u00f3 d\u2019electricitat de l\u2019embassament d\u2019Oliana, a comen\u00e7ament dels anys 50.\"><img loading=\"lazy\" decoding=\"async\" src=\"https:\/\/www.memoria.cat\/rosal\/wp-content\/uploads\/sites\/117\/2024\/08\/p12-Rosal-Manresa-scaled.jpg\" alt=\"Torres el\u00e8ctriques i instal\u00b7lacions, possiblement de la central de producci\u00f3 d\u2019electricitat de l\u2019embassament d\u2019Oliana, a comen\u00e7ament dels anys 50.\" width=\"149\" height=\"230\" \/><\/a><p class=\"jig-HTMLdescription\">Torres el\u00e8ctriques i instal\u00b7lacions, possiblement de la central de producci\u00f3 d\u2019electricitat de l\u2019embassament d\u2019Oliana, a comen\u00e7ament dels anys 50.<\/p><\/li><li><a href=\"https:\/\/www.memoria.cat\/rosal\/wp-content\/uploads\/sites\/117\/2024\/08\/p11-Rosal-Manresa-scaled.jpg\" title=\"Torres el\u00e8ctriques i instal\u00b7lacions, possiblement de la central de producci\u00f3 d\u2019electricitat de l\u2019embassament d\u2019Oliana, a comen\u00e7ament dels anys 50.\"><img loading=\"lazy\" decoding=\"async\" src=\"https:\/\/www.memoria.cat\/rosal\/wp-content\/uploads\/sites\/117\/2024\/08\/p11-Rosal-Manresa-scaled.jpg\" alt=\"Torres el\u00e8ctriques i instal\u00b7lacions, possiblement de la central de producci\u00f3 d\u2019electricitat de l\u2019embassament d\u2019Oliana, a comen\u00e7ament dels anys 50.\" width=\"150\" height=\"230\" \/><\/a><p class=\"jig-HTMLdescription\">Torres el\u00e8ctriques i instal\u00b7lacions, possiblement de la central de producci\u00f3 d\u2019electricitat de l\u2019embassament d\u2019Oliana, a comen\u00e7ament dels anys 50.<\/p><\/li><li><a href=\"https:\/\/www.memoria.cat\/rosal\/wp-content\/uploads\/sites\/117\/2024\/08\/p10-Rosal-Manresa-scaled.jpg\" title=\"Torres el\u00e8ctriques i instal\u00b7lacions, possiblement de la central de producci\u00f3 d\u2019electricitat de l\u2019embassament d\u2019Oliana, a comen\u00e7ament dels anys 50.\"><img loading=\"lazy\" decoding=\"async\" src=\"https:\/\/www.memoria.cat\/rosal\/wp-content\/uploads\/sites\/117\/2024\/08\/p10-Rosal-Manresa-scaled.jpg\" alt=\"Torres el\u00e8ctriques i instal\u00b7lacions, possiblement de la central de producci\u00f3 d\u2019electricitat de l\u2019embassament d\u2019Oliana, a comen\u00e7ament dels anys 50.\" width=\"353\" height=\"230\" \/><\/a><p class=\"jig-HTMLdescription\">Torres el\u00e8ctriques i instal\u00b7lacions, possiblement de la central de producci\u00f3 d\u2019electricitat de l\u2019embassament d\u2019Oliana, a comen\u00e7ament dels anys 50.<\/p><\/li><li><a href=\"https:\/\/www.memoria.cat\/rosal\/wp-content\/uploads\/sites\/117\/2024\/08\/p9-Rosal-Manresa-scaled.jpg\" title=\"Torres el\u00e8ctriques i instal\u00b7lacions, possiblement de la central de producci\u00f3 d\u2019electricitat de l\u2019embassament d\u2019Oliana, a comen\u00e7ament dels anys 50.\"><img loading=\"lazy\" decoding=\"async\" src=\"https:\/\/www.memoria.cat\/rosal\/wp-content\/uploads\/sites\/117\/2024\/08\/p9-Rosal-Manresa-scaled.jpg\" alt=\"Torres el\u00e8ctriques i instal\u00b7lacions, possiblement de la central de producci\u00f3 d\u2019electricitat de l\u2019embassament d\u2019Oliana, a comen\u00e7ament dels anys 50.\" width=\"350\" height=\"230\" \/><\/a><p class=\"jig-HTMLdescription\">Torres el\u00e8ctriques i instal\u00b7lacions, possiblement de la central de producci\u00f3 d\u2019electricitat de l\u2019embassament d\u2019Oliana, a comen\u00e7ament dels anys 50.<\/p><\/li><li><a href=\"https:\/\/www.memoria.cat\/rosal\/wp-content\/uploads\/sites\/117\/2024\/08\/p8-Rosal-Manresa-scaled.jpg\" title=\"Torres el\u00e8ctriques i instal\u00b7lacions, possiblement de la central de producci\u00f3 d\u2019electricitat de l\u2019embassament d\u2019Oliana, a comen\u00e7ament dels anys 50.\"><img loading=\"lazy\" decoding=\"async\" src=\"https:\/\/www.memoria.cat\/rosal\/wp-content\/uploads\/sites\/117\/2024\/08\/p8-Rosal-Manresa-scaled.jpg\" alt=\"Torres el\u00e8ctriques i instal\u00b7lacions, possiblement de la central de producci\u00f3 d\u2019electricitat de l\u2019embassament d\u2019Oliana, a comen\u00e7ament dels anys 50.\" width=\"352\" height=\"230\" \/><\/a><p class=\"jig-HTMLdescription\">Torres el\u00e8ctriques i instal\u00b7lacions, possiblement de la central de producci\u00f3 d\u2019electricitat de l\u2019embassament d\u2019Oliana, a comen\u00e7ament dels anys 50.<\/p><\/li><li><a href=\"https:\/\/www.memoria.cat\/rosal\/wp-content\/uploads\/sites\/117\/2024\/08\/p7-Rosal-Manresa-scaled.jpg\" title=\"Torres el\u00e8ctriques i instal\u00b7lacions, possiblement de la central de producci\u00f3 d\u2019electricitat de l\u2019embassament d\u2019Oliana, a comen\u00e7ament dels anys 50.\"><img loading=\"lazy\" decoding=\"async\" src=\"https:\/\/www.memoria.cat\/rosal\/wp-content\/uploads\/sites\/117\/2024\/08\/p7-Rosal-Manresa-scaled.jpg\" alt=\"Torres el\u00e8ctriques i instal\u00b7lacions, possiblement de la central de producci\u00f3 d\u2019electricitat de l\u2019embassament d\u2019Oliana, a comen\u00e7ament dels anys 50.\" width=\"355\" height=\"230\" \/><\/a><p class=\"jig-HTMLdescription\">Torres el\u00e8ctriques i instal\u00b7lacions, possiblement de la central de producci\u00f3 d\u2019electricitat de l\u2019embassament d\u2019Oliana, a comen\u00e7ament dels anys 50.<\/p><\/li><li><a href=\"https:\/\/www.memoria.cat\/rosal\/wp-content\/uploads\/sites\/117\/2024\/08\/p6-Rosal-Manresa-scaled.jpg\" title=\"Torres el\u00e8ctriques i instal\u00b7lacions, possiblement de la central de producci\u00f3 d\u2019electricitat de l\u2019embassament d\u2019Oliana, a comen\u00e7ament dels anys 50.\"><img loading=\"lazy\" decoding=\"async\" src=\"https:\/\/www.memoria.cat\/rosal\/wp-content\/uploads\/sites\/117\/2024\/08\/p6-Rosal-Manresa-scaled.jpg\" alt=\"Torres el\u00e8ctriques i instal\u00b7lacions, possiblement de la central de producci\u00f3 d\u2019electricitat de l\u2019embassament d\u2019Oliana, a comen\u00e7ament dels anys 50.\" width=\"150\" height=\"230\" \/><\/a><p class=\"jig-HTMLdescription\">Torres el\u00e8ctriques i instal\u00b7lacions, possiblement de la central de producci\u00f3 d\u2019electricitat de l\u2019embassament d\u2019Oliana, a comen\u00e7ament dels anys 50.<\/p><\/li><\/ul><\/noscript><\/div>\n<p>&nbsp;<\/p>\n","protected":false},"excerpt":{"rendered":"<p>Al llarg de la seva carrera Josep M. Rosal va realitzar diversos reportatges fotogr\u00e0fics i cinematogr\u00e0fics on el m\u00f3n de la ind\u00fastria, i en particular l\u2019electricitat, hi era ben present. De tots ells, n\u2019ha quedat una petita mostra en diverses imatges de transformadors, instal\u00b7lacions el\u00e8ctriques i interiors de naus de f\u00e0briques i despatxos d\u2019empreses. &nbsp;<\/p>\n","protected":false},"author":28,"featured_media":0,"parent":73831,"menu_order":0,"comment_status":"closed","ping_status":"closed","template":"","meta":{"iawp_total_views":7,"footnotes":""},"class_list":["post-73852","page","type-page","status-publish","hentry"],"_links":{"self":[{"href":"https:\/\/www.memoria.cat\/rosal\/wp-json\/wp\/v2\/pages\/73852","targetHints":{"allow":["GET"]}}],"collection":[{"href":"https:\/\/www.memoria.cat\/rosal\/wp-json\/wp\/v2\/pages"}],"about":[{"href":"https:\/\/www.memoria.cat\/rosal\/wp-json\/wp\/v2\/types\/page"}],"author":[{"embeddable":true,"href":"https:\/\/www.memoria.cat\/rosal\/wp-json\/wp\/v2\/users\/28"}],"replies":[{"embeddable":true,"href":"https:\/\/www.memoria.cat\/rosal\/wp-json\/wp\/v2\/comments?post=73852"}],"version-history":[{"count":0,"href":"https:\/\/www.memoria.cat\/rosal\/wp-json\/wp\/v2\/pages\/73852\/revisions"}],"up":[{"embeddable":true,"href":"https:\/\/www.memoria.cat\/rosal\/wp-json\/wp\/v2\/pages\/73831"}],"wp:attachment":[{"href":"https:\/\/www.memoria.cat\/rosal\/wp-json\/wp\/v2\/media?parent=73852"}],"curies":[{"name":"wp","href":"https:\/\/api.w.org\/{rel}","templated":true}]}}