{"id":73837,"date":"2024-02-02T13:26:18","date_gmt":"2024-02-02T12:26:18","guid":{"rendered":"https:\/\/www.memoria.cat\/rosal\/?page_id=73837"},"modified":"2024-08-17T18:30:03","modified_gmt":"2024-08-17T17:30:03","slug":"enderrocs-desglesies-manresanes","status":"publish","type":"page","link":"https:\/\/www.memoria.cat\/rosal\/fons-fotografic\/enderrocs-desglesies-manresanes\/","title":{"rendered":"Enderrocs d&#8217;esgl\u00e9sies manresanes"},"content":{"rendered":"<h2><a href=\"https:\/\/www.memoria.cat\/rosal\/fons-fotografic\/enderrocs-desglesies-manresanes\/lesglesia-del-carme\/\">L&#8217;esgl\u00e9sia del Carme<\/a><\/h2>\n<h2><a href=\"https:\/\/www.memoria.cat\/rosal\/fons-fotografic\/enderrocs-desglesies-manresanes\/lesglesia-de-sant-miquel\/\">L&#8217;esgl\u00e9sia de Sant Miquel<\/a><\/h2>\n<h2><a href=\"https:\/\/www.memoria.cat\/rosal\/fons-fotografic\/enderrocs-desglesies-manresanes\/lesglesia-de-sant-miquel\/\">La bas\u00edlica de la Seu<\/a><\/h2>\n<h2><a href=\"https:\/\/www.memoria.cat\/rosal\/fons-fotografic\/enderrocs-desglesies-manresanes\/el-convent-de-les-caputxines\/\">El convent de les Caputxines<\/a><\/h2>\n<h2><a href=\"https:\/\/www.memoria.cat\/rosal\/fons-fotografic\/enderrocs-desglesies-manresanes\/lesglesia-de-sant-pere-martir\/\">L&#8217;esgl\u00e9sia de Sant Pere M\u00e0rtir<\/a><\/h2>\n<h2><a href=\"https:\/\/www.memoria.cat\/rosal\/fons-fotografic\/enderrocs-desglesies-manresanes\/santa-llucia\/\">Santa Ll\u00facia<\/a><\/h2>\n<p>&nbsp;<\/p>\n","protected":false},"excerpt":{"rendered":"<p>L&#8217;esgl\u00e9sia del Carme L&#8217;esgl\u00e9sia de Sant Miquel La bas\u00edlica de la Seu El convent de les Caputxines L&#8217;esgl\u00e9sia de Sant Pere M\u00e0rtir Santa Ll\u00facia &nbsp;<\/p>\n","protected":false},"author":28,"featured_media":0,"parent":73831,"menu_order":0,"comment_status":"closed","ping_status":"closed","template":"","meta":{"iawp_total_views":6,"footnotes":""},"class_list":["post-73837","page","type-page","status-publish","hentry"],"_links":{"self":[{"href":"https:\/\/www.memoria.cat\/rosal\/wp-json\/wp\/v2\/pages\/73837","targetHints":{"allow":["GET"]}}],"collection":[{"href":"https:\/\/www.memoria.cat\/rosal\/wp-json\/wp\/v2\/pages"}],"about":[{"href":"https:\/\/www.memoria.cat\/rosal\/wp-json\/wp\/v2\/types\/page"}],"author":[{"embeddable":true,"href":"https:\/\/www.memoria.cat\/rosal\/wp-json\/wp\/v2\/users\/28"}],"replies":[{"embeddable":true,"href":"https:\/\/www.memoria.cat\/rosal\/wp-json\/wp\/v2\/comments?post=73837"}],"version-history":[{"count":0,"href":"https:\/\/www.memoria.cat\/rosal\/wp-json\/wp\/v2\/pages\/73837\/revisions"}],"up":[{"embeddable":true,"href":"https:\/\/www.memoria.cat\/rosal\/wp-json\/wp\/v2\/pages\/73831"}],"wp:attachment":[{"href":"https:\/\/www.memoria.cat\/rosal\/wp-json\/wp\/v2\/media?parent=73837"}],"curies":[{"name":"wp","href":"https:\/\/api.w.org\/{rel}","templated":true}]}}