{"id":73871,"date":"2024-03-12T14:39:47","date_gmt":"2024-03-12T13:39:47","guid":{"rendered":"https:\/\/www.memoria.cat\/responsabilitats-politiques\/?page_id=73871"},"modified":"2024-04-20T09:00:27","modified_gmt":"2024-04-20T08:00:27","slug":"els-tribunales-de-responsabilidades-politicas-trp","status":"publish","type":"page","link":"https:\/\/www.memoria.cat\/responsabilitats-politiques\/els-tribunales-de-responsabilidades-politicas-trp\/","title":{"rendered":"Els Tribunales de Responsabilidades Pol\u00edticas (TRP)"},"content":{"rendered":"<p>&nbsp;<\/p>\n<p>El 9 febrer de 1939 es va aprovar la <em>Ley de Responsabilidades Pol\u00edticas,<\/em>\u00a0 una nova llei repressiva, en el mateix sentit de les que ja s\u2019havien aprovat durant la guerra, per castigar les persones, els sindicats i els partits que havien donat suport al Front Popular i al Front d\u2019Esquerres. La Llei de 1939 concretava les responsabilitats individuals i en l\u2019article primer deia:<\/p>\n<p><em>\u201cArt. 1 Se declara la responsabilidad pol\u00edtica de las personas, tanto jur\u00eddicas como f\u00edsicas, que desde el 1\u00ba de octubre de 1934 y antes del 18 de julio de 1936 contribuyeron a crear o agravar la subversi\u00f3n de todo orden de que se hizo v\u00edctima Espa\u00f1a y de aquellas otras que a partir de la segunda de dichas fechas se hayan opuesto o se opongan al Movimiento Nacional con actos concretos o con pasividad grave\u201d.<\/em><\/p>\n<p>&nbsp;<\/p>\n<h3><span style=\"color: #008080\">Quina era la finalitat de la llei?<\/span><\/h3>\n<p>La llei tenia dos objectius b\u00e0sics: el repressiu i l\u2019econ\u00f2mic. Pel que fa al primer, la llei va afegir a la repressi\u00f3\u00a0 pol\u00edtica la repressi\u00f3 econ\u00f2mica, que podia incidir sobre el patrimoni familiar dels represaliats. El pretext era liquidar la culpa que, segons el r\u00e8gim,\u00a0 tenien tots aquells que havien contribu\u00eft \u201c<em>a forjar la subversi\u00f3n<\/em> <em>roja<\/em>.\u201d Pel que fa al segon, la motivaci\u00f3\u00a0 era la recaptaci\u00f3 de diners.\u00a0 Hi havia, per part de l\u2019Estat, una clara voluntat d\u2019apropiaci\u00f3 de b\u00e9ns; per tant, es van centrar, sobretot, en aquelles persones de les quals sospitaven que en podien tenir.\u00a0 Es volia castigar, per damunt de tot, les classes benestants que havien donat suport a la Rep\u00fablica.<\/p>\n<p>A m\u00e9s a m\u00e9s, una\u00a0 altra de les finalitats de la <em>Ley de Responsabilidades Pol\u00edticas<\/em> era aconseguir la desmobilitzaci\u00f3 i la passivitat de la poblaci\u00f3, ja que l\u2019arbitrarietat de la llei generava terror i submissi\u00f3 entre aquelles persones que tenien por de ser privades dels seus mitjans de subsist\u00e8ncia. Tenia, per tant, una clara voluntat d\u2019humiliar els ven\u00e7uts, de culpar-los de la guerra i, aix\u00ed doncs, de legitimar el cop d\u2019estat del 1936.<\/p>\n<p>&nbsp;<\/p>\n<h3><span style=\"color: #008080\">Quines caracter\u00edstiques presentava la llei?<\/span><\/h3>\n<p>La\u00a0 <em>Ley de Responsabilidades Pol\u00edticas <\/em>era retroactiva, \u00e9s a dir, penalitzava\u00a0 comportaments i actuacions que havien tingut lloc a partir de 1934 i que, per tant, no eren delicte en el moment de realitzar-se. Tamb\u00e9 era absolutament arbitr\u00e0ria i vinculava la seva jurisdicci\u00f3 a la militar, at\u00e8s que fixava sancions econ\u00f2miques complement\u00e0ries a les condemnes dictades pels consells de guerra.<\/p>\n<p>&nbsp;<\/p>\n<h3><span style=\"color: #008080\">Qui eren els perseguits per aquesta llei?<\/span><\/h3>\n<p>La gran majoria dels condemnats pels <em>Tribunales de Responsabilidades Pol\u00edticas<\/em> estaven o havien ingressat a la pres\u00f3 o b\u00e9 havien estat afusellats o es trobaven a l\u2019exili\u00a0 o en parador desconegut. Cap d\u2019aquestes circumst\u00e0ncies, per\u00f2,\u00a0 va impedir la incoaci\u00f3 de l\u2019expedient o l\u2019apropiaci\u00f3 dels b\u00e9ns dels encausats. De fet, es calcula que nom\u00e9s al voltant d\u2019un 25% d\u2019aquests hi era present en el moment de ser jutjats.<\/p>\n<p>&nbsp;<\/p>\n<h3><span style=\"color: #008080\">Quines institucions van portar a terme la repressi\u00f3 econ\u00f2mica?<\/span><\/h3>\n<p>El tribunal responsable de l\u2019aplicaci\u00f3 de la llei era el <em>Tribunal Nacional\u00a0 de Responsabilidades Pol\u00edticas<\/em>. Per sota d\u2019 ell es van crear els tribunals regionals a la majoria de capitals de prov\u00edncia. D\u2019aquesta manera,\u00a0 a principis\u00a0 de juny de 1939 es van constituir, a les quatre capitals catalanes, els <em>Tribunales Regionales de Responsabilidades Pol\u00edticas<\/em>, formats per un representant de la magistratura, un de l\u2019ex\u00e8rcit i un de la FET-JONS. Aquests eren els encarregats\u00a0 d\u2019aplicar la llei a cada prov\u00edncia.<\/p>\n<p>Altres institucions necess\u00e0ries eren els jutjats d\u2019instrucci\u00f3 provincials, responsables de la incoaci\u00f3 dels expedients, les audi\u00e8ncies territorials, encarregades de resoldre les apel\u00b7lacions presentades, i els jutjats civils especials, amb compet\u00e8ncies sobre incautacions i embargaments de b\u00e9ns dels inculpats.<\/p>\n<p>&nbsp;<\/p>\n<h3><span style=\"color: #008080\">Quin procediment se seguia?<\/span><\/h3>\n<p>El procediment es podia iniciar despr\u00e9s de con\u00e8ixer les sent\u00e8ncies dels consells de guerra o b\u00e9 a partir d\u2019una den\u00fancia. El jutge instructor incoava l\u2019expedient i es citava a declarar l\u2019inculpat i els diferents testimonis.\u00a0 Es demanaven informes a l\u2019alcalde, al\u00a0 capell\u00e0, a la FET-JONS i a la Guardia Civil.\u00a0\u00a0Si l\u2019inculpat era mort o desaparegut, la seva responsabilitat econ\u00f2mica es transmetia als hereus.<\/p>\n<p>&nbsp;<\/p>\n<h3><span style=\"color: #008080\">Quines sancions imposava el Tribunal?<\/span><\/h3>\n<p>Les sancions que va imposar el <em>Tribunal de Responsabilidades Pol\u00edticas<\/em> van ser la inhabilitaci\u00f3, el desterrament, el confinament, el desterrament a les possessions africanes, la p\u00e8rdua de b\u00e9ns i el pagament d\u2019una multa.<\/p>\n<p>&nbsp;<\/p>\n<h3><span style=\"color: #008080\">Durant quant temps va estar vigent la llei?<\/span><\/h3>\n<p>La<em> Ley de Responsabilidades Pol\u00edticas<\/em> de 1939 es va aplicar a fons fins l\u2019any 1942, per\u00edode durant el qual es van produir moltes incoacions, per\u00f2 poques resolucions d\u2019expedients. La complexitat del procediment va obligar a fer la reforma de 19 de febrer de 1942. Aquesta va establir profundes modificacions i no es van incoar nous expedients.\u00a0 Finalment, a l\u2019abril de 1945 es va suprimir la jurisdicci\u00f3 de responsabilitats pol\u00edtiques i el <em>Tribunal Nacional\u00a0 de Responsabilidades Pol\u00edticas<\/em> va quedar dissolt. Es va passar a crear una <em>Comisi\u00f3n Liquidadora de Responsabilidades Pol\u00edticas,<\/em> encarregada de resoldre els expedients que quedaven pendents.<\/p>\n<p>Tanmateix, no ser\u00e0 fins el Decret de 10 de novembre de 1966 que, mitjan\u00e7ant un indult, s\u2019extingiran definitivament les responsabilitats pol\u00edtiques.<\/p>\n<p>&nbsp;<\/p>\n<h3><span style=\"color: #008080\">Quin impacte va tenir?<\/span><\/h3>\n<p>La <em>Ley de Responsabilidades Pol\u00edticas<\/em> va sotmetre al voltant d\u2019un 1% de la poblaci\u00f3 a un llarg proc\u00e9s d\u2019investigaci\u00f3 sobre les seves actuacions pol\u00edtiques des de l\u2019octubre del 1934. A la prov\u00edncia de Barcelona fins el 1945 es van incoar m\u00e9s de 10.000 expedients, dels quals nom\u00e9s se n\u2019havien resolt aproximadament un 25%.<\/p>\n<p>La repressi\u00f3 econ\u00f2mica, si b\u00e9 no va ser tan \u00e0mplia com la pol\u00edtica, va ser igual de demolidora per les sancions econ\u00f2miques imposades i per la por que va generar. Fins l\u2019any 1942,\u00a0 la repressi\u00f3 econ\u00f2mica va aconseguir els seus objectius, per\u00f2 als anys 50 i 60, en un altre context internacional i amb m\u00e9s pressi\u00f3 social,\u00a0a trav\u00e9s dels recursos presentats per molts hereus, molts d\u2019aquests van aconseguir recuperar el seu patrimoni.<\/p>\n<p>&nbsp;<\/p>\n<p><strong><u>\u00a0<\/u><\/strong><\/p>\n","protected":false},"excerpt":{"rendered":"<p>&nbsp; El 9 febrer de 1939 es va aprovar la Ley de Responsabilidades Pol\u00edticas,\u00a0 una nova llei repressiva, en el mateix sentit de les que ja s\u2019havien aprovat durant la guerra, per castigar les persones, els sindicats i els partits que havien donat suport al Front Popular i al Front d\u2019Esquerres. La Llei de 1939 [&hellip;]<\/p>\n","protected":false},"author":20,"featured_media":0,"parent":0,"menu_order":0,"comment_status":"closed","ping_status":"closed","template":"","meta":{"iawp_total_views":66,"footnotes":""},"class_list":["post-73871","page","type-page","status-publish","hentry"],"_links":{"self":[{"href":"https:\/\/www.memoria.cat\/responsabilitats-politiques\/wp-json\/wp\/v2\/pages\/73871","targetHints":{"allow":["GET"]}}],"collection":[{"href":"https:\/\/www.memoria.cat\/responsabilitats-politiques\/wp-json\/wp\/v2\/pages"}],"about":[{"href":"https:\/\/www.memoria.cat\/responsabilitats-politiques\/wp-json\/wp\/v2\/types\/page"}],"author":[{"embeddable":true,"href":"https:\/\/www.memoria.cat\/responsabilitats-politiques\/wp-json\/wp\/v2\/users\/20"}],"replies":[{"embeddable":true,"href":"https:\/\/www.memoria.cat\/responsabilitats-politiques\/wp-json\/wp\/v2\/comments?post=73871"}],"version-history":[{"count":0,"href":"https:\/\/www.memoria.cat\/responsabilitats-politiques\/wp-json\/wp\/v2\/pages\/73871\/revisions"}],"wp:attachment":[{"href":"https:\/\/www.memoria.cat\/responsabilitats-politiques\/wp-json\/wp\/v2\/media?parent=73871"}],"curies":[{"name":"wp","href":"https:\/\/api.w.org\/{rel}","templated":true}]}}