{"id":94,"date":"2010-05-01T13:00:22","date_gmt":"2010-05-01T11:00:22","guid":{"rendered":"http:\/\/publish"},"modified":"2025-07-15T00:25:34","modified_gmt":"2025-07-14T23:25:34","slug":"linstitut-nacional-de-segon-ensenyament","status":"publish","type":"page","link":"https:\/\/www.memoria.cat\/republica\/linstitut-nacional-de-segon-ensenyament\/","title":{"rendered":"L&#8217;Institut Nacional de Segon Ensenyament"},"content":{"rendered":"<p class=\"normal\">L\u2019Institut Nacional de Segon Ensenyament de Manresa, inaugurat l\u2019any 1927, fou conegut popularment com \u201cL\u2019Institut\u201d o b\u00e9 com el \u201cGrup Escolar\u201d, ja que aquesta era la seva destinaci\u00f3 inicial. L\u2019any 1953 reb\u00e9 el seu nom actual de \u201cLlu\u00eds de Peguera\u201d.<\/p>\n<p class=\"normal\" align=\"left\">El setembre de 1931, per un decret del govern central de la Rep\u00fablica, es cre\u00e0 l\u2019Escola Preparat\u00f2ria d\u2019Ingr\u00e9s al Batxillerat, d\u2019acord amb l\u2019aspiraci\u00f3 perseguida per la Comissi\u00f3 de Cultura de l\u2019Ajuntament i professors de l\u2019Institut que hi col\u00b7laboraven com Aniceto Le\u00f3n Garre. La funci\u00f3 d\u2019aquesta Escola era fer de pont entre l\u2019ensenyament primari i el secundari, tot preparant als nois i noies per accedir al primer curs de batxillerat. Es situ\u00e0 a la planta baixa de l\u2019ala dreta de l\u2019Institut i comen\u00e7\u00e0 a funcionar el novembre d\u2019aquell mateix any.<\/p>\n<p class=\"normal\" align=\"left\">El maig del 1931, l\u2019alcalde Selves s\u2019adre\u00e7\u00e0 al Ministre d\u2019Instrucci\u00f3 Marcel\u00b7l\u00ed Domingo que, a banda de felicitar-lo per les disposicions d\u2019aquest sobre l\u2019\u00fas del catal\u00e0 a l\u2019escola, li deman\u00e0 que nomen\u00e9s al catedr\u00e0tic Aniceto Le\u00f3n com a director de l\u2019Institut. L\u2019anterior havia dimitit amb el canvi de r\u00e8gim i la pla\u00e7a era vacant. Malgrat la carta, Aniceto Le\u00f3n no va ser director. Tanmateix s\u00ed que ho va ser durant una part del per\u00edode de la guerra civil, en el qual hi hagu\u00e9 una depuraci\u00f3 dels alumnes considerats de fam\u00edlies dretanes, depuraci\u00f3 que fins i tot un diari d\u2019esquerres com \u201cEl Dia\u201d critic\u00e0 durament. El mateix Le\u00f3n, al finalitzar la guerra, es va exiliar, tot i que retorn\u00e0 anys m\u00e9s tard, encara durant el franquisme, i acab\u00e0 la seva carrera professional com a director d\u2019un institut de Barcelona.<\/p>\n<p class=\"normal\" align=\"left\">Durant els anys de la Rep\u00fablica hi hagu\u00e9 cr\u00edtiques per la poca fe del professorat de l\u2019Institut en la utilitzaci\u00f3 del catal\u00e0 a les classes. Aix\u00ed, a \u201cEl Dia\u201d del 24 de maig del 1934, llegim un article de Josep Font, director del diari, titulat\u00a0<i>\u201cUna necessitat. Manresa ha de prendre possessi\u00f3 de l\u2019Institut\u201d<\/i>, en el qual s\u2019inculpava als \u201cdign\u00edssims professors\u201d de l\u2019Institut que s\u2019haguessin tancat en \u201cuna torra d\u2019ivori\u201d sense connectar amb la vida ciutadana. A m\u00e9s, el periodista els recordava que a Catalunya \u201cla llengua oficial \u00e9s el catal\u00e0. I a l\u2019institut es donen les classes com a Salamanca o Cuenca o Burgos. I no es fa ni el m\u00e9s m\u00ednim esfor\u00e7 per remeiar aquesta, diguem-ne, incomprensi\u00f3. Al contrari. Sabem que professors catalans donen les classes en castell\u00e0. I no sembla sin\u00f3 que hi hagi un inter\u00e8s marcad\u00edssim en foragitar la nostra llengua d\u2019aquest centre docent\u201d.<\/p>\n<p class=\"normal\" align=\"left\">Significativament, poc temps despr\u00e9s, a l\u2019inici del curs 1934-35 es cre\u00e0 a l\u2019Institut, per primera vegada a la seva hist\u00f2ria, una c\u00e0tedra de Llengua i literatura catalanes, que evidentment fou suprimida durant el franquisme.<\/p>\n<p align=\"left\">\n<h2><del>Documents<\/del><\/h2>\n<p>5-5-1931. Carta de l\u2019alcalde Joan Selves al ministre d\u2019Instrucci\u00f3, Marcel\u00b7l\u00ed Domingo, en qu\u00e8 li demana que nomeni director de l\u2019Institut Aniceto Le\u00f3n Garre. Posteriorment, aquest professor fou un dels membres del Claustre que s\u2019opos\u00e0 a la utilitzaci\u00f3 del catal\u00e0 en les classes que es feien a l\u2019Institut. De fet, al llarg del per\u00edode republic\u00e0, nom\u00e9s una minoria de professors feien les seves classes en l\u2019idioma propi del pa\u00eds, cosa que fou motiu de pol\u00e8mica i fins i tot es reflect\u00ed en la premsa local.(Document procedent de l\u2019Arxiu Comarcal del Bages).<\/p>\n<div id=\"jig1\" class=\"justified-image-grid jig-3fddc6cc99025ec61f18e59909af9a70 jig-preset-c2 jig-source-wp-gallery jig-rml-id-249\"><div class=\"jig-clearfix\"><\/div><noscript id=\"jig1-html\" class=\"justified-image-grid-html\" data-lazy-src=\"skiplazyload\" data-src=\"skipunveillazyload\"><ul><li><a href=\"https:\/\/mcat.b-cdn.net\/republica\/wp-content\/uploads\/sites\/73\/2021\/12\/10.4.Inst_.1.5.5.311-2_1.jpg\"><img fetchpriority=\"high\" decoding=\"async\" src=\"https:\/\/mcat.b-cdn.net\/republica\/wp-content\/uploads\/sites\/73\/2021\/12\/10.4.Inst_.1.5.5.311-2_1.jpg\" alt=\"\" width=\"325\" height=\"230\" \/><\/a><\/li><li><a href=\"https:\/\/mcat.b-cdn.net\/republica\/wp-content\/uploads\/sites\/73\/2021\/12\/10.4.Inst_.2.5.5.312-2_1.jpg\"><img decoding=\"async\" src=\"https:\/\/mcat.b-cdn.net\/republica\/wp-content\/uploads\/sites\/73\/2021\/12\/10.4.Inst_.2.5.5.312-2_1.jpg\" alt=\"\" width=\"313\" height=\"230\" \/><\/a><\/li><\/ul><\/noscript><\/div>\n<p>&nbsp;<\/p>\n<h2><del>Talls de veu<\/del><\/h2>\n<table border=\"0\" width=\"493\" cellspacing=\"3\" cellpadding=\"0\">\n<tbody>\n<tr>\n<td rowspan=\"4\" width=\"189\"><img decoding=\"async\" src=\"https:\/\/mcat.b-cdn.net\/republica\/wp-content\/uploads\/sites\/73\/2022\/02\/angel-servet.jpg\" width=\"180\" height=\"173\" border=\"0\" \/><\/td>\n<td width=\"306\"><b>Testimoni:<\/b>\u00a0\u00c0ngel Servet i Mart\u00ed (1920-1989)<\/td>\n<\/tr>\n<tr>\n<td width=\"306\"><b>Tema:<\/b> L\u2019institut<\/td>\n<\/tr>\n<tr>\n<td width=\"306\"><b>Data de l\u2019entrevista:<\/b>\u00a025-09-1978<\/td>\n<\/tr>\n<\/tbody>\n<\/table>\n<iframe width=\"100%\" height=\"100\" scrolling=\"no\" frameborder=\"no\" src=\"https:\/\/w.soundcloud.com\/player?url=https%3A%2F%2Fapi.soundcloud.com%2Ftracks%2F82882910&player_height=100&player_height_multi=&player_width=&player_type=html5&color=&auto_play=false&show_comments=false&show_user=false&buying=false&sharing=false&download=false&show_artwork=false&show_playcount=false&hide_related=false\"><\/iframe>\n<table border=\"0\" width=\"493\" cellspacing=\"3\" cellpadding=\"0\">\n<tbody>\n<tr>\n<td rowspan=\"4\" width=\"189\"><img decoding=\"async\" src=\"https:\/\/mcat.b-cdn.net\/republica\/wp-content\/uploads\/sites\/73\/2022\/02\/angel-servet.jpg\" width=\"180\" height=\"173\" border=\"0\" \/><\/td>\n<td width=\"306\"><b>Testimoni:<\/b>\u00a0\u00c0ngel Servet i Mart\u00ed (1920-1989)<\/td>\n<\/tr>\n<tr>\n<td width=\"306\"><b>Tema:<\/b> El director de l\u2019Institut i el catal\u00e0<\/td>\n<\/tr>\n<tr>\n<td width=\"306\"><b>Data de l\u2019entrevista:<\/b>\u00a025-09-1978<\/td>\n<\/tr>\n<\/tbody>\n<\/table>\n<iframe width=\"100%\" height=\"100\" scrolling=\"no\" frameborder=\"no\" src=\"https:\/\/w.soundcloud.com\/player?url=https%3A%2F%2Fapi.soundcloud.com%2Ftracks%2F82882911&player_height=100&player_height_multi=&player_width=&player_type=html5&color=&auto_play=false&show_comments=false&show_user=false&buying=false&sharing=false&download=false&show_artwork=false&show_playcount=false&hide_related=false\"><\/iframe>\n","protected":false},"excerpt":{"rendered":"<p>L\u2019Institut Nacional de Segon Ensenyament de Manresa, inaugurat l\u2019any 1927, fou conegut popularment com \u201cL\u2019Institut\u201d o b\u00e9 com el \u201cGrup Escolar\u201d, ja que aquesta era la seva destinaci\u00f3 inicial. L\u2019any 1953 reb\u00e9 el seu nom actual de \u201cLlu\u00eds de Peguera\u201d. El setembre de 1931, per un decret del govern central de la Rep\u00fablica, es cre\u00e0 [&hellip;]<\/p>\n","protected":false},"author":1,"featured_media":0,"parent":0,"menu_order":156,"comment_status":"closed","ping_status":"closed","template":"","meta":{"iawp_total_views":0,"footnotes":""},"class_list":["post-94","page","type-page","status-publish","hentry"],"_links":{"self":[{"href":"https:\/\/www.memoria.cat\/republica\/wp-json\/wp\/v2\/pages\/94","targetHints":{"allow":["GET"]}}],"collection":[{"href":"https:\/\/www.memoria.cat\/republica\/wp-json\/wp\/v2\/pages"}],"about":[{"href":"https:\/\/www.memoria.cat\/republica\/wp-json\/wp\/v2\/types\/page"}],"author":[{"embeddable":true,"href":"https:\/\/www.memoria.cat\/republica\/wp-json\/wp\/v2\/users\/1"}],"replies":[{"embeddable":true,"href":"https:\/\/www.memoria.cat\/republica\/wp-json\/wp\/v2\/comments?post=94"}],"version-history":[{"count":0,"href":"https:\/\/www.memoria.cat\/republica\/wp-json\/wp\/v2\/pages\/94\/revisions"}],"wp:attachment":[{"href":"https:\/\/www.memoria.cat\/republica\/wp-json\/wp\/v2\/media?parent=94"}],"curies":[{"name":"wp","href":"https:\/\/api.w.org\/{rel}","templated":true}]}}