{"id":87,"date":"2010-05-01T12:45:23","date_gmt":"2010-05-01T10:45:23","guid":{"rendered":"http:\/\/publish"},"modified":"2025-07-15T00:18:33","modified_gmt":"2025-07-14T23:18:33","slug":"la-neteja-publica","status":"publish","type":"page","link":"https:\/\/www.memoria.cat\/republica\/la-neteja-publica\/","title":{"rendered":"La neteja p\u00fablica"},"content":{"rendered":"<p class=\"normal\" align=\"left\">Aquest era un dels serveis m\u00e9s criticats per la poblaci\u00f3 manresana. Hom considerava que els carrers eren bruts i deixats i que, a banda de l\u2019acci\u00f3 de ciutadans descurats i de l\u2019exc\u00e9s de deixalles generat per les tradicionals parades ambulants, bona part de la responsabilitat d\u2019aquesta situaci\u00f3 la tenia l\u2019empresa de Josep Rib\u00f3 i Gamisans, concession\u00e0ria de la neteja p\u00fablica. El contracte amb aquesta empresa, fet l\u2019any 1924, tenia vig\u00e8ncia fins el 1936.<\/p>\n<p class=\"normal\" align=\"left\">L\u2019empresa de neteja demanava un augment del contracte, per poder fer front a les despeses que suposaven els jornals. En canvi, el president de la Comissi\u00f3 de Neteja P\u00fablica, el regidor Salvador Jubert, creia que el servei es prestava de manera deficient.<\/p>\n<p class=\"normal\" align=\"left\">\u00c9s per aix\u00f2 que el ple municipal del 12 de juny de 1936 va aprovar la municipalitzaci\u00f3 dels serveis de neteja i de recollida de les escombraries. L\u2019Ajuntament considerava que, amb l\u2019explotaci\u00f3 directa per part del municipi, es guanyaria en efic\u00e0cia. El material necessari per a la prestaci\u00f3 del servei (que inclo\u00efa diversos vehicles) es va comprar a l\u2019anterior concessionari per un import de 34.500 pessetes. Al mateix temps, tamb\u00e9 fou contractat el personal que fins aleshores havia treballat a la neteja p\u00fablica.<\/p>\n<p align=\"left\">\n<h2 align=\"left\"><del>Fotografies<\/del><\/h2>\n<p>Manresa. Abril del 1936: cami\u00f3 d\u2019escombraries del servei de neteja p\u00fablica, a la pla\u00e7a de Fius i Pal\u00e0.<\/p>\n<div id=\"jig1\" class=\"justified-image-grid jig-0da136023f242d95399e4e701f532903 jig-preset-c2 jig-source-wp-gallery jig-rml-id-53\"><div class=\"jig-clearfix\"><\/div><noscript id=\"jig1-html\" class=\"justified-image-grid-html\" data-lazy-src=\"skiplazyload\" data-src=\"skipunveillazyload\"><ul><li><a href=\"https:\/\/mcat.b-cdn.net\/republica\/wp-content\/uploads\/sites\/73\/2021\/12\/9-11-Neteja-DSC_0019.jpg\"><img fetchpriority=\"high\" decoding=\"async\" src=\"https:\/\/mcat.b-cdn.net\/republica\/wp-content\/uploads\/sites\/73\/2021\/12\/9-11-Neteja-DSC_0019.jpg\" alt=\"\" width=\"346\" height=\"230\" \/><\/a><\/li><li><a href=\"https:\/\/mcat.b-cdn.net\/republica\/wp-content\/uploads\/sites\/73\/2021\/12\/9-11-Neteja-DSC_0020.jpg\"><img decoding=\"async\" src=\"https:\/\/mcat.b-cdn.net\/republica\/wp-content\/uploads\/sites\/73\/2021\/12\/9-11-Neteja-DSC_0020.jpg\" alt=\"\" width=\"346\" height=\"230\" \/><\/a><\/li><\/ul><\/noscript><\/div>\n","protected":false},"excerpt":{"rendered":"<p>Aquest era un dels serveis m\u00e9s criticats per la poblaci\u00f3 manresana. Hom considerava que els carrers eren bruts i deixats i que, a banda de l\u2019acci\u00f3 de ciutadans descurats i de l\u2019exc\u00e9s de deixalles generat per les tradicionals parades ambulants, bona part de la responsabilitat d\u2019aquesta situaci\u00f3 la tenia l\u2019empresa de Josep Rib\u00f3 i Gamisans, [&hellip;]<\/p>\n","protected":false},"author":1,"featured_media":0,"parent":0,"menu_order":199,"comment_status":"closed","ping_status":"closed","template":"","meta":{"iawp_total_views":0,"footnotes":""},"class_list":["post-87","page","type-page","status-publish","hentry"],"_links":{"self":[{"href":"https:\/\/www.memoria.cat\/republica\/wp-json\/wp\/v2\/pages\/87","targetHints":{"allow":["GET"]}}],"collection":[{"href":"https:\/\/www.memoria.cat\/republica\/wp-json\/wp\/v2\/pages"}],"about":[{"href":"https:\/\/www.memoria.cat\/republica\/wp-json\/wp\/v2\/types\/page"}],"author":[{"embeddable":true,"href":"https:\/\/www.memoria.cat\/republica\/wp-json\/wp\/v2\/users\/1"}],"replies":[{"embeddable":true,"href":"https:\/\/www.memoria.cat\/republica\/wp-json\/wp\/v2\/comments?post=87"}],"version-history":[{"count":0,"href":"https:\/\/www.memoria.cat\/republica\/wp-json\/wp\/v2\/pages\/87\/revisions"}],"wp:attachment":[{"href":"https:\/\/www.memoria.cat\/republica\/wp-json\/wp\/v2\/media?parent=87"}],"curies":[{"name":"wp","href":"https:\/\/api.w.org\/{rel}","templated":true}]}}