{"id":837,"date":"2010-07-20T11:23:58","date_gmt":"2010-07-20T09:23:58","guid":{"rendered":"http:\/\/publish"},"modified":"2022-03-19T22:02:16","modified_gmt":"2022-03-19T21:02:16","slug":"la-proclamacio-de-la-republica-manresa-joaquim-sarret-arbos","status":"publish","type":"page","link":"https:\/\/www.memoria.cat\/republica\/la-proclamacio-de-la-republica-manresa-joaquim-sarret-arbos\/","title":{"rendered":"La proclamaci\u00f3 de la Rep\u00fablica a Manresa &#8211; Joaquim Sarret i Arb\u00f3s"},"content":{"rendered":"<h2><b>Joaquim Sarret i Arb\u00f3s<\/b><\/h2>\n<p><i>(Extret d\u2019un manuscrit in\u00e8dit conservat a l\u2019Arxiu Comarcal del Bages sobre diversos fets de l\u2019any 1931)<\/i><\/p>\n<p>&nbsp;<\/p>\n<p>Abril 1931 \u00a0\u00a0\u00a0\u00a0\u00a0\u00a0\u00a0\u00a0\u00a0\u00a0 Manresa<\/p>\n<p>En Manresa se realizaron las elecciones municipales del d\u00eda 12 de abril con el entusiasmo propio de los pueblos conscientes cumplidores de sus deberes de ciudadan\u00eda, sin que ocurrieran incidentes desagradables. El resultado de la elecci\u00f3n fue completamente favorable a la candidatura catalanista republicana que obtuvo mayor\u00eda de votos.<\/p>\n<p>El d\u00eda 14 recibi\u00f3se la noticia de que en Madrid, Barcelona y otros puntos se hab\u00eda proclamado la Rep\u00fablica. A las seis de la tarde se reunieron los concejales republicanos elegidos el domingo \u00faltimo y se constituyeron en las Casas Consistoriales en Junta de Gobierno Republicana Provisional de Manresa nombrando Presidente a D. Juan Selvas Carner y tomando a su cargo el Gobierno de la ciudad.<\/p>\n<p>Momentos antes se hab\u00eda organizado una grandiosa manifestaci\u00f3n en el local republicano del Paseo de Pedro III, la cual precedida de la Bandera propia se dirigi\u00f3 a la Plaza Mayor subiendo algunos manifestantes a las Casas Consistoriales izando en el balc\u00f3n principal la Bandera republicana a los acordes de la Marsellesa tocada por una orquesta, siendo ovacionada fren\u00e9ticamente por la multitud estacionada en dicha plaza. El Presidente de la nueva Junta de Gobierno y otros miembros de la misma salieron al balc\u00f3n para dar fe de que se hab\u00eda proclamado la Rep\u00fablica reclamando del pueblo orden y serenidad, amonest\u00e1ndoles a que se retirasen pac\u00edficamente a sus casas, ya que ellos quedaban al Ayuntamiento en sesi\u00f3n permanente para cumplir con su deber.<\/p>\n<p>En esta sesi\u00f3n se tomaron algunos acuerdos, entre ellos: recabar la libertad de los presos del Partido menos los detenidos por homicidio; recoger las armas y municiones de los individuos del Somat\u00e9n menos los de las for\u00e1neas; y comunicar a todos los pueblos del Distrito la proclamaci\u00f3n de la Rep\u00fablica invit\u00e1ndoles a seguir el mismo ejemplo.<\/p>\n<p>Con motivo de haber sido declarado fiesta nacional de la Rep\u00fablica, el d\u00eda 15 estuvieron paralizados todos los trabajos en Manresa y cerrados los establecimientos como en los d\u00edas festivos.<\/p>\n<p>Por la ma\u00f1ana se organiz\u00f3 una manifestaci\u00f3n en la Plaza Mayor, siendo puestos en libertad los presos existentes en la c\u00e1rcel, mientras un piquete de soldados del Batall\u00f3n de monta\u00f1a de Reus recorr\u00eda las calles de la ciudad, fijando en las esquinas el siguiente Bando de la Junta de Gobierno Republicana de Manresa.<\/p>\n<p>\u201c<u>Ciudadans:<\/u>\u00a0Ha estat proclamada la Rep\u00fablica Federal a Catalunya i a Espanya. Nosaltres, obe\u00efnt la voluntat del poble de Manresa, declarem que no reconeixem altra autoritat que la Rep\u00fablica instaurada i declarem que Manresa \u00e9s republicana. Per la Llibertat i la Rep\u00fablica, ciutadants, guardeu l\u2019ordre m\u00e9s absolut i ajudeu a la nostra tasca de vetllar perqu\u00e8 els elements pertorbadors no alterin la veritable normalitat que ara implantem. Ens fem c\u00e0rrec del govern de la ciutat i de l\u2019ordre i constitu\u00efts en Comit\u00e8 castigarem amb just\u00edcia qualsevol desordre o extralimitaci\u00f3 que s\u2019observi.<\/p>\n<p>Manresa 15 d\u2019abril de 1931. El Comit\u00e8 de govern de la ciutat.\u201d<\/p>\n<p>&nbsp;<\/p>\n<p>Manresa\u00a0\u00a0\u00a0\u00a0\u00a0\u00a0\u00a0\u00a0\u00a0\u00a0\u00a0 \u00a0\u00a0\u00a0\u00a0\u00a0\u00a0\u00a0\u00a0\u00a0\u00a0\u00a0 \u00a0\u00a0\u00a0\u00a0\u00a0\u00a0\u00a0\u00a0\u00a0\u00a0\u00a0 \u00a0\u00a0\u00a0\u00a0\u00a0\u00a0\u00a0\u00a0\u00a0\u00a0\u00a0 1931<\/p>\n<p>La manifestaci\u00f3n de la Plaza Mayor que cada minuto iba engrosando era enorme, destac\u00e1ndose una Comisi\u00f3n la cual, en nombre de los Sindicatos adheridos a la Confederaci\u00f3n Nacional del Trabajo formul\u00f3 unas peticiones ante la Junta de Gobierno Republicana Provisional que se hallaba deliberando.<\/p>\n<p>La Junta escuch\u00f3 con la mayor atenci\u00f3n las demandas de la comisi\u00f3n obrera algunas de las cuales fueron atendidas menos la de que se extrayese la corona del escudo de piedra de la Casa de la ciudad (*). Despu\u00e9s de la entrevista, un representante de los obreros desde los balcones de la Casa de la ciudad dirigi\u00f3 la palabra al pueblo notific\u00e1ndole la resoluci\u00f3n de la entrevista diciendo que todo se hab\u00eda aceptado, y luego un miembro de la Junta repiti\u00f3 que todo se tendr\u00eda en cuenta pidiendo al pueblo que retirara la petici\u00f3n de extrayer la corona del escudo de la ciudad que no era la corona de la dinast\u00eda ca\u00edda sino de los condes de Barcelona.<\/p>\n<p>Inmediatamente se disolvi\u00f3 la manifestaci\u00f3n con el mayor orden y entusiasmo.<\/p>\n<p>Durante el d\u00eda fue extraordinaria la anunciaci\u00f3n de la ciudad apareciendo adornados con colgaduras los balcones de distintas casas0 en demostraci\u00f3n de j\u00fabilo; bail\u00e1ronse sardanas y se cant\u00f3 el himno la \u201cMarsellesa\u201d. Por la noche organiz\u00e1ronse l\u00facidos bailes en varias sociedades y centros de la ciudad.<\/p>\n<p>En este mismo d\u00eda qued\u00f3 constituido el primer Ayuntamiento de la Rep\u00fablica en Manresa<b>; cuyos<\/b>\u00a0trabajos se encaminaban a la propaganda de sus ideales pol\u00edticos los cuales salieron de tono al acordar en sesi\u00f3n de 3 junio una proposici\u00f3n que dice as\u00ed: \u201cQue se acuerde enviar al Gobierno Provisional de la Rep\u00fablica, una comunicaci\u00f3n expresando el deseo de la Corporaci\u00f3n de que al concertarse las futuras relaciones entre la Iglesia y el Estado, en las futuras constituyentes, acuerde la supresi\u00f3n de todas aquellas \u00f3rdenes religiosas que se vea no responden a una verdadera necesidad ben\u00e9fica y procure al mismo tiempo que tuvo los edificios propiedad de aquellas \u00f3rdenes religiosas que sean suprimidas pasen en poder de los Municipios donde SDDASDA con la obligaci\u00f3n de dedicarlos exclusivamente a fines culturales y ben\u00e9ficos.\u201d<\/p>\n<p>(*) No era corona real la que llevaba el escudo sino que era Ducal.<\/p>\n","protected":false},"excerpt":{"rendered":"<p>Joaquim Sarret i Arb\u00f3s (Extret d\u2019un manuscrit in\u00e8dit conservat a l\u2019Arxiu Comarcal del Bages sobre diversos fets de l\u2019any 1931) &nbsp; Abril 1931 \u00a0\u00a0\u00a0\u00a0\u00a0\u00a0\u00a0\u00a0\u00a0\u00a0 Manresa En Manresa se realizaron las elecciones municipales del d\u00eda 12 de abril con el entusiasmo propio de los pueblos conscientes cumplidores de sus deberes de ciudadan\u00eda, sin que ocurrieran incidentes [&hellip;]<\/p>\n","protected":false},"author":1,"featured_media":0,"parent":0,"menu_order":215,"comment_status":"closed","ping_status":"closed","template":"","meta":{"iawp_total_views":1,"footnotes":""},"class_list":["post-837","page","type-page","status-publish","hentry"],"_links":{"self":[{"href":"https:\/\/www.memoria.cat\/republica\/wp-json\/wp\/v2\/pages\/837","targetHints":{"allow":["GET"]}}],"collection":[{"href":"https:\/\/www.memoria.cat\/republica\/wp-json\/wp\/v2\/pages"}],"about":[{"href":"https:\/\/www.memoria.cat\/republica\/wp-json\/wp\/v2\/types\/page"}],"author":[{"embeddable":true,"href":"https:\/\/www.memoria.cat\/republica\/wp-json\/wp\/v2\/users\/1"}],"replies":[{"embeddable":true,"href":"https:\/\/www.memoria.cat\/republica\/wp-json\/wp\/v2\/comments?post=837"}],"version-history":[{"count":0,"href":"https:\/\/www.memoria.cat\/republica\/wp-json\/wp\/v2\/pages\/837\/revisions"}],"wp:attachment":[{"href":"https:\/\/www.memoria.cat\/republica\/wp-json\/wp\/v2\/media?parent=837"}],"curies":[{"name":"wp","href":"https:\/\/api.w.org\/{rel}","templated":true}]}}