{"id":835,"date":"2010-07-20T11:20:02","date_gmt":"2010-07-20T09:20:02","guid":{"rendered":"http:\/\/publish"},"modified":"2022-03-19T22:02:38","modified_gmt":"2022-03-19T21:02:38","slug":"la-proclamacio-de-la-republica-manresa-pedro-flores","status":"publish","type":"page","link":"https:\/\/www.memoria.cat\/republica\/la-proclamacio-de-la-republica-manresa-pedro-flores\/","title":{"rendered":"La proclamaci\u00f3 de la Rep\u00fablica a Manresa &#8211; Pedro Flores"},"content":{"rendered":"<h2><b>Pedro Flores<\/b><\/h2>\n<p>(extret del seu llibre\u00a0<i>Mem\u00f2ries de Pedro Flores. A la recerca de l\u2019ideal anarquista.<\/i><\/p>\n<p>Centre d\u2019Estudis del Bages, 2003)<\/p>\n<p>\u201c&#8230; en las elecciones del 12 de abril de 1931&#8230; recorrimos todos los lugares de voto con la consiguiente alegr\u00eda al ver que ganaban las izquierdas&#8230; Y mucho m\u00e1s jubiloso fue dos d\u00edas m\u00e1s tarde cuando en la f\u00e1brica se nos dice que se hab\u00eda proclamado la Rep\u00fablica. Sin pensarlo dos veces dejamos el trabajo y a toda carrera llegamos a la plaza Mayor, donde en el palo principal del ayuntamiento ondeaba la bandera tricolor. Nada hicimos sino mucho gritar nuestro alborozo y cantar: \u201cNo queremos a reina puta, ni tampoco a rey cabr\u00f3n&#8230;\u201d. Alegr\u00eda y alborozo que dur\u00f3 todo el d\u00eda siguiente hasta que, paulatinamente y con el tiempo se fue apagando. La Rep\u00fablica no result\u00f3 ser m\u00e1s que una fantasmagor\u00eda y los republicanos, unos taimados que frustraron las esperanzas del pueblo.\u201d<\/p>\n","protected":false},"excerpt":{"rendered":"<p>Pedro Flores (extret del seu llibre\u00a0Mem\u00f2ries de Pedro Flores. A la recerca de l\u2019ideal anarquista. Centre d\u2019Estudis del Bages, 2003) \u201c&#8230; en las elecciones del 12 de abril de 1931&#8230; recorrimos todos los lugares de voto con la consiguiente alegr\u00eda al ver que ganaban las izquierdas&#8230; Y mucho m\u00e1s jubiloso fue dos d\u00edas m\u00e1s tarde [&hellip;]<\/p>\n","protected":false},"author":1,"featured_media":0,"parent":0,"menu_order":216,"comment_status":"closed","ping_status":"closed","template":"","meta":{"iawp_total_views":4,"footnotes":""},"class_list":["post-835","page","type-page","status-publish","hentry"],"_links":{"self":[{"href":"https:\/\/www.memoria.cat\/republica\/wp-json\/wp\/v2\/pages\/835","targetHints":{"allow":["GET"]}}],"collection":[{"href":"https:\/\/www.memoria.cat\/republica\/wp-json\/wp\/v2\/pages"}],"about":[{"href":"https:\/\/www.memoria.cat\/republica\/wp-json\/wp\/v2\/types\/page"}],"author":[{"embeddable":true,"href":"https:\/\/www.memoria.cat\/republica\/wp-json\/wp\/v2\/users\/1"}],"replies":[{"embeddable":true,"href":"https:\/\/www.memoria.cat\/republica\/wp-json\/wp\/v2\/comments?post=835"}],"version-history":[{"count":0,"href":"https:\/\/www.memoria.cat\/republica\/wp-json\/wp\/v2\/pages\/835\/revisions"}],"wp:attachment":[{"href":"https:\/\/www.memoria.cat\/republica\/wp-json\/wp\/v2\/media?parent=835"}],"curies":[{"name":"wp","href":"https:\/\/api.w.org\/{rel}","templated":true}]}}