{"id":828,"date":"2010-07-14T17:48:28","date_gmt":"2010-07-14T15:48:28","guid":{"rendered":"http:\/\/publish"},"modified":"2025-07-15T00:29:23","modified_gmt":"2025-07-14T23:29:23","slug":"la-musica","status":"publish","type":"page","link":"https:\/\/www.memoria.cat\/republica\/la-musica\/","title":{"rendered":"La m\u00fasica"},"content":{"rendered":"<p class=\"normal\">Durant la Rep\u00fablica, l\u2019ambient musical manres\u00e0 fou intens, divers i tamb\u00e9 irregular. A l\u2019any 1930, ja s\u2019havia constitu\u00eft l\u2019Associaci\u00f3 de M\u00fasica de Manresa amb la finalitat de \u201cfomentar i propagar el div\u00ed Art dels sons\u201d i que realitz\u00e0 una tasca important tot i que de curta durada.<\/p>\n<p class=\"normal\">Un fet realment important fou la creaci\u00f3 d\u2019una Orquestra Simf\u00f2nica, formada per 45 m\u00fasics manresans (entre professionals i estudiants), que realitz\u00e0 el seu primer concert el 31 de mar\u00e7 de 1936, al Teatre Conservatori, interpretant obres de Beethoven, Grieg, Mozart, Bach, Brahms i Wagner. Salvador Juanola, Mari\u00e0 Homs i Joan Miralles foren els directors de les tres parts de qu\u00e8 const\u00e0 el concert. L\u2019Agrupaci\u00f3 tenia la intenci\u00f3 de portar a terme audicions simf\u00f2niques de categoria. El diari \u201cEl Dia\u201d comentava que aquest fet \u201cposar\u00e0 a la nostra ciutat en un punt ben alt, en comptar amb una nova entitat al servei de l\u2019art&#8230;\u201d. Pocs mesos despr\u00e9s, per\u00f2, l\u2019esclat de la Guerra Civil impediria, com tantes altres coses, la continuaci\u00f3 d\u2019aquella prometedora experi\u00e8ncia.<\/p>\n<p class=\"normal\">Tamb\u00e9 durant els anys de la Rep\u00fablica va tenir lloc la difusi\u00f3 del jazz a Manresa. Un dels manresans m\u00e9s entusiastes i apassionats del jazz, i que juntament amb Ramir Torres en seria introductor, fou Joaquim Amat-Piniella. L\u2019octubre de 1932, en un dels actes organitzats per la penya Ara, l\u2019escriptor manres\u00e0 ofer\u00ed a la sala d\u2019actes de l\u2019Orfe\u00f3 una documentad\u00edssima confer\u00e8ncia sobre el tema <i>M\u00fasica de jazz,<\/i> acompanyada de demostracions musicals de Ramir Torres al piano. L\u2019afici\u00f3 pel jazz aniria creixent: a partir de la Festa Major de 1933 els empresaris de l\u2019Envelat Monumental ja en programaren; l\u2019any seg\u00fcent es creava el conjunt local The Jungla Jazz -l\u2019\u00e0nima del qual era Ramir Torres- i l\u2019octubre de 1935 es constitu\u00efa a Manresa una filial de Hot Club de Barcelona, amb Ramir Torres de president i Amat-Piniella de vice-president. Hot Club Manresa inaugurava oficialment les seves activitats el 20 de desembre, amb l\u2019emissi\u00f3 de la pel\u00b7l\u00edcula<i> Roberta,<\/i> amb Fred Astaire i Ginger Rogers, i un concert de jazz a c\u00e0rrec del conjunt orquestral Napoleon\u2019s Band.<\/p>\n<p class=\"normal\">L\u2019abril de 1936, Hot Club Manresa present\u00e0 la seva orquestra, integrada per elements de diferents orquestrines locals, que interpretava obres arranjades pel director i pianista del conjunt, Ramir Torres.<\/p>\n<p class=\"normal\">En m\u00e9s d\u2019una ocasi\u00f3 es produ\u00efren conflictes entre les diverses agrupacions musicals locals. Dels que tingueren m\u00e9s resson\u00e0ncia, per for\u00e7a hem de destacar el que s\u2019establ\u00ed entre el Sindicat Musical Manres\u00e0 \u2013que agrupava 24 conjunts musicals- i les entitats Cooperativa Obrera Manresana i Ateneu Obrer. Aquestes no acceptaren les bases establertes pel sindicat per a la contractaci\u00f3 d\u2019agrupacions musicals i decidiren prescindir de les orquestres i utilitzar gramoles per amenitzar els seus balls. Des d\u2019aleshores, el Sindicat entengu\u00e9 que les orquestres contractades per aquestes dues entitats sense la seva autoritzaci\u00f3 eren esquirols. Els plats trencats els pag\u00e0 la Banda Municipal de Sabadell en anar a oferir un concert a la pla\u00e7a de Francesc Maci\u00e0 el desembre de 1931, organitzat per l\u2019Ateneu i la Cooperativa. Segons sembla, el concert fou boicotejat per socis del Sindicat Musical, que es presentaren prove\u00efts de xiulets i xiularen sorollosament i insultaren els components de la Banda. No hi faltaren els enfrontaments amb els organitzadors i, segons comenta \u201cEl Pla de Bages\u201d, \u201cdurant uns minuts all\u00f2 semblava una batalla campal. Per una i altra banda resultaren alguns contusionats per cops de puny i puntades de peu\u201d.<\/p>\n<p class=\"normal\">El febrer de 1932 es constitu\u00efa la \u201cUni\u00f3 Musical de Manresa i Comarca\u201d, formada per algunes orquestrines dissidents del Sindicat Musical. Aquell any, el nombre de conjunts musicals era considerable: hi havia les orquestres Masanas, Principal de Bages, Principal Manresa i Art Catal\u00e0, i les orquestrines Els Catalans, Jazz-Calcuta, Cots, Dancing-Jazz, Farr\u00e9s-Altimires, Iberia, Mar i Cel, Puig, Royal, Sport i Tard\u00e0.<\/p>\n<p class=\"normal\">Pel que fa a la m\u00fasica coral, cal dir que hi havia diverses entitats que es destacaven per les seves facetes de cant orfe\u00f2nic, cant popular claveri\u00e0, etc.: el cor de La Uni\u00f3 Manresana, dirigida per Antoni Tarr\u00e9s, el cor de l\u2019Ateneu Obrer Manres\u00e0, la Societat Coral Orfe\u00f2nica de Sant Josep, les Escodines, la Societat Cultural Penya Joia, al Caf\u00e8 Mundial.<\/p>\n<p class=\"normal\">Ara b\u00e9, la m\u00e9s important era l\u2019Orfe\u00f3 Manres\u00e0, entitat que el 1926 havia celebrat amb gran esplendor el seu 25\u00e8 aniversari i que durant els anys 30 tingu\u00e9 una pres\u00e8ncia notable en la vida manresana, si b\u00e9 a partir de 1934 pat\u00ed una davallada considerable. Un cert canvi en les prefer\u00e8ncies del p\u00fablic hi tingu\u00e9 quelcom a veure: altres entitats, com ara l\u2019Esbart Manres\u00e0 de Dansaires, tamb\u00e9 es veieren afectades per aquest mateix motiu.<\/p>\n<p class=\"normal\">Un acte musical que tingu\u00e9 un gran relleu fou el concert commemoratiu del 250 aniversari de J.S.Bach, celebrat el 1935 a la sala d\u2019actes de l\u2019Orfe\u00f3 Manres\u00e0, en el qual debut\u00e0 el pianista Josep M. Mestre Miret. En la tercera part del concert el violoncel\u00b7lista Antoni Muset i una orquestra de corda dirigida per Mari\u00e0 Homs oferiren obres de Bach.<\/p>\n<p class=\"normal\">El 31 de mar\u00e7 del 1936 es celebr\u00e0 al Teatre Conservatori, el concert inaugural de l\u2019Agrupaci\u00f3 de Cultura Musical. Els beneficis d\u2019aquest acte es destinaren a l\u2019Assist\u00e8ncia P\u00fablica en agra\u00efment de l\u2019entitat al suport rebut per part de la Comissi\u00f3 de Cultura.<\/p>\n<p class=\"normal\">Altres fets remarcables dins del m\u00f3n musical foren el debut del tenor manres\u00e0 Josep Ferrer que assol\u00ed un gran \u00e8xit, i l\u2019edici\u00f3 d\u2019un disc de gram\u00f2fon que contenia la sardana <i>Les aromes de Queralt<\/i>, amb lletra i m\u00fasica dels manresans Ramon Torrents i Nicanor P\u00e9rez, respectivament, i la<i> Can\u00e7\u00f3 del mariner<\/i>, amb m\u00fasica del mateix Nicanor P\u00e9rez. Ambdues peces eren cantades per l\u2019artista Enriqueta Mas.<\/p>\n<p class=\"normal\">Respecte a la m\u00fasica religiosa, cal destacar especialment la Capella de M\u00fasica de la Seu i Els Amics del Cant Gregori\u00e0.<\/p>\n<p class=\"normal\">(Vegeu tamb\u00e9:\u00a0 <a href=\"https:\/\/www.memoria.cat\/republica\/associaci%C3%B3-de-m%C3%BAsica-de-manresa\">Associaci\u00f3 de M\u00fasica de Manresa<\/a> i <a href=\"https:\/\/www.memoria.cat\/republica\/orfe%C3%B3-manres%C3%A0\">Orfe\u00f3 Manres\u00e0<\/a>)<\/p>\n<p>&nbsp;<\/p>\n<h2><del>Documents<\/del><\/h2>\n<p>(Documents procedents de l\u2019Arxiu Comarcal del Bages).<\/p>\n<p>Anys 1930-36. Josep Prat Piera, com a president de l\u2019Associaci\u00f3 de la Premsa de Manresa i Comarca, demana que s\u2019encengui l\u2019enllumenat extraordinari al Passeig de Pere III amb motiu del concert de Marcos Redondo al Kursaal i resposta afirmativa de l&#8217;Ajuntament que ho comunica a la CAME; la Comissi\u00f3 pro-monument a Juli Garreta de Sant Feliu de Gu\u00edxols, s\u2019adre\u00e7a a l\u2019alcalde Joan Selves demanant una aportaci\u00f3 econ\u00f2mica pel monument; l\u2019Orfe\u00f3 Manres\u00e0 acorda comunicar a l\u2019Ajuntament la satisfacci\u00f3 pel suport rebut del Consistori durant l&#8217;estada de l&#8217;Orfe\u00f3 Catal\u00e0 a Manresa; cartes de felicitaci\u00f3 de la Uni\u00f3 Manresana a Francesc Marcet i Ramon Sanz per la seva reelecci\u00f3 com a alcalde i regidor respectivament; la Uni\u00f3 Manresana sol\u00b7licita perm\u00eds a l\u2019Ajuntament per celebrar un concert a la pla\u00e7a de Clav\u00e9 per commemorar el 14 d\u2019abril; l\u2019alcalde Servitje delega a F. Civis l\u2019assist\u00e8ncia a l&#8217;acte de rebuda del Coro &#8220;L&#8217;Estrella&#8221; de l&#8217;Ateneu Obrer de Canet de Mar; l&#8217;Agrupaci\u00f3 de Cultura Musical comunica a l&#8217;alcaldia la realitzaci\u00f3 del Concert Inaugural de l\u2019entitat.<\/p>\n<div id=\"jig1\" class=\"justified-image-grid jig-e41cec5a4e5f26bfac9017a0e93d34ef jig-preset-c2 jig-source-wp-gallery jig-rml-id-369\"><div class=\"jig-clearfix\"><\/div><noscript id=\"jig1-html\" class=\"justified-image-grid-html\" data-lazy-src=\"skiplazyload\" data-src=\"skipunveillazyload\"><ul><li><a href=\"https:\/\/mcat.b-cdn.net\/republica\/wp-content\/uploads\/sites\/73\/2021\/12\/11.6.Musica.1.9.12.30-1-3.jpg\"><img decoding=\"async\" src=\"https:\/\/mcat.b-cdn.net\/republica\/wp-content\/uploads\/sites\/73\/2021\/12\/11.6.Musica.1.9.12.30-1-3.jpg\" alt=\"\" width=\"162\" height=\"230\" \/><\/a><\/li><li><a href=\"https:\/\/mcat.b-cdn.net\/republica\/wp-content\/uploads\/sites\/73\/2021\/12\/11.6.Musica.2.9.12.30-2-3.jpg\"><img decoding=\"async\" src=\"https:\/\/mcat.b-cdn.net\/republica\/wp-content\/uploads\/sites\/73\/2021\/12\/11.6.Musica.2.9.12.30-2-3.jpg\" alt=\"\" width=\"171\" height=\"230\" \/><\/a><\/li><li><a href=\"https:\/\/mcat.b-cdn.net\/republica\/wp-content\/uploads\/sites\/73\/2021\/12\/11.6.Musica.3.9.12.30-3-3.jpg\"><img decoding=\"async\" src=\"https:\/\/mcat.b-cdn.net\/republica\/wp-content\/uploads\/sites\/73\/2021\/12\/11.6.Musica.3.9.12.30-3-3.jpg\" alt=\"\" width=\"163\" height=\"230\" \/><\/a><\/li><li><a href=\"https:\/\/mcat.b-cdn.net\/republica\/wp-content\/uploads\/sites\/73\/2021\/12\/11.6.Musica.4.6.5.31-1-2.jpg\"><img loading=\"lazy\" decoding=\"async\" src=\"https:\/\/mcat.b-cdn.net\/republica\/wp-content\/uploads\/sites\/73\/2021\/12\/11.6.Musica.4.6.5.31-1-2.jpg\" alt=\"\" width=\"165\" height=\"230\" \/><\/a><\/li><li><a href=\"https:\/\/mcat.b-cdn.net\/republica\/wp-content\/uploads\/sites\/73\/2021\/12\/11.6.Musica.5.6.5.31-2-2.jpg\"><img loading=\"lazy\" decoding=\"async\" src=\"https:\/\/mcat.b-cdn.net\/republica\/wp-content\/uploads\/sites\/73\/2021\/12\/11.6.Musica.5.6.5.31-2-2.jpg\" alt=\"\" width=\"159\" height=\"230\" \/><\/a><\/li><li><a href=\"https:\/\/mcat.b-cdn.net\/republica\/wp-content\/uploads\/sites\/73\/2021\/12\/11.6.Musica.6.12.07.33.jpg\"><img loading=\"lazy\" decoding=\"async\" src=\"https:\/\/mcat.b-cdn.net\/republica\/wp-content\/uploads\/sites\/73\/2021\/12\/11.6.Musica.6.12.07.33.jpg\" alt=\"\" width=\"350\" height=\"230\" \/><\/a><\/li><li><a href=\"https:\/\/mcat.b-cdn.net\/republica\/wp-content\/uploads\/sites\/73\/2021\/12\/11.6.Musica.7.17.2.34a.jpg\"><img loading=\"lazy\" decoding=\"async\" src=\"https:\/\/mcat.b-cdn.net\/republica\/wp-content\/uploads\/sites\/73\/2021\/12\/11.6.Musica.7.17.2.34a.jpg\" alt=\"\" width=\"177\" height=\"230\" \/><\/a><\/li><li><a href=\"https:\/\/mcat.b-cdn.net\/republica\/wp-content\/uploads\/sites\/73\/2021\/12\/11.6.Musica.8.17.2.34b.jpg\"><img loading=\"lazy\" decoding=\"async\" src=\"https:\/\/mcat.b-cdn.net\/republica\/wp-content\/uploads\/sites\/73\/2021\/12\/11.6.Musica.8.17.2.34b.jpg\" alt=\"\" width=\"180\" height=\"230\" \/><\/a><\/li><li><a href=\"https:\/\/mcat.b-cdn.net\/republica\/wp-content\/uploads\/sites\/73\/2021\/12\/11.6.Musica.9.1.4.35.jpg\"><img loading=\"lazy\" decoding=\"async\" src=\"https:\/\/mcat.b-cdn.net\/republica\/wp-content\/uploads\/sites\/73\/2021\/12\/11.6.Musica.9.1.4.35.jpg\" alt=\"\" width=\"180\" height=\"230\" \/><\/a><\/li><li><a href=\"https:\/\/mcat.b-cdn.net\/republica\/wp-content\/uploads\/sites\/73\/2021\/12\/11.6.Musica.10.17.06.35.jpg\"><img loading=\"lazy\" decoding=\"async\" src=\"https:\/\/mcat.b-cdn.net\/republica\/wp-content\/uploads\/sites\/73\/2021\/12\/11.6.Musica.10.17.06.35.jpg\" alt=\"\" width=\"174\" height=\"230\" \/><\/a><\/li><li><a href=\"https:\/\/mcat.b-cdn.net\/republica\/wp-content\/uploads\/sites\/73\/2021\/12\/11.6.Musica.11.26.3.36.jpg\"><img loading=\"lazy\" decoding=\"async\" src=\"https:\/\/mcat.b-cdn.net\/republica\/wp-content\/uploads\/sites\/73\/2021\/12\/11.6.Musica.11.26.3.36.jpg\" alt=\"\" width=\"179\" height=\"230\" \/><\/a><\/li><\/ul><\/noscript><\/div>\n<p>&nbsp;<\/p>\n<h2><del>Fotografies<\/del><\/h2>\n<div id=\"jig2\" class=\"justified-image-grid jig-512e7257a6936710b82d21bb6145e814 jig-preset-c1 jig-source-wp-gallery jig-rml-id-71\"><div class=\"jig-clearfix\"><\/div><noscript id=\"jig2-html\" class=\"justified-image-grid-html\" data-lazy-src=\"skiplazyload\" data-src=\"skipunveillazyload\"><ul><li><a href=\"https:\/\/mcat.b-cdn.net\/republica\/wp-content\/uploads\/sites\/73\/2022\/06\/Manresa-republica-1-12.jpg\" title=\"L\u2019Orquestrina Tard\u00e0, de Manresa\"><img loading=\"lazy\" decoding=\"async\" src=\"https:\/\/mcat.b-cdn.net\/republica\/wp-content\/uploads\/sites\/73\/2022\/06\/Manresa-republica-1-12.jpg\" alt=\"Manresa-republica-1\" width=\"346\" height=\"230\" \/><\/a><p class=\"jig-HTMLdescription\">Manresa-republica-1<br\/>L\u2019Orquestrina Tard\u00e0, de Manresa<\/p><\/li><li><a href=\"https:\/\/mcat.b-cdn.net\/republica\/wp-content\/uploads\/sites\/73\/2022\/06\/Manresa-republica-2-11.jpg\" title=\"Desembre del 1933. Una banda musical en un acte de postulaci\u00f3 organitzat per l\u2019Associaci\u00f3 de Dependents de Manresa\"><img loading=\"lazy\" decoding=\"async\" src=\"https:\/\/mcat.b-cdn.net\/republica\/wp-content\/uploads\/sites\/73\/2022\/06\/Manresa-republica-2-11.jpg\" alt=\"Manresa-republica-2\" width=\"359\" height=\"230\" \/><\/a><p class=\"jig-HTMLdescription\">Manresa-republica-2<br\/>Desembre del 1933. Una banda musical en un acte de postulaci\u00f3 organitzat per l\u2019Associaci\u00f3 de Dependents de Manresa<\/p><\/li><li><a href=\"https:\/\/mcat.b-cdn.net\/republica\/wp-content\/uploads\/sites\/73\/2022\/06\/Manresa-republica-3-10.jpg\" title=\"Any 1935. Al costat del faristol del Cor de la Seu, un grup de \u201ccorers\u201d o escolans que alternaven la salm\u00f2dia i ant\u00edfones amb la Comunitat de Canonges i Beneficiats de la Col\u00b7legiata\"><img loading=\"lazy\" decoding=\"async\" src=\"https:\/\/mcat.b-cdn.net\/republica\/wp-content\/uploads\/sites\/73\/2022\/06\/Manresa-republica-3-10.jpg\" alt=\"Manresa-republica-3\" width=\"346\" height=\"230\" \/><\/a><p class=\"jig-HTMLdescription\">Manresa-republica-3<br\/>Any 1935. Al costat del faristol del Cor de la Seu, un grup de \u201ccorers\u201d o escolans que alternaven la salm\u00f2dia i ant\u00edfones amb la Comunitat de Canonges i Beneficiats de la Col\u00b7legiata<\/p><\/li><li><a href=\"https:\/\/mcat.b-cdn.net\/republica\/wp-content\/uploads\/sites\/73\/2022\/06\/Manresa-republica-4-8.jpg\" title=\"Grup de caramelles\"><img loading=\"lazy\" decoding=\"async\" src=\"https:\/\/mcat.b-cdn.net\/republica\/wp-content\/uploads\/sites\/73\/2022\/06\/Manresa-republica-4-8.jpg\" alt=\"Manresa-republica-4\" width=\"346\" height=\"230\" \/><\/a><p class=\"jig-HTMLdescription\">Manresa-republica-4<br\/>Grup de caramelles<\/p><\/li><\/ul><\/noscript><\/div>\n<p>&nbsp;<\/p>\n<h2><del>Talls de veu<\/del><\/h2>\n<table border=\"0\" width=\"493\" cellspacing=\"3\" cellpadding=\"0\">\n<tbody>\n<tr>\n<td rowspan=\"4\" width=\"189\"><img loading=\"lazy\" decoding=\"async\" src=\"https:\/\/mcat.b-cdn.net\/republica\/wp-content\/uploads\/sites\/73\/2022\/02\/angel-servet.jpg\" width=\"180\" height=\"173\" border=\"0\" \/><\/td>\n<td width=\"306\"><b>Testimoni:<\/b> \u00c0ngel Servet i Mart\u00ed (1920-1989)<\/td>\n<\/tr>\n<tr>\n<td width=\"306\"><b>Tema:<\/b> La cobla La Principal de Bages<\/td>\n<\/tr>\n<tr>\n<td width=\"306\"><b>Data de l\u2019entrevista:<\/b> 27-9-1978<\/td>\n<\/tr>\n<\/tbody>\n<\/table>\n<iframe width=\"100%\" height=\"100\" scrolling=\"no\" frameborder=\"no\" src=\"https:\/\/w.soundcloud.com\/player?url=https%3A%2F%2Fapi.soundcloud.com%2Ftracks%2F82882915&player_height=100&player_height_multi=&player_width=&player_type=html5&color=&auto_play=false&show_comments=false&show_user=false&buying=false&sharing=false&download=false&show_artwork=false&show_playcount=false&hide_related=false\"><\/iframe>\n","protected":false},"excerpt":{"rendered":"<p>Durant la Rep\u00fablica, l\u2019ambient musical manres\u00e0 fou intens, divers i tamb\u00e9 irregular. A l\u2019any 1930, ja s\u2019havia constitu\u00eft l\u2019Associaci\u00f3 de M\u00fasica de Manresa amb la finalitat de \u201cfomentar i propagar el div\u00ed Art dels sons\u201d i que realitz\u00e0 una tasca important tot i que de curta durada. Un fet realment important fou la creaci\u00f3 d\u2019una [&hellip;]<\/p>\n","protected":false},"author":1,"featured_media":0,"parent":0,"menu_order":196,"comment_status":"closed","ping_status":"closed","template":"","meta":{"iawp_total_views":16,"footnotes":""},"class_list":["post-828","page","type-page","status-publish","hentry"],"_links":{"self":[{"href":"https:\/\/www.memoria.cat\/republica\/wp-json\/wp\/v2\/pages\/828","targetHints":{"allow":["GET"]}}],"collection":[{"href":"https:\/\/www.memoria.cat\/republica\/wp-json\/wp\/v2\/pages"}],"about":[{"href":"https:\/\/www.memoria.cat\/republica\/wp-json\/wp\/v2\/types\/page"}],"author":[{"embeddable":true,"href":"https:\/\/www.memoria.cat\/republica\/wp-json\/wp\/v2\/users\/1"}],"replies":[{"embeddable":true,"href":"https:\/\/www.memoria.cat\/republica\/wp-json\/wp\/v2\/comments?post=828"}],"version-history":[{"count":0,"href":"https:\/\/www.memoria.cat\/republica\/wp-json\/wp\/v2\/pages\/828\/revisions"}],"wp:attachment":[{"href":"https:\/\/www.memoria.cat\/republica\/wp-json\/wp\/v2\/media?parent=828"}],"curies":[{"name":"wp","href":"https:\/\/api.w.org\/{rel}","templated":true}]}}