{"id":648,"date":"2010-07-05T14:45:45","date_gmt":"2010-07-05T12:45:45","guid":{"rendered":"http:\/\/publish"},"modified":"2022-03-15T01:43:57","modified_gmt":"2022-03-15T00:43:57","slug":"puig-i-ball-ramon","status":"publish","type":"page","link":"https:\/\/www.memoria.cat\/republica\/puig-i-ball-ramon\/","title":{"rendered":"Puig i Ball, Ramon"},"content":{"rendered":"<h2>Biografia<\/h2>\n<p><strong><span class=\"normal\">(1887 &#8211; 1964)<\/span><\/strong><\/p>\n<p>Metge. S\u2019especialitz\u00e0 en les vies urin\u00e0ries. Exerc\u00ed a Sant Fruit\u00f3s de Bages, Monistrol de Montserrat i Manresa. Exerc\u00ed de toc\u00f2leg de benefic\u00e8ncia a l\u2019Hospital de Sant Andreu.<\/p>\n<p>\u00c0nima de la mobilitzaci\u00f3 pol\u00edtica republicana a les acaballes de la Monarquia, fou un dels principals impulsors de la candidatura de Concentraci\u00f3 Republicana. Fou Vice-president de la Junta de Govern Republicana Provisional de Manresa, del 14 d&#8217;abril de 1931. Va ser elegit\u00a0 primer tinent d&#8217;alcalde del primer ajuntament republic\u00e0 (1931), si b\u00e9 va romandre al c\u00e0rrec poc de temps. Persona molt preocupada per les q\u00fcestions socials, tingu\u00e9 cura de la modernitzaci\u00f3 i millora del Dispensari Municipal.<\/p>\n","protected":false},"excerpt":{"rendered":"<p>Biografia (1887 &#8211; 1964) Metge. S\u2019especialitz\u00e0 en les vies urin\u00e0ries. Exerc\u00ed a Sant Fruit\u00f3s de Bages, Monistrol de Montserrat i Manresa. Exerc\u00ed de toc\u00f2leg de benefic\u00e8ncia a l\u2019Hospital de Sant Andreu. \u00c0nima de la mobilitzaci\u00f3 pol\u00edtica republicana a les acaballes de la Monarquia, fou un dels principals impulsors de la candidatura de Concentraci\u00f3 Republicana. Fou [&hellip;]<\/p>\n","protected":false},"author":1,"featured_media":0,"parent":0,"menu_order":279,"comment_status":"closed","ping_status":"closed","template":"","meta":{"footnotes":""},"class_list":["post-648","page","type-page","status-publish","hentry"],"_links":{"self":[{"href":"https:\/\/www.memoria.cat\/republica\/wp-json\/wp\/v2\/pages\/648","targetHints":{"allow":["GET"]}}],"collection":[{"href":"https:\/\/www.memoria.cat\/republica\/wp-json\/wp\/v2\/pages"}],"about":[{"href":"https:\/\/www.memoria.cat\/republica\/wp-json\/wp\/v2\/types\/page"}],"author":[{"embeddable":true,"href":"https:\/\/www.memoria.cat\/republica\/wp-json\/wp\/v2\/users\/1"}],"replies":[{"embeddable":true,"href":"https:\/\/www.memoria.cat\/republica\/wp-json\/wp\/v2\/comments?post=648"}],"version-history":[{"count":0,"href":"https:\/\/www.memoria.cat\/republica\/wp-json\/wp\/v2\/pages\/648\/revisions"}],"wp:attachment":[{"href":"https:\/\/www.memoria.cat\/republica\/wp-json\/wp\/v2\/media?parent=648"}],"curies":[{"name":"wp","href":"https:\/\/api.w.org\/{rel}","templated":true}]}}