{"id":598,"date":"2010-07-05T11:06:42","date_gmt":"2010-07-05T09:06:42","guid":{"rendered":"http:\/\/publish"},"modified":"2025-07-15T01:10:25","modified_gmt":"2025-07-15T00:10:25","slug":"casas-i-sala-francesc","status":"publish","type":"page","link":"https:\/\/www.memoria.cat\/republica\/casas-i-sala-francesc\/","title":{"rendered":"Casas i Sala, Francesc"},"content":{"rendered":"<h2>Biografia<\/h2>\n<p><strong><span class=\"normal\">(Manresa, 1896 &#8211; Terol,1936)<\/span><\/strong><br \/>\nAdvocat i pol\u00edtic.<\/p>\n<p>Fill d\u2019una fam\u00edlia benestant, curs\u00e0 els seus estudis al Col\u00b7legi de Sant Ignasi regentat llavors pels Germans Maristes. An\u00e0 a Barcelona on a la Facultat de Dret obtingu\u00e9 el t\u00edtol d\u2019advocat i comen\u00e7\u00e0 a exercir la seva professi\u00f3.<\/p>\n<p>Col\u00b7labor\u00e0 al setmanari &#8220;L&#8217;Om&#8221; i despr\u00e9s al diari &#8220;El Dia&#8221;.<\/p>\n<p>Durant l\u2019\u00e8poca del pistolerisme a Barcelona, es pos\u00e0 la toga per defensar les v\u00edctimes d\u2019aquelles sagnants repressions. Tamb\u00e9 com a advocat, col\u00b7labor\u00e0 en la defensa dels consellers municipals de Manresa empresonats arran dels fets del Sis d\u2019Octubre del 1934.<\/p>\n<p>Fou membre d&#8217;Izquierda Republicana, partit liderat per Manuel Aza\u00f1a. A les eleccions de febrer del 1936, sort\u00ed elegit en representaci\u00f3 d\u2019aquest partit com a Diputat a Corts per la circumscripci\u00f3 de Castell\u00f3 de la Plana. Tot i que continu\u00e0 residint habitualment a Barcelona, despleg\u00e0 una gran activitat en defensa dels interessos de la seva circumscripci\u00f3, com ara l\u2019estudi i tramitaci\u00f3 parlament\u00e0ria d\u2019ambiciosos projectes de regadiu per a la zona. L\u2019esclat de la guerra civil ho paralitz\u00e0 tot.<\/p>\n<p>A l\u2019inici de la guerra entom\u00e0 la decisi\u00f3 de ser el responsable pol\u00edtic d\u2019una columna, formada per milicians voluntaris i gu\u00e0rdies civils, que sort\u00ed de Castell\u00f3 cap el front de Terol. En arribar a la localitat de Puebla de Valverde, els gu\u00e0rdies civils es passaren al b\u00e0ndol franquista i delataren els seus companys.<\/p>\n<p>Francesc Casas Sala fou fet presoner i executat per l&#8217;ex\u00e8rcit franquista l&#8217;1 d&#8217;agost de 1936, a l\u2019endem\u00e0 d&#8217;un consell de guerra sumar\u00edssim, realitzat sense les m\u00ednimes garanties processals per a l\u2019acusat, en el qual ell mateix va assumir la seva pr\u00f2pia defensa amb gran eloq\u00fc\u00e8ncia i dignitat. Va morir cridant &#8220;Visca la Rep\u00fablica&#8221;.<\/p>\n<p>Despr\u00e9s de la seva mort, la ciutat de Barcelona li va dedicar un carrer com a homenatge a la seva mem\u00f2ria. Al finalitzar la guerra, les autoritats franquistes van tornar a canviar el nom del carrer tot reposant l\u2019anterior, avui dia encara vigent: Duc de la Vict\u00f2ria, en honor al general Espartero, personatge de llarga traject\u00f2ria militar i pol\u00edtica que a l\u2019any 1842 va ordenar el bombardeig de Barcelona des del castell de Montju\u00efc.<\/p>\n<p>&nbsp;<\/p>\n<h2><del>Fotografies<\/del><\/h2>\n<div id=\"jig1\" class=\"justified-image-grid jig-c32fdbecc8882a784336fa330078e9a9 jig-preset-c2 jig-source-wp-gallery jig-rml-id-160\"><div class=\"jig-clearfix\"><\/div><noscript id=\"jig1-html\" class=\"justified-image-grid-html\" data-lazy-src=\"skiplazyload\" data-src=\"skipunveillazyload\"><ul><li><a href=\"https:\/\/mcat.b-cdn.net\/republica\/wp-content\/uploads\/sites\/73\/2022\/06\/Manresa-republica-2-32.jpg\"><img fetchpriority=\"high\" decoding=\"async\" src=\"https:\/\/mcat.b-cdn.net\/republica\/wp-content\/uploads\/sites\/73\/2022\/06\/Manresa-republica-2-32.jpg\" alt=\"\" width=\"346\" height=\"230\" \/><\/a><\/li><li><a href=\"https:\/\/mcat.b-cdn.net\/republica\/wp-content\/uploads\/sites\/73\/2022\/06\/Manresa-republica-1-36.jpg\"><img decoding=\"async\" src=\"https:\/\/mcat.b-cdn.net\/republica\/wp-content\/uploads\/sites\/73\/2022\/06\/Manresa-republica-1-36.jpg\" alt=\"\" width=\"346\" height=\"230\" \/><\/a><\/li><\/ul><\/noscript><\/div>\n<p>18-4-1937. Barcelona homenatj\u00e0 al manres\u00e0 Francesc Casas Sala, diputat a Corts que fou afusellat pels franquistes l\u2019estiu del 1936, tot dedicant-li l\u2019antic carrer del Duc de la Vict\u00f2ria. Acabada la guerra, els franquistes reposaren el nom del carrer avui dia encara vigent: Duc de la Vict\u00f2ria, en honor al general Espartero, que el 1842 va ordenar el bombardeig de Barcelona des del castell de Montju\u00efc.<\/p>\n","protected":false},"excerpt":{"rendered":"<p>Biografia (Manresa, 1896 &#8211; Terol,1936) Advocat i pol\u00edtic. Fill d\u2019una fam\u00edlia benestant, curs\u00e0 els seus estudis al Col\u00b7legi de Sant Ignasi regentat llavors pels Germans Maristes. An\u00e0 a Barcelona on a la Facultat de Dret obtingu\u00e9 el t\u00edtol d\u2019advocat i comen\u00e7\u00e0 a exercir la seva professi\u00f3. Col\u00b7labor\u00e0 al setmanari &#8220;L&#8217;Om&#8221; i despr\u00e9s al diari &#8220;El [&hellip;]<\/p>\n","protected":false},"author":1,"featured_media":0,"parent":0,"menu_order":42,"comment_status":"closed","ping_status":"closed","template":"","meta":{"iawp_total_views":2,"footnotes":""},"class_list":["post-598","page","type-page","status-publish","hentry"],"_links":{"self":[{"href":"https:\/\/www.memoria.cat\/republica\/wp-json\/wp\/v2\/pages\/598","targetHints":{"allow":["GET"]}}],"collection":[{"href":"https:\/\/www.memoria.cat\/republica\/wp-json\/wp\/v2\/pages"}],"about":[{"href":"https:\/\/www.memoria.cat\/republica\/wp-json\/wp\/v2\/types\/page"}],"author":[{"embeddable":true,"href":"https:\/\/www.memoria.cat\/republica\/wp-json\/wp\/v2\/users\/1"}],"replies":[{"embeddable":true,"href":"https:\/\/www.memoria.cat\/republica\/wp-json\/wp\/v2\/comments?post=598"}],"version-history":[{"count":0,"href":"https:\/\/www.memoria.cat\/republica\/wp-json\/wp\/v2\/pages\/598\/revisions"}],"wp:attachment":[{"href":"https:\/\/www.memoria.cat\/republica\/wp-json\/wp\/v2\/media?parent=598"}],"curies":[{"name":"wp","href":"https:\/\/api.w.org\/{rel}","templated":true}]}}