{"id":589,"date":"2010-07-05T11:02:57","date_gmt":"2010-07-05T09:02:57","guid":{"rendered":"http:\/\/publish"},"modified":"2022-03-11T01:47:16","modified_gmt":"2022-03-11T00:47:16","slug":"armengou-i-torra-pere","status":"publish","type":"page","link":"https:\/\/www.memoria.cat\/republica\/armengou-i-torra-pere\/","title":{"rendered":"Armengou i Torra, Pere"},"content":{"rendered":"<h2>Biografia<\/h2>\n<p><strong>(Manresa, 1905 &#8211; 1990)<br \/>\n<\/strong>Arquitecte<\/p>\n<p>Va fer els estudis primaris\u00a0 als Germans de les Escoles Cristianes de Manresa. El 1922 comen\u00e7a estudis d\u2019Arquitectura a Barcelona.<\/p>\n<p>Entr\u00e0 en contacte amb l\u2019avantguarda cultural dels anys vint, a trav\u00e9s de l\u2019Escola d&#8217;Arquitectura de Barcelona i el Cercle Art\u00edstic Sant Lluc.<\/p>\n<p>Del 1928 al 1931\u00a0 treball\u00e0 amb l\u2019arquitecte barcelon\u00ed Francesc Folguera. El 1932 es llicenci\u00e0 com a arquitecte. L&#8217;any abans fou soci fundador del GATPAC.<\/p>\n<p>Fou l\u2019arquitecte municipal de Manresa del 1932 al 1934.<\/p>\n<p>Sign\u00e0 el Pla de l&#8217;Eixample de Manresa el 1933, redactat anteriorment pels arquitectes Josep Firmat i Ferran Tarrag\u00f3.<b> <\/b>Va projectar una caserna per a la Gu\u00e0rdia Civil, la piscina municipal de Manresa, el cobriment del torrent de Sant Ignasi i una escola al Bosquet de Sant Fruit\u00f3s. Tanmateix, la seva obra m\u00e9s significativa \u00e9s el Grup Escolar Renaixen\u00e7a, que fou inaugurat pel president Llu\u00eds Companys el setembre del 1934, mostra d&#8217;arquitectura racionalista.<\/p>\n<p>Va ser arquitecte municipal a St. Fruit\u00f3s de Bages del 1932 al 1980, amb la interrupci\u00f3 del per\u00edode de la guerra.<\/p>\n<p>Durant la Guerra contribu\u00ed a salvar la bas\u00edlica de la Seu de Manresa, que estava amena\u00e7ada d\u2019enderroc pels elements m\u00e9s extremistes d\u2019esquerra.<\/p>\n<p>Fou mobilitzat per anar al front. Acabada la guerra, es refugi\u00e0 a Fran\u00e7a (1939-40). Tornat de l\u2019exili, continu\u00e0 en la feina d\u2019arquitecte municipal a Sant Fruit\u00f3s de Bages, tasca\u00a0 que combin\u00e0 amb la iniciativa privada.<\/p>\n","protected":false},"excerpt":{"rendered":"<p>Biografia (Manresa, 1905 &#8211; 1990) Arquitecte Va fer els estudis primaris\u00a0 als Germans de les Escoles Cristianes de Manresa. El 1922 comen\u00e7a estudis d\u2019Arquitectura a Barcelona. Entr\u00e0 en contacte amb l\u2019avantguarda cultural dels anys vint, a trav\u00e9s de l\u2019Escola d&#8217;Arquitectura de Barcelona i el Cercle Art\u00edstic Sant Lluc. Del 1928 al 1931\u00a0 treball\u00e0 amb l\u2019arquitecte [&hellip;]<\/p>\n","protected":false},"author":1,"featured_media":0,"parent":0,"menu_order":22,"comment_status":"closed","ping_status":"closed","template":"","meta":{"footnotes":""},"class_list":["post-589","page","type-page","status-publish","hentry"],"_links":{"self":[{"href":"https:\/\/www.memoria.cat\/republica\/wp-json\/wp\/v2\/pages\/589","targetHints":{"allow":["GET"]}}],"collection":[{"href":"https:\/\/www.memoria.cat\/republica\/wp-json\/wp\/v2\/pages"}],"about":[{"href":"https:\/\/www.memoria.cat\/republica\/wp-json\/wp\/v2\/types\/page"}],"author":[{"embeddable":true,"href":"https:\/\/www.memoria.cat\/republica\/wp-json\/wp\/v2\/users\/1"}],"replies":[{"embeddable":true,"href":"https:\/\/www.memoria.cat\/republica\/wp-json\/wp\/v2\/comments?post=589"}],"version-history":[{"count":0,"href":"https:\/\/www.memoria.cat\/republica\/wp-json\/wp\/v2\/pages\/589\/revisions"}],"wp:attachment":[{"href":"https:\/\/www.memoria.cat\/republica\/wp-json\/wp\/v2\/media?parent=589"}],"curies":[{"name":"wp","href":"https:\/\/api.w.org\/{rel}","templated":true}]}}