{"id":585,"date":"2010-07-05T10:53:50","date_gmt":"2010-07-05T08:53:50","guid":{"rendered":"http:\/\/publish"},"modified":"2025-07-15T00:54:29","modified_gmt":"2025-07-14T23:54:29","slug":"la-lliga-de-la-perseveranca","status":"publish","type":"page","link":"https:\/\/www.memoria.cat\/republica\/la-lliga-de-la-perseveranca\/","title":{"rendered":"La Lliga de la Perseveran\u00e7a"},"content":{"rendered":"<p>Entitat dirigida pel doctor Pere Lleh\u00ed, qui seria assassinat al comen\u00e7ament de la guerra civil, que feia tasques de formaci\u00f3 a trav\u00e9s dels exercicis espirituals, jornades, aplecs i trobades al santuari de Joncadella o de la Salut, activitats que destacaven tamb\u00e9 pel seu caire cultural i de tradici\u00f3 catalanista.<\/p>\n<p>El desembre del 1934 la Lliga de la Perseveran\u00e7a fa un pacte de germanor amb la Federaci\u00f3 de Joves Cristians de Catalunya, per tal de treballar conjuntament pel cristianisme.<\/p>\n<p>&nbsp;<\/p>\n<h2><del>Fotografies<\/del><\/h2>\n<div id=\"jig1\" class=\"justified-image-grid jig-b90170262eaa3fca05ca27fdb4811bc4 jig-preset-c1 jig-source-wp-gallery jig-rml-id-102\"><div class=\"jig-clearfix\"><\/div><noscript id=\"jig1-html\" class=\"justified-image-grid-html\" data-lazy-src=\"skiplazyload\" data-src=\"skipunveillazyload\"><ul><li><a href=\"https:\/\/mcat.b-cdn.net\/republica\/wp-content\/uploads\/sites\/73\/2022\/06\/Manresa-republica-1-4.jpg\" title=\"Setmana Santa del 1934. Grup d\u2019exercitants de la Lliga Interparroquial de Perseveran\u00e7a, dirigit pel doctor Lleh\u00ed i el Pare Benet de Santa Coloma, a l\u2019antic convent dels Caputxins. Aquest convent, durant la Guerra Civil, fou incendiat i i posteriorment enderrocat\"><img fetchpriority=\"high\" decoding=\"async\" src=\"https:\/\/mcat.b-cdn.net\/republica\/wp-content\/uploads\/sites\/73\/2022\/06\/Manresa-republica-1-4.jpg\" alt=\"Manresa-republica-1\" width=\"346\" height=\"230\" \/><\/a><p class=\"jig-HTMLdescription\">Manresa-republica-1<br\/>Setmana Santa del 1934. Grup d\u2019exercitants de la Lliga Interparroquial de Perseveran\u00e7a, dirigit pel doctor Lleh\u00ed i el Pare Benet de Santa Coloma, a l\u2019antic convent dels Caputxins. Aquest convent, durant la Guerra Civil, fou incendiat i i posteriorment enderrocat<\/p><\/li><li><a href=\"https:\/\/mcat.b-cdn.net\/republica\/wp-content\/uploads\/sites\/73\/2022\/06\/Manresa-republica-2-4.jpg\" title=\"22-5-1932. Trobada de la Lliga de Perseveran\u00e7a de Manresa a Joncadella\"><img decoding=\"async\" src=\"https:\/\/mcat.b-cdn.net\/republica\/wp-content\/uploads\/sites\/73\/2022\/06\/Manresa-republica-2-4.jpg\" alt=\"Manresa-republica-2\" width=\"346\" height=\"230\" \/><\/a><p class=\"jig-HTMLdescription\">Manresa-republica-2<br\/>22-5-1932. Trobada de la Lliga de Perseveran\u00e7a de Manresa a Joncadella<\/p><\/li><li><a href=\"https:\/\/mcat.b-cdn.net\/republica\/wp-content\/uploads\/sites\/73\/2022\/06\/Manresa-republica-3-4-rotated.jpg\" title=\"El doctor Pere Lleh\u00ed, director de la Lliga de Perseveran\u00e7a. Fou assassinat durant la Guerra Civil\"><img decoding=\"async\" src=\"https:\/\/mcat.b-cdn.net\/republica\/wp-content\/uploads\/sites\/73\/2022\/06\/Manresa-republica-3-4-rotated.jpg\" alt=\"Manresa-republica-3\" width=\"152\" height=\"230\" \/><\/a><p class=\"jig-HTMLdescription\">Manresa-republica-3<br\/>El doctor Pere Lleh\u00ed, director de la Lliga de Perseveran\u00e7a. Fou assassinat durant la Guerra Civil<\/p><\/li><\/ul><\/noscript><\/div>\n","protected":false},"excerpt":{"rendered":"<p>Entitat dirigida pel doctor Pere Lleh\u00ed, qui seria assassinat al comen\u00e7ament de la guerra civil, que feia tasques de formaci\u00f3 a trav\u00e9s dels exercicis espirituals, jornades, aplecs i trobades al santuari de Joncadella o de la Salut, activitats que destacaven tamb\u00e9 pel seu caire cultural i de tradici\u00f3 catalanista. El desembre del 1934 la Lliga [&hellip;]<\/p>\n","protected":false},"author":1,"featured_media":0,"parent":0,"menu_order":194,"comment_status":"closed","ping_status":"closed","template":"","meta":{"iawp_total_views":9,"footnotes":""},"class_list":["post-585","page","type-page","status-publish","hentry"],"_links":{"self":[{"href":"https:\/\/www.memoria.cat\/republica\/wp-json\/wp\/v2\/pages\/585","targetHints":{"allow":["GET"]}}],"collection":[{"href":"https:\/\/www.memoria.cat\/republica\/wp-json\/wp\/v2\/pages"}],"about":[{"href":"https:\/\/www.memoria.cat\/republica\/wp-json\/wp\/v2\/types\/page"}],"author":[{"embeddable":true,"href":"https:\/\/www.memoria.cat\/republica\/wp-json\/wp\/v2\/users\/1"}],"replies":[{"embeddable":true,"href":"https:\/\/www.memoria.cat\/republica\/wp-json\/wp\/v2\/comments?post=585"}],"version-history":[{"count":0,"href":"https:\/\/www.memoria.cat\/republica\/wp-json\/wp\/v2\/pages\/585\/revisions"}],"wp:attachment":[{"href":"https:\/\/www.memoria.cat\/republica\/wp-json\/wp\/v2\/media?parent=585"}],"curies":[{"name":"wp","href":"https:\/\/api.w.org\/{rel}","templated":true}]}}