{"id":580,"date":"2010-07-05T10:46:24","date_gmt":"2010-07-05T08:46:24","guid":{"rendered":"http:\/\/publish"},"modified":"2010-07-05T10:46:24","modified_gmt":"2010-07-05T08:46:24","slug":"la-premsa-economica-professional-i-comercial","status":"publish","type":"page","link":"https:\/\/www.memoria.cat\/republica\/la-premsa-economica-professional-i-comercial\/","title":{"rendered":"La premsa econ\u00f2mica, professional i comercial"},"content":{"rendered":"<p>A m\u00e9s de la \u201c<b>Revista Ilustrada Jorba<\/b>\u201d<b> <\/b>hi van haver  diversos butlletins d\u2019entitats relacionats amb la producci\u00f3 i els  serveis com ara:<\/p>\n<ul>\n<li>&#8220;<b>Bolet\u00edn del Ramo de Alimentaci\u00f3n y Droguer\u00eda de  Manresa<\/b>&#8220;. Es publicaren 16 n\u00fameros entre el febrer del 1930 i el  gener del 1932.\n<\/li>\n<li>&#8220;<b>Butllet\u00ed de la Cambra Oficial de la Propietat  Urbana<\/b>&#8220;. Durant la Rep\u00fablica n\u2019apareixen 4 n\u00fameros.\n<\/li>\n<li>&#8220;<b>Butllet\u00ed<\/b> <b>Mercantil<\/b>&#8220;, \u00f2rgan de la Uni\u00f3  Mercantil de Manresa. Va sortir de l\u2019agost del 1935 al maig del 1936.\n<\/li>\n<li>&#8220;<b>Ind\u00fastria i Comer\u00e7<\/b>&#8220;. Revista propagand\u00edstica  dels comerciants manresans publicada entre els anys 1925 i 1933. Els  darrers anys inclo\u00efa un suplement art\u00edstic il\u00b7lustrat.\n<\/li>\n<li>&#8220;<b>Muntura<\/b>&#8220;, publicaci\u00f3 mensual de l\u2019art fabril i  t\u00e8xtil, publicada entre els anys 1932 i el 1934.\n<\/li>\n<li>&#8220;<b>La pagesia<\/b>&#8220;. Portaveu de la Cambra Agr\u00edcola  Oficial del Pla de Bages, des del 1905. A partir del novembre de 1931  s\u2019hi afeg\u00ed al t\u00edtol: \u201cM\u00fatua de Propietaris de Manresa i Comarca\u201d i  l\u2019octubre de 1934 el subt\u00edtol \u201cDefensa Agr\u00e0ria\u201d de l\u2019Associaci\u00f3 de  Propietaris de Finques Agr\u00edcoles de Manresa. L\u2019\u00faltim n\u00famero conservat a  l\u2019Arxiu Comarcal del Bages \u00e9s de l\u2019octubre del 1935.<\/li>\n<\/ul>\n","protected":false},"excerpt":{"rendered":"<p>A m\u00e9s de la \u201cRevista Ilustrada Jorba\u201d hi van haver diversos butlletins d\u2019entitats relacionats amb la producci\u00f3 i els serveis com ara: &#8220;Bolet\u00edn del Ramo de Alimentaci\u00f3n y Droguer\u00eda de Manresa&#8220;. Es publicaren 16 n\u00fameros entre el febrer del 1930 i el gener del 1932. &#8220;Butllet\u00ed de la Cambra Oficial de la Propietat Urbana&#8220;. Durant [&hellip;]<\/p>\n","protected":false},"author":1,"featured_media":0,"parent":0,"menu_order":207,"comment_status":"closed","ping_status":"closed","template":"","meta":{"iawp_total_views":2,"footnotes":""},"class_list":["post-580","page","type-page","status-publish","hentry"],"_links":{"self":[{"href":"https:\/\/www.memoria.cat\/republica\/wp-json\/wp\/v2\/pages\/580","targetHints":{"allow":["GET"]}}],"collection":[{"href":"https:\/\/www.memoria.cat\/republica\/wp-json\/wp\/v2\/pages"}],"about":[{"href":"https:\/\/www.memoria.cat\/republica\/wp-json\/wp\/v2\/types\/page"}],"author":[{"embeddable":true,"href":"https:\/\/www.memoria.cat\/republica\/wp-json\/wp\/v2\/users\/1"}],"replies":[{"embeddable":true,"href":"https:\/\/www.memoria.cat\/republica\/wp-json\/wp\/v2\/comments?post=580"}],"version-history":[{"count":0,"href":"https:\/\/www.memoria.cat\/republica\/wp-json\/wp\/v2\/pages\/580\/revisions"}],"wp:attachment":[{"href":"https:\/\/www.memoria.cat\/republica\/wp-json\/wp\/v2\/media?parent=580"}],"curies":[{"name":"wp","href":"https:\/\/api.w.org\/{rel}","templated":true}]}}