{"id":579,"date":"2010-07-05T10:45:58","date_gmt":"2010-07-05T08:45:58","guid":{"rendered":"http:\/\/publish"},"modified":"2025-07-15T00:47:45","modified_gmt":"2025-07-14T23:47:45","slug":"la-premsa-religiosa","status":"publish","type":"page","link":"https:\/\/www.memoria.cat\/republica\/la-premsa-religiosa\/","title":{"rendered":"La premsa religiosa"},"content":{"rendered":"<p class=\"normal rteleft\">Entre les publicacions religioses de Manresa del temps de la Rep\u00fablica, cal esmentar les seg\u00fcents:<\/p>\n<ul>\n<li><b>\u201cAve Maria\u201d<\/b>.<b> <\/b>Arrib\u00e0 a tenir una notable difusi\u00f3\u00a0 per tot Catalunya (al voltant dels 13.000 exemplars mensuals). S\u2019edit\u00e0 des del 1924 fins el juliol de 1936. L\u2019esclat de la guerra i la revoluci\u00f3 conseg\u00fcent marcaren el final d\u2019aquesta publicaci\u00f3 a Manresa (torn\u00e0 a sortir a partir del 1941 per\u00f2 ja a Barcelona).<\/li>\n<\/ul>\n<p>La redacci\u00f3 i l\u2019administraci\u00f3 era a Casa Caritat i s\u2019imprimia a la Impremta Vives. El director era moss\u00e8n Manuel Marsenyach i l\u2019autor de moltes il\u00b7lustracions era Joan Vilanova i Roset. Entre els col\u00b7laboradors, cal citar els religiosos Pere Lleh\u00ed, Valent\u00ed Morell, Benvingut March, Joaquim Cornet, i Joan Ferrer.<\/p>\n<ul>\n<li>&#8220;<b>Manresa. Revista de Ejercicios Espirituales<\/b>&#8220;, que es va publicar entre els anys 1925 i 1936. La redacci\u00f3 era a Manresa, per\u00f2 l\u2019administraci\u00f3 tenia la seu a Bilbao.<\/li>\n<li>&#8220;<b>Revista Mariana<\/b>&#8221; (1914-1932)<\/li>\n<li>&#8220;<b>La veu del Pare<\/b>&#8221; (1933-1936)<\/li>\n<\/ul>\n<p>Tamb\u00e9 cal esmentar els fulls de diverses comunitats religioses com la \u201c<b>Fulla Antoniana<\/b>\u201d (1902-1936) i els fulls dominicals de les tres parr\u00f2quies manresanes (Nostra Senyora del Carme, Santa Maria de la Seu i Sant Pere M\u00e0rtir). Totes aquestes publicacions foren prohibides a l\u2019esclatar la guerra civil. A la postguerra franquista les que tornaren a sortir ho hagueren de fer en castell\u00e0.<\/p>\n<p>&nbsp;<\/p>\n<h2><del>Documents<\/del><\/h2>\n<p>(Document procedent de l\u2019Arxiu Comarcal del Bages).<\/p>\n<p>ANY 1931. Portada del butllet\u00ed mensual de les germanes Carmelites de la Caritat &#8220;Mi Colegio&#8221;, amb un article que alerta del perill de la imposici\u00f3 de l\u2019escola \u00fanica i laica en detriment de les escoles cat\u00f2liques.<\/p>\n<div id=\"jig1\" class=\"justified-image-grid jig-752877001aa931201e79e42cd2e9029e jig-preset-c2 jig-source-wp-gallery jig-rml-id-472\"><div class=\"jig-clearfix\"><\/div><noscript id=\"jig1-html\" class=\"justified-image-grid-html\" data-lazy-src=\"skiplazyload\" data-src=\"skipunveillazyload\"><ul><li><a href=\"https:\/\/mcat.b-cdn.net\/republica\/wp-content\/uploads\/sites\/73\/2022\/03\/Manresa-republica-mi-colegio-tif-copia-1.jpg\"><img decoding=\"async\" src=\"https:\/\/mcat.b-cdn.net\/republica\/wp-content\/uploads\/sites\/73\/2022\/03\/Manresa-republica-mi-colegio-tif-copia-1.jpg\" alt=\"\" width=\"148\" height=\"230\" \/><\/a><\/li><\/ul><\/noscript><\/div>\n","protected":false},"excerpt":{"rendered":"<p>Entre les publicacions religioses de Manresa del temps de la Rep\u00fablica, cal esmentar les seg\u00fcents: \u201cAve Maria\u201d. Arrib\u00e0 a tenir una notable difusi\u00f3\u00a0 per tot Catalunya (al voltant dels 13.000 exemplars mensuals). S\u2019edit\u00e0 des del 1924 fins el juliol de 1936. L\u2019esclat de la guerra i la revoluci\u00f3 conseg\u00fcent marcaren el final d\u2019aquesta publicaci\u00f3 a [&hellip;]<\/p>\n","protected":false},"author":1,"featured_media":0,"parent":0,"menu_order":211,"comment_status":"closed","ping_status":"closed","template":"","meta":{"iawp_total_views":2,"footnotes":""},"class_list":["post-579","page","type-page","status-publish","hentry"],"_links":{"self":[{"href":"https:\/\/www.memoria.cat\/republica\/wp-json\/wp\/v2\/pages\/579","targetHints":{"allow":["GET"]}}],"collection":[{"href":"https:\/\/www.memoria.cat\/republica\/wp-json\/wp\/v2\/pages"}],"about":[{"href":"https:\/\/www.memoria.cat\/republica\/wp-json\/wp\/v2\/types\/page"}],"author":[{"embeddable":true,"href":"https:\/\/www.memoria.cat\/republica\/wp-json\/wp\/v2\/users\/1"}],"replies":[{"embeddable":true,"href":"https:\/\/www.memoria.cat\/republica\/wp-json\/wp\/v2\/comments?post=579"}],"version-history":[{"count":0,"href":"https:\/\/www.memoria.cat\/republica\/wp-json\/wp\/v2\/pages\/579\/revisions"}],"wp:attachment":[{"href":"https:\/\/www.memoria.cat\/republica\/wp-json\/wp\/v2\/media?parent=579"}],"curies":[{"name":"wp","href":"https:\/\/api.w.org\/{rel}","templated":true}]}}