{"id":578,"date":"2010-07-05T10:45:16","date_gmt":"2010-07-05T08:45:16","guid":{"rendered":"http:\/\/publish"},"modified":"2010-07-05T10:45:16","modified_gmt":"2010-07-05T08:45:16","slug":"la-premsa-desports","status":"publish","type":"page","link":"https:\/\/www.memoria.cat\/republica\/la-premsa-desports\/","title":{"rendered":"La premsa d\u2019esports"},"content":{"rendered":"<p>Entre el setembre de 1935 i el mar\u00e7 de 1936 va apar\u00e8ixer el primer  n\u00famero de &#8220;Cr\u00f2nica d\u2019esports, de Manresa i la seva comarca&#8221;. Tenia una  tirada setmanal i s\u2019editava a la Impremta Gutenberg de la Pla\u00e7a d\u2019En  Creus. El principal redactor fou Francesc Perramon i Pla.<\/p>\n","protected":false},"excerpt":{"rendered":"<p>Entre el setembre de 1935 i el mar\u00e7 de 1936 va apar\u00e8ixer el primer n\u00famero de &#8220;Cr\u00f2nica d\u2019esports, de Manresa i la seva comarca&#8221;. Tenia una tirada setmanal i s\u2019editava a la Impremta Gutenberg de la Pla\u00e7a d\u2019En Creus. El principal redactor fou Francesc Perramon i Pla.<\/p>\n","protected":false},"author":1,"featured_media":0,"parent":0,"menu_order":206,"comment_status":"closed","ping_status":"closed","template":"","meta":{"iawp_total_views":1,"footnotes":""},"class_list":["post-578","page","type-page","status-publish","hentry"],"_links":{"self":[{"href":"https:\/\/www.memoria.cat\/republica\/wp-json\/wp\/v2\/pages\/578","targetHints":{"allow":["GET"]}}],"collection":[{"href":"https:\/\/www.memoria.cat\/republica\/wp-json\/wp\/v2\/pages"}],"about":[{"href":"https:\/\/www.memoria.cat\/republica\/wp-json\/wp\/v2\/types\/page"}],"author":[{"embeddable":true,"href":"https:\/\/www.memoria.cat\/republica\/wp-json\/wp\/v2\/users\/1"}],"replies":[{"embeddable":true,"href":"https:\/\/www.memoria.cat\/republica\/wp-json\/wp\/v2\/comments?post=578"}],"version-history":[{"count":0,"href":"https:\/\/www.memoria.cat\/republica\/wp-json\/wp\/v2\/pages\/578\/revisions"}],"wp:attachment":[{"href":"https:\/\/www.memoria.cat\/republica\/wp-json\/wp\/v2\/media?parent=578"}],"curies":[{"name":"wp","href":"https:\/\/api.w.org\/{rel}","templated":true}]}}