{"id":574,"date":"2010-07-05T10:43:18","date_gmt":"2010-07-05T08:43:18","guid":{"rendered":"http:\/\/publish"},"modified":"2025-07-15T00:49:21","modified_gmt":"2025-07-14T23:49:21","slug":"la-premsa-cultural-i-dentitats","status":"publish","type":"page","link":"https:\/\/www.memoria.cat\/republica\/la-premsa-cultural-i-dentitats\/","title":{"rendered":"La premsa cultural i d\u2019entitats"},"content":{"rendered":"<p class=\"normal\" align=\"left\">A Manresa durant la Rep\u00fablica, a m\u00e9s de la revista \u201cAra\u201d i del \u201cButllet\u00ed del Centre Excursionista de la Comarca de Bages\u201d s\u2019editen un nombre considerable de revistes o butlletins d\u2019entitats culturals:<\/p>\n<ul>\n<li class=\"normal\"><strong>\u201c\u00c0mbit\u201d<\/strong>. Portaveu mensual de l\u2019entitat Foment de la Sardana de Manresa. Es van publicar 35 n\u00fameros, entre el maig del 1932 fins a la Guerra Civil.<\/li>\n<li class=\"normal\"><strong>\u201cButllet\u00ed del Club Muntanyenc Manres\u00e0\u201d<\/strong>. Publicaci\u00f3 trimestral editada entre el 1933 i el 1936.<\/li>\n<li class=\"normal\"><strong>&#8220;Butllet\u00ed del Grup Excursionista Endavant&#8221;<\/strong>. Apareix l\u2019abril del 1933 i nom\u00e9s se\u2019n coneixen 3 edicions.<\/li>\n<li class=\"normal\"><strong>\u201cButllet\u00ed. Minyons de Muntanya i estols de follets del Bages i Bergued\u00e0\u201d<\/strong>, que m\u00e9s tard es diria nom\u00e9s \u201cdel Bages\u201d. Publicaci\u00f3 mensual que apareix fins el juliol de 1936.<\/li>\n<li class=\"normal\"><strong>\u201cLlum\u201d<\/strong>. Portaveu del grup avantguardista \u201cOrenetes\u201d de la Federaci\u00f3 de Joves Cristians de Catalunya de Manresa. Es publiquen 7 n\u00fameros, entre el desembre de 1935 fins al juliol de 1936<\/li>\n<li class=\"normal\"><strong>\u201cRevista\u201d<\/strong>. Portaveu de la Societat Coral \u201cLa Uni\u00f3 Manresana\u201d. De periodicitat mensual, va sortir durant els anys 1931 i 1932.<\/li>\n<li class=\"normal\"><strong>\u201cRevista del Ateneo Obrero Manresano\u201d<\/strong>, \u00f2rgan d\u2019aquesta entitat. La darrera etapa d\u2019aquesta publicaci\u00f3 va del gener de 1928 a l\u2019octubre de 1932.<\/li>\n<li class=\"normal\"><strong>\u201cRevista de la Sociedad Coral Orfe\u00f2nica Sant Josep\u201d<\/strong>. Va sortir l\u2019any 1928 amb el t\u00edtol \u201cRevista de la Sociedad Coral San Jos\u00e9\u201d. El darrer n\u00famero que es troba a l\u2019Arxiu Comarcal del Bages \u00e9s del febrer del 1932.<\/li>\n<\/ul>\n<p>&nbsp;<\/p>\n<h2><del>Documents<\/del><\/h2>\n<p>(Document procedent de l\u2019Arxiu Comarcal del Bages).<\/p>\n<p>Any 1931. El director de la Societat Coral Orfe\u00f3nica &#8220;Sant Josep&#8221; Josep Vil\u00e0 Ortonobes, tamb\u00e9 conegut pel pseud\u00f2nim \u201c\u00c0ngel de Montserrat\u201d en la seva intensa tasca liter\u00e0ria, s\u2019adre\u00e7a a l\u2019alcalde Selves per notificar-li la catalanitzaci\u00f3 del nom de la revista que edita l\u2019entitat.<\/p>\n<div id=\"jig1\" class=\"justified-image-grid jig-5de35c1dbe2833fcc7d17e95568090e8 jig-preset-c2 jig-source-wp-gallery jig-rml-id-350\"><div class=\"jig-clearfix\"><\/div><noscript id=\"jig1-html\" class=\"justified-image-grid-html\" data-lazy-src=\"skiplazyload\" data-src=\"skipunveillazyload\"><ul><li><a href=\"https:\/\/mcat.b-cdn.net\/republica\/wp-content\/uploads\/sites\/73\/2021\/12\/14.13.Cultural10.6.31_1.jpg\"><img decoding=\"async\" src=\"https:\/\/mcat.b-cdn.net\/republica\/wp-content\/uploads\/sites\/73\/2021\/12\/14.13.Cultural10.6.31_1.jpg\" alt=\"\" width=\"144\" height=\"230\" \/><\/a><\/li><\/ul><\/noscript><\/div>\n","protected":false},"excerpt":{"rendered":"<p>A Manresa durant la Rep\u00fablica, a m\u00e9s de la revista \u201cAra\u201d i del \u201cButllet\u00ed del Centre Excursionista de la Comarca de Bages\u201d s\u2019editen un nombre considerable de revistes o butlletins d\u2019entitats culturals: \u201c\u00c0mbit\u201d. Portaveu mensual de l\u2019entitat Foment de la Sardana de Manresa. Es van publicar 35 n\u00fameros, entre el maig del 1932 fins a [&hellip;]<\/p>\n","protected":false},"author":1,"featured_media":0,"parent":0,"menu_order":205,"comment_status":"closed","ping_status":"closed","template":"","meta":{"iawp_total_views":3,"footnotes":""},"class_list":["post-574","page","type-page","status-publish","hentry"],"_links":{"self":[{"href":"https:\/\/www.memoria.cat\/republica\/wp-json\/wp\/v2\/pages\/574","targetHints":{"allow":["GET"]}}],"collection":[{"href":"https:\/\/www.memoria.cat\/republica\/wp-json\/wp\/v2\/pages"}],"about":[{"href":"https:\/\/www.memoria.cat\/republica\/wp-json\/wp\/v2\/types\/page"}],"author":[{"embeddable":true,"href":"https:\/\/www.memoria.cat\/republica\/wp-json\/wp\/v2\/users\/1"}],"replies":[{"embeddable":true,"href":"https:\/\/www.memoria.cat\/republica\/wp-json\/wp\/v2\/comments?post=574"}],"version-history":[{"count":0,"href":"https:\/\/www.memoria.cat\/republica\/wp-json\/wp\/v2\/pages\/574\/revisions"}],"wp:attachment":[{"href":"https:\/\/www.memoria.cat\/republica\/wp-json\/wp\/v2\/media?parent=574"}],"curies":[{"name":"wp","href":"https:\/\/api.w.org\/{rel}","templated":true}]}}