{"id":548,"date":"2010-07-05T10:26:54","date_gmt":"2010-07-05T08:26:54","guid":{"rendered":"http:\/\/publish"},"modified":"2025-07-15T00:42:09","modified_gmt":"2025-07-14T23:42:09","slug":"el-basquet","status":"publish","type":"page","link":"https:\/\/www.memoria.cat\/republica\/el-basquet\/","title":{"rendered":"El b\u00e0squet"},"content":{"rendered":"<p class=\"normal rteleft\">El primer partit de b\u00e0squet que es jug\u00e0 a Manresa del qual es t\u00e9 const\u00e0ncia fou a l&#8217;any 1929. Fou al camp del Pujolet com a preludi d&#8217;un partit de futbol. S&#8217;enfrontaren dos equips del club recentment creat Manresa Basket Ball (Manresa BB), la vermella i la blanca. L&#8217;entitat es va inscriure a la Federaci\u00f3 Catalana de Basquetbol el 1931.<\/p>\n<p class=\"normal rteleft\">Aleshores, a manca de pavellons coberts a la ciutat, els partits de b\u00e0squet tenien lloc a l\u2019aire lliure, cosa que contrastava amb el motiu de l\u2019origen d\u2019aquest esport, a la costa est dels Estats Units: poder practicar una activitat f\u00edsica en un lloc tancat atesa la cruesa dels hiverns d\u2019aquella zona.<\/p>\n<p class=\"normal\">El mateix 1931 naixia una nova entitat que s&#8217;anomen\u00e0 &#8220;Bages&#8221;, adherida al Centre Excursionista de la Comarca de Bages i que jugava al camp de la Bonavista.<\/p>\n<p>Entre els anys 1930 i 1936 proliferaren les penyes que constitu\u00efen les pedreres dels equips de b\u00e0squet manresans. Els partits solien disputar-se a l\u2019anomenat camp del Blanqueig, davant la f\u00e0brica del mateix nom que es trobava situada entre el darrer tram del passeig de Pere III i l\u2019inici de la carretera de Santpedor.<\/p>\n<p class=\"normal\">El 30 d&#8217;agost del 1931 tingu\u00e9 lloc la presentaci\u00f3, al camp del Pujolet, del Club Femen\u00ed i d\u2019Esports de Manresa, que disput\u00e0 un partit amb el Club Femen\u00ed d&#8217;Esports de Barcelona.<\/p>\n<p>A partir de la temporada 1932\/33, el Manresa BB inici\u00e0 una carrera mete\u00f2rica que culmin\u00e0 el 1934 amb l\u2019ascens a primera divisi\u00f3, on compet\u00ed amb els millors equips de Catalunya. En aquest sentit, fou not\u00f2ria la rivalitat vers els equips de Barcelona: sovint la premsa i esportistes manresans acusaven els equips barcelonins de ser afavorits pels arbitratges i per la Federaci\u00f3 Catalana d\u2019aquest esport.<\/p>\n<p class=\"normal\">El 23 d&#8217;agost del 1934 les dues entitats del b\u00e0squet manres\u00e0, Manresa BB i Bages, es van fusionar donant lloc a la Uni\u00f3 Manresana de Basket Ball. En la seg\u00fcent temporada, la del 1935, la nova entitat qued\u00e0 campiona de Catalunya de segona divisi\u00f3.<\/p>\n<p>Entre els jugadors m\u00e9s destacats de l&#8217;\u00e8poca, cal esmentar els germans Soler, de la f\u00e0brica del Blanqueig, Dom\u00e8nec \u00d2rrit, Emili Trias, Ramon Montagut, Garcia i Surroca.<\/p>\n<p>&nbsp;<\/p>\n<h2><del>Fotografies<\/del><\/h2>\n<div id=\"jig1\" class=\"justified-image-grid jig-10a55a90e004e18a7f5219594e5f93d1 jig-preset-c1 jig-source-wp-gallery jig-rml-id-86\"><div class=\"jig-clearfix\"><\/div><noscript id=\"jig1-html\" class=\"justified-image-grid-html\" data-lazy-src=\"skiplazyload\" data-src=\"skipunveillazyload\"><ul><li><a href=\"https:\/\/mcat.b-cdn.net\/republica\/wp-content\/uploads\/sites\/73\/2022\/06\/Manresa-republica-1-22.jpg\" title=\"30-3-1930. Primer partit de b\u00e0squet jugat al camp del Flor de Lis. Al fons, l\u2019edifici de l\u2019Escorxador\"><img fetchpriority=\"high\" decoding=\"async\" src=\"https:\/\/mcat.b-cdn.net\/republica\/wp-content\/uploads\/sites\/73\/2022\/06\/Manresa-republica-1-22.jpg\" alt=\"Manresa-republica-1\" width=\"346\" height=\"230\" \/><\/a><p class=\"jig-HTMLdescription\">Manresa-republica-1<br\/>30-3-1930. Primer partit de b\u00e0squet jugat al camp del Flor de Lis. Al fons, l\u2019edifici de l\u2019Escorxador<\/p><\/li><li><a href=\"https:\/\/mcat.b-cdn.net\/republica\/wp-content\/uploads\/sites\/73\/2022\/06\/Manresa-republica-2-21.jpg\" title=\"26-8-1934. Al camp del \u201cBlanqueig\u201d, els jugadors de la Uni\u00f3 Manresana de Basket Ball (entitat acabada de constituir) i la FUE de Val\u00e8ncia abans de comen\u00e7ar un partit\"><img decoding=\"async\" src=\"https:\/\/mcat.b-cdn.net\/republica\/wp-content\/uploads\/sites\/73\/2022\/06\/Manresa-republica-2-21.jpg\" alt=\"Manresa-republica-2\" width=\"346\" height=\"230\" \/><\/a><p class=\"jig-HTMLdescription\">Manresa-republica-2<br\/>26-8-1934. Al camp del \u201cBlanqueig\u201d, els jugadors de la Uni\u00f3 Manresana de Basket Ball (entitat acabada de constituir) i la FUE de Val\u00e8ncia abans de comen\u00e7ar un partit<\/p><\/li><li><a href=\"https:\/\/mcat.b-cdn.net\/republica\/wp-content\/uploads\/sites\/73\/2022\/06\/Manresa-republica-3-17.jpg\" title=\"Mitja part d\u2019un partit de b\u00e0squet jugat a la pla\u00e7a de braus, vora l\u2019actual pla\u00e7a de l\u201911 de Setembre\"><img decoding=\"async\" src=\"https:\/\/mcat.b-cdn.net\/republica\/wp-content\/uploads\/sites\/73\/2022\/06\/Manresa-republica-3-17.jpg\" alt=\"Manresa-republica-3\" width=\"346\" height=\"230\" \/><\/a><p class=\"jig-HTMLdescription\">Manresa-republica-3<br\/>Mitja part d\u2019un partit de b\u00e0squet jugat a la pla\u00e7a de braus, vora l\u2019actual pla\u00e7a de l\u201911 de Setembre<\/p><\/li><\/ul><\/noscript><\/div>\n","protected":false},"excerpt":{"rendered":"<p>El primer partit de b\u00e0squet que es jug\u00e0 a Manresa del qual es t\u00e9 const\u00e0ncia fou a l&#8217;any 1929. Fou al camp del Pujolet com a preludi d&#8217;un partit de futbol. S&#8217;enfrontaren dos equips del club recentment creat Manresa Basket Ball (Manresa BB), la vermella i la blanca. L&#8217;entitat es va inscriure a la Federaci\u00f3 [&hellip;]<\/p>\n","protected":false},"author":1,"featured_media":0,"parent":0,"menu_order":67,"comment_status":"closed","ping_status":"closed","template":"","meta":{"iawp_total_views":13,"footnotes":""},"class_list":["post-548","page","type-page","status-publish","hentry"],"_links":{"self":[{"href":"https:\/\/www.memoria.cat\/republica\/wp-json\/wp\/v2\/pages\/548","targetHints":{"allow":["GET"]}}],"collection":[{"href":"https:\/\/www.memoria.cat\/republica\/wp-json\/wp\/v2\/pages"}],"about":[{"href":"https:\/\/www.memoria.cat\/republica\/wp-json\/wp\/v2\/types\/page"}],"author":[{"embeddable":true,"href":"https:\/\/www.memoria.cat\/republica\/wp-json\/wp\/v2\/users\/1"}],"replies":[{"embeddable":true,"href":"https:\/\/www.memoria.cat\/republica\/wp-json\/wp\/v2\/comments?post=548"}],"version-history":[{"count":0,"href":"https:\/\/www.memoria.cat\/republica\/wp-json\/wp\/v2\/pages\/548\/revisions"}],"wp:attachment":[{"href":"https:\/\/www.memoria.cat\/republica\/wp-json\/wp\/v2\/media?parent=548"}],"curies":[{"name":"wp","href":"https:\/\/api.w.org\/{rel}","templated":true}]}}