{"id":527,"date":"2010-06-25T11:35:04","date_gmt":"2010-06-25T09:35:04","guid":{"rendered":"http:\/\/publish"},"modified":"2025-07-15T00:38:12","modified_gmt":"2025-07-14T23:38:12","slug":"la-festa-de-santa-llucia","status":"publish","type":"page","link":"https:\/\/www.memoria.cat\/republica\/la-festa-de-santa-llucia\/","title":{"rendered":"La festa de Santa Ll\u00facia"},"content":{"rendered":"<p>El 13 de desembre, la Comissi\u00f3 de l\u2019Art de l\u2019Agulla celebrava la festivitat de la patrona dels sastres i modistes. A banda de l\u2019Ofici religi\u00f3s, se celebraven audicions de sardanes, un vermut de germanor i un espectacle teatral o cinematogr\u00e0fic. Al vespre hi havia un ball de gala al Teatre Conservatori a c\u00e0rrec de la cobla La Principal de Bages. El 1933 s\u2019inici\u00e0 un concurs de vestits de ball.<\/p>\n<p>&nbsp;<\/p>\n<h2><del>Fotografies<\/del><\/h2>\n<div id=\"jig1\" class=\"justified-image-grid jig-b576780e7cc38099aa3ba5e93f931d86 jig-preset-c1 jig-source-wp-gallery jig-rml-id-82\"><div class=\"jig-clearfix\"><\/div><noscript id=\"jig1-html\" class=\"justified-image-grid-html\" data-lazy-src=\"skiplazyload\" data-src=\"skipunveillazyload\"><ul><li><a href=\"https:\/\/mcat.b-cdn.net\/republica\/wp-content\/uploads\/sites\/73\/2022\/06\/Manresa-republica-1-19.jpg\" title=\"Festa de Santa Ll\u00facia. Parada de neules al costat de la Caserna del Carme\"><img fetchpriority=\"high\" decoding=\"async\" src=\"https:\/\/mcat.b-cdn.net\/republica\/wp-content\/uploads\/sites\/73\/2022\/06\/Manresa-republica-1-19.jpg\" alt=\"Manresa-republica-1\" width=\"346\" height=\"230\" \/><\/a><p class=\"jig-HTMLdescription\">Manresa-republica-1<br\/>Festa de Santa Ll\u00facia. Parada de neules al costat de la Caserna del Carme<\/p><\/li><li><a href=\"https:\/\/mcat.b-cdn.net\/republica\/wp-content\/uploads\/sites\/73\/2022\/06\/Manresa-republica-2-18.jpg\" title=\"13-12-1933. \u201cPrimer Concurs de Trajos de Ball\u201d, organitzat per les modistes i celebrat al Teatre Conservatori\"><img decoding=\"async\" src=\"https:\/\/mcat.b-cdn.net\/republica\/wp-content\/uploads\/sites\/73\/2022\/06\/Manresa-republica-2-18.jpg\" alt=\"Manresa-republica-2\" width=\"346\" height=\"230\" \/><\/a><p class=\"jig-HTMLdescription\">Manresa-republica-2<br\/>13-12-1933. \u201cPrimer Concurs de Trajos de Ball\u201d, organitzat per les modistes i celebrat al Teatre Conservatori<\/p><\/li><\/ul><\/noscript><\/div>\n","protected":false},"excerpt":{"rendered":"<p>El 13 de desembre, la Comissi\u00f3 de l\u2019Art de l\u2019Agulla celebrava la festivitat de la patrona dels sastres i modistes. A banda de l\u2019Ofici religi\u00f3s, se celebraven audicions de sardanes, un vermut de germanor i un espectacle teatral o cinematogr\u00e0fic. Al vespre hi havia un ball de gala al Teatre Conservatori a c\u00e0rrec de la [&hellip;]<\/p>\n","protected":false},"author":1,"featured_media":0,"parent":0,"menu_order":186,"comment_status":"closed","ping_status":"closed","template":"","meta":{"footnotes":""},"class_list":["post-527","page","type-page","status-publish","hentry"],"_links":{"self":[{"href":"https:\/\/www.memoria.cat\/republica\/wp-json\/wp\/v2\/pages\/527","targetHints":{"allow":["GET"]}}],"collection":[{"href":"https:\/\/www.memoria.cat\/republica\/wp-json\/wp\/v2\/pages"}],"about":[{"href":"https:\/\/www.memoria.cat\/republica\/wp-json\/wp\/v2\/types\/page"}],"author":[{"embeddable":true,"href":"https:\/\/www.memoria.cat\/republica\/wp-json\/wp\/v2\/users\/1"}],"replies":[{"embeddable":true,"href":"https:\/\/www.memoria.cat\/republica\/wp-json\/wp\/v2\/comments?post=527"}],"version-history":[{"count":0,"href":"https:\/\/www.memoria.cat\/republica\/wp-json\/wp\/v2\/pages\/527\/revisions"}],"wp:attachment":[{"href":"https:\/\/www.memoria.cat\/republica\/wp-json\/wp\/v2\/media?parent=527"}],"curies":[{"name":"wp","href":"https:\/\/api.w.org\/{rel}","templated":true}]}}