{"id":522,"date":"2010-06-25T11:27:59","date_gmt":"2010-06-25T09:27:59","guid":{"rendered":"http:\/\/publish"},"modified":"2025-07-15T00:38:39","modified_gmt":"2025-07-14T23:38:39","slug":"el-carnestoltes","status":"publish","type":"page","link":"https:\/\/www.memoria.cat\/republica\/el-carnestoltes\/","title":{"rendered":"El Carnestoltes"},"content":{"rendered":"<p class=\"normal\">Amb la Rep\u00fablica, el Carnestoltes recuper\u00e0 l\u2019embranzida frenada a l\u2019etapa anterior. Aix\u00f2 no obstant, un ban de l\u2019alcalde en recordava les limitacions: &#8220;Est\u00e0 terminantment prohibit: usar trajos que tendeixin a ridiculitzar institucions i\/o autoritats; portar disfresses indecoroses; executar par\u00f2dies insultants per a les persones; portar armes&#8221;.<\/p>\n<p class=\"normal\">La pres\u00e8ncia del Carnestoltes al carrer era m\u00e9s aviat minsa ja que es feia sobretot en llocs tancats. El ball m\u00e9s conegut de la gent gran era el dels adroguers. Aquest col\u00b7lectiu tamb\u00e9 organitzava dos concursos: el de vestits a quatre pessetes i el de m\u00e0scares. En el primer hi podia participar qualsevol noia que llu\u00eds un vestit fet per ella mateixa que no exced\u00eds de les quatre pessetes. Pel que fa al concurs de m\u00e0scares, el jurat dictaminava la millor a trav\u00e9s d\u2019una desfilada dels participants.<\/p>\n<p class=\"normal\">Probablement l\u2019acte m\u00e9s tradicional i reeixit del Carnestoltes era el Carnestoltes Infantil. L\u2019Associaci\u00f3 de Dependents del Comer\u00e7 i de la Ind\u00fastria organitzava un concurs infantil de \u201ctrajos\u201d\u00a0 al Teatre Conservatori. Al vespre,\u00a0 es celebrava un super-tango i un ball de gala.<\/p>\n<p>&nbsp;<\/p>\n<h2><del>Fotografies<\/del><\/h2>\n<p><strong>Manresa. Anys 30. Celebraci\u00f3 del Carnestoltes infantil.\u00a0<\/strong>La majoria d\u2019imatges corresponen al \u201cConcurs Infantil de Trajos\u201d que el dimarts de Carnaval de cada any, i organitzat per l\u2019Associaci\u00f3 de Dependents del Comer\u00e7 i la Ind\u00fastria, se celebrava al Teatre Conservatori.<\/p>\n<div id=\"jig1\" class=\"justified-image-grid jig-9108b7a74698ef929b75ea02524dd06c jig-preset-c2 jig-source-wp-gallery jig-rml-id-80\"><div class=\"jig-clearfix\"><\/div><noscript id=\"jig1-html\" class=\"justified-image-grid-html\" data-lazy-src=\"skiplazyload\" data-src=\"skipunveillazyload\"><ul><li><a href=\"https:\/\/mcat.b-cdn.net\/republica\/wp-content\/uploads\/sites\/73\/2022\/06\/Manresa-republica-dsc_0214_2-e1655754666691.jpg\"><img decoding=\"async\" src=\"https:\/\/mcat.b-cdn.net\/republica\/wp-content\/uploads\/sites\/73\/2022\/06\/Manresa-republica-dsc_0214_2-e1655754666691.jpg\" alt=\"\" width=\"152\" height=\"230\" \/><\/a><\/li><li><a href=\"https:\/\/mcat.b-cdn.net\/republica\/wp-content\/uploads\/sites\/73\/2022\/06\/Manresa-republica-dsc_0223_2.jpg\"><img fetchpriority=\"high\" decoding=\"async\" src=\"https:\/\/mcat.b-cdn.net\/republica\/wp-content\/uploads\/sites\/73\/2022\/06\/Manresa-republica-dsc_0223_2.jpg\" alt=\"\" width=\"346\" height=\"230\" \/><\/a><\/li><li><a href=\"https:\/\/mcat.b-cdn.net\/republica\/wp-content\/uploads\/sites\/73\/2022\/06\/Manresa-republica-dsc_0215_1.jpg\"><img decoding=\"async\" src=\"https:\/\/mcat.b-cdn.net\/republica\/wp-content\/uploads\/sites\/73\/2022\/06\/Manresa-republica-dsc_0215_1.jpg\" alt=\"\" width=\"359\" height=\"230\" \/><\/a><\/li><li><a href=\"https:\/\/mcat.b-cdn.net\/republica\/wp-content\/uploads\/sites\/73\/2022\/06\/Manresa-republica-dsc_0216_2.jpg\"><img loading=\"lazy\" decoding=\"async\" src=\"https:\/\/mcat.b-cdn.net\/republica\/wp-content\/uploads\/sites\/73\/2022\/06\/Manresa-republica-dsc_0216_2.jpg\" alt=\"\" width=\"346\" height=\"230\" \/><\/a><\/li><li><a href=\"https:\/\/mcat.b-cdn.net\/republica\/wp-content\/uploads\/sites\/73\/2022\/06\/Manresa-republica-dsc_0217_2.jpg\"><img loading=\"lazy\" decoding=\"async\" src=\"https:\/\/mcat.b-cdn.net\/republica\/wp-content\/uploads\/sites\/73\/2022\/06\/Manresa-republica-dsc_0217_2.jpg\" alt=\"\" width=\"346\" height=\"230\" \/><\/a><\/li><li><a href=\"https:\/\/mcat.b-cdn.net\/republica\/wp-content\/uploads\/sites\/73\/2022\/06\/Manresa-republica-dsc_0218_2.jpg\"><img loading=\"lazy\" decoding=\"async\" src=\"https:\/\/mcat.b-cdn.net\/republica\/wp-content\/uploads\/sites\/73\/2022\/06\/Manresa-republica-dsc_0218_2.jpg\" alt=\"\" width=\"346\" height=\"230\" \/><\/a><\/li><li><a href=\"https:\/\/mcat.b-cdn.net\/republica\/wp-content\/uploads\/sites\/73\/2022\/06\/Manresa-republica-dsc_0219.jpg\"><img loading=\"lazy\" decoding=\"async\" src=\"https:\/\/mcat.b-cdn.net\/republica\/wp-content\/uploads\/sites\/73\/2022\/06\/Manresa-republica-dsc_0219.jpg\" alt=\"\" width=\"346\" height=\"230\" \/><\/a><\/li><li><a href=\"https:\/\/mcat.b-cdn.net\/republica\/wp-content\/uploads\/sites\/73\/2022\/06\/Manresa-republica-dsc_0221_2.jpg\"><img loading=\"lazy\" decoding=\"async\" src=\"https:\/\/mcat.b-cdn.net\/republica\/wp-content\/uploads\/sites\/73\/2022\/06\/Manresa-republica-dsc_0221_2.jpg\" alt=\"\" width=\"346\" height=\"230\" \/><\/a><\/li><li><a href=\"https:\/\/mcat.b-cdn.net\/republica\/wp-content\/uploads\/sites\/73\/2022\/06\/Manresa-republica-dsc_0222_2.jpg\"><img loading=\"lazy\" decoding=\"async\" src=\"https:\/\/mcat.b-cdn.net\/republica\/wp-content\/uploads\/sites\/73\/2022\/06\/Manresa-republica-dsc_0222_2.jpg\" alt=\"\" width=\"346\" height=\"230\" \/><\/a><\/li><li><a href=\"https:\/\/mcat.b-cdn.net\/republica\/wp-content\/uploads\/sites\/73\/2022\/06\/Manresa-republica-dsc_0225-rotated.jpg\"><img loading=\"lazy\" decoding=\"async\" src=\"https:\/\/mcat.b-cdn.net\/republica\/wp-content\/uploads\/sites\/73\/2022\/06\/Manresa-republica-dsc_0225-rotated.jpg\" alt=\"\" width=\"152\" height=\"230\" \/><\/a><\/li><li><a href=\"https:\/\/mcat.b-cdn.net\/republica\/wp-content\/uploads\/sites\/73\/2022\/06\/Manresa-republica-dsc_0226_2-rotated.jpg\"><img loading=\"lazy\" decoding=\"async\" src=\"https:\/\/mcat.b-cdn.net\/republica\/wp-content\/uploads\/sites\/73\/2022\/06\/Manresa-republica-dsc_0226_2-rotated.jpg\" alt=\"\" width=\"152\" height=\"230\" \/><\/a><\/li><li><a href=\"https:\/\/mcat.b-cdn.net\/republica\/wp-content\/uploads\/sites\/73\/2022\/06\/Manresa-republica-dsc_0227_2-rotated.jpg\"><img loading=\"lazy\" decoding=\"async\" src=\"https:\/\/mcat.b-cdn.net\/republica\/wp-content\/uploads\/sites\/73\/2022\/06\/Manresa-republica-dsc_0227_2-rotated.jpg\" alt=\"\" width=\"152\" height=\"230\" \/><\/a><\/li><li><a href=\"https:\/\/mcat.b-cdn.net\/republica\/wp-content\/uploads\/sites\/73\/2022\/06\/Manresa-republica-dsc_0228_2-rotated.jpg\"><img loading=\"lazy\" decoding=\"async\" src=\"https:\/\/mcat.b-cdn.net\/republica\/wp-content\/uploads\/sites\/73\/2022\/06\/Manresa-republica-dsc_0228_2-rotated.jpg\" alt=\"\" width=\"152\" height=\"230\" \/><\/a><\/li><li><a href=\"https:\/\/mcat.b-cdn.net\/republica\/wp-content\/uploads\/sites\/73\/2022\/06\/Manresa-republica-dsc_0244_1-rotated.jpg\"><img loading=\"lazy\" decoding=\"async\" src=\"https:\/\/mcat.b-cdn.net\/republica\/wp-content\/uploads\/sites\/73\/2022\/06\/Manresa-republica-dsc_0244_1-rotated.jpg\" alt=\"\" width=\"150\" height=\"230\" \/><\/a><\/li><li><a href=\"https:\/\/mcat.b-cdn.net\/republica\/wp-content\/uploads\/sites\/73\/2022\/06\/Manresa-republica-dsc_0245_2-rotated.jpg\"><img loading=\"lazy\" decoding=\"async\" src=\"https:\/\/mcat.b-cdn.net\/republica\/wp-content\/uploads\/sites\/73\/2022\/06\/Manresa-republica-dsc_0245_2-rotated.jpg\" alt=\"\" width=\"152\" height=\"230\" \/><\/a><\/li><li><a href=\"https:\/\/mcat.b-cdn.net\/republica\/wp-content\/uploads\/sites\/73\/2022\/06\/Manresa-republica-dsc_0247_2.jpg\"><img loading=\"lazy\" decoding=\"async\" src=\"https:\/\/mcat.b-cdn.net\/republica\/wp-content\/uploads\/sites\/73\/2022\/06\/Manresa-republica-dsc_0247_2.jpg\" alt=\"\" width=\"346\" height=\"230\" \/><\/a><\/li><li><a href=\"https:\/\/mcat.b-cdn.net\/republica\/wp-content\/uploads\/sites\/73\/2022\/06\/Manresa-republica-dsc_0224_2-rotated.jpg\"><img loading=\"lazy\" decoding=\"async\" src=\"https:\/\/mcat.b-cdn.net\/republica\/wp-content\/uploads\/sites\/73\/2022\/06\/Manresa-republica-dsc_0224_2-rotated.jpg\" alt=\"\" width=\"152\" height=\"230\" \/><\/a><\/li><\/ul><\/noscript><\/div>\n<p>&nbsp;<\/p>\n","protected":false},"excerpt":{"rendered":"<p>Amb la Rep\u00fablica, el Carnestoltes recuper\u00e0 l\u2019embranzida frenada a l\u2019etapa anterior. Aix\u00f2 no obstant, un ban de l\u2019alcalde en recordava les limitacions: &#8220;Est\u00e0 terminantment prohibit: usar trajos que tendeixin a ridiculitzar institucions i\/o autoritats; portar disfresses indecoroses; executar par\u00f2dies insultants per a les persones; portar armes&#8221;. La pres\u00e8ncia del Carnestoltes al carrer era m\u00e9s aviat [&hellip;]<\/p>\n","protected":false},"author":1,"featured_media":0,"parent":0,"menu_order":71,"comment_status":"closed","ping_status":"closed","template":"","meta":{"footnotes":""},"class_list":["post-522","page","type-page","status-publish","hentry"],"_links":{"self":[{"href":"https:\/\/www.memoria.cat\/republica\/wp-json\/wp\/v2\/pages\/522","targetHints":{"allow":["GET"]}}],"collection":[{"href":"https:\/\/www.memoria.cat\/republica\/wp-json\/wp\/v2\/pages"}],"about":[{"href":"https:\/\/www.memoria.cat\/republica\/wp-json\/wp\/v2\/types\/page"}],"author":[{"embeddable":true,"href":"https:\/\/www.memoria.cat\/republica\/wp-json\/wp\/v2\/users\/1"}],"replies":[{"embeddable":true,"href":"https:\/\/www.memoria.cat\/republica\/wp-json\/wp\/v2\/comments?post=522"}],"version-history":[{"count":0,"href":"https:\/\/www.memoria.cat\/republica\/wp-json\/wp\/v2\/pages\/522\/revisions"}],"wp:attachment":[{"href":"https:\/\/www.memoria.cat\/republica\/wp-json\/wp\/v2\/media?parent=522"}],"curies":[{"name":"wp","href":"https:\/\/api.w.org\/{rel}","templated":true}]}}