{"id":517,"date":"2010-06-25T11:23:39","date_gmt":"2010-06-25T09:23:39","guid":{"rendered":"http:\/\/publish"},"modified":"2025-07-15T00:39:02","modified_gmt":"2025-07-14T23:39:02","slug":"la-festa-dels-reis-dorient","status":"publish","type":"page","link":"https:\/\/www.memoria.cat\/republica\/la-festa-dels-reis-dorient\/","title":{"rendered":"La festa dels Reis d&#8217;Orient"},"content":{"rendered":"<p class=\"normal\">La Casa Jorba organitzava cada any una cavalcada que recorria els principals carrers de la ciutat. La cort portava unes llargues escales mitjan\u00e7ant les quals es podien fer arribar els regals als infants que vivien en els pisos m\u00e9s alts.<\/p>\n<p class=\"normal\">Per la seva banda, la Junta Local d\u2019Assist\u00e8ncia P\u00fablica distribu\u00efa uns vals entre les fam\u00edlies necessitades que donaven dret a un lot de roba i joguines amb qu\u00e8 se\u2019ls obsequiava la vig\u00edlia de Reis. En principi, s\u2019admetien totes les peticions que es fessin per part de fam\u00edlies necessitades. La \u00fanica limitaci\u00f3 era el nombre de lots existents.<\/p>\n<p class=\"normal\">Els infants afavorits rebien l\u2019obsequi en l\u2019estatge de l\u2019Associaci\u00f3 de Dependents de Comer\u00e7 de Manresa i Comarca, entitat que col\u00b7laborava en l\u2019organitzaci\u00f3 d\u2019aquesta recapta solid\u00e0ria de joguines, roba i aliments.<\/p>\n<p>&nbsp;<\/p>\n<h2><del>Documents<\/del><\/h2>\n<p><b>Manresa. La festa dels Reis d\u2019Orient, organitzada per l\u2019Associaci\u00f3 de Dependents del Comer\u00e7 i la Ind\u00fastria de Manresa.<\/b><\/p>\n<p>Desembre del 1932. Crida de l\u2019entitat als manresans perqu\u00e8 contribueixen a la subscripci\u00f3 oberta per adquirir robes i joguines i carta en la qual l\u2019entitat convida a l\u2019Ajuntament a \u201cfigurar en la llista de donants\u201d. Anunci sobre la cavalcada de Reis, organitzada per la Casa Jorba.<\/p>\n<div id=\"jig1\" class=\"justified-image-grid jig-3b3666899d79b1484739b1bd0fd7ccbe jig-preset-c2 jig-source-wp-gallery jig-rml-id-360\"><div class=\"jig-clearfix\"><\/div><noscript id=\"jig1-html\" class=\"justified-image-grid-html\" data-lazy-src=\"skiplazyload\" data-src=\"skipunveillazyload\"><ul><li><a href=\"https:\/\/mcat.b-cdn.net\/republica\/wp-content\/uploads\/sites\/73\/2021\/12\/12.6.Reis_.20.12.32-1-3.jpg\"><img decoding=\"async\" src=\"https:\/\/mcat.b-cdn.net\/republica\/wp-content\/uploads\/sites\/73\/2021\/12\/12.6.Reis_.20.12.32-1-3.jpg\" alt=\"\" width=\"181\" height=\"230\" \/><\/a><\/li><li><a href=\"https:\/\/mcat.b-cdn.net\/republica\/wp-content\/uploads\/sites\/73\/2021\/12\/12.6.Reis_.20.12.32-2-3.jpg\"><img decoding=\"async\" src=\"https:\/\/mcat.b-cdn.net\/republica\/wp-content\/uploads\/sites\/73\/2021\/12\/12.6.Reis_.20.12.32-2-3.jpg\" alt=\"\" width=\"175\" height=\"230\" \/><\/a><\/li><li><a href=\"https:\/\/mcat.b-cdn.net\/republica\/wp-content\/uploads\/sites\/73\/2021\/12\/12.6.Reis_.20.12.32-3-3.jpg\"><img decoding=\"async\" src=\"https:\/\/mcat.b-cdn.net\/republica\/wp-content\/uploads\/sites\/73\/2021\/12\/12.6.Reis_.20.12.32-3-3.jpg\" alt=\"\" width=\"179\" height=\"230\" \/><\/a><\/li><li><a href=\"https:\/\/mcat.b-cdn.net\/republica\/wp-content\/uploads\/sites\/73\/2021\/12\/12.6.Reis_.Cavalcada-de-Reis-Jorba.jpg\"><img loading=\"lazy\" decoding=\"async\" src=\"https:\/\/mcat.b-cdn.net\/republica\/wp-content\/uploads\/sites\/73\/2021\/12\/12.6.Reis_.Cavalcada-de-Reis-Jorba.jpg\" alt=\"\" width=\"161\" height=\"230\" \/><\/a><\/li><\/ul><\/noscript><\/div>\n<p>&nbsp;<\/p>\n<h2><del>Fotografies<\/del><\/h2>\n<p><div id=\"jig2\" class=\"justified-image-grid jig-99a1a39f9cb09b6d23a08bced3272625 jig-preset-c1 jig-source-wp-gallery jig-rml-id-150\"><div class=\"jig-clearfix\"><\/div><noscript id=\"jig2-html\" class=\"justified-image-grid-html\" data-lazy-src=\"skiplazyload\" data-src=\"skipunveillazyload\"><ul><li><a href=\"https:\/\/mcat.b-cdn.net\/republica\/wp-content\/uploads\/sites\/73\/2022\/06\/Manresa-republica-1-17.jpg\" title=\"La cavalcada dels Reis d\u2019Orient de la Casa Jorba.\"><img loading=\"lazy\" decoding=\"async\" src=\"https:\/\/mcat.b-cdn.net\/republica\/wp-content\/uploads\/sites\/73\/2022\/06\/Manresa-republica-1-17.jpg\" alt=\"Manresa-republica-1\" width=\"346\" height=\"230\" \/><\/a><p class=\"jig-HTMLdescription\">Manresa-republica-1<br\/>La cavalcada dels Reis d\u2019Orient de la Casa Jorba.<\/p><\/li><li><a href=\"https:\/\/mcat.b-cdn.net\/republica\/wp-content\/uploads\/sites\/73\/2022\/06\/Manresa-republica-2-16.jpg\" title=\"La cavalcada dels Reis d\u2019Orient de la Casa Jorba.\"><img loading=\"lazy\" decoding=\"async\" src=\"https:\/\/mcat.b-cdn.net\/republica\/wp-content\/uploads\/sites\/73\/2022\/06\/Manresa-republica-2-16.jpg\" alt=\"Manresa-republica-2\" width=\"346\" height=\"230\" \/><\/a><p class=\"jig-HTMLdescription\">Manresa-republica-2<br\/>La cavalcada dels Reis d\u2019Orient de la Casa Jorba.<\/p><\/li><li><a href=\"https:\/\/mcat.b-cdn.net\/republica\/wp-content\/uploads\/sites\/73\/2022\/06\/Manresa-republica-3-13.jpg\" title=\"La cavalcada dels Reis d\u2019Orient de la Casa Jorba.\"><img loading=\"lazy\" decoding=\"async\" src=\"https:\/\/mcat.b-cdn.net\/republica\/wp-content\/uploads\/sites\/73\/2022\/06\/Manresa-republica-3-13.jpg\" alt=\"Manresa-republica-3\" width=\"346\" height=\"230\" \/><\/a><p class=\"jig-HTMLdescription\">Manresa-republica-3<br\/>La cavalcada dels Reis d\u2019Orient de la Casa Jorba.<\/p><\/li><li><a href=\"https:\/\/mcat.b-cdn.net\/republica\/wp-content\/uploads\/sites\/73\/2022\/06\/Manresa-republica-4-11-rotated.jpg\" title=\"La cavalcada dels Reis d\u2019Orient de la Casa Jorba.\"><img loading=\"lazy\" decoding=\"async\" src=\"https:\/\/mcat.b-cdn.net\/republica\/wp-content\/uploads\/sites\/73\/2022\/06\/Manresa-republica-4-11-rotated.jpg\" alt=\"Manresa-republica-4\" width=\"152\" height=\"230\" \/><\/a><p class=\"jig-HTMLdescription\">Manresa-republica-4<br\/>La cavalcada dels Reis d\u2019Orient de la Casa Jorba.<\/p><\/li><\/ul><\/noscript><\/div><br \/>\n<div id=\"jig3\" class=\"justified-image-grid jig-daded724216f8c8edafb0899826363c3 jig-preset-c1 jig-source-wp-gallery jig-rml-id-151\"><div class=\"jig-clearfix\"><\/div><noscript id=\"jig3-html\" class=\"justified-image-grid-html\" data-lazy-src=\"skiplazyload\" data-src=\"skipunveillazyload\"><ul><li><a href=\"https:\/\/mcat.b-cdn.net\/republica\/wp-content\/uploads\/sites\/73\/2022\/06\/Manresa-republica-6-7.jpg\"><img loading=\"lazy\" decoding=\"async\" src=\"https:\/\/mcat.b-cdn.net\/republica\/wp-content\/uploads\/sites\/73\/2022\/06\/Manresa-republica-6-7.jpg\" alt=\"Manresa-republica-6\" width=\"346\" height=\"230\" \/><\/a><p class=\"jig-HTMLdescription\">Manresa-republica-6<\/p><\/li><li><a href=\"https:\/\/mcat.b-cdn.net\/republica\/wp-content\/uploads\/sites\/73\/2022\/06\/Manresa-republica-5-8.jpg\" title=\"Els reis de l\u2019Associaci\u00f3 de Dependents del Comer\u00e7 i de la Ind\u00fastria (ADCI) a l\u2019estatge de l\u2019entitat.\"><img loading=\"lazy\" decoding=\"async\" src=\"https:\/\/mcat.b-cdn.net\/republica\/wp-content\/uploads\/sites\/73\/2022\/06\/Manresa-republica-5-8.jpg\" alt=\"Manresa-republica-5\" width=\"346\" height=\"230\" \/><\/a><p class=\"jig-HTMLdescription\">Manresa-republica-5<br\/>Els reis de l\u2019Associaci\u00f3 de Dependents del Comer\u00e7 i de la Ind\u00fastria (ADCI) a l\u2019estatge de l\u2019entitat.<\/p><\/li><\/ul><\/noscript><\/div><\/p>\n","protected":false},"excerpt":{"rendered":"<p>La Casa Jorba organitzava cada any una cavalcada que recorria els principals carrers de la ciutat. La cort portava unes llargues escales mitjan\u00e7ant les quals es podien fer arribar els regals als infants que vivien en els pisos m\u00e9s alts. Per la seva banda, la Junta Local d\u2019Assist\u00e8ncia P\u00fablica distribu\u00efa uns vals entre les fam\u00edlies [&hellip;]<\/p>\n","protected":false},"author":1,"featured_media":0,"parent":0,"menu_order":188,"comment_status":"closed","ping_status":"closed","template":"","meta":{"iawp_total_views":10,"footnotes":""},"class_list":["post-517","page","type-page","status-publish","hentry"],"_links":{"self":[{"href":"https:\/\/www.memoria.cat\/republica\/wp-json\/wp\/v2\/pages\/517","targetHints":{"allow":["GET"]}}],"collection":[{"href":"https:\/\/www.memoria.cat\/republica\/wp-json\/wp\/v2\/pages"}],"about":[{"href":"https:\/\/www.memoria.cat\/republica\/wp-json\/wp\/v2\/types\/page"}],"author":[{"embeddable":true,"href":"https:\/\/www.memoria.cat\/republica\/wp-json\/wp\/v2\/users\/1"}],"replies":[{"embeddable":true,"href":"https:\/\/www.memoria.cat\/republica\/wp-json\/wp\/v2\/comments?post=517"}],"version-history":[{"count":0,"href":"https:\/\/www.memoria.cat\/republica\/wp-json\/wp\/v2\/pages\/517\/revisions"}],"wp:attachment":[{"href":"https:\/\/www.memoria.cat\/republica\/wp-json\/wp\/v2\/media?parent=517"}],"curies":[{"name":"wp","href":"https:\/\/api.w.org\/{rel}","templated":true}]}}