{"id":51,"date":"2010-04-30T21:36:02","date_gmt":"2010-04-30T19:36:02","guid":{"rendered":"http:\/\/publish"},"modified":"2025-05-23T19:08:58","modified_gmt":"2025-05-23T18:08:58","slug":"la-ugt","status":"publish","type":"page","link":"https:\/\/www.memoria.cat\/republica\/la-ugt\/","title":{"rendered":"La UGT"},"content":{"rendered":"<p class=\"normal\" align=\"left\">La UGT era un sindicat socialista, vinculat al PSOE, que estava fortament implantat al nord d\u2019Espanya i a Madrid. En canvi, a Catalunya tenia poca incid\u00e8ncia, sobretot si la comparem amb la CNT: 30.000 afiliats de la UGT per 250.000 de la CNT.<\/p>\n<p class=\"normal\" align=\"left\">A Manres\u00e0, durant el per\u00edode republic\u00e0, la UGT an\u00e0 creixent lentament durant el per\u00edode republic\u00e0: pass\u00e0 de 600 afiliats l\u2019any 1933 a un miler l\u2019any 1936. El principal responsable de la reorganitzaci\u00f3 de la UGT a Manresa des del final de la Dictadura fou Rafael Ramos. Altres dirigents importants eren Florenci Clariana, Melcior Moncunill i Mag\u00ed Gamisans. El seu local era a la Cooperativa Obrera Manresana, al carrer dels Infants.<\/p>\n<p class=\"normal\" align=\"left\">Un cop iniciada la Guerra Civil aquest sindicat experiment\u00e0 un creixement enorme (10.000 afiliats el setembre de 1936), afavorit per l\u2019afiliaci\u00f3 de molts membres dels Sindicats d\u2019Oposici\u00f3 i dels sindicats aut\u00f2noms en un context de sindicaci\u00f3 obligat\u00f2ria per a tothom.<\/p>\n<p align=\"left\">\n<p>&nbsp;<\/p>\n<h2 align=\"left\"><del>Documents<\/del><\/h2>\n<p>(Documents procedents de l\u2019Arxiu Comarcal del Bages).<\/p>\n<p>Any 1931.<\/p>\n<p>Escrit on es certifica la constituci\u00f3 del Sindicat de Professions i Oficis Varis, l\u2019aprovaci\u00f3 dels seus estatuts, l\u2019elecci\u00f3 del Comit\u00e8 Executiu i l\u2019 ingr\u00e9s de l\u2019esmentat sindicat a la UGT; carta pr\u00e8via adre\u00e7ada a l\u2019Ajuntament en la qual demanaven perm\u00eds per a celebrar aquesta assemblea.<\/p>\n<div id=\"jig1\" class=\"justified-image-grid jig-253da15b89d1238cce9c02a21fe10ea4 jig-preset-c2 jig-source-wp-gallery jig-rml-id-406\"><div class=\"jig-clearfix\"><\/div><noscript id=\"jig1-html\" class=\"justified-image-grid-html\" data-lazy-src=\"skiplazyload\" data-src=\"skipunveillazyload\"><ul><li><a href=\"https:\/\/mcat.b-cdn.net\/republica\/wp-content\/uploads\/sites\/73\/2022\/01\/3.3.UGT_.15.10.31.jpg\"><img decoding=\"async\" src=\"https:\/\/mcat.b-cdn.net\/republica\/wp-content\/uploads\/sites\/73\/2022\/01\/3.3.UGT_.15.10.31.jpg\" alt=\"\" width=\"162\" height=\"230\" \/><\/a><\/li><li><a href=\"https:\/\/mcat.b-cdn.net\/republica\/wp-content\/uploads\/sites\/73\/2022\/01\/3.3.UGT_.15.11.31.jpg\"><img decoding=\"async\" src=\"https:\/\/mcat.b-cdn.net\/republica\/wp-content\/uploads\/sites\/73\/2022\/01\/3.3.UGT_.15.11.31.jpg\" alt=\"\" width=\"150\" height=\"230\" \/><\/a><\/li><\/ul><\/noscript><\/div>\n","protected":false},"excerpt":{"rendered":"<p>La UGT era un sindicat socialista, vinculat al PSOE, que estava fortament implantat al nord d\u2019Espanya i a Madrid. En canvi, a Catalunya tenia poca incid\u00e8ncia, sobretot si la comparem amb la CNT: 30.000 afiliats de la UGT per 250.000 de la CNT. A Manres\u00e0, durant el per\u00edode republic\u00e0, la UGT an\u00e0 creixent lentament durant [&hellip;]<\/p>\n","protected":false},"author":1,"featured_media":0,"parent":0,"menu_order":222,"comment_status":"closed","ping_status":"closed","template":"","meta":{"iawp_total_views":7,"footnotes":""},"class_list":["post-51","page","type-page","status-publish","hentry"],"_links":{"self":[{"href":"https:\/\/www.memoria.cat\/republica\/wp-json\/wp\/v2\/pages\/51","targetHints":{"allow":["GET"]}}],"collection":[{"href":"https:\/\/www.memoria.cat\/republica\/wp-json\/wp\/v2\/pages"}],"about":[{"href":"https:\/\/www.memoria.cat\/republica\/wp-json\/wp\/v2\/types\/page"}],"author":[{"embeddable":true,"href":"https:\/\/www.memoria.cat\/republica\/wp-json\/wp\/v2\/users\/1"}],"replies":[{"embeddable":true,"href":"https:\/\/www.memoria.cat\/republica\/wp-json\/wp\/v2\/comments?post=51"}],"version-history":[{"count":0,"href":"https:\/\/www.memoria.cat\/republica\/wp-json\/wp\/v2\/pages\/51\/revisions"}],"wp:attachment":[{"href":"https:\/\/www.memoria.cat\/republica\/wp-json\/wp\/v2\/media?parent=51"}],"curies":[{"name":"wp","href":"https:\/\/api.w.org\/{rel}","templated":true}]}}