{"id":49,"date":"2010-04-30T21:34:10","date_gmt":"2010-04-30T19:34:10","guid":{"rendered":"http:\/\/publish"},"modified":"2025-05-23T19:06:51","modified_gmt":"2025-05-23T18:06:51","slug":"la-revolta-de-lalt-llobregat","status":"publish","type":"page","link":"https:\/\/www.memoria.cat\/republica\/la-revolta-de-lalt-llobregat\/","title":{"rendered":"La revolta de l\u2019Alt Llobregat"},"content":{"rendered":"<p class=\"normal\" align=\"left\">Es coneix amb el nom de \u201cFets de l\u2019Alt Llobregat\u201d o \u201cRevolta de l\u2019Alt Llobregat\u201d una vaga general realment important, de car\u00e0cter revolucionari, que es produ\u00ed entre els dies 18 i 23 de gener de 1932.<\/p>\n<p class=\"normal\" align=\"left\">La protesta s\u2019inici\u00e0 a Berga i arrib\u00e0 a les mines de F\u00edgols,<b> <\/b>on la FAI proclam\u00e0 el comunisme llibertari. D\u2019aqu\u00ed, el moviment revolucionari es propag\u00e0 cap a d\u2019altres poblacions mineres com Balsareny, Sallent, Cardona i S\u00faria, en les quals els vaguistes es feren els amos de la situaci\u00f3.<\/p>\n<p class=\"normal\" align=\"left\">Davant aquests esdeveniments, els sindicats manresans adoptaren inicialment una actitud conciliat\u00f2ria, per\u00f2 acabaren cedint a les pressions de la FAI, la qual controlava la Federaci\u00f3 Comarcal de la CNT, i convocaren una vaga general a Manresa pel dia 21. La paralitzaci\u00f3 de la ciutat fou total. Tamb\u00e9 es produ\u00efren actes violents quan dos gu\u00e0rdies civils foren tirotejats i ferits al carrer del Joc de la Pilota.<\/p>\n<p class=\"normal\" align=\"left\">Per tal d\u2019aturar aquesta onada revolucion\u00e0ria, el govern de la Rep\u00fablica orden\u00e0 la intervenci\u00f3 de l\u2019ex\u00e8rcit. Manresa qued\u00e0 ocupada militarment i es convert\u00ed en el centre de les operacions des d\u2019on l\u2019ex\u00e8rcit an\u00e0 reprimint els nuclis revolucionaris de la comarca. Molts treballadors foren detinguts (a vegades, arbitr\u00e0riament) i traslladats a Barcelona on foren jutjats: almenys una vintena d\u2019obrers del Bages i Bergued\u00e0 foren deportats a les possessions espanyoles d\u2019\u00c0frica. La patronal aprofit\u00e0 l\u2019ocasi\u00f3 per rebaixar els salaris (mines i t\u00e8xtil), els locals dels sindicats foren clausurats i les discrep\u00e0ncies entre els dos sectors de la CNT (<i>trentistes <\/i>i <i>faistes<\/i>) comen\u00e7aren a \u00e9sser irreversibles.<\/p>\n<p class=\"normal\" align=\"left\">El dirigent cenetista Emili\u00e0 Martinez Espinosa entenia els fets revolucionaris per la situaci\u00f3 de \u201c15 \u00f3 20.000 obrers desesperats per les condicions d\u2019explotaci\u00f3 i mis\u00e8ria en qu\u00e8 es trobaven i sense l\u2019esperan\u00e7a que alg\u00fa hi pos\u00e9s remei ni es preocup\u00e9s per ells\u201d.<\/p>\n<p class=\"normal\" align=\"left\">El dia 22 de gener, l\u2019alcalde de Manresa Llu\u00eds Prun\u00e9s, va fer p\u00fablic un ban, on convidava tothom a tornar a la feina. Les autoritats republicanes felicitaren a l\u2019alcalde de Manresa per la seva decidida actuaci\u00f3, durant la vaga, a favor de mantenir l\u2019ordre p\u00fablic i evitar disturbis encara m\u00e9s greus. Tamb\u00e9, representants del m\u00f3n comercial i industrial com ara la Cambra de Comer\u00e7, van agrair a l\u2019alcalde per &#8220;haver col\u00b7laborat a aplacar la revolta amb fins an\u00e0rquics&#8221;. Per la seva banda, l\u2019alcalde inform\u00e0 que el descontentament obrer era degut a l\u2019incompliment, per part de la patronal, de les noves bases de treball pactades pr\u00e8viament amb els sindicats. Impl\u00edcitament, s\u2019admetia que la situaci\u00f3 de la classe treballadora no millorava prou, cosa que explicava la creixent radicalitzaci\u00f3 del moviment obrer, cada cop m\u00e9s desencisat amb la Rep\u00fablica.<\/p>\n<p class=\"normal\" align=\"left\">A finals de gener del 1932, l\u2019alcalde de Manresa deman\u00e0 al governador civil que alliber\u00e9s als manresans empresonats arran dels fets de l\u2019Alt Llobregat.<\/p>\n<p align=\"left\">\n<h2 align=\"left\"><del>Documents<\/del><\/h2>\n<p>(Documents procedents de l\u2019Arxiu Comarcal del Bages).<\/p>\n<p class=\"normal\">Any 1932. Proclama dels revolucionaris adre\u00e7ada al poble de Sallent; relaci\u00f3 de detinguts de F\u00edgols, S\u00faria, Sallent, Cardona, Navarcles i Granollers que foren posats en llibertat; llistat de detinguts del dia 22 de gener; petici\u00f3 de llibertat d\u2019alguns conciutadans per part de l&#8217;alcalde Llu\u00eds Prun\u00e9s; ban del mateix alcalde sobre l&#8217;actuaci\u00f3 que seguir\u00e0 l&#8217;ex\u00e8rcit si s&#8217;altera la normalitat; cartes d&#8217;Aniceto Le\u00f3n i de la Cambra Oficial de Comer\u00e7 de Manresa on feliciten a l&#8217;alcalde Prun\u00e9s per la seva actuaci\u00f3 davant el moviment revolucionari, i puntualitzaci\u00f3 de l&#8217;Ajuntament sobre els readmesos a la Companyia An\u00f2nima Manresana d&#8217;Electricitat despr\u00e9s dels fets revolucionaris.<\/p>\n<div id=\"jig1\" class=\"justified-image-grid jig-fe4faab8d3674332efa9d4b4e0b5596b jig-preset-c2 jig-source-wp-gallery jig-rml-id-404\"><div class=\"jig-clearfix\"><\/div><noscript id=\"jig1-html\" class=\"justified-image-grid-html\" data-lazy-src=\"skiplazyload\" data-src=\"skipunveillazyload\"><ul><li><a href=\"https:\/\/mcat.b-cdn.net\/republica\/wp-content\/uploads\/sites\/73\/2022\/01\/3.2.Fets_.1.21.1.32.jpg\"><img fetchpriority=\"high\" decoding=\"async\" src=\"https:\/\/mcat.b-cdn.net\/republica\/wp-content\/uploads\/sites\/73\/2022\/01\/3.2.Fets_.1.21.1.32.jpg\" alt=\"\" width=\"315\" height=\"230\" \/><\/a><\/li><li><a href=\"https:\/\/mcat.b-cdn.net\/republica\/wp-content\/uploads\/sites\/73\/2022\/01\/3.2.Fets_.2.jpg\"><img decoding=\"async\" src=\"https:\/\/mcat.b-cdn.net\/republica\/wp-content\/uploads\/sites\/73\/2022\/01\/3.2.Fets_.2.jpg\" alt=\"\" width=\"333\" height=\"230\" \/><\/a><\/li><li><a href=\"https:\/\/mcat.b-cdn.net\/republica\/wp-content\/uploads\/sites\/73\/2022\/01\/3.2.Fets_.3.jpg\"><img decoding=\"async\" src=\"https:\/\/mcat.b-cdn.net\/republica\/wp-content\/uploads\/sites\/73\/2022\/01\/3.2.Fets_.3.jpg\" alt=\"\" width=\"156\" height=\"230\" \/><\/a><\/li><li><a href=\"https:\/\/mcat.b-cdn.net\/republica\/wp-content\/uploads\/sites\/73\/2022\/01\/3.2.Fets_.4.jpg\"><img loading=\"lazy\" decoding=\"async\" src=\"https:\/\/mcat.b-cdn.net\/republica\/wp-content\/uploads\/sites\/73\/2022\/01\/3.2.Fets_.4.jpg\" alt=\"\" width=\"153\" height=\"230\" \/><\/a><\/li><li><a href=\"https:\/\/mcat.b-cdn.net\/republica\/wp-content\/uploads\/sites\/73\/2022\/01\/3.2.Fets_.5.22.01.32.jpg\"><img loading=\"lazy\" decoding=\"async\" src=\"https:\/\/mcat.b-cdn.net\/republica\/wp-content\/uploads\/sites\/73\/2022\/01\/3.2.Fets_.5.22.01.32.jpg\" alt=\"\" width=\"165\" height=\"230\" \/><\/a><\/li><li><a href=\"https:\/\/mcat.b-cdn.net\/republica\/wp-content\/uploads\/sites\/73\/2022\/01\/3.2.Fets_.6.jpg\"><img loading=\"lazy\" decoding=\"async\" src=\"https:\/\/mcat.b-cdn.net\/republica\/wp-content\/uploads\/sites\/73\/2022\/01\/3.2.Fets_.6.jpg\" alt=\"\" width=\"178\" height=\"230\" \/><\/a><\/li><li><a href=\"https:\/\/mcat.b-cdn.net\/republica\/wp-content\/uploads\/sites\/73\/2022\/01\/3.2.Fets_.7.jpg\"><img loading=\"lazy\" decoding=\"async\" src=\"https:\/\/mcat.b-cdn.net\/republica\/wp-content\/uploads\/sites\/73\/2022\/01\/3.2.Fets_.7.jpg\" alt=\"\" width=\"290\" height=\"230\" \/><\/a><\/li><li><a href=\"https:\/\/mcat.b-cdn.net\/republica\/wp-content\/uploads\/sites\/73\/2022\/01\/3.2.Fets_.8.30.1.32.jpg\"><img loading=\"lazy\" decoding=\"async\" src=\"https:\/\/mcat.b-cdn.net\/republica\/wp-content\/uploads\/sites\/73\/2022\/01\/3.2.Fets_.8.30.1.32.jpg\" alt=\"\" width=\"322\" height=\"230\" \/><\/a><\/li><li><a href=\"https:\/\/mcat.b-cdn.net\/republica\/wp-content\/uploads\/sites\/73\/2022\/01\/3.2.Fets_.9.05.02.32.jpg\"><img loading=\"lazy\" decoding=\"async\" src=\"https:\/\/mcat.b-cdn.net\/republica\/wp-content\/uploads\/sites\/73\/2022\/01\/3.2.Fets_.9.05.02.32.jpg\" alt=\"\" width=\"179\" height=\"230\" \/><\/a><\/li><li><a href=\"https:\/\/mcat.b-cdn.net\/republica\/wp-content\/uploads\/sites\/73\/2022\/01\/3.2.Fets_.10.13.02.32.jpg\"><img loading=\"lazy\" decoding=\"async\" src=\"https:\/\/mcat.b-cdn.net\/republica\/wp-content\/uploads\/sites\/73\/2022\/01\/3.2.Fets_.10.13.02.32.jpg\" alt=\"\" width=\"308\" height=\"230\" \/><\/a><\/li><\/ul><\/noscript><\/div>\n<p>&nbsp;<\/p>\n<h2><del>Fotografies<\/del><\/h2>\n<p align=\"left\"><div id=\"jig2\" class=\"justified-image-grid jig-e60106c8302bf57d2dc12249fe3fbc67 jig-preset-c2 jig-source-wp-gallery jig-rml-id-460\"><div class=\"jig-clearfix\"><\/div><noscript id=\"jig2-html\" class=\"justified-image-grid-html\" data-lazy-src=\"skiplazyload\" data-src=\"skipunveillazyload\"><ul><li><a href=\"https:\/\/mcat.b-cdn.net\/republica\/wp-content\/uploads\/sites\/73\/2021\/12\/Revolta-alt-llobregat-1.jpg\"><img loading=\"lazy\" decoding=\"async\" src=\"https:\/\/mcat.b-cdn.net\/republica\/wp-content\/uploads\/sites\/73\/2021\/12\/Revolta-alt-llobregat-1.jpg\" alt=\"\" width=\"346\" height=\"230\" \/><\/a><\/li><li><a href=\"https:\/\/mcat.b-cdn.net\/republica\/wp-content\/uploads\/sites\/73\/2021\/12\/Revolta-alt-llobregat-2.jpg\"><img loading=\"lazy\" decoding=\"async\" src=\"https:\/\/mcat.b-cdn.net\/republica\/wp-content\/uploads\/sites\/73\/2021\/12\/Revolta-alt-llobregat-2.jpg\" alt=\"\" width=\"359\" height=\"230\" \/><\/a><\/li><li><a href=\"https:\/\/mcat.b-cdn.net\/republica\/wp-content\/uploads\/sites\/73\/2021\/12\/Revolta-alt-llobregat-3.jpg\"><img loading=\"lazy\" decoding=\"async\" src=\"https:\/\/mcat.b-cdn.net\/republica\/wp-content\/uploads\/sites\/73\/2021\/12\/Revolta-alt-llobregat-3.jpg\" alt=\"\" width=\"346\" height=\"230\" \/><\/a><\/li><\/ul><\/noscript><\/div><\/p>\n<p align=\"left\">Les forces de l\u2019ex\u00e8rcit en diferents llocs de Manresa.<\/p>\n<p align=\"left\"><div id=\"jig3\" class=\"justified-image-grid jig-6e19eb4ed09bc5fba0faa31e5b98402e jig-preset-c2 jig-source-wp-gallery jig-rml-id-461\"><div class=\"jig-clearfix\"><\/div><noscript id=\"jig3-html\" class=\"justified-image-grid-html\" data-lazy-src=\"skiplazyload\" data-src=\"skipunveillazyload\"><ul><li><a href=\"https:\/\/mcat.b-cdn.net\/republica\/wp-content\/uploads\/sites\/73\/2022\/02\/l4_169.jpg\" title=\"l4_169\"><img loading=\"lazy\" decoding=\"async\" src=\"https:\/\/mcat.b-cdn.net\/republica\/wp-content\/uploads\/sites\/73\/2022\/02\/l4_169.jpg\" alt=\"l4_169\" width=\"346\" height=\"230\" \/><\/a><p class=\"jig-HTMLdescription\">l4_169<\/p><\/li><\/ul><\/noscript><\/div><\/p>\n<p align=\"left\">Darrers revolucionaris de la barriada minera de Sant Corneli que finalment han estat encordonats i seran traslladats per la Gu\u00e0rdia Civil a Barcelona.<\/p>\n<p align=\"left\">\n<h2 align=\"left\"><del>Ress\u00f2 a la premsa<\/del><\/h2>\n<p>La informaci\u00f3 al diari \u201cEl Dia\u201d:<\/p>\n<div id=\"jig4\" class=\"justified-image-grid jig-9ea0d487f177cd6cc254f413f47d9c5c jig-preset-c2 jig-source-wp-gallery jig-rml-id-307\"><div class=\"jig-clearfix\"><\/div><noscript id=\"jig4-html\" class=\"justified-image-grid-html\" data-lazy-src=\"skiplazyload\" data-src=\"skipunveillazyload\"><ul><li><a href=\"https:\/\/mcat.b-cdn.net\/republica\/wp-content\/uploads\/sites\/73\/2021\/12\/3.2.Dia_.1.23.1.32.1.D.jpg\"><img loading=\"lazy\" decoding=\"async\" src=\"https:\/\/mcat.b-cdn.net\/republica\/wp-content\/uploads\/sites\/73\/2021\/12\/3.2.Dia_.1.23.1.32.1.D.jpg\" alt=\"\" width=\"158\" height=\"230\" \/><\/a><\/li><li><a href=\"https:\/\/mcat.b-cdn.net\/republica\/wp-content\/uploads\/sites\/73\/2021\/12\/3.2.Dia_.2.23.1.32.2.D.jpg\"><img loading=\"lazy\" decoding=\"async\" src=\"https:\/\/mcat.b-cdn.net\/republica\/wp-content\/uploads\/sites\/73\/2021\/12\/3.2.Dia_.2.23.1.32.2.D.jpg\" alt=\"\" width=\"158\" height=\"230\" \/><\/a><\/li><li><a href=\"https:\/\/mcat.b-cdn.net\/republica\/wp-content\/uploads\/sites\/73\/2021\/12\/3.2.Dia_.3.23.1.32.3.D.jpg\"><img loading=\"lazy\" decoding=\"async\" src=\"https:\/\/mcat.b-cdn.net\/republica\/wp-content\/uploads\/sites\/73\/2021\/12\/3.2.Dia_.3.23.1.32.3.D.jpg\" alt=\"\" width=\"158\" height=\"230\" \/><\/a><\/li><li><a href=\"https:\/\/mcat.b-cdn.net\/republica\/wp-content\/uploads\/sites\/73\/2021\/12\/3.2.Dia_.4.23.1.32.6.D.jpg\"><img loading=\"lazy\" decoding=\"async\" src=\"https:\/\/mcat.b-cdn.net\/republica\/wp-content\/uploads\/sites\/73\/2021\/12\/3.2.Dia_.4.23.1.32.6.D.jpg\" alt=\"\" width=\"158\" height=\"230\" \/><\/a><\/li><li><a href=\"https:\/\/mcat.b-cdn.net\/republica\/wp-content\/uploads\/sites\/73\/2021\/12\/3.2.Dia_.5.25.1.32.1.D.jpg\"><img loading=\"lazy\" decoding=\"async\" src=\"https:\/\/mcat.b-cdn.net\/republica\/wp-content\/uploads\/sites\/73\/2021\/12\/3.2.Dia_.5.25.1.32.1.D.jpg\" alt=\"\" width=\"158\" height=\"230\" \/><\/a><\/li><li><a href=\"https:\/\/mcat.b-cdn.net\/republica\/wp-content\/uploads\/sites\/73\/2021\/12\/3.2.Dia_.6.25.1.32.2.D.jpg\"><img loading=\"lazy\" decoding=\"async\" src=\"https:\/\/mcat.b-cdn.net\/republica\/wp-content\/uploads\/sites\/73\/2021\/12\/3.2.Dia_.6.25.1.32.2.D.jpg\" alt=\"\" width=\"158\" height=\"230\" \/><\/a><\/li><li><a href=\"https:\/\/mcat.b-cdn.net\/republica\/wp-content\/uploads\/sites\/73\/2021\/12\/3.2.Dia_.7.25.1.32.3.D.jpg\"><img loading=\"lazy\" decoding=\"async\" src=\"https:\/\/mcat.b-cdn.net\/republica\/wp-content\/uploads\/sites\/73\/2021\/12\/3.2.Dia_.7.25.1.32.3.D.jpg\" alt=\"\" width=\"158\" height=\"230\" \/><\/a><\/li><li><a href=\"https:\/\/mcat.b-cdn.net\/republica\/wp-content\/uploads\/sites\/73\/2021\/12\/3.2.Dia_.8.25.1.32.4.D.jpg\"><img loading=\"lazy\" decoding=\"async\" src=\"https:\/\/mcat.b-cdn.net\/republica\/wp-content\/uploads\/sites\/73\/2021\/12\/3.2.Dia_.8.25.1.32.4.D.jpg\" alt=\"\" width=\"158\" height=\"230\" \/><\/a><\/li><li><a href=\"https:\/\/mcat.b-cdn.net\/republica\/wp-content\/uploads\/sites\/73\/2021\/12\/3.2.Dia_.9.26.1.32.1.D.jpg\"><img loading=\"lazy\" decoding=\"async\" src=\"https:\/\/mcat.b-cdn.net\/republica\/wp-content\/uploads\/sites\/73\/2021\/12\/3.2.Dia_.9.26.1.32.1.D.jpg\" alt=\"\" width=\"158\" height=\"230\" \/><\/a><\/li><li><a href=\"https:\/\/mcat.b-cdn.net\/republica\/wp-content\/uploads\/sites\/73\/2021\/12\/3.2.Dia_.10.13.2.31.1.D.jpg\"><img loading=\"lazy\" decoding=\"async\" src=\"https:\/\/mcat.b-cdn.net\/republica\/wp-content\/uploads\/sites\/73\/2021\/12\/3.2.Dia_.10.13.2.31.1.D.jpg\" alt=\"\" width=\"159\" height=\"230\" \/><\/a><\/li><li><a href=\"https:\/\/mcat.b-cdn.net\/republica\/wp-content\/uploads\/sites\/73\/2021\/12\/3.2.Dia_.11.13.2.31.2.D.jpg\"><img loading=\"lazy\" decoding=\"async\" src=\"https:\/\/mcat.b-cdn.net\/republica\/wp-content\/uploads\/sites\/73\/2021\/12\/3.2.Dia_.11.13.2.31.2.D.jpg\" alt=\"\" width=\"159\" height=\"230\" \/><\/a><\/li><\/ul><\/noscript><\/div>\n<p>La informaci\u00f3 al diari \u201cEl Pla de Bages\u201d:<\/p>\n<div id=\"jig5\" class=\"justified-image-grid jig-1211be527fc5036add8bf6e9070fb5f9 jig-preset-c2 jig-source-wp-gallery jig-rml-id-308\"><div class=\"jig-clearfix\"><\/div><noscript id=\"jig5-html\" class=\"justified-image-grid-html\" data-lazy-src=\"skiplazyload\" data-src=\"skipunveillazyload\"><ul><li><a href=\"https:\/\/mcat.b-cdn.net\/republica\/wp-content\/uploads\/sites\/73\/2021\/12\/3.2.Pla_.23-1-32.2.PL_.jpg\"><img loading=\"lazy\" decoding=\"async\" src=\"https:\/\/mcat.b-cdn.net\/republica\/wp-content\/uploads\/sites\/73\/2021\/12\/3.2.Pla_.23-1-32.2.PL_.jpg\" alt=\"\" width=\"143\" height=\"230\" \/><\/a><\/li><li><a href=\"https:\/\/mcat.b-cdn.net\/republica\/wp-content\/uploads\/sites\/73\/2021\/12\/3.2.Pla_.23-1-32.3.PL_.jpg\"><img loading=\"lazy\" decoding=\"async\" src=\"https:\/\/mcat.b-cdn.net\/republica\/wp-content\/uploads\/sites\/73\/2021\/12\/3.2.Pla_.23-1-32.3.PL_.jpg\" alt=\"\" width=\"144\" height=\"230\" \/><\/a><\/li><li><a href=\"https:\/\/mcat.b-cdn.net\/republica\/wp-content\/uploads\/sites\/73\/2021\/12\/3.2.Pla_.23-1-32.5.PL_.jpg\"><img loading=\"lazy\" decoding=\"async\" src=\"https:\/\/mcat.b-cdn.net\/republica\/wp-content\/uploads\/sites\/73\/2021\/12\/3.2.Pla_.23-1-32.5.PL_.jpg\" alt=\"\" width=\"141\" height=\"230\" \/><\/a><\/li><li><a href=\"https:\/\/mcat.b-cdn.net\/republica\/wp-content\/uploads\/sites\/73\/2021\/12\/3.2.Pla_.25-1-32.1.PL_.jpg\"><img loading=\"lazy\" decoding=\"async\" src=\"https:\/\/mcat.b-cdn.net\/republica\/wp-content\/uploads\/sites\/73\/2021\/12\/3.2.Pla_.25-1-32.1.PL_.jpg\" alt=\"\" width=\"144\" height=\"230\" \/><\/a><\/li><li><a href=\"https:\/\/mcat.b-cdn.net\/republica\/wp-content\/uploads\/sites\/73\/2021\/12\/3.2.Pla_.25-1-32.5.PL_.jpg\"><img loading=\"lazy\" decoding=\"async\" src=\"https:\/\/mcat.b-cdn.net\/republica\/wp-content\/uploads\/sites\/73\/2021\/12\/3.2.Pla_.25-1-32.5.PL_.jpg\" alt=\"\" width=\"143\" height=\"230\" \/><\/a><\/li><\/ul><\/noscript><\/div>\n<p>La informaci\u00f3 al diari \u201cP\u00e0tria\u201d:<\/p>\n<div id=\"jig6\" class=\"justified-image-grid jig-a7d358fdb250ee36b34cd633f97642fd jig-preset-c2 jig-source-wp-gallery jig-rml-id-309\"><div class=\"jig-clearfix\"><\/div><noscript id=\"jig6-html\" class=\"justified-image-grid-html\" data-lazy-src=\"skiplazyload\" data-src=\"skipunveillazyload\"><ul><li><a href=\"https:\/\/mcat.b-cdn.net\/republica\/wp-content\/uploads\/sites\/73\/2021\/12\/3.2.Patria.DSC_0055.jpg\"><img loading=\"lazy\" decoding=\"async\" src=\"https:\/\/mcat.b-cdn.net\/republica\/wp-content\/uploads\/sites\/73\/2021\/12\/3.2.Patria.DSC_0055.jpg\" alt=\"\" width=\"159\" height=\"230\" \/><\/a><\/li><li><a href=\"https:\/\/mcat.b-cdn.net\/republica\/wp-content\/uploads\/sites\/73\/2021\/12\/3.2.Patria.DSC_0056.jpg\"><img loading=\"lazy\" decoding=\"async\" src=\"https:\/\/mcat.b-cdn.net\/republica\/wp-content\/uploads\/sites\/73\/2021\/12\/3.2.Patria.DSC_0056.jpg\" alt=\"\" width=\"158\" height=\"230\" \/><\/a><\/li><li><a href=\"https:\/\/mcat.b-cdn.net\/republica\/wp-content\/uploads\/sites\/73\/2021\/12\/3.2.Patria.DSC_0057.jpg\"><img loading=\"lazy\" decoding=\"async\" src=\"https:\/\/mcat.b-cdn.net\/republica\/wp-content\/uploads\/sites\/73\/2021\/12\/3.2.Patria.DSC_0057.jpg\" alt=\"\" width=\"159\" height=\"230\" \/><\/a><\/li><li><a href=\"https:\/\/mcat.b-cdn.net\/republica\/wp-content\/uploads\/sites\/73\/2021\/12\/3.2.Patria.DSC_0060.jpg\"><img loading=\"lazy\" decoding=\"async\" src=\"https:\/\/mcat.b-cdn.net\/republica\/wp-content\/uploads\/sites\/73\/2021\/12\/3.2.Patria.DSC_0060.jpg\" alt=\"\" width=\"160\" height=\"230\" \/><\/a><\/li><\/ul><\/noscript><\/div>\n","protected":false},"excerpt":{"rendered":"<p>Es coneix amb el nom de \u201cFets de l\u2019Alt Llobregat\u201d o \u201cRevolta de l\u2019Alt Llobregat\u201d una vaga general realment important, de car\u00e0cter revolucionari, que es produ\u00ed entre els dies 18 i 23 de gener de 1932. La protesta s\u2019inici\u00e0 a Berga i arrib\u00e0 a les mines de F\u00edgols, on la FAI proclam\u00e0 el comunisme llibertari. [&hellip;]<\/p>\n","protected":false},"author":1,"featured_media":0,"parent":0,"menu_order":221,"comment_status":"closed","ping_status":"closed","template":"","meta":{"iawp_total_views":262,"footnotes":""},"class_list":["post-49","page","type-page","status-publish","hentry"],"_links":{"self":[{"href":"https:\/\/www.memoria.cat\/republica\/wp-json\/wp\/v2\/pages\/49","targetHints":{"allow":["GET"]}}],"collection":[{"href":"https:\/\/www.memoria.cat\/republica\/wp-json\/wp\/v2\/pages"}],"about":[{"href":"https:\/\/www.memoria.cat\/republica\/wp-json\/wp\/v2\/types\/page"}],"author":[{"embeddable":true,"href":"https:\/\/www.memoria.cat\/republica\/wp-json\/wp\/v2\/users\/1"}],"replies":[{"embeddable":true,"href":"https:\/\/www.memoria.cat\/republica\/wp-json\/wp\/v2\/comments?post=49"}],"version-history":[{"count":0,"href":"https:\/\/www.memoria.cat\/republica\/wp-json\/wp\/v2\/pages\/49\/revisions"}],"wp:attachment":[{"href":"https:\/\/www.memoria.cat\/republica\/wp-json\/wp\/v2\/media?parent=49"}],"curies":[{"name":"wp","href":"https:\/\/api.w.org\/{rel}","templated":true}]}}