{"id":220,"date":"2010-05-10T18:52:28","date_gmt":"2010-05-10T16:52:28","guid":{"rendered":"http:\/\/publish"},"modified":"2025-07-15T00:28:55","modified_gmt":"2025-07-14T23:28:55","slug":"el-cinema","status":"publish","type":"page","link":"https:\/\/www.memoria.cat\/republica\/el-cinema\/","title":{"rendered":"El cinema"},"content":{"rendered":"<p class=\"normal\" align=\"left\">La novetat t\u00e8cnica de l\u2019\u00e8poca republicana fou l\u2019adveniment del cinema sonor. Aix\u00f2 oblig\u00e0 als empresaris dels cinemes manresans Modern-Palace, Kursaal i Olympia a renovar els seus locals amb \u201cm\u00e0quines parlants\u201d. L\u2019any 1929 s\u2019havia projectat a Manresa, al cinema Modern, la primera pel\u00b7l\u00edcula sonora: \u201cEl cantor de jazz\u201d. Temps despr\u00e9s, el cinema Modern fou traspassat i reformat: l\u2019any 1932 s\u2019anomenava cine Goya i anava a c\u00e0rrec de l\u2019empresari Andreu Cabot, que ja tenia el Kursaal.<\/p>\n<p class=\"normal\" align=\"left\">Tanmateix, a les p\u00e0gines del diari \u201cLa P\u00e0tria\u201d es denunciava que el tracte que els empresaris oferien al p\u00fablic era abusiu, ja que el preu de l\u2019entrada era massa car (1,25 pessetes) i les defici\u00e8ncies t\u00e8cniques, com ara la manca de sincronisme entre la imatge i el so, prou evidents. Igualment, des d\u2019una perspectiva puritana, es q\u00fcestionava la moralitat, educaci\u00f3 i bon gust de determinades pel\u00b7l\u00edcules.<\/p>\n<p class=\"normal\" align=\"left\">Un punt de vista molt diferent era el de l\u2019escriptor i cr\u00edtic d\u2019art Joaquim Amat-Piniella, qui es manifestava contrari al doblatge de les pel\u00b7l\u00edcules, perqu\u00e8 privava de sentir les veus originals dels autors i la \u201cfinor\u201d i les \u201csubtileses\u201d del treball interpretatiu. Proposava que totes les pel\u00b7l\u00edcules fossin subtitulades.<\/p>\n<p class=\"normal\" align=\"left\">Per la seva banda, l\u2019escriptor, en llengua castellana, d\u2019origen manres\u00e0 Guillem D\u00edaz-Plaja (que el 1935 guany\u00e0 el \u201cPremio Nacional de Literatura\u201d) era partidari de tractar el cinema com una mat\u00e8ria universit\u00e0ria m\u00e9s, amb el rigor cient\u00edfic corresponent. Tamb\u00e9 cal dir que, el juny de 1934, es constitu\u00ed la Secci\u00f3 de Cinema Amateur dins el CECB. Un dels seus objectius era divulgar un cinema de qualitat, habitualment fora dels circuits comercials.<\/p>\n<p class=\"normal\">L\u2019aforament dels cinemes manresans d\u2019aleshores era el seg\u00fcent: el\u00a0 Kursaal era el m\u00e9s gran amb 1.748 seients, l\u2019Olympia amb 1.374 i el Modern-Palace amb 1.140. Aquestes m\u00e9s de 4.200 places il\u00b7lustren perfectament com el cinema s\u2019anava convertint en un espectacle de masses de gran acceptaci\u00f3 popular.<\/p>\n<p>&nbsp;<\/p>\n<h2><del>Documents<\/del><\/h2>\n<p>(Documents procedents de l\u2019Arxiu Comarcal del Bages).<\/p>\n<p>Anys 1931-1932. Comunicats a la Junta de Protecci\u00f3 a la Inf\u00e0ncia, del empresaris de les sales de cinema manresanes: Olympia, Modern-Palace, Conservatori i Kursaal, de l&#8217;aforament, funcions i preus dels seus locals; retall de diari amb els passis de pel\u00b7l\u00edcules a les quatre sales cinematogr\u00e0fiques de Manresa.<\/p>\n<div id=\"jig1\" class=\"justified-image-grid jig-12898c0abef990232df401be4e0bf296 jig-preset-c2 jig-source-wp-gallery jig-rml-id-361\"><div class=\"jig-clearfix\"><\/div><noscript id=\"jig1-html\" class=\"justified-image-grid-html\" data-lazy-src=\"skiplazyload\" data-src=\"skipunveillazyload\"><ul><li><a href=\"https:\/\/mcat.b-cdn.net\/republica\/wp-content\/uploads\/sites\/73\/2021\/12\/11.9.Cinema.1.5.12.31-1-2.jpg\"><img decoding=\"async\" src=\"https:\/\/mcat.b-cdn.net\/republica\/wp-content\/uploads\/sites\/73\/2021\/12\/11.9.Cinema.1.5.12.31-1-2.jpg\" alt=\"\" width=\"148\" height=\"230\" \/><\/a><\/li><li><a href=\"https:\/\/mcat.b-cdn.net\/republica\/wp-content\/uploads\/sites\/73\/2021\/12\/11.9.Cinema.2.5.12.31-2-2.jpg\"><img decoding=\"async\" src=\"https:\/\/mcat.b-cdn.net\/republica\/wp-content\/uploads\/sites\/73\/2021\/12\/11.9.Cinema.2.5.12.31-2-2.jpg\" alt=\"\" width=\"148\" height=\"230\" \/><\/a><\/li><li><a href=\"https:\/\/mcat.b-cdn.net\/republica\/wp-content\/uploads\/sites\/73\/2021\/12\/11.9.Cinema.3.5.12.31.jpg\"><img decoding=\"async\" src=\"https:\/\/mcat.b-cdn.net\/republica\/wp-content\/uploads\/sites\/73\/2021\/12\/11.9.Cinema.3.5.12.31.jpg\" alt=\"\" width=\"187\" height=\"230\" \/><\/a><\/li><li><a href=\"https:\/\/mcat.b-cdn.net\/republica\/wp-content\/uploads\/sites\/73\/2021\/12\/11.9.Cinema.4.DSC_0104.jpg\"><img loading=\"lazy\" decoding=\"async\" src=\"https:\/\/mcat.b-cdn.net\/republica\/wp-content\/uploads\/sites\/73\/2021\/12\/11.9.Cinema.4.DSC_0104.jpg\" alt=\"\" width=\"188\" height=\"230\" \/><\/a><\/li><li><a href=\"https:\/\/mcat.b-cdn.net\/republica\/wp-content\/uploads\/sites\/73\/2021\/12\/11.9.Cinema.5.DSC_0105.jpg\"><img loading=\"lazy\" decoding=\"async\" src=\"https:\/\/mcat.b-cdn.net\/republica\/wp-content\/uploads\/sites\/73\/2021\/12\/11.9.Cinema.5.DSC_0105.jpg\" alt=\"\" width=\"191\" height=\"230\" \/><\/a><\/li><li><a href=\"https:\/\/mcat.b-cdn.net\/republica\/wp-content\/uploads\/sites\/73\/2021\/12\/11.9.Cinema.6.26.1.32.jpg\"><img loading=\"lazy\" decoding=\"async\" src=\"https:\/\/mcat.b-cdn.net\/republica\/wp-content\/uploads\/sites\/73\/2021\/12\/11.9.Cinema.6.26.1.32.jpg\" alt=\"\" width=\"153\" height=\"230\" \/><\/a><\/li><li><a href=\"https:\/\/mcat.b-cdn.net\/republica\/wp-content\/uploads\/sites\/73\/2021\/12\/11.9.Cinema.7.jpg\"><img loading=\"lazy\" decoding=\"async\" src=\"https:\/\/mcat.b-cdn.net\/republica\/wp-content\/uploads\/sites\/73\/2021\/12\/11.9.Cinema.7.jpg\" alt=\"\" width=\"60\" height=\"230\" \/><\/a><\/li><\/ul><\/noscript><\/div>\n<p>&nbsp;<\/p>\n<h2><del>Fotografies<\/del><\/h2>\n<div id=\"jig2\" class=\"justified-image-grid jig-80a3512616da142a51a5591d9c5140a9 jig-preset-c1 jig-source-wp-gallery jig-rml-id-521\"><div class=\"jig-clearfix\"><\/div><noscript id=\"jig2-html\" class=\"justified-image-grid-html\" data-lazy-src=\"skiplazyload\" data-src=\"skipunveillazyload\"><ul><li><a href=\"https:\/\/mcat.b-cdn.net\/republica\/wp-content\/uploads\/sites\/73\/2022\/06\/Manresa-republica-1-14.jpg\" title=\"Infants davant del cinema Olympia\"><img loading=\"lazy\" decoding=\"async\" src=\"https:\/\/mcat.b-cdn.net\/republica\/wp-content\/uploads\/sites\/73\/2022\/06\/Manresa-republica-1-14.jpg\" alt=\"Manresa-republica-1\" width=\"346\" height=\"230\" \/><\/a><p class=\"jig-HTMLdescription\">Manresa-republica-1<br\/>Infants davant del cinema Olympia<\/p><\/li><li><a href=\"https:\/\/mcat.b-cdn.net\/republica\/wp-content\/uploads\/sites\/73\/2022\/06\/Manresa-republica-2-13.jpg\" title=\"Acomodadors del cinema Modern-Palace (posteriorment cinema Goya), despr\u00e9s que l\u2019espai fos reformat el mar\u00e7 del 1929\"><img loading=\"lazy\" decoding=\"async\" src=\"https:\/\/mcat.b-cdn.net\/republica\/wp-content\/uploads\/sites\/73\/2022\/06\/Manresa-republica-2-13.jpg\" alt=\"Manresa-republica-2\" width=\"346\" height=\"230\" \/><\/a><p class=\"jig-HTMLdescription\">Manresa-republica-2<br\/>Acomodadors del cinema Modern-Palace (posteriorment cinema Goya), despr\u00e9s que l\u2019espai fos reformat el mar\u00e7 del 1929<\/p><\/li><\/ul><\/noscript><\/div>\n<div id=\"jig3\" class=\"justified-image-grid jig-6942f5bac3c997b0eb51d2bc67e9368b jig-preset-c2 jig-source-wp-gallery jig-rml-id-522\"><div class=\"jig-clearfix\"><\/div><noscript id=\"jig3-html\" class=\"justified-image-grid-html\" data-lazy-src=\"skiplazyload\" data-src=\"skipunveillazyload\"><ul><li><a href=\"https:\/\/mcat.b-cdn.net\/republica\/wp-content\/uploads\/sites\/73\/2022\/06\/Manresa-republica-4-9.jpg\"><img loading=\"lazy\" decoding=\"async\" src=\"https:\/\/mcat.b-cdn.net\/republica\/wp-content\/uploads\/sites\/73\/2022\/06\/Manresa-republica-4-9.jpg\" alt=\"\" width=\"359\" height=\"230\" \/><\/a><\/li><li><a href=\"https:\/\/mcat.b-cdn.net\/republica\/wp-content\/uploads\/sites\/73\/2022\/06\/Manresa-republica-3-intellectuals-manresans.jpg\"><img loading=\"lazy\" decoding=\"async\" src=\"https:\/\/mcat.b-cdn.net\/republica\/wp-content\/uploads\/sites\/73\/2022\/06\/Manresa-republica-3-intellectuals-manresans.jpg\" alt=\"\" width=\"336\" height=\"230\" \/><\/a><\/li><\/ul><\/noscript><\/div>\n<p>Estada a Manresa de l\u2019actriu de cinema argentina Nina Mart\u00edn. Entre els intel\u00b7lectuals que l\u2019acompanyen, Joaquim Amat-Piniella, Josep Terme, Josep M. Rosal, Antoni Mart\u00ed Farreras i Ramir Torres.<\/p>\n<p>&nbsp;<\/p>\n<h2><del>Talls de veu<\/del><\/h2>\n<table border=\"0\" width=\"493\" cellspacing=\"3\" cellpadding=\"0\">\n<tbody>\n<tr>\n<td rowspan=\"4\" width=\"189\"><img loading=\"lazy\" decoding=\"async\" src=\"https:\/\/mcat.b-cdn.net\/republica\/wp-content\/uploads\/sites\/73\/2022\/02\/antoni-invers.jpg\" width=\"180\" height=\"132\" border=\"0\" \/><\/td>\n<td width=\"306\"><b>Testimoni: <\/b>Antoni Invers i Pi (1905-1987)<\/td>\n<\/tr>\n<tr>\n<td width=\"306\"><b>Tema:<\/b> El cinema<\/td>\n<\/tr>\n<tr>\n<td width=\"306\"><b>Data de l\u2019entrevista:<\/b> 13-12-1978<\/td>\n<\/tr>\n<\/tbody>\n<\/table>\n<iframe width=\"100%\" height=\"100\" scrolling=\"no\" frameborder=\"no\" src=\"https:\/\/w.soundcloud.com\/player?url=https%3A%2F%2Fapi.soundcloud.com%2Ftracks%2F82882913&player_height=100&player_height_multi=&player_width=&player_type=html5&color=&auto_play=false&show_comments=false&show_user=false&buying=false&sharing=false&download=false&show_artwork=false&show_playcount=false&hide_related=false\"><\/iframe>\n<p>&nbsp;<\/p>\n<table border=\"0\" width=\"493\" cellspacing=\"3\" cellpadding=\"0\">\n<tbody>\n<tr>\n<td rowspan=\"4\" width=\"189\"><img loading=\"lazy\" decoding=\"async\" src=\"https:\/\/mcat.b-cdn.net\/republica\/wp-content\/uploads\/sites\/73\/2022\/02\/angel-servet.jpg\" width=\"180\" height=\"173\" border=\"0\" \/><\/td>\n<td width=\"306\"><b>Testimoni:<\/b> \u00c0ngel Servet i Mart\u00ed (1920-1989)<\/td>\n<\/tr>\n<tr>\n<td width=\"306\"><b>Tema:<\/b> El cinema<\/td>\n<\/tr>\n<tr>\n<td width=\"306\"><b>Data de l\u2019entrevista:<\/b> 27-9-1978<\/td>\n<\/tr>\n<\/tbody>\n<\/table>\n<iframe width=\"100%\" height=\"100\" scrolling=\"no\" frameborder=\"no\" src=\"https:\/\/w.soundcloud.com\/player?url=https%3A%2F%2Fapi.soundcloud.com%2Ftracks%2F82882914&player_height=100&player_height_multi=&player_width=&player_type=html5&color=&auto_play=false&show_comments=false&show_user=false&buying=false&sharing=false&download=false&show_artwork=false&show_playcount=false&hide_related=false\"><\/iframe>\n","protected":false},"excerpt":{"rendered":"<p>La novetat t\u00e8cnica de l\u2019\u00e8poca republicana fou l\u2019adveniment del cinema sonor. Aix\u00f2 oblig\u00e0 als empresaris dels cinemes manresans Modern-Palace, Kursaal i Olympia a renovar els seus locals amb \u201cm\u00e0quines parlants\u201d. L\u2019any 1929 s\u2019havia projectat a Manresa, al cinema Modern, la primera pel\u00b7l\u00edcula sonora: \u201cEl cantor de jazz\u201d. Temps despr\u00e9s, el cinema Modern fou traspassat i [&hellip;]<\/p>\n","protected":false},"author":1,"featured_media":0,"parent":0,"menu_order":73,"comment_status":"closed","ping_status":"closed","template":"","meta":{"iawp_total_views":9,"footnotes":""},"class_list":["post-220","page","type-page","status-publish","hentry"],"_links":{"self":[{"href":"https:\/\/www.memoria.cat\/republica\/wp-json\/wp\/v2\/pages\/220","targetHints":{"allow":["GET"]}}],"collection":[{"href":"https:\/\/www.memoria.cat\/republica\/wp-json\/wp\/v2\/pages"}],"about":[{"href":"https:\/\/www.memoria.cat\/republica\/wp-json\/wp\/v2\/types\/page"}],"author":[{"embeddable":true,"href":"https:\/\/www.memoria.cat\/republica\/wp-json\/wp\/v2\/users\/1"}],"replies":[{"embeddable":true,"href":"https:\/\/www.memoria.cat\/republica\/wp-json\/wp\/v2\/comments?post=220"}],"version-history":[{"count":0,"href":"https:\/\/www.memoria.cat\/republica\/wp-json\/wp\/v2\/pages\/220\/revisions"}],"wp:attachment":[{"href":"https:\/\/www.memoria.cat\/republica\/wp-json\/wp\/v2\/media?parent=220"}],"curies":[{"name":"wp","href":"https:\/\/api.w.org\/{rel}","templated":true}]}}