{"id":196,"date":"2010-05-10T18:31:10","date_gmt":"2010-05-10T16:31:10","guid":{"rendered":"http:\/\/publish"},"modified":"2025-07-15T00:34:18","modified_gmt":"2025-07-14T23:34:18","slug":"orfeo-manresa","status":"publish","type":"page","link":"https:\/\/www.memoria.cat\/republica\/orfeo-manresa\/","title":{"rendered":"Orfe\u00f3 Manres\u00e0"},"content":{"rendered":"<ul>\n<li>\n<h3><a href=\"https:\/\/www.memoria.cat\/republica\/entitats-culturals-mes-significatives\/\">Llista d&#8217;entitats<\/a><\/h3>\n<\/li>\n<\/ul>\n<p>L\u2019Orfe\u00f3 Manres\u00e0, entitat nascuda l\u2019any 1901, port\u00e0 a terme durant la Rep\u00fablica una tasca remarcable i tingu\u00e9 sobretot durant els primers anys d\u2019aquest per\u00edode una pres\u00e8ncia for\u00e7a habitual en la vida manresana. Dins de les activitats m\u00e9s rellevants que port\u00e0 a terme en aquell temps, cal destacar la interpretaci\u00f3 de l\u2019<i>Oda Ceciliana<\/i>, el juny de 1931, al teatre Conservatori, aix\u00ed com l\u2019organitzaci\u00f3 de la III Assemblea de Germanor dels Orfeons de Catalunya i l\u2019Aplec Comarcal d\u2019Orfeons de l\u2019Alt i Baix Llobregat, l\u2019octubre del mateix any. Dins d\u2019aquest context, cal dir tamb\u00e9 que constitu\u00ed un gran esdeveniment la visita que l\u2019Orfe\u00f3 Catal\u00e0, amb els seus 260 cantaires, f\u00e9u a Manresa el 2 de juliol de 1933.<\/p>\n<p>Tanmateix, malgrat uns primers anys de relativa vitalitat, l\u2019Orfe\u00f3 Manres\u00e0 pat\u00ed una crisi important, motivada per la crisi general de p\u00fablic i la reducci\u00f3 considerable de cantaires. El fet \u00e9s que cap al 1934, el tema de la necess\u00e0ria renovaci\u00f3 de l\u2019Orfe\u00f3 salt\u00e0 a la premsa i, com \u00e9s l\u00f2gic, s\u2019hi manifestaren diversitat d\u2019opinions. Des d\u2019\u201dEl Pla de Bages\u201d es propugnava una actuaci\u00f3 eficientment renovadora de l\u2019Orfe\u00f3, ja que \u201cparlant sempre d\u2019una manera general, els orfeons viuen m\u00e9s del qu\u00e8 foren que del qu\u00e8 s\u00f3n\u201d i s\u2019apostava per una \u201cintensa i original superaci\u00f3 qualitativa\u201d.\u00a0 \u201cEl Dia\u201d, comentant el concert ofert a la Festa Major d\u2019aquell mateix any, no s\u2019estava de dir: \u201cl\u2019Orfe\u00f3 Manres\u00e0 s\u2019ha presentat al nostre p\u00fablic fent els impossibles per a donar una sensaci\u00f3 de vitalitat. Per\u00f2, francament, fa pena veure\u2019l tan mermat. Una cinquantena de cantants per a un Orfe\u00f3 d\u2019una ciutat com Manresa!\u201d.<\/p>\n<p>El desllorigador del problema no s\u2019acabava de trobar. L\u2019abril de 1936, Josep M. Serra Sallent creia \u201cun deure patri\u00f2tic\u201d exterioritzar el seu \u201ccrit d\u2019angoixa\u201d a trav\u00e9s d\u2019un escrit publicat a \u201cEl Pla de Bages\u201d, on es lamentava que mentre es formaven i consolidaven orfeons a diferents pobles del Bages, el de Manresa visqu\u00e9s \u201cesllanguit, esmorte\u00eft i migrat\u201d. I afegia: \u201cManresans, el vostre Orfe\u00f3 es mor! I jo us dic: el deixareu morir?\u201d. Serra i Sallent feia una crida a tots els amants de la cultura musical de Manresa \u201cperqu\u00e8 el seu vell i glori\u00f3s \u2018Orfe\u00f3\u2019, revisqui amb la seva antiga puixan\u00e7a i torni a \u00e9sser orgull de la ciutat\u201d. Aquest escrit fou replicat amb un to molt dur per part d\u2019alguns cantaires de l\u2019Orfe\u00f3, els quals afirmaven que la reducci\u00f3 del nombre de cantaires no havia pas perjudicat la qualitat de les seves audicions. I sobre la pretesa mort de l\u2019Orfe\u00f3 deien: &#8220;l\u2019Orfe\u00f3 Manres\u00e0 no es mor ans pot contestar a les cr\u00edtiques insidioses, amb el seu pla de vida, ferm i brillant com en els seus millor temps\u2026 Ni hem estat ven\u00e7uts, ni pensem rendir-nos. Si avui no som m\u00e9s, tant-se-val! L\u2019Orfe\u00f3 seguir\u00e0 avant, esperant confiadament l\u2019hora de la valoraci\u00f3 definitiva\u201d. Una resposta que, de manera impl\u00edcita, no deixava d\u2019admetre que l\u2019Orfe\u00f3 Manres\u00e0 havia passat \u00e8poques millors.<\/p>\n<p>Durant el per\u00edode de la Rep\u00fablica els presidents de l\u2019Orfe\u00f3 Manres\u00e0 foren Ramon Torra i Pujol i Francesc Busquets i Carcasona i el director, Miquel Blanch i Roig, que seria assassinat durant la Guerra Civil.<\/p>\n<p>&nbsp;<\/p>\n<h2><del>Documents<\/del><\/h2>\n<p class=\"normal\">(Documents procedents de l\u2019Arxiu Comarcal del Bages).<\/p>\n<p class=\"normal\">Anys 1931-1936: Telefonema de l&#8217;entitat felicitant al president Francesc Maci\u00e0 l&#8217;abril del 1931, tot just acabada de proclamar la Rep\u00fablica; petici\u00f3 a l&#8217;Ajuntament d&#8217;un representant del consistori per acompanyar l&#8217;entitat a un concert a Terrassa i resposta de l&#8217;alcalde proposant als regidors Francesc Marcet i Ramon Sanz; carta de l\u2019Orfe\u00f3 a l\u2019Ajuntament on mostra la seva satisfacci\u00f3 davant la not\u00edcia de la creaci\u00f3 de l&#8217;Escola Municipal de M\u00fasica i posant a disposici\u00f3 el local de l&#8217;entitat per allotjar aquest nou centre musical; comunicaci\u00f3 a la Comissi\u00f3 de Festes que l&#8217;entitat organitzar\u00e0 un concert, com cada any, per la Festa Major i tamb\u00e9 d&#8217;un concert per commemorar el cinqu\u00e8 aniversari de la Rep\u00fablica; portada del programa de la III Assemblea de la Germanor dels Orfeons de Catalunya; programes de diferents concerts a c\u00e0rrec de l&#8217;Orfe\u00f3 dirigits pel mestre Blanch; programa d&#8217;actes amb motiu de la rebuda i posterior concert de l&#8217;Orfe\u00f3 Catal\u00e0 dirigit per Llu\u00eds Millet al Teatre Kursaal.<\/p>\n<div id=\"jig1\" class=\"justified-image-grid jig-d68652f4177aac630b538399bf17683b jig-preset-c2 jig-source-wp-gallery jig-rml-id-366\"><div class=\"jig-clearfix\"><\/div><noscript id=\"jig1-html\" class=\"justified-image-grid-html\" data-lazy-src=\"skiplazyload\" data-src=\"skipunveillazyload\"><ul><li><a href=\"https:\/\/mcat.b-cdn.net\/republica\/wp-content\/uploads\/sites\/73\/2021\/12\/11.2.Orfeo_.0.jpg\"><img fetchpriority=\"high\" decoding=\"async\" src=\"https:\/\/mcat.b-cdn.net\/republica\/wp-content\/uploads\/sites\/73\/2021\/12\/11.2.Orfeo_.0.jpg\" alt=\"\" width=\"322\" height=\"230\" \/><\/a><\/li><li><a href=\"https:\/\/mcat.b-cdn.net\/republica\/wp-content\/uploads\/sites\/73\/2021\/12\/11.2.Orfeo_.1.11.6.32-1-2.jpg\"><img decoding=\"async\" src=\"https:\/\/mcat.b-cdn.net\/republica\/wp-content\/uploads\/sites\/73\/2021\/12\/11.2.Orfeo_.1.11.6.32-1-2.jpg\" alt=\"\" width=\"140\" height=\"230\" \/><\/a><\/li><li><a href=\"https:\/\/mcat.b-cdn.net\/republica\/wp-content\/uploads\/sites\/73\/2021\/12\/11.2.Orfeo_.2a.17.32.jpg\"><img decoding=\"async\" src=\"https:\/\/mcat.b-cdn.net\/republica\/wp-content\/uploads\/sites\/73\/2021\/12\/11.2.Orfeo_.2a.17.32.jpg\" alt=\"\" width=\"177\" height=\"230\" \/><\/a><\/li><li><a href=\"https:\/\/mcat.b-cdn.net\/republica\/wp-content\/uploads\/sites\/73\/2021\/12\/11.2.Orfeo_.2.11.6.32-2-2.jpg\"><img loading=\"lazy\" decoding=\"async\" src=\"https:\/\/mcat.b-cdn.net\/republica\/wp-content\/uploads\/sites\/73\/2021\/12\/11.2.Orfeo_.2.11.6.32-2-2.jpg\" alt=\"\" width=\"137\" height=\"230\" \/><\/a><\/li><li><a href=\"https:\/\/mcat.b-cdn.net\/republica\/wp-content\/uploads\/sites\/73\/2021\/12\/11.2.Orfeo_.3.4.8.34.jpg\"><img loading=\"lazy\" decoding=\"async\" src=\"https:\/\/mcat.b-cdn.net\/republica\/wp-content\/uploads\/sites\/73\/2021\/12\/11.2.Orfeo_.3.4.8.34.jpg\" alt=\"\" width=\"171\" height=\"230\" \/><\/a><\/li><li><a href=\"https:\/\/mcat.b-cdn.net\/republica\/wp-content\/uploads\/sites\/73\/2021\/12\/11.2.Orfeo_.4.24.3.36.jpg\"><img loading=\"lazy\" decoding=\"async\" src=\"https:\/\/mcat.b-cdn.net\/republica\/wp-content\/uploads\/sites\/73\/2021\/12\/11.2.Orfeo_.4.24.3.36.jpg\" alt=\"\" width=\"179\" height=\"230\" \/><\/a><\/li><li><a href=\"https:\/\/mcat.b-cdn.net\/republica\/wp-content\/uploads\/sites\/73\/2021\/12\/11.2.Orfeo_.5.-oct-31.jpg\"><img loading=\"lazy\" decoding=\"async\" src=\"https:\/\/mcat.b-cdn.net\/republica\/wp-content\/uploads\/sites\/73\/2021\/12\/11.2.Orfeo_.5.-oct-31.jpg\" alt=\"\" width=\"150\" height=\"230\" \/><\/a><\/li><li><a href=\"https:\/\/mcat.b-cdn.net\/republica\/wp-content\/uploads\/sites\/73\/2021\/12\/11.2.Orfeo_.6.06.03.32.jpg\"><img loading=\"lazy\" decoding=\"async\" src=\"https:\/\/mcat.b-cdn.net\/republica\/wp-content\/uploads\/sites\/73\/2021\/12\/11.2.Orfeo_.6.06.03.32.jpg\" alt=\"\" width=\"130\" height=\"230\" \/><\/a><\/li><li><a href=\"https:\/\/mcat.b-cdn.net\/republica\/wp-content\/uploads\/sites\/73\/2021\/12\/11.2.Orfeo_.7.24.06.32-1-2.jpg\"><img loading=\"lazy\" decoding=\"async\" src=\"https:\/\/mcat.b-cdn.net\/republica\/wp-content\/uploads\/sites\/73\/2021\/12\/11.2.Orfeo_.7.24.06.32-1-2.jpg\" alt=\"\" width=\"286\" height=\"230\" \/><\/a><\/li><li><a href=\"https:\/\/mcat.b-cdn.net\/republica\/wp-content\/uploads\/sites\/73\/2021\/12\/11.2.Orfeo_.8.24.06.32-2-2.jpg\"><img loading=\"lazy\" decoding=\"async\" src=\"https:\/\/mcat.b-cdn.net\/republica\/wp-content\/uploads\/sites\/73\/2021\/12\/11.2.Orfeo_.8.24.06.32-2-2.jpg\" alt=\"\" width=\"290\" height=\"230\" \/><\/a><\/li><li><a href=\"https:\/\/mcat.b-cdn.net\/republica\/wp-content\/uploads\/sites\/73\/2021\/12\/11.2.Orfeo_.9.29.08.32-1-2.jpg\"><img loading=\"lazy\" decoding=\"async\" src=\"https:\/\/mcat.b-cdn.net\/republica\/wp-content\/uploads\/sites\/73\/2021\/12\/11.2.Orfeo_.9.29.08.32-1-2.jpg\" alt=\"\" width=\"291\" height=\"230\" \/><\/a><\/li><li><a href=\"https:\/\/mcat.b-cdn.net\/republica\/wp-content\/uploads\/sites\/73\/2021\/12\/11.2.Orfeo_.10.29.08.32-2-2.jpg\"><img loading=\"lazy\" decoding=\"async\" src=\"https:\/\/mcat.b-cdn.net\/republica\/wp-content\/uploads\/sites\/73\/2021\/12\/11.2.Orfeo_.10.29.08.32-2-2.jpg\" alt=\"\" width=\"291\" height=\"230\" \/><\/a><\/li><li><a href=\"https:\/\/mcat.b-cdn.net\/republica\/wp-content\/uploads\/sites\/73\/2021\/12\/11.2.Orfeo_.11.juny-33-1-2.jpg\"><img loading=\"lazy\" decoding=\"async\" src=\"https:\/\/mcat.b-cdn.net\/republica\/wp-content\/uploads\/sites\/73\/2021\/12\/11.2.Orfeo_.11.juny-33-1-2.jpg\" alt=\"\" width=\"309\" height=\"230\" \/><\/a><\/li><li><a href=\"https:\/\/mcat.b-cdn.net\/republica\/wp-content\/uploads\/sites\/73\/2021\/12\/11.2.Orfeo_.11.02.07.33-1-2.jpg\"><img loading=\"lazy\" decoding=\"async\" src=\"https:\/\/mcat.b-cdn.net\/republica\/wp-content\/uploads\/sites\/73\/2021\/12\/11.2.Orfeo_.11.02.07.33-1-2.jpg\" alt=\"\" width=\"330\" height=\"230\" \/><\/a><\/li><li><a href=\"https:\/\/mcat.b-cdn.net\/republica\/wp-content\/uploads\/sites\/73\/2021\/12\/11.2.Orfeo_.12.juny-33-2-2.jpg\"><img loading=\"lazy\" decoding=\"async\" src=\"https:\/\/mcat.b-cdn.net\/republica\/wp-content\/uploads\/sites\/73\/2021\/12\/11.2.Orfeo_.12.juny-33-2-2.jpg\" alt=\"\" width=\"311\" height=\"230\" \/><\/a><\/li><li><a href=\"https:\/\/mcat.b-cdn.net\/republica\/wp-content\/uploads\/sites\/73\/2021\/12\/11.2.Orfeo_.12.02.07.33-2-2.jpg\"><img loading=\"lazy\" decoding=\"async\" src=\"https:\/\/mcat.b-cdn.net\/republica\/wp-content\/uploads\/sites\/73\/2021\/12\/11.2.Orfeo_.12.02.07.33-2-2.jpg\" alt=\"\" width=\"334\" height=\"230\" \/><\/a><\/li><li><a href=\"https:\/\/mcat.b-cdn.net\/republica\/wp-content\/uploads\/sites\/73\/2021\/12\/11.2.Orfeo_.13.28.08.33-1-2.jpg\"><img loading=\"lazy\" decoding=\"async\" src=\"https:\/\/mcat.b-cdn.net\/republica\/wp-content\/uploads\/sites\/73\/2021\/12\/11.2.Orfeo_.13.28.08.33-1-2.jpg\" alt=\"\" width=\"328\" height=\"230\" \/><\/a><\/li><li><a href=\"https:\/\/mcat.b-cdn.net\/republica\/wp-content\/uploads\/sites\/73\/2021\/12\/11.2.Orfeo_.14.28.08.33-2-2.jpg\"><img loading=\"lazy\" decoding=\"async\" src=\"https:\/\/mcat.b-cdn.net\/republica\/wp-content\/uploads\/sites\/73\/2021\/12\/11.2.Orfeo_.14.28.08.33-2-2.jpg\" alt=\"\" width=\"320\" height=\"230\" \/><\/a><\/li><li><a href=\"https:\/\/mcat.b-cdn.net\/republica\/wp-content\/uploads\/sites\/73\/2021\/12\/11.2.Orfeo_.15.27.08.34-1-2.jpg\"><img loading=\"lazy\" decoding=\"async\" src=\"https:\/\/mcat.b-cdn.net\/republica\/wp-content\/uploads\/sites\/73\/2021\/12\/11.2.Orfeo_.15.27.08.34-1-2.jpg\" alt=\"\" width=\"314\" height=\"230\" \/><\/a><\/li><li><a href=\"https:\/\/mcat.b-cdn.net\/republica\/wp-content\/uploads\/sites\/73\/2021\/12\/11.2.Orfeo_.16.27.08.34-2-2.jpg\"><img loading=\"lazy\" decoding=\"async\" src=\"https:\/\/mcat.b-cdn.net\/republica\/wp-content\/uploads\/sites\/73\/2021\/12\/11.2.Orfeo_.16.27.08.34-2-2.jpg\" alt=\"\" width=\"314\" height=\"230\" \/><\/a><\/li><li><a href=\"https:\/\/mcat.b-cdn.net\/republica\/wp-content\/uploads\/sites\/73\/2021\/12\/11.2.Orfeo_.17.12.05.35.jpg\"><img loading=\"lazy\" decoding=\"async\" src=\"https:\/\/mcat.b-cdn.net\/republica\/wp-content\/uploads\/sites\/73\/2021\/12\/11.2.Orfeo_.17.12.05.35.jpg\" alt=\"\" width=\"111\" height=\"230\" \/><\/a><\/li><li><a href=\"https:\/\/mcat.b-cdn.net\/republica\/wp-content\/uploads\/sites\/73\/2021\/12\/11.2.Orfeo_.18.06.01.36.jpg\"><img loading=\"lazy\" decoding=\"async\" src=\"https:\/\/mcat.b-cdn.net\/republica\/wp-content\/uploads\/sites\/73\/2021\/12\/11.2.Orfeo_.18.06.01.36.jpg\" alt=\"\" width=\"143\" height=\"230\" \/><\/a><\/li><\/ul><\/noscript><\/div>\n<p>&nbsp;<\/p>\n<h2><del>Fotografies<\/del><\/h2>\n<p>Manresa. Teatre Conservatori. Concert de l\u2019Oda Ceciliana de Haendel, a c\u00e0rrec de l\u2019Orfe\u00f3 Manres\u00e0, dirigit aleshores pel Mestre Blanch. (24-6-1931)<\/p>\n<div id=\"jig2\" class=\"justified-image-grid jig-dd64934e824923bc8b52208085cb265c jig-preset-c2 jig-source-wp-gallery jig-rml-id-141\"><div class=\"jig-clearfix\"><\/div><noscript id=\"jig2-html\" class=\"justified-image-grid-html\" data-lazy-src=\"skiplazyload\" data-src=\"skipunveillazyload\"><ul><li><a href=\"https:\/\/mcat.b-cdn.net\/republica\/wp-content\/uploads\/sites\/73\/2022\/06\/Manresa-republica-1-6.jpg\"><img loading=\"lazy\" decoding=\"async\" src=\"https:\/\/mcat.b-cdn.net\/republica\/wp-content\/uploads\/sites\/73\/2022\/06\/Manresa-republica-1-6.jpg\" alt=\"\" width=\"346\" height=\"230\" \/><\/a><\/li><\/ul><\/noscript><\/div>\n<p>Manresa. Imatges de l\u2019Aplec Comarcal d\u2019Orfeons de l\u2019Alt i el Baix Llobregat i de la III Assemblea dels Orfeons de Catalunya (25-10-1931)<\/p>\n<div id=\"jig3\" class=\"justified-image-grid jig-830a613071e584efa2fb600be8e2cf33 jig-preset-c2 jig-source-wp-gallery jig-rml-id-142\"><div class=\"jig-clearfix\"><\/div><noscript id=\"jig3-html\" class=\"justified-image-grid-html\" data-lazy-src=\"skiplazyload\" data-src=\"skipunveillazyload\"><ul><li><a href=\"https:\/\/mcat.b-cdn.net\/republica\/wp-content\/uploads\/sites\/73\/2022\/06\/Manresa-republica-1-7.jpg\"><img loading=\"lazy\" decoding=\"async\" src=\"https:\/\/mcat.b-cdn.net\/republica\/wp-content\/uploads\/sites\/73\/2022\/06\/Manresa-republica-1-7.jpg\" alt=\"\" width=\"346\" height=\"230\" \/><\/a><\/li><li><a href=\"https:\/\/mcat.b-cdn.net\/republica\/wp-content\/uploads\/sites\/73\/2022\/06\/Manresa-republica-2-6.jpg\"><img loading=\"lazy\" decoding=\"async\" src=\"https:\/\/mcat.b-cdn.net\/republica\/wp-content\/uploads\/sites\/73\/2022\/06\/Manresa-republica-2-6.jpg\" alt=\"\" width=\"346\" height=\"230\" \/><\/a><\/li><li><a href=\"https:\/\/mcat.b-cdn.net\/republica\/wp-content\/uploads\/sites\/73\/2022\/06\/Manresa-republica-3-6.jpg\"><img loading=\"lazy\" decoding=\"async\" src=\"https:\/\/mcat.b-cdn.net\/republica\/wp-content\/uploads\/sites\/73\/2022\/06\/Manresa-republica-3-6.jpg\" alt=\"\" width=\"346\" height=\"230\" \/><\/a><\/li><\/ul><\/noscript><\/div>\n<p>Manresa. Imatges de la visita de l\u2019Orfe\u00f3 Catal\u00e0, dirigit aleshores per Llu\u00eds Millet (2-7-1933)<\/p>\n<div id=\"jig4\" class=\"justified-image-grid jig-0d3b0a194d50e7fb72877bb54f8d3cd3 jig-preset-c2 jig-source-wp-gallery jig-rml-id-143\"><div class=\"jig-clearfix\"><\/div><noscript id=\"jig4-html\" class=\"justified-image-grid-html\" data-lazy-src=\"skiplazyload\" data-src=\"skipunveillazyload\"><ul><li><a href=\"https:\/\/mcat.b-cdn.net\/republica\/wp-content\/uploads\/sites\/73\/2022\/06\/Manresa-republica-1-8.jpg\"><img loading=\"lazy\" decoding=\"async\" src=\"https:\/\/mcat.b-cdn.net\/republica\/wp-content\/uploads\/sites\/73\/2022\/06\/Manresa-republica-1-8.jpg\" alt=\"\" width=\"359\" height=\"230\" \/><\/a><\/li><li><a href=\"https:\/\/mcat.b-cdn.net\/republica\/wp-content\/uploads\/sites\/73\/2022\/06\/Manresa-republica-2-7.jpg\"><img loading=\"lazy\" decoding=\"async\" src=\"https:\/\/mcat.b-cdn.net\/republica\/wp-content\/uploads\/sites\/73\/2022\/06\/Manresa-republica-2-7.jpg\" alt=\"\" width=\"346\" height=\"230\" \/><\/a><\/li><li><a href=\"https:\/\/mcat.b-cdn.net\/republica\/wp-content\/uploads\/sites\/73\/2022\/06\/Manresa-republica-3-7.jpg\"><img loading=\"lazy\" decoding=\"async\" src=\"https:\/\/mcat.b-cdn.net\/republica\/wp-content\/uploads\/sites\/73\/2022\/06\/Manresa-republica-3-7.jpg\" alt=\"\" width=\"346\" height=\"230\" \/><\/a><\/li><li><a href=\"https:\/\/mcat.b-cdn.net\/republica\/wp-content\/uploads\/sites\/73\/2022\/06\/Manresa-republica-4-5.jpg\"><img loading=\"lazy\" decoding=\"async\" src=\"https:\/\/mcat.b-cdn.net\/republica\/wp-content\/uploads\/sites\/73\/2022\/06\/Manresa-republica-4-5.jpg\" alt=\"\" width=\"346\" height=\"230\" \/><\/a><\/li><li><a href=\"https:\/\/mcat.b-cdn.net\/republica\/wp-content\/uploads\/sites\/73\/2022\/06\/Manresa-republica-5-5.jpg\"><img loading=\"lazy\" decoding=\"async\" src=\"https:\/\/mcat.b-cdn.net\/republica\/wp-content\/uploads\/sites\/73\/2022\/06\/Manresa-republica-5-5.jpg\" alt=\"\" width=\"359\" height=\"230\" \/><\/a><\/li><\/ul><\/noscript><\/div>\n<p>&nbsp;<\/p>\n<h2><del>Ress\u00f2 a la premsa<\/del><\/h2>\n<p>Manresa. Concert de l\u2019Oda Ceciliana d\u2019Haendel, a c\u00e0rrec de l\u2019Orfe\u00f3 Manres\u00e0 (24-6-1931). Cr\u00edtica musical publicada al diari \u201cEl Dia\u201d.<\/p>\n<div id=\"jig5\" class=\"justified-image-grid jig-6cd86a9f6af3c1ac81bb007b5942f01d jig-preset-c2 jig-source-wp-gallery jig-rml-id-237\"><div class=\"jig-clearfix\"><\/div><noscript id=\"jig5-html\" class=\"justified-image-grid-html\" data-lazy-src=\"skiplazyload\" data-src=\"skipunveillazyload\"><ul><li><a href=\"https:\/\/mcat.b-cdn.net\/republica\/wp-content\/uploads\/sites\/73\/2021\/12\/11.2.Orfeo1_.1.jpg\"><img loading=\"lazy\" decoding=\"async\" src=\"https:\/\/mcat.b-cdn.net\/republica\/wp-content\/uploads\/sites\/73\/2021\/12\/11.2.Orfeo1_.1.jpg\" alt=\"\" width=\"262\" height=\"230\" \/><\/a><\/li><\/ul><\/noscript><\/div>\n<p>Manresa. Aplec Comarcal d\u2019Orfeons de l\u2019Alt i el Baix Llobregat i de la III Assemblea dels Orfeons de Catalunya (25-10-1931)<\/p>\n<div id=\"jig6\" class=\"justified-image-grid jig-68f6aac2af28e920ff3dd4d71c0e9555 jig-preset-c1 jig-source-wp-gallery jig-rml-id-238\"><div class=\"jig-clearfix\"><\/div><noscript id=\"jig6-html\" class=\"justified-image-grid-html\" data-lazy-src=\"skiplazyload\" data-src=\"skipunveillazyload\"><ul><li><a href=\"https:\/\/mcat.b-cdn.net\/republica\/wp-content\/uploads\/sites\/73\/2021\/12\/11.2.Orfeo2_.3.jpg\" title=\"La informaci\u00f3 al diari \u201cP\u00e0tria\u201d\"><img loading=\"lazy\" decoding=\"async\" src=\"https:\/\/mcat.b-cdn.net\/republica\/wp-content\/uploads\/sites\/73\/2021\/12\/11.2.Orfeo2_.3.jpg\" alt=\"11.2.Orfeo2.3\" width=\"157\" height=\"230\" \/><\/a><p class=\"jig-HTMLdescription\">11.2.Orfeo2.3<br\/>La informaci\u00f3 al diari \u201cP\u00e0tria\u201d<\/p><\/li><li><a href=\"https:\/\/mcat.b-cdn.net\/republica\/wp-content\/uploads\/sites\/73\/2021\/12\/11.2.Orfeo2_.4.jpg\" title=\"La informaci\u00f3 al diari \u201cP\u00e0tria\u201d\"><img loading=\"lazy\" decoding=\"async\" src=\"https:\/\/mcat.b-cdn.net\/republica\/wp-content\/uploads\/sites\/73\/2021\/12\/11.2.Orfeo2_.4.jpg\" alt=\"11.2.Orfeo2.4\" width=\"151\" height=\"230\" \/><\/a><p class=\"jig-HTMLdescription\">11.2.Orfeo2.4<br\/>La informaci\u00f3 al diari \u201cP\u00e0tria\u201d<\/p><\/li><li><a href=\"https:\/\/mcat.b-cdn.net\/republica\/wp-content\/uploads\/sites\/73\/2021\/12\/11.2.Orfeo2_.2.jpg\" title=\"La informaci\u00f3 al diari \u201cEl Pla de Bages\u201d\"><img loading=\"lazy\" decoding=\"async\" src=\"https:\/\/mcat.b-cdn.net\/republica\/wp-content\/uploads\/sites\/73\/2021\/12\/11.2.Orfeo2_.2.jpg\" alt=\"11.2.Orfeo2.2\" width=\"148\" height=\"230\" \/><\/a><p class=\"jig-HTMLdescription\">11.2.Orfeo2.2<br\/>La informaci\u00f3 al diari \u201cEl Pla de Bages\u201d<\/p><\/li><li><a href=\"https:\/\/mcat.b-cdn.net\/republica\/wp-content\/uploads\/sites\/73\/2021\/12\/11.2.Orfeo2_.1.jpg\" title=\"La informaci\u00f3 al diari \u201cEl Pla de Bages\u201d\"><img loading=\"lazy\" decoding=\"async\" src=\"https:\/\/mcat.b-cdn.net\/republica\/wp-content\/uploads\/sites\/73\/2021\/12\/11.2.Orfeo2_.1.jpg\" alt=\"11.2.Orfeo2.1\" width=\"145\" height=\"230\" \/><\/a><p class=\"jig-HTMLdescription\">11.2.Orfeo2.1<br\/>La informaci\u00f3 al diari \u201cEl Pla de Bages\u201d<\/p><\/li><\/ul><\/noscript><\/div>\n<p>Manresa. Visita de l\u2019Orfe\u00f3 Catal\u00e0 (2-7-1933)<\/p>\n<div id=\"jig7\" class=\"justified-image-grid jig-2789f8ad51a5205fbf28236ec9c3febc jig-preset-c1 jig-source-wp-gallery jig-rml-id-239\"><div class=\"jig-clearfix\"><\/div><noscript id=\"jig7-html\" class=\"justified-image-grid-html\" data-lazy-src=\"skiplazyload\" data-src=\"skipunveillazyload\"><ul><li><a href=\"https:\/\/mcat.b-cdn.net\/republica\/wp-content\/uploads\/sites\/73\/2021\/12\/11.2.Orfeo3_.2.jpg\" title=\"La informaci\u00f3 al diari \u201cP\u00e0tria\u201d\"><img loading=\"lazy\" decoding=\"async\" src=\"https:\/\/mcat.b-cdn.net\/republica\/wp-content\/uploads\/sites\/73\/2021\/12\/11.2.Orfeo3_.2.jpg\" alt=\"11.2.Orfeo3.2\" width=\"155\" height=\"230\" \/><\/a><p class=\"jig-HTMLdescription\">11.2.Orfeo3.2<br\/>La informaci\u00f3 al diari \u201cP\u00e0tria\u201d<\/p><\/li><li><a href=\"https:\/\/mcat.b-cdn.net\/republica\/wp-content\/uploads\/sites\/73\/2021\/12\/11.2.Orfeo3_.1.jpg\" title=\"La informaci\u00f3 al diari \u201cEl Pla de Bages\u201d\"><img loading=\"lazy\" decoding=\"async\" src=\"https:\/\/mcat.b-cdn.net\/republica\/wp-content\/uploads\/sites\/73\/2021\/12\/11.2.Orfeo3_.1.jpg\" alt=\"11.2.Orfeo3.1\" width=\"146\" height=\"230\" \/><\/a><p class=\"jig-HTMLdescription\">11.2.Orfeo3.1<br\/>La informaci\u00f3 al diari \u201cEl Pla de Bages\u201d<\/p><\/li><\/ul><\/noscript><\/div>\n","protected":false},"excerpt":{"rendered":"<p>Llista d&#8217;entitats L\u2019Orfe\u00f3 Manres\u00e0, entitat nascuda l\u2019any 1901, port\u00e0 a terme durant la Rep\u00fablica una tasca remarcable i tingu\u00e9 sobretot durant els primers anys d\u2019aquest per\u00edode una pres\u00e8ncia for\u00e7a habitual en la vida manresana. Dins de les activitats m\u00e9s rellevants que port\u00e0 a terme en aquell temps, cal destacar la interpretaci\u00f3 de l\u2019Oda Ceciliana, el [&hellip;]<\/p>\n","protected":false},"author":1,"featured_media":0,"parent":0,"menu_order":259,"comment_status":"closed","ping_status":"closed","template":"","meta":{"iawp_total_views":5,"footnotes":""},"class_list":["post-196","page","type-page","status-publish","hentry"],"_links":{"self":[{"href":"https:\/\/www.memoria.cat\/republica\/wp-json\/wp\/v2\/pages\/196","targetHints":{"allow":["GET"]}}],"collection":[{"href":"https:\/\/www.memoria.cat\/republica\/wp-json\/wp\/v2\/pages"}],"about":[{"href":"https:\/\/www.memoria.cat\/republica\/wp-json\/wp\/v2\/types\/page"}],"author":[{"embeddable":true,"href":"https:\/\/www.memoria.cat\/republica\/wp-json\/wp\/v2\/users\/1"}],"replies":[{"embeddable":true,"href":"https:\/\/www.memoria.cat\/republica\/wp-json\/wp\/v2\/comments?post=196"}],"version-history":[{"count":0,"href":"https:\/\/www.memoria.cat\/republica\/wp-json\/wp\/v2\/pages\/196\/revisions"}],"wp:attachment":[{"href":"https:\/\/www.memoria.cat\/republica\/wp-json\/wp\/v2\/media?parent=196"}],"curies":[{"name":"wp","href":"https:\/\/api.w.org\/{rel}","templated":true}]}}