{"id":195,"date":"2010-05-10T18:30:27","date_gmt":"2010-05-10T16:30:27","guid":{"rendered":"http:\/\/publish"},"modified":"2025-07-15T00:34:02","modified_gmt":"2025-07-14T23:34:02","slug":"foment-de-la-sardana","status":"publish","type":"page","link":"https:\/\/www.memoria.cat\/republica\/foment-de-la-sardana\/","title":{"rendered":"Foment de la Sardana"},"content":{"rendered":"<ul>\n<li>\n<h3><a href=\"https:\/\/www.memoria.cat\/republica\/entitats-culturals-mes-significatives\/\">Llista d&#8217;entitats<\/a><\/h3>\n<\/li>\n<\/ul>\n<p class=\"normal\">Entitat nascuda l\u2019any 1921 que desenvolup\u00e0 durant els primers anys de la Rep\u00fablica una notable activitat que consistia b\u00e0sicament en l\u2019organitzaci\u00f3 de ballades p\u00fabliques (per Sant Jordi, a les festes majors, ballades setmanals al Passeig i despr\u00e9s a la terrassa de la Piscina \u2013que tenien una gran animaci\u00f3-), d\u2019aplecs sardan\u00edstics, de cursets d\u2019ensenyament de sardanes, de confer\u00e8ncies \u2013entre les quals cal destacar la de Josep Miracle-, intervencions setmanals a R\u00e0dio Manresa i la radiaci\u00f3 di\u00e0ria de l\u2019anomenat \u201cDisc del Foment de la Sardana\u201d, a base de discos que cedien algunes cases comercials.<\/p>\n<p class=\"normal\">Especialment remarcable fou la celebraci\u00f3 a Manresa de la IV Assemblea de la Lliga Sardanista de Catalunya, el juny de 1933 i l\u2019organitzaci\u00f3 del Concurs Social de Sardanistes, el 1934.<\/p>\n<p class=\"normal\">El Foment vetllava per la dignitat de la sardana i exhortava a ballar-la correctament. La tasca del Foment, per\u00f2, transcendia l\u2019aspecte purament sardan\u00edstic. Com a entitat arrelada al pa\u00eds se sentia part\u00edcip del moment hist\u00f2ric que aleshores es vivia. Aix\u00ed ho afirmava el seu portaveu,\u00a0 \u201c\u00c0mbit\u201d:\u00a0 el Foment \u201cha servit la causa de Catalunya i la servir\u00e0 encara amb efici\u00e8ncia desenvolupant sempre paral\u00b7lelament a l\u2019obra sardanista, d\u2019altres activitats patri\u00f2tiques que van exigint les corrents del temps\u201d. \u201c\u00c0mbit\u201d tamb\u00e9 propagava el bon \u00fas de la llengua catalana i en recomanava l\u2019estudi i recerca de mots, per tal de parlar-la correctament.<\/p>\n<p class=\"normal\">Tanmateix, el 1934 el Foment de la Sardana pat\u00ed una forta crisi per la seva dif\u00edcil situaci\u00f3 econ\u00f2mica, per la clausura del local on estaven rellogats i per les baixes de diversos socis. Aquest \u00faltim aspecte fou especialment criticat per l\u2019entitat. En el seu butllet\u00ed es pot llegir \u201cEs veu que en els moments adversos, quan m\u00e9s caldria posar a prova el patriotisme de qu\u00e8 molts fan gala, \u00e9s quan la gent es queda a caseta. Una experi\u00e8ncia m\u00e9s que rep el Foment\u201d. En el fons, es tractava d\u2019una crisi semblant a la que patien altres entitats d\u2019expressi\u00f3 cultural tradicional.<\/p>\n<p class=\"normal\">Els presidents de l\u2019entitat durant el per\u00edode republic\u00e0 foren Mari\u00e0 Homs, Joan Verg\u00e9, Emili Solernou i Ignasi Torres. El Foment arrib\u00e0 a assolir la xifra de 129 socis i 74 s\u00f2cies de la Secci\u00f3 Feminal, tal com s\u2019anomenava.<\/p>\n<p>&nbsp;<\/p>\n<h2><del>Documents<\/del><\/h2>\n<p class=\"normal\">(Documents procedents de l\u2019Arxiu Comarcal del Bages).<\/p>\n<p class=\"normal\">Anys 1931-1934: Telefonema de felicitaci\u00f3 a Francesc Maci\u00e0, l&#8217;abril del 1931, amb motiu del seu nomenament com a president de la Generalitat; carta felicitant a Francesc Marcet pel seu nomenament com a alcalde; agra\u00efment a l&#8217;alcalde Llu\u00eds Prun\u00e9s per les gestions fetes arran de l&#8217;empresonament d&#8217;un membre de l&#8217;entitat; comunicat a l&#8217;Ajuntament dels socis designats per a les comissions de districtes que han d&#8217;organitzar els actes de la Festa Major; relaci\u00f3 d&#8217;actes organitzats per l&#8217;entiat per a la Festa Major; retall de diari amb la composici\u00f3 de la nova junta directiva de l&#8217;entitat.<\/p>\n<div id=\"jig1\" class=\"justified-image-grid jig-ce02cda3be3afd268b318eb677cd9d7d jig-preset-c2 jig-source-wp-gallery jig-rml-id-466\"><div class=\"jig-clearfix\"><\/div><noscript id=\"jig1-html\" class=\"justified-image-grid-html\" data-lazy-src=\"skiplazyload\" data-src=\"skipunveillazyload\"><ul><li><a href=\"https:\/\/mcat.b-cdn.net\/republica\/wp-content\/uploads\/sites\/73\/2022\/02\/Manresa-republica-dsc_0232.jpg\"><img decoding=\"async\" src=\"https:\/\/mcat.b-cdn.net\/republica\/wp-content\/uploads\/sites\/73\/2022\/02\/Manresa-republica-dsc_0232.jpg\" alt=\"\" width=\"200\" height=\"230\" \/><\/a><\/li><li><a href=\"https:\/\/mcat.b-cdn.net\/republica\/wp-content\/uploads\/sites\/73\/2022\/02\/Manresa-republica-3.jpg\"><img fetchpriority=\"high\" decoding=\"async\" src=\"https:\/\/mcat.b-cdn.net\/republica\/wp-content\/uploads\/sites\/73\/2022\/02\/Manresa-republica-3.jpg\" alt=\"\" width=\"288\" height=\"230\" \/><\/a><\/li><li><a href=\"https:\/\/mcat.b-cdn.net\/republica\/wp-content\/uploads\/sites\/73\/2022\/02\/Manresa-republica-17-01-33.jpg\"><img decoding=\"async\" src=\"https:\/\/mcat.b-cdn.net\/republica\/wp-content\/uploads\/sites\/73\/2022\/02\/Manresa-republica-17-01-33.jpg\" alt=\"\" width=\"177\" height=\"230\" \/><\/a><\/li><li><a href=\"https:\/\/mcat.b-cdn.net\/republica\/wp-content\/uploads\/sites\/73\/2022\/02\/Manresa-republica-21-10-32c.jpg\"><img loading=\"lazy\" decoding=\"async\" src=\"https:\/\/mcat.b-cdn.net\/republica\/wp-content\/uploads\/sites\/73\/2022\/02\/Manresa-republica-21-10-32c.jpg\" alt=\"\" width=\"178\" height=\"230\" \/><\/a><\/li><li><a href=\"https:\/\/mcat.b-cdn.net\/republica\/wp-content\/uploads\/sites\/73\/2022\/02\/Manresa-republica-23-7-34.jpg\"><img loading=\"lazy\" decoding=\"async\" src=\"https:\/\/mcat.b-cdn.net\/republica\/wp-content\/uploads\/sites\/73\/2022\/02\/Manresa-republica-23-7-34.jpg\" alt=\"\" width=\"180\" height=\"230\" \/><\/a><\/li><li><a href=\"https:\/\/mcat.b-cdn.net\/republica\/wp-content\/uploads\/sites\/73\/2022\/02\/Manresa-republica-00000031.jpg\"><img loading=\"lazy\" decoding=\"async\" src=\"https:\/\/mcat.b-cdn.net\/republica\/wp-content\/uploads\/sites\/73\/2022\/02\/Manresa-republica-00000031.jpg\" alt=\"\" width=\"150\" height=\"230\" \/><\/a><\/li><\/ul><\/noscript><\/div>\n","protected":false},"excerpt":{"rendered":"<p>Llista d&#8217;entitats Entitat nascuda l\u2019any 1921 que desenvolup\u00e0 durant els primers anys de la Rep\u00fablica una notable activitat que consistia b\u00e0sicament en l\u2019organitzaci\u00f3 de ballades p\u00fabliques (per Sant Jordi, a les festes majors, ballades setmanals al Passeig i despr\u00e9s a la terrassa de la Piscina \u2013que tenien una gran animaci\u00f3-), d\u2019aplecs sardan\u00edstics, de cursets d\u2019ensenyament [&hellip;]<\/p>\n","protected":false},"author":1,"featured_media":0,"parent":0,"menu_order":128,"comment_status":"closed","ping_status":"closed","template":"","meta":{"iawp_total_views":1,"footnotes":""},"class_list":["post-195","page","type-page","status-publish","hentry"],"_links":{"self":[{"href":"https:\/\/www.memoria.cat\/republica\/wp-json\/wp\/v2\/pages\/195","targetHints":{"allow":["GET"]}}],"collection":[{"href":"https:\/\/www.memoria.cat\/republica\/wp-json\/wp\/v2\/pages"}],"about":[{"href":"https:\/\/www.memoria.cat\/republica\/wp-json\/wp\/v2\/types\/page"}],"author":[{"embeddable":true,"href":"https:\/\/www.memoria.cat\/republica\/wp-json\/wp\/v2\/users\/1"}],"replies":[{"embeddable":true,"href":"https:\/\/www.memoria.cat\/republica\/wp-json\/wp\/v2\/comments?post=195"}],"version-history":[{"count":0,"href":"https:\/\/www.memoria.cat\/republica\/wp-json\/wp\/v2\/pages\/195\/revisions"}],"wp:attachment":[{"href":"https:\/\/www.memoria.cat\/republica\/wp-json\/wp\/v2\/media?parent=195"}],"curies":[{"name":"wp","href":"https:\/\/api.w.org\/{rel}","templated":true}]}}