{"id":193,"date":"2010-05-10T18:29:08","date_gmt":"2010-05-10T16:29:08","guid":{"rendered":"http:\/\/publish"},"modified":"2022-02-24T20:02:16","modified_gmt":"2022-02-24T19:02:16","slug":"centre-excursionista-montserrat","status":"publish","type":"page","link":"https:\/\/www.memoria.cat\/republica\/centre-excursionista-montserrat\/","title":{"rendered":"Centre Excursionista Montserrat"},"content":{"rendered":"<ul class=\"inner-menu\">\n<li>\n<h3><a href=\"https:\/\/www.memoria.cat\/republica\/entitats-culturals-mes-significatives\/\">Llista d&#8217;entitats<\/a><\/h3>\n<\/li>\n<\/ul>\n<p class=\"normal\" align=\"left\">Entitat fundada a Manresa el 9 d\u2019abril del 1922,\u00a0 sota l\u2019impuls de l\u2019excursionista manres\u00e0 Valent\u00ed Vall\u00e8s.\u00a0 El seu primer local social fou a la Pla\u00e7a Major on es celebr\u00e0 oficialment la inauguraci\u00f3 amb la pres\u00e8ncia del president del C.E. de Catalunya, el sr. C\u00e8sar August Torras.<\/p>\n<p class=\"normal\" align=\"left\">Des del 1923 es comen\u00e7\u00e0 a publicar un butllet\u00ed que fou, durant molts anys, el vehicle cultural i art\u00edstic que un\u00ed els socis i la ciutat en les seves inquietuds culturals, encara que no tingu\u00e9 llarga vida.<\/p>\n<p class=\"normal\" align=\"left\">El Centre Excursionista Montserrat estava organitzat en diverses seccions culturals i cient\u00edfiques: Arqueologia, Ci\u00e8ncies Naturals, Esqu\u00ed, Folklore, Fotografia i Publicacions.\u00a0 Des del 1923 compt\u00e0 amb una nodrida biblioteca i el 1924 organitz\u00e0 el Museu, amb objectes de geologia, arqueologia i numism\u00e0tica principalment.<\/p>\n<p class=\"normal\" align=\"left\">Les activitats que organitz\u00e0 el CEM foren de caire divers com ara exposicions, concursos de fotografies, confer\u00e8ncies&#8230; Aix\u00f2 no obstant el Centre es va distingir notablement per les excavacions de sepultures que port\u00e0 a terme la secci\u00f3 d\u2019Art Antic i d\u2019Arqueologia, especialment importants foren les del jaciment ib\u00e8rico-rom\u00e0 de Boades (1927-1933). En aquest aspecte, destac\u00e0 l\u2019intens treball de moss\u00e8n Valent\u00ed Santamaria i Clapers. Els objectes procedents d\u2019aquesta excavaci\u00f3 van ser reconstru\u00efts i catalogats a Barcelona per l\u2019associaci\u00f3 Amics de l\u2019Art Vell, i cedits posteriorment a Manresa.\u00a0 La delegaci\u00f3 a Manresa de l\u2019entitat barcelonina Amics de l\u2019Art Vell s\u2019havia constitu\u00eft el juliol del 1932. El seu objectiu era tenir cura de la conservaci\u00f3, restauraci\u00f3 i rescat dels monuments art\u00edstics del passat en perill de perdre\u2019s.<\/p>\n<p class=\"normal\" align=\"left\">Per tal d\u2019encabir i exposar les col\u00b7leccions de Geologia, Arqueologia, Numism\u00e0tica i Art Antic que es conservaven a l\u2019edifici de Sant Ignasi, el 1933 el Centre va adquirir un\u00a0 local al carrer de Vilanova.<\/p>\n<p class=\"normal\" align=\"left\">L\u2019entitat excursionista tamb\u00e9 particip\u00e0 en la construcci\u00f3 d&#8217;un xalet-refugi per a la pr\u00e0ctica de l\u2019esqu\u00ed als Rasos de Peguera (inaugurat a finals de 1933).<\/p>\n<p class=\"normal\" align=\"left\">Despr\u00e9s de la Guerra Civil, el patrimoni arqueol\u00f2gic del Centre pass\u00e0 a formar part del Museu de Manresa, del qual moss\u00e8n Santamaria en fou director. Aix\u00f2 no obstant, la important biblioteca que posse\u00efa l\u2019entitat fou incautada durant la guerra civil pel Sindicat de Llum i For\u00e7a, adherida a la UHT, i mai m\u00e9s s\u2019ha recuperat.<\/p>\n<p class=\"normal\">La represa d\u2019activitats despr\u00e9s de la Guerra Civil tingu\u00e9 lloc a partir del 1940, dins el marc de la celebraci\u00f3 de la festa de la Mare de D\u00e9u de Montserrat d\u2019aquell any.<\/p>\n","protected":false},"excerpt":{"rendered":"<p>Llista d&#8217;entitats Entitat fundada a Manresa el 9 d\u2019abril del 1922,\u00a0 sota l\u2019impuls de l\u2019excursionista manres\u00e0 Valent\u00ed Vall\u00e8s.\u00a0 El seu primer local social fou a la Pla\u00e7a Major on es celebr\u00e0 oficialment la inauguraci\u00f3 amb la pres\u00e8ncia del president del C.E. de Catalunya, el sr. C\u00e8sar August Torras. Des del 1923 es comen\u00e7\u00e0 a publicar [&hellip;]<\/p>\n","protected":false},"author":1,"featured_media":0,"parent":0,"menu_order":44,"comment_status":"closed","ping_status":"closed","template":"","meta":{"footnotes":""},"class_list":["post-193","page","type-page","status-publish","hentry"],"_links":{"self":[{"href":"https:\/\/www.memoria.cat\/republica\/wp-json\/wp\/v2\/pages\/193","targetHints":{"allow":["GET"]}}],"collection":[{"href":"https:\/\/www.memoria.cat\/republica\/wp-json\/wp\/v2\/pages"}],"about":[{"href":"https:\/\/www.memoria.cat\/republica\/wp-json\/wp\/v2\/types\/page"}],"author":[{"embeddable":true,"href":"https:\/\/www.memoria.cat\/republica\/wp-json\/wp\/v2\/users\/1"}],"replies":[{"embeddable":true,"href":"https:\/\/www.memoria.cat\/republica\/wp-json\/wp\/v2\/comments?post=193"}],"version-history":[{"count":0,"href":"https:\/\/www.memoria.cat\/republica\/wp-json\/wp\/v2\/pages\/193\/revisions"}],"wp:attachment":[{"href":"https:\/\/www.memoria.cat\/republica\/wp-json\/wp\/v2\/media?parent=193"}],"curies":[{"name":"wp","href":"https:\/\/api.w.org\/{rel}","templated":true}]}}