{"id":189,"date":"2010-05-10T18:26:15","date_gmt":"2010-05-10T16:26:15","guid":{"rendered":"http:\/\/publish"},"modified":"2022-02-24T20:46:38","modified_gmt":"2022-02-24T19:46:38","slug":"associacio-de-musica-de-manresa","status":"publish","type":"page","link":"https:\/\/www.memoria.cat\/republica\/associacio-de-musica-de-manresa\/","title":{"rendered":"Associaci\u00f3 de M\u00fasica de Manresa"},"content":{"rendered":"<ul class=\"inner-menu\">\n<li>\n<h3><a href=\"https:\/\/www.memoria.cat\/republica\/entitats-culturals-mes-significatives\/\">Llista d&#8217;entitats<\/a><\/h3>\n<\/li>\n<\/ul>\n<p>Entitat constitu\u00efda el gener del 1930 que tenia com a objectiu \u201cfomentar i propagar el div\u00ed Art dels sons\u201d, i oferia un concert al mes, entre octubre i juny. Es tractava de portar a Manresa \u201cles m\u00e9s eminents agrupacions orquestrals, corals, concertistes i liederistes, tan nacionals com estrangers de m\u00e9s renom, que a cada curs desfilen per Catalunya, contractats per la Lliga d\u2019Associacions de M\u00fasica, a la que s\u2019adherir\u00e0 la de Manresa, permetent aix\u00f2, l\u2019avantatjosa contractaci\u00f3 dels artistes\u201d. Als concerts, que es farien al teatre Kursaal, hi podrien assistir \u00fanicament i exclusiva els socis de l\u2019entitat.<\/p>\n<p>El 22 de gener, l\u2019Associaci\u00f3 de la M\u00fasica aprov\u00e0 els Estatuts i nomen\u00e0 la Primera Junta, de la qual fou elegit president D\u00eddac Baget Firmat. Dos dies despr\u00e9s va tenir lloc el concert inaugural: un concert de Joan Man\u00e9n, acompanyat al piano per Rosaura Coma. Ben aviat, l\u2019associaci\u00f3 arrib\u00e0 als 900 inscrits.<\/p>\n<p>A partir d\u2019aleshores, l\u2019Associaci\u00f3 port\u00e0 a Manresa, entre d\u2019altres, l\u2019Orquestra de Cambra de Sabadell, l\u2019Orquestra Pau Casals, la Banda Municipal de Barcelona dirigida per Lamote de Grignon, l\u2019Orquestra Simf\u00f2nica de Madrid, la Societ\u00e9 des Instruments Anciens de Par\u00eds, el Quintet Catal\u00e0 de Barcelona i els artistes Artur Rubinstein, Merc\u00e8 Plantada, Marcos Redondo i E. Cohen.<\/p>\n<p>La tasca de l\u2019Associaci\u00f3 enriquia notablement el panorama musical manres\u00e0, cosa que realment li feia falta a la ciutat si atenem els comentaris d\u2019alguns cr\u00edtics musicals \u2013de vegades formulats amb un cert to elitista- segons els quals el p\u00fablic manres\u00e0, en general, presentava uns d\u00e8ficits de formaci\u00f3 que impedien de vegades el seguiment correcte d\u2019un concert (aplaudiments en moments inadequats, poca valoraci\u00f3 d\u2019alguns concerts on els sons no eren prou \u201cestridents\u201d&#8230;). Tanmateix, l\u2019any 1932 l\u2019entitat va haver de paralitzar la seva activitat a causa del d\u00e8ficit econ\u00f2mic que ja havia anat acumulant en el breu temps de la seva exist\u00e8ncia.<\/p>\n<p>L\u2019Associaci\u00f3 de M\u00fasica de Manresa va justificar l\u2019exist\u00e8ncia d\u2019aquest d\u00e8ficit tot adduint que la contractaci\u00f3 d\u2019artistes estrangers era massa onerosa per l\u2019entitat. Aquest argument, per\u00f2, va motivar la publicaci\u00f3 d\u2019un manifest de r\u00e8plica signat per bona part dels m\u00fasics i formacions musicals m\u00e9s prestigiosos de Catalunya (Llu\u00eds Millet, J. Lamote de Grignon, Eduard Toldr\u00e0, Emili Vendrell, Trio de Barcelona, Quartet Ib\u00e8ric, Quintet Catal\u00e0, etc.). En l\u2019escrit es criticava que s\u2019haguessin de contractar artistes estrangers quan Catalunya tenia m\u00fasics de gran categoria.<\/p>\n<p>El fet \u00e9s que dels 19 concerts celebrats, nom\u00e9s 4 havien estat interpretats per artistes forans. Aix\u00f2 va comportar algunes cr\u00edtiques per la gesti\u00f3 econ\u00f2mica de l\u2019entitat, per\u00f2 inevitablement la import\u00e0ncia del d\u00e8ficit generat va obligar a la suspensi\u00f3 d\u2019unes activitats realment necess\u00e0ries en el teixit cultural i social de la ciutat.<\/p>\n<p align=\"center\">(Vegeu tamb\u00e9 <a href=\"https:\/\/www.memoria.cat\/republica\/la-m%C3%BAsica\">La m\u00fasica<\/a>)<\/p>\n","protected":false},"excerpt":{"rendered":"<p>Llista d&#8217;entitats Entitat constitu\u00efda el gener del 1930 que tenia com a objectiu \u201cfomentar i propagar el div\u00ed Art dels sons\u201d, i oferia un concert al mes, entre octubre i juny. Es tractava de portar a Manresa \u201cles m\u00e9s eminents agrupacions orquestrals, corals, concertistes i liederistes, tan nacionals com estrangers de m\u00e9s renom, que a [&hellip;]<\/p>\n","protected":false},"author":1,"featured_media":0,"parent":0,"menu_order":26,"comment_status":"closed","ping_status":"closed","template":"","meta":{"iawp_total_views":1,"footnotes":""},"class_list":["post-189","page","type-page","status-publish","hentry"],"_links":{"self":[{"href":"https:\/\/www.memoria.cat\/republica\/wp-json\/wp\/v2\/pages\/189","targetHints":{"allow":["GET"]}}],"collection":[{"href":"https:\/\/www.memoria.cat\/republica\/wp-json\/wp\/v2\/pages"}],"about":[{"href":"https:\/\/www.memoria.cat\/republica\/wp-json\/wp\/v2\/types\/page"}],"author":[{"embeddable":true,"href":"https:\/\/www.memoria.cat\/republica\/wp-json\/wp\/v2\/users\/1"}],"replies":[{"embeddable":true,"href":"https:\/\/www.memoria.cat\/republica\/wp-json\/wp\/v2\/comments?post=189"}],"version-history":[{"count":0,"href":"https:\/\/www.memoria.cat\/republica\/wp-json\/wp\/v2\/pages\/189\/revisions"}],"wp:attachment":[{"href":"https:\/\/www.memoria.cat\/republica\/wp-json\/wp\/v2\/media?parent=189"}],"curies":[{"name":"wp","href":"https:\/\/api.w.org\/{rel}","templated":true}]}}