{"id":73706,"date":"2023-07-03T20:15:47","date_gmt":"2023-07-03T19:15:47","guid":{"rendered":"https:\/\/www.memoria.cat\/refugis-fons-ramon-perera\/?page_id=73706"},"modified":"2023-07-11T12:15:35","modified_gmt":"2023-07-11T11:15:35","slug":"credits","status":"publish","type":"page","link":"https:\/\/www.memoria.cat\/refugis-fons-ramon-perera\/credits\/","title":{"rendered":"Cr\u00e8dits"},"content":{"rendered":"<p><strong>Autors del web<\/strong>: Associaci\u00f3 Mem\u00f2ria i Hist\u00f2ria de Manresa<\/p>\n<p><strong>Proced\u00e8ncia de la documentaci\u00f3<\/strong>: Fons Ramon Perera. Arxiu de l\u2019Abadia de Montserrat. (Per petici\u00f3 de permisos i imatges: Biblioteca de Montserrat (<a href=\"mailto:biblioteca@abadiamontserrat.net\">biblioteca@abadiamontserrat.net<\/a>) o Arxiu Abadia de Montserrat (<a href=\"mailto:jgalobart@abadiamontserrat.net\">jgalobart@abadiamontserrat.net<\/a>)<\/p>\n<p>Identificaci\u00f3 de les fotografies d\u2019<strong>Igualada<\/strong>: Jaume Farr\u00e9s i Vidal i Jep Rabell Padr\u00f3<\/p>\n<p>Identificaci\u00f3 de les fotografies de <strong>Vic<\/strong>: Josep Casanovas Prat<\/p>\n<p>Identificaci\u00f3 de les fotografies de <strong>Sant Vicen\u00e7 de Castellet<\/strong>: David Bricoll\u00e9<\/p>\n<p>Identificaci\u00f3 de les fotografies de <strong>Manresa<\/strong>: Associaci\u00f3 Mem\u00f2ria i Hist\u00f2ria de Manresa<\/p>\n<p><strong>Maquetaci\u00f3 del web<\/strong>: Jordi Griera-Cors<\/p>\n<p><strong>Disseny<\/strong>: Arnau Aloy Oliv\u00e9\u00a0\u00a0 <strong>Cap\u00e7alera<\/strong>: Carla M\u00e9ndez<\/p>\n<p><strong>Agra\u00efments<\/strong>: \u00c0ngels Rius i Bou (Biblioteca de Montserrat), Josep Galobart (Arxiu de l&#8217;Abadia de Montserrat), Marta Vives Sabat\u00e9, David Bricoll\u00e9, Carles Quevedo Garcia i Merc\u00e8 Argem\u00ed Relat<\/p>\n<p><strong>Fotografia de la cap\u00e7alera del web<\/strong>: Refugi antiaeri de la Pla\u00e7a de Sant Dom\u00e8nec de Manresa, el maig del 1938<\/p>\n<p>Manresa, juliol del 2023<\/p>\n","protected":false},"excerpt":{"rendered":"<p>Autors del web: Associaci\u00f3 Mem\u00f2ria i Hist\u00f2ria de Manresa Proced\u00e8ncia de la documentaci\u00f3: Fons Ramon Perera. Arxiu de l\u2019Abadia de Montserrat. (Per petici\u00f3 de permisos i imatges: Biblioteca de Montserrat (biblioteca@abadiamontserrat.net) o Arxiu Abadia de Montserrat (jgalobart@abadiamontserrat.net) Identificaci\u00f3 de les fotografies d\u2019Igualada: Jaume Farr\u00e9s i Vidal i Jep Rabell Padr\u00f3 Identificaci\u00f3 de les fotografies de [&hellip;]<\/p>\n","protected":false},"author":28,"featured_media":0,"parent":0,"menu_order":0,"comment_status":"closed","ping_status":"closed","template":"","meta":{"iawp_total_views":6,"footnotes":""},"class_list":["post-73706","page","type-page","status-publish","hentry"],"_links":{"self":[{"href":"https:\/\/www.memoria.cat\/refugis-fons-ramon-perera\/wp-json\/wp\/v2\/pages\/73706","targetHints":{"allow":["GET"]}}],"collection":[{"href":"https:\/\/www.memoria.cat\/refugis-fons-ramon-perera\/wp-json\/wp\/v2\/pages"}],"about":[{"href":"https:\/\/www.memoria.cat\/refugis-fons-ramon-perera\/wp-json\/wp\/v2\/types\/page"}],"author":[{"embeddable":true,"href":"https:\/\/www.memoria.cat\/refugis-fons-ramon-perera\/wp-json\/wp\/v2\/users\/28"}],"replies":[{"embeddable":true,"href":"https:\/\/www.memoria.cat\/refugis-fons-ramon-perera\/wp-json\/wp\/v2\/comments?post=73706"}],"version-history":[{"count":0,"href":"https:\/\/www.memoria.cat\/refugis-fons-ramon-perera\/wp-json\/wp\/v2\/pages\/73706\/revisions"}],"wp:attachment":[{"href":"https:\/\/www.memoria.cat\/refugis-fons-ramon-perera\/wp-json\/wp\/v2\/media?parent=73706"}],"curies":[{"name":"wp","href":"https:\/\/api.w.org\/{rel}","templated":true}]}}