{"id":74188,"date":"2025-08-05T16:44:49","date_gmt":"2025-08-05T15:44:49","guid":{"rendered":"https:\/\/www.memoria.cat\/ramon-majo\/?page_id=74188"},"modified":"2025-08-05T19:00:11","modified_gmt":"2025-08-05T18:00:11","slug":"fitxa-policial-de-ramon-majo","status":"publish","type":"page","link":"https:\/\/www.memoria.cat\/ramon-majo\/fitxa-policial-de-ramon-majo\/","title":{"rendered":"Fitxa policial de Ramon Maj\u00f3"},"content":{"rendered":"<p>La revista <a href=\"https:\/\/www.sapiens.cat\/\">S\u00e0piens<\/a>, al seu n\u00famero 203, va publicar <a href=\"https:\/\/www.sapiens.cat\/especial-assemblea-de-catalunya.html\">les fitxes policials dels 113 membres de l\u2019Assemblea de Catalunya detinguts el 28 d\u2019octubre de 1973 a l\u2019esgl\u00e9sia de Santa Maria Mitjancera de Barcelona<\/a>.<\/p>\n<p>S\u00f3n fitxes d\u2019una o dues p\u00e0gines escrites a m\u00e0quina. Aqu\u00ed podeu veure la fitxa de Ramon Maj\u00f3 Lluch. La xifra \u201c350.000\u201d es refereix a les 350.000 pessetes de multa que se li va imposar.<\/p>\n<p><a href=\"https:\/\/www.memoria.cat\/ramon-majo\/wp-content\/uploads\/sites\/200\/2025\/08\/fitxa.png\"><img fetchpriority=\"high\" decoding=\"async\" class=\"alignnone wp-image-74194 size-full\" src=\"https:\/\/www.memoria.cat\/ramon-majo\/wp-content\/uploads\/sites\/200\/2025\/08\/fitxa.png\" alt=\"\" width=\"1298\" height=\"460\" srcset=\"https:\/\/www.memoria.cat\/ramon-majo\/wp-content\/uploads\/sites\/200\/2025\/08\/fitxa.png 1298w, https:\/\/www.memoria.cat\/ramon-majo\/wp-content\/uploads\/sites\/200\/2025\/08\/fitxa-300x106.png 300w, https:\/\/www.memoria.cat\/ramon-majo\/wp-content\/uploads\/sites\/200\/2025\/08\/fitxa-1024x363.png 1024w, https:\/\/www.memoria.cat\/ramon-majo\/wp-content\/uploads\/sites\/200\/2025\/08\/fitxa-768x272.png 768w\" sizes=\"(max-width: 1298px) 100vw, 1298px\" \/><\/a><\/p>\n<p>&nbsp;<\/p>\n","protected":false},"excerpt":{"rendered":"<p>La revista S\u00e0piens, al seu n\u00famero 203, va publicar les fitxes policials dels 113 membres de l\u2019Assemblea de Catalunya detinguts el 28 d\u2019octubre de 1973 a l\u2019esgl\u00e9sia de Santa Maria Mitjancera de Barcelona. S\u00f3n fitxes d\u2019una o dues p\u00e0gines escrites a m\u00e0quina. Aqu\u00ed podeu veure la fitxa de Ramon Maj\u00f3 Lluch. La xifra \u201c350.000\u201d es [&hellip;]<\/p>\n","protected":false},"author":28,"featured_media":0,"parent":0,"menu_order":0,"comment_status":"closed","ping_status":"closed","template":"","meta":{"footnotes":""},"class_list":["post-74188","page","type-page","status-publish","hentry"],"_links":{"self":[{"href":"https:\/\/www.memoria.cat\/ramon-majo\/wp-json\/wp\/v2\/pages\/74188","targetHints":{"allow":["GET"]}}],"collection":[{"href":"https:\/\/www.memoria.cat\/ramon-majo\/wp-json\/wp\/v2\/pages"}],"about":[{"href":"https:\/\/www.memoria.cat\/ramon-majo\/wp-json\/wp\/v2\/types\/page"}],"author":[{"embeddable":true,"href":"https:\/\/www.memoria.cat\/ramon-majo\/wp-json\/wp\/v2\/users\/28"}],"replies":[{"embeddable":true,"href":"https:\/\/www.memoria.cat\/ramon-majo\/wp-json\/wp\/v2\/comments?post=74188"}],"version-history":[{"count":0,"href":"https:\/\/www.memoria.cat\/ramon-majo\/wp-json\/wp\/v2\/pages\/74188\/revisions"}],"wp:attachment":[{"href":"https:\/\/www.memoria.cat\/ramon-majo\/wp-json\/wp\/v2\/media?parent=74188"}],"curies":[{"name":"wp","href":"https:\/\/api.w.org\/{rel}","templated":true}]}}