{"id":74185,"date":"2025-08-05T15:22:50","date_gmt":"2025-08-05T14:22:50","guid":{"rendered":"https:\/\/www.memoria.cat\/ramon-majo\/?page_id=74185"},"modified":"2025-08-26T23:02:32","modified_gmt":"2025-08-26T22:02:32","slug":"credits","status":"publish","type":"page","link":"https:\/\/www.memoria.cat\/ramon-majo\/credits\/","title":{"rendered":"Cr\u00e8dits"},"content":{"rendered":"<p>&nbsp;<\/p>\n<p><strong>Autors<\/strong>: Joaquim Aloy i Pere Gasol<\/p>\n<p><strong>Disseny del web<\/strong>: Arnau Aloy\u00a0\u00a0 <strong>Cap\u00e7alera<\/strong>: Carla M\u00e9ndez<\/p>\n<p><strong>Maquetaci\u00f3 del web<\/strong>: Jordi Griera-Cors<\/p>\n<p><strong>Entrevista sobre les detencions, l&#8217;empresonament, l&#8217;Assemblea del Bages i la seva traject\u00f2ria pol\u00edtica (16\/4\/2010)<br \/>\n<\/strong><span style=\"font-family: -apple-system, BlinkMacSystemFont, 'Segoe UI', Roboto, 'Helvetica Neue', Arial, 'Noto Sans', sans-serif, 'Apple Color Emoji', 'Segoe UI Emoji', 'Segoe UI Symbol', 'Noto Color Emoji'\">Preguntes: Joaquim Aloy i Pere Gasol<\/span><\/p>\n<p>C\u00e0mera: D\u00eddac Garcia Mart\u00ednez<\/p>\n<p><strong>Taules rodones sobre les detencions de 1975 (30 de maig i 3 d&#8217;octubre de l&#8217;any 2009)<\/strong><\/p>\n<p>Preguntes: Joaquim Aloy, Pere Gasol i Jofre Padull\u00e9s<\/p>\n<p>C\u00e0meres:\u00a0 D\u00eddac Garcia Mart\u00ednez i Txell Casas Auguet<\/p>\n<p>Manresa, agost del 2025<\/p>\n","protected":false},"excerpt":{"rendered":"<p>&nbsp; Autors: Joaquim Aloy i Pere Gasol Disseny del web: Arnau Aloy\u00a0\u00a0 Cap\u00e7alera: Carla M\u00e9ndez Maquetaci\u00f3 del web: Jordi Griera-Cors Entrevista sobre les detencions, l&#8217;empresonament, l&#8217;Assemblea del Bages i la seva traject\u00f2ria pol\u00edtica (16\/4\/2010) Preguntes: Joaquim Aloy i Pere Gasol C\u00e0mera: D\u00eddac Garcia Mart\u00ednez Taules rodones sobre les detencions de 1975 (30 de maig i [&hellip;]<\/p>\n","protected":false},"author":28,"featured_media":0,"parent":0,"menu_order":0,"comment_status":"closed","ping_status":"closed","template":"","meta":{"footnotes":""},"class_list":["post-74185","page","type-page","status-publish","hentry"],"_links":{"self":[{"href":"https:\/\/www.memoria.cat\/ramon-majo\/wp-json\/wp\/v2\/pages\/74185","targetHints":{"allow":["GET"]}}],"collection":[{"href":"https:\/\/www.memoria.cat\/ramon-majo\/wp-json\/wp\/v2\/pages"}],"about":[{"href":"https:\/\/www.memoria.cat\/ramon-majo\/wp-json\/wp\/v2\/types\/page"}],"author":[{"embeddable":true,"href":"https:\/\/www.memoria.cat\/ramon-majo\/wp-json\/wp\/v2\/users\/28"}],"replies":[{"embeddable":true,"href":"https:\/\/www.memoria.cat\/ramon-majo\/wp-json\/wp\/v2\/comments?post=74185"}],"version-history":[{"count":0,"href":"https:\/\/www.memoria.cat\/ramon-majo\/wp-json\/wp\/v2\/pages\/74185\/revisions"}],"wp:attachment":[{"href":"https:\/\/www.memoria.cat\/ramon-majo\/wp-json\/wp\/v2\/media?parent=74185"}],"curies":[{"name":"wp","href":"https:\/\/api.w.org\/{rel}","templated":true}]}}